
{"id":80609,"date":"2025-07-08T11:59:54","date_gmt":"2025-07-08T15:59:54","guid":{"rendered":"https:\/\/www.tceam.tc.br\/?page_id=80609"},"modified":"2025-07-28T10:52:01","modified_gmt":"2025-07-28T14:52:01","slug":"secex-educacao-normativos","status":"publish","type":"page","link":"https:\/\/www.tceam.tc.br\/?page_id=80609","title":{"rendered":"Normativos"},"content":{"rendered":"\t\t<div data-elementor-type=\"wp-page\" data-elementor-id=\"80609\" class=\"elementor elementor-80609\" data-elementor-settings=\"{&quot;ha_cmc_init_switcher&quot;:&quot;no&quot;,&quot;element_pack_global_tooltip_width&quot;:{&quot;unit&quot;:&quot;px&quot;,&quot;size&quot;:&quot;&quot;,&quot;sizes&quot;:[]},&quot;element_pack_global_tooltip_width_laptop&quot;:{&quot;unit&quot;:&quot;px&quot;,&quot;size&quot;:&quot;&quot;,&quot;sizes&quot;:[]},&quot;element_pack_global_tooltip_width_tablet_extra&quot;:{&quot;unit&quot;:&quot;px&quot;,&quot;size&quot;:&quot;&quot;,&quot;sizes&quot;:[]},&quot;element_pack_global_tooltip_width_tablet&quot;:{&quot;unit&quot;:&quot;px&quot;,&quot;size&quot;:&quot;&quot;,&quot;sizes&quot;:[]},&quot;element_pack_global_tooltip_width_mobile_extra&quot;:{&quot;unit&quot;:&quot;px&quot;,&quot;size&quot;:&quot;&quot;,&quot;sizes&quot;:[]},&quot;element_pack_global_tooltip_width_mobile&quot;:{&quot;unit&quot;:&quot;px&quot;,&quot;size&quot;:&quot;&quot;,&quot;sizes&quot;:[]},&quot;element_pack_global_tooltip_padding&quot;:{&quot;unit&quot;:&quot;px&quot;,&quot;top&quot;:&quot;&quot;,&quot;right&quot;:&quot;&quot;,&quot;bottom&quot;:&quot;&quot;,&quot;left&quot;:&quot;&quot;,&quot;isLinked&quot;:true},&quot;element_pack_global_tooltip_padding_laptop&quot;:{&quot;unit&quot;:&quot;px&quot;,&quot;top&quot;:&quot;&quot;,&quot;right&quot;:&quot;&quot;,&quot;bottom&quot;:&quot;&quot;,&quot;left&quot;:&quot;&quot;,&quot;isLinked&quot;:true},&quot;element_pack_global_tooltip_padding_tablet_extra&quot;:{&quot;unit&quot;:&quot;px&quot;,&quot;top&quot;:&quot;&quot;,&quot;right&quot;:&quot;&quot;,&quot;bottom&quot;:&quot;&quot;,&quot;left&quot;:&quot;&quot;,&quot;isLinked&quot;:true},&quot;element_pack_global_tooltip_padding_tablet&quot;:{&quot;unit&quot;:&quot;px&quot;,&quot;top&quot;:&quot;&quot;,&quot;right&quot;:&quot;&quot;,&quot;bottom&quot;:&quot;&quot;,&quot;left&quot;:&quot;&quot;,&quot;isLinked&quot;:true},&quot;element_pack_global_tooltip_padding_mobile_extra&quot;:{&quot;unit&quot;:&quot;px&quot;,&quot;top&quot;:&quot;&quot;,&quot;right&quot;:&quot;&quot;,&quot;bottom&quot;:&quot;&quot;,&quot;left&quot;:&quot;&quot;,&quot;isLinked&quot;:true},&quot;element_pack_global_tooltip_padding_mobile&quot;:{&quot;unit&quot;:&quot;px&quot;,&quot;top&quot;:&quot;&quot;,&quot;right&quot;:&quot;&quot;,&quot;bottom&quot;:&quot;&quot;,&quot;left&quot;:&quot;&quot;,&quot;isLinked&quot;:true},&quot;element_pack_global_tooltip_border_radius&quot;:{&quot;unit&quot;:&quot;px&quot;,&quot;top&quot;:&quot;&quot;,&quot;right&quot;:&quot;&quot;,&quot;bottom&quot;:&quot;&quot;,&quot;left&quot;:&quot;&quot;,&quot;isLinked&quot;:true},&quot;element_pack_global_tooltip_border_radius_laptop&quot;:{&quot;unit&quot;:&quot;px&quot;,&quot;top&quot;:&quot;&quot;,&quot;right&quot;:&quot;&quot;,&quot;bottom&quot;:&quot;&quot;,&quot;left&quot;:&quot;&quot;,&quot;isLinked&quot;:true},&quot;element_pack_global_tooltip_border_radius_tablet_extra&quot;:{&quot;unit&quot;:&quot;px&quot;,&quot;top&quot;:&quot;&quot;,&quot;right&quot;:&quot;&quot;,&quot;bottom&quot;:&quot;&quot;,&quot;left&quot;:&quot;&quot;,&quot;isLinked&quot;:true},&quot;element_pack_global_tooltip_border_radius_tablet&quot;:{&quot;unit&quot;:&quot;px&quot;,&quot;top&quot;:&quot;&quot;,&quot;right&quot;:&quot;&quot;,&quot;bottom&quot;:&quot;&quot;,&quot;left&quot;:&quot;&quot;,&quot;isLinked&quot;:true},&quot;element_pack_global_tooltip_border_radius_mobile_extra&quot;:{&quot;unit&quot;:&quot;px&quot;,&quot;top&quot;:&quot;&quot;,&quot;right&quot;:&quot;&quot;,&quot;bottom&quot;:&quot;&quot;,&quot;left&quot;:&quot;&quot;,&quot;isLinked&quot;:true},&quot;element_pack_global_tooltip_border_radius_mobile&quot;:{&quot;unit&quot;:&quot;px&quot;,&quot;top&quot;:&quot;&quot;,&quot;right&quot;:&quot;&quot;,&quot;bottom&quot;:&quot;&quot;,&quot;left&quot;:&quot;&quot;,&quot;isLinked&quot;:true}}\" data-elementor-post-type=\"page\">\n\t\t\t\t<div class=\"elementor-element elementor-element-767a1e0 e-flex e-con-boxed e-con e-parent\" data-id=\"767a1e0\" data-element_type=\"container\" data-settings=\"{&quot;background_background&quot;:&quot;classic&quot;,&quot;_ha_eqh_enable&quot;:false}\">\n\t\t\t\t\t<div class=\"e-con-inner\">\n\t\t\t\t\t<\/div>\n\t\t\t\t<\/div>\n\t\t<div class=\"elementor-element elementor-element-83df85b e-flex e-con-boxed e-con e-parent\" data-id=\"83df85b\" data-element_type=\"container\" data-settings=\"{&quot;background_background&quot;:&quot;classic&quot;,&quot;_ha_eqh_enable&quot;:false}\">\n\t\t\t\t\t<div class=\"e-con-inner\">\n\t\t\t\t<div class=\"elementor-element elementor-element-f60d368 exad-sticky-section-no exad-glass-effect-no elementor-widget elementor-widget-heading\" data-id=\"f60d368\" data-element_type=\"widget\" data-widget_type=\"heading.default\">\n\t\t\t\t<div class=\"elementor-widget-container\">\n\t\t\t\t\t<h2 class=\"elementor-heading-title elementor-size-default\">Normativos<\/h2>\t\t\t\t<\/div>\n\t\t\t\t<\/div>\n\t\t\t\t<div class=\"elementor-element elementor-element-d978a9d elementor-widget-divider--view-line exad-sticky-section-no exad-glass-effect-no elementor-widget elementor-widget-divider\" data-id=\"d978a9d\" data-element_type=\"widget\" data-widget_type=\"divider.default\">\n\t\t\t\t<div class=\"elementor-widget-container\">\n\t\t\t\t\t\t\t<div class=\"elementor-divider\">\n\t\t\t<span class=\"elementor-divider-separator\">\n\t\t\t\t\t\t<\/span>\n\t\t<\/div>\n\t\t\t\t\t\t<\/div>\n\t\t\t\t<\/div>\n\t\t\t\t<div class=\"elementor-element elementor-element-420b5a6 exad-sticky-section-no exad-glass-effect-no elementor-widget elementor-widget-shortcode\" data-id=\"420b5a6\" data-element_type=\"widget\" data-widget_type=\"shortcode.default\">\n\t\t\t\t<div class=\"elementor-widget-container\">\n\t\t\t\t\t\t\t<div class=\"elementor-shortcode\">\n<div class=\"wpdt-c wdt-skin-light\">\n    \n\n    <div class=\"wpDataTables wpDataTablesFilter wpDataTablesWrapper wdt-skin-light data-t\"\n         data-wpdatatable_id=\"5\">\n        <div id=\"filterBox_table_1\" class=\"wpDataTableFilterBox\">\n                                                                                                                    <\/div>\n    <\/div>\n    <input type=\"hidden\" id=\"wdtNonceFrontendServerSide_5\" name=\"wdtNonceFrontendServerSide_5\" value=\"05a233ba91\" \/><input type=\"hidden\" name=\"_wp_http_referer\" value=\"\/index.php?rest_route=%2Fwp%2Fv2%2Fpages%2F80609\" \/>    <input type=\"hidden\" id=\"table_1_desc\"\n           value='{\"tableId\":\"table_1\",\"tableType\":\"manual\",\"selector\":\"#table_1\",\"responsive\":false,\"responsiveAction\":\"icon\",\"editable\":false,\"inlineEditing\":false,\"infoBlock\":true,\"pagination_top\":0,\"pagination\":1,\"paginationAlign\":\"right\",\"paginationLayout\":\"full_numbers\",\"paginationLayoutMobile\":\"simple\",\"file_location\":\"\",\"tableSkin\":\"light\",\"table_wcag\":0,\"simple_template_id\":0,\"scrollable\":false,\"fixedLayout\":true,\"globalSearch\":true,\"showRowsPerPage\":true,\"popoverTools\":false,\"loader\":1,\"showCartInformation\":1,\"hideBeforeLoad\":false,\"number_format\":1,\"decimalPlaces\":2,\"spinnerSrc\":\"https:\\\/\\\/www.tceam.tc.br\\\/wp-content\\\/plugins\\\/wpdatatables\\\/assets\\\/\\\/img\\\/spinner.gif\",\"groupingEnabled\":false,\"tableWpId\":5,\"dataTableParams\":{\"sDom\":\"BT\\u003C\\u0027clear\\u0027\\u003Elftip\",\"bSortCellsTop\":false,\"bFilter\":true,\"bPaginate\":true,\"sPaginationType\":\"full_numbers\",\"aLengthMenu\":[[1,5,10,25,50,100,-1],[1,5,10,25,50,100,\"All\"]],\"iDisplayLength\":10,\"columnDefs\":[{\"sType\":\"formatted-num\",\"wdtType\":\"int\",\"bVisible\":false,\"orderable\":true,\"searchable\":false,\"InputType\":\"text\",\"name\":\"wdt_ID\",\"origHeader\":\"wdt_ID\",\"notNull\":false,\"conditionalFormattingRules\":[],\"transformValueRules\":\"\",\"className\":\"numdata integer  column-wdt_id\",\"aTargets\":[0]},{\"sType\":\"string\",\"wdtType\":\"string\",\"bVisible\":true,\"orderable\":true,\"searchable\":false,\"InputType\":\"text\",\"name\":\"descricao\",\"origHeader\":\"descricao\",\"notNull\":false,\"conditionalFormattingRules\":[],\"transformValueRules\":\"\",\"className\":\" column-descricao\",\"aTargets\":[1]},{\"sType\":\"string\",\"wdtType\":\"link\",\"bVisible\":true,\"orderable\":true,\"searchable\":true,\"InputType\":\"text\",\"name\":\"link\",\"origHeader\":\"link\",\"notNull\":false,\"conditionalFormattingRules\":[],\"transformValueRules\":\"\",\"className\":\" column-link\",\"aTargets\":[2]}],\"bAutoWidth\":false,\"order\":[[0,\"asc\"]],\"ordering\":true,\"fixedHeader\":{\"header\":false,\"headerOffset\":0},\"fixedColumns\":false,\"oLanguage\":{\"sProcessing\":\"Processando...\",\"sLengthMenu\":\"Mostrar _MENU_ registros\",\"sZeroRecords\":\"N\\u00e3o foram encontrados resultados\",\"sInfo\":\"Mostrando de _START_ at\\u00e9 _END_ de _TOTAL_ registros\",\"sInfoEmpty\":\"Mostrando de 0 at\\u00e9 0 de 0 registros\",\"sInfoFiltered\":\"(filtrado de _MAX_ registros no total)\",\"sInfoPostFix\":\"\",\"sSearch\":\"Buscar:\",\"sSearchPlaceholder\":\"\",\"sUrl\":\"\",\"oPaginate\":{\"sFirst\":\"Primeiro\",\"sPrevious\":\"Anterior\",\"sNext\":\"Seguinte\",\"sLast\":\"\\u00daltimo\"}},\"buttons\":[{\"extend\":\"print\",\"exportOptions\":{\"columns\":\":visible\",\"stripHtml\":true},\"className\":\"DTTT_button DTTT_button_print\",\"title\":\"Normativos SECEX\",\"text\":\"Print\"},{\"extend\":\"excelHtml5\",\"exportOptions\":{\"columns\":\":visible\",\"stripHtml\":true},\"className\":\"DTTT_button DTTT_button_xls\",\"filename\":\"Normativos SECEX\",\"title\":null,\"text\":\"Excel\"},{\"extend\":\"csvHtml5\",\"exportOptions\":{\"columns\":\":visible\",\"stripHtml\":true},\"className\":\"DTTT_button DTTT_button_csv\",\"title\":\"Normativos SECEX\",\"text\":\"CSV\"},{\"extend\":\"copyHtml5\",\"exportOptions\":{\"columns\":\":visible\",\"stripHtml\":true},\"className\":\"DTTT_button DTTT_button_copy\",\"filename\":\"Normativos SECEX\",\"title\":null,\"text\":\"Copy\"}],\"bProcessing\":false,\"serverSide\":true,\"ajax\":{\"url\":\"https:\\\/\\\/www.tceam.tc.br\\\/wp-admin\\\/admin-ajax.php?action=get_wdtable&table_id=5\",\"type\":\"POST\"},\"oSearch\":{\"bSmart\":false,\"bRegex\":false,\"sSearch\":\"\"}},\"customRowDisplay\":\"\",\"tabletWidth\":\"1024\",\"mobileWidth\":\"480\",\"renderFilter\":\"footer\",\"advancedFilterEnabled\":true,\"advancedFilterOptions\":{\"aoColumns\":[{\"type\":\"null\",\"columnType\":\"int\",\"numberOfDecimalPlaces\":\"2\",\"possibleValuesType\":\"read\",\"globalSearchColumn\":0,\"values\":null,\"origHeader\":\"wdt_ID\",\"displayHeader\":\"wdt_ID\",\"possibleValuesAddEmpty\":false,\"possibleValuesAjax\":-1,\"column_align_fields\":\"\",\"defaultValue\":\"\",\"column_align_header\":\"\",\"column_rotate_header_name\":\"\",\"exactFiltering\":false,\"filterLabel\":\"\",\"searchInSelectBox\":1,\"searchInSelectBoxEditing\":1,\"checkboxesInModal\":0,\"andLogic\":0,\"linkButtonLabel\":\"\",\"rangeSlider\":false,\"rangeMaxValueDisplay\":\"0\",\"customMaxRangeValue\":\"0\",\"sSelector\":\"#table_1_0_filter\"},{\"type\":\"null\",\"columnType\":\"string\",\"numberOfDecimalPlaces\":\"2\",\"possibleValuesType\":\"read\",\"globalSearchColumn\":0,\"values\":null,\"origHeader\":\"descricao\",\"displayHeader\":\"Descri\\u00e7\\u00e3o\",\"possibleValuesAddEmpty\":false,\"possibleValuesAjax\":10,\"column_align_fields\":\"\",\"defaultValue\":\"\",\"column_align_header\":\"\",\"column_rotate_header_name\":\"\",\"exactFiltering\":false,\"filterLabel\":\"\",\"searchInSelectBox\":1,\"searchInSelectBoxEditing\":1,\"checkboxesInModal\":0,\"andLogic\":0,\"linkButtonLabel\":\"\",\"rangeSlider\":false,\"rangeMaxValueDisplay\":\"default\",\"customMaxRangeValue\":\"0\",\"sSelector\":\"#table_1_1_filter\"},{\"type\":\"null\",\"columnType\":\"link\",\"numberOfDecimalPlaces\":\"2\",\"possibleValuesType\":\"read\",\"globalSearchColumn\":1,\"values\":null,\"origHeader\":\"link\",\"displayHeader\":\"Link\",\"possibleValuesAddEmpty\":false,\"possibleValuesAjax\":-1,\"column_align_fields\":\"\",\"defaultValue\":\"\",\"column_align_header\":\"\",\"column_rotate_header_name\":\"\",\"exactFiltering\":false,\"filterLabel\":\"\",\"searchInSelectBox\":1,\"searchInSelectBoxEditing\":1,\"checkboxesInModal\":0,\"andLogic\":0,\"linkButtonLabel\":\"\",\"rangeSlider\":false,\"rangeMaxValueDisplay\":\"default\",\"customMaxRangeValue\":\"0\",\"sSelector\":\"#table_1_2_filter\"}],\"bUseColVis\":true},\"filterInForm\":true,\"serverSide\":true,\"autoRefreshInterval\":0,\"processing\":true,\"fnServerData\":true,\"columnsFixed\":0,\"sumFunctionsLabel\":\"\",\"avgFunctionsLabel\":\"\",\"minFunctionsLabel\":\"\",\"maxFunctionsLabel\":\"glaucio\",\"columnsDecimalPlaces\":{\"wdt_ID\":-1,\"descricao\":-1,\"link\":-1},\"columnsThousandsSeparator\":{\"wdt_ID\":0},\"sumColumns\":[],\"avgColumns\":[],\"sumAvgColumns\":[],\"timeFormat\":\"h:i A\",\"datepickFormat\":\"dd\\\/mm\\\/yy\"}'\/>\n\n    <table id=\"table_1\"\n           class=\"   display nowrap wdt-no-display data-t data-t wpDataTable wpDataTableID-5 \"\n           style=\"\"\n           data-described-by='table_1_desc'\n           data-wpdatatable_id=\"5\">\n        \n        <!-- Table header -->\n        \n<thead>\n<tr>\n                    <th\n                        class=\" wdtheader sort numdata integer \"\n        style=\"\">        wdt_ID<\/th>        <th\n        data-class=\"expand\"                class=\" wdtheader sort \"\n        style=\"\">        Descri\u00e7\u00e3o<\/th>        <th\n                        class=\" wdtheader sort \"\n        style=\"\">        Link<\/th>    <\/tr>\n<\/thead>\n        <!-- \/Table header -->\n\n        <!-- Table body -->\n        \n<tbody>\n<!-- Table body -->\n<div data-id=\"5\"\n     class=\"wdt-timeline-item wdt-timeline-table_1\"\n     style=\"\">\n    <div class=\"wdt-table-loader\">\n        <div class=\"wdt-table-loader-row wdt-table-loader-header\">\n            <div class=\"wdt-table-loader-header-cell wdt-animated-background\"><\/div>\n            <div class=\"wdt-table-loader-header-cell wdt-animated-background\"><\/div>\n            <div class=\"wdt-table-loader-header-cell wdt-animated-background\"><\/div>\n        <\/div>\n                    <div class=\"wdt-table-loader-row\">\n                <div class=\"wdt-table-loader-cell wdt-animated-background\"><\/div>\n                <div class=\"wdt-table-loader-cell wdt-animated-background\"><\/div>\n                <div class=\"wdt-table-loader-cell wdt-animated-background\"><\/div>\n            <\/div>\n                    <div class=\"wdt-table-loader-row\">\n                <div class=\"wdt-table-loader-cell wdt-animated-background\"><\/div>\n                <div class=\"wdt-table-loader-cell wdt-animated-background\"><\/div>\n                <div class=\"wdt-table-loader-cell wdt-animated-background\"><\/div>\n            <\/div>\n                    <div class=\"wdt-table-loader-row\">\n                <div class=\"wdt-table-loader-cell wdt-animated-background\"><\/div>\n                <div class=\"wdt-table-loader-cell wdt-animated-background\"><\/div>\n                <div class=\"wdt-table-loader-cell wdt-animated-background\"><\/div>\n            <\/div>\n                    <div class=\"wdt-table-loader-row\">\n                <div class=\"wdt-table-loader-cell wdt-animated-background\"><\/div>\n                <div class=\"wdt-table-loader-cell wdt-animated-background\"><\/div>\n                <div class=\"wdt-table-loader-cell wdt-animated-background\"><\/div>\n            <\/div>\n                    <div class=\"wdt-table-loader-row\">\n                <div class=\"wdt-table-loader-cell wdt-animated-background\"><\/div>\n                <div class=\"wdt-table-loader-cell wdt-animated-background\"><\/div>\n                <div class=\"wdt-table-loader-cell wdt-animated-background\"><\/div>\n            <\/div>\n                    <div class=\"wdt-table-loader-row\">\n                <div class=\"wdt-table-loader-cell wdt-animated-background\"><\/div>\n                <div class=\"wdt-table-loader-cell wdt-animated-background\"><\/div>\n                <div class=\"wdt-table-loader-cell wdt-animated-background\"><\/div>\n            <\/div>\n                    <div class=\"wdt-table-loader-row\">\n                <div class=\"wdt-table-loader-cell wdt-animated-background\"><\/div>\n                <div class=\"wdt-table-loader-cell wdt-animated-background\"><\/div>\n                <div class=\"wdt-table-loader-cell wdt-animated-background\"><\/div>\n            <\/div>\n                    <div class=\"wdt-table-loader-row\">\n                <div class=\"wdt-table-loader-cell wdt-animated-background\"><\/div>\n                <div class=\"wdt-table-loader-cell wdt-animated-background\"><\/div>\n                <div class=\"wdt-table-loader-cell wdt-animated-background\"><\/div>\n            <\/div>\n                    <div class=\"wdt-table-loader-row\">\n                <div class=\"wdt-table-loader-cell wdt-animated-background\"><\/div>\n                <div class=\"wdt-table-loader-cell wdt-animated-background\"><\/div>\n                <div class=\"wdt-table-loader-cell wdt-animated-background\"><\/div>\n            <\/div>\n                    <div class=\"wdt-table-loader-row\">\n                <div class=\"wdt-table-loader-cell wdt-animated-background\"><\/div>\n                <div class=\"wdt-table-loader-cell wdt-animated-background\"><\/div>\n                <div class=\"wdt-table-loader-cell wdt-animated-background\"><\/div>\n            <\/div>\n                    <div class=\"wdt-table-loader-row\">\n                <div class=\"wdt-table-loader-cell wdt-animated-background\"><\/div>\n                <div class=\"wdt-table-loader-cell wdt-animated-background\"><\/div>\n                <div class=\"wdt-table-loader-cell wdt-animated-background\"><\/div>\n            <\/div>\n            <\/div>\n<\/div><!-- \/Table body -->\n                    <tr id=\"table_5_row_0\"\n            data-row-index=\"0\">\n                            <td style=\"\">1<\/td>\n                            <td style=\"\">1.\tConstitui\u00e7\u00e3o Federal de 1988 \u2013 arts. 205 a 214 (Cap\u00edtulo III do T\u00edtulo VIII).<\/td>\n                            <td style=\"\"><a href='https:\/\/www.planalto.gov.br\/ccivil_03\/constituicao\/constituicao.htm' rel='' target='_blank'>https:\/\/www.planalto.gov.br\/ccivil_03\/constituicao\/constituicao.htm<\/a><\/td>\n                    <\/tr>\n                            <tr id=\"table_5_row_1\"\n            data-row-index=\"1\">\n                            <td style=\"\">2<\/td>\n                            <td style=\"\">2.\tLei e decreto que regulamentam o Fundo de Manuten\u00e7\u00e3o e Desenvolvimento da Educa\u00e7\u00e3o B\u00e1sica e de Valoriza\u00e7\u00e3o dos Profissionais da Educa\u00e7\u00e3o \u2013 Fundeb \u2013 estabelece as regras de recebimento e aplica\u00e7\u00e3o dos recursos.<\/td>\n                            <td style=\"\"><\/td>\n                    <\/tr>\n                            <tr id=\"table_5_row_2\"\n            data-row-index=\"2\">\n                            <td style=\"\">3<\/td>\n                            <td style=\"\">2.1.\tLei n\u00ba 14.113\/2020;<\/td>\n                            <td style=\"\"><a href='https:\/\/www.planalto.gov.br\/ccivil_03\/_ato2019-2022\/2020\/lei\/l14113.htm' rel='' target='_blank'>https:\/\/www.planalto.gov.br\/ccivil_03\/_ato2019-2022\/2020\/lei\/l14113.htm<\/a><\/td>\n                    <\/tr>\n                            <tr id=\"table_5_row_3\"\n            data-row-index=\"3\">\n                            <td style=\"\">4<\/td>\n                            <td style=\"\">2.2.\tDecreto n\u00ba 10.656\/2021.<\/td>\n                            <td style=\"\"><a href='https:\/\/www.planalto.gov.br\/ccivil_03\/_ato2019-2022\/2021\/decreto\/d10656.htm' rel='' target='_blank'>https:\/\/www.planalto.gov.br\/ccivil_03\/_ato2019-2022\/2021\/decreto\/d10656.htm<\/a><\/td>\n                    <\/tr>\n                            <tr id=\"table_5_row_4\"\n            data-row-index=\"4\">\n                            <td style=\"\">5<\/td>\n                            <td style=\"\">3.\tLei que regulamenta o Plano Nacional de Educa\u00e7\u00e3o \u2013 estabelece as metas da educa\u00e7\u00e3o.<\/td>\n                            <td style=\"\"><\/td>\n                    <\/tr>\n                            <tr id=\"table_5_row_5\"\n            data-row-index=\"5\">\n                            <td style=\"\">6<\/td>\n                            <td style=\"\">3.1.\tLei n\u00ba 13.005\/2014.<\/td>\n                            <td style=\"\"><a href='https:\/\/www.planalto.gov.br\/ccivil_03\/_ato2011-2014\/2014\/lei\/l13005.htm' rel='' target='_blank'>https:\/\/www.planalto.gov.br\/ccivil_03\/_ato2011-2014\/2014\/lei\/l13005.htm<\/a><\/td>\n                    <\/tr>\n                            <tr id=\"table_5_row_6\"\n            data-row-index=\"6\">\n                            <td style=\"\">7<\/td>\n                            <td style=\"\">4.\tLei de Diretrizes e Bases da Educa\u00e7\u00e3o.<\/td>\n                            <td style=\"\"><\/td>\n                    <\/tr>\n                            <tr id=\"table_5_row_7\"\n            data-row-index=\"7\">\n                            <td style=\"\">8<\/td>\n                            <td style=\"\">Lei n\u00ba 9.394\/1996<\/td>\n                            <td style=\"\"><a href='https:\/\/www.planalto.gov.br\/ccivil_03\/leis\/l9394.htm' rel='' target='_blank'>https:\/\/www.planalto.gov.br\/ccivil_03\/leis\/l9394.htm<\/a><\/td>\n                    <\/tr>\n                            <tr id=\"table_5_row_8\"\n            data-row-index=\"8\">\n                            <td style=\"\">9<\/td>\n                            <td style=\"\">5.\tEstatuto da Crian\u00e7a e do Adolescente.<\/td>\n                            <td style=\"\"><\/td>\n                    <\/tr>\n                            <tr id=\"table_5_row_9\"\n            data-row-index=\"9\">\n                            <td style=\"\">10<\/td>\n                            <td style=\"\">5.1\tLei n\u00ba 8.069\/1990.<\/td>\n                            <td style=\"\"><a href='https:\/\/www.planalto.gov.br\/ccivil_03\/leis\/l8069.htm' rel='' target='_blank'>https:\/\/www.planalto.gov.br\/ccivil_03\/leis\/l8069.htm<\/a><\/td>\n                    <\/tr>\n            <\/tbody>        <!-- \/Table body -->\n\n        <!-- Table footer -->\n        \n    <tfoot>\n                <tr style=\"display: none\">\n                            <td\n                class=\"wdtheader sort numdata integer \"\n                style=\"\"><\/td>                <td\n                class=\"wdtheader sort \"\n                style=\"\"><\/td>                <td\n                class=\"wdtheader sort \"\n                style=\"\"><\/td>        <\/tr>\n                            <\/tfoot>\n        <!-- \/Table footer -->\n    <\/table>\n\n<\/div><style>\ntable.wpDataTable { table-layout: fixed !important; }\ntable.wpDataTable td, table.wpDataTable th { white-space: normal !important; }\ntable.wpDataTable td.numdata { text-align: right !important; }\n<\/style>\n<style>\n<\/style>\n<\/div>\n\t\t\t\t\t\t<\/div>\n\t\t\t\t<\/div>\n\t\t\t\t\t<\/div>\n\t\t\t\t<\/div>\n\t\t\t\t<\/div>\n\t\t","protected":false},"excerpt":{"rendered":"<p>Normativos<\/p>\n","protected":false},"author":85,"featured_media":0,"parent":80244,"menu_order":0,"comment_status":"closed","ping_status":"closed","template":"","meta":{"footnotes":""},"class_list":["post-80609","page","type-page","status-publish","hentry"],"_links":{"self":[{"href":"https:\/\/www.tceam.tc.br\/index.php?rest_route=\/wp\/v2\/pages\/80609","targetHints":{"allow":["GET"]}}],"collection":[{"href":"https:\/\/www.tceam.tc.br\/index.php?rest_route=\/wp\/v2\/pages"}],"about":[{"href":"https:\/\/www.tceam.tc.br\/index.php?rest_route=\/wp\/v2\/types\/page"}],"author":[{"embeddable":true,"href":"https:\/\/www.tceam.tc.br\/index.php?rest_route=\/wp\/v2\/users\/85"}],"replies":[{"embeddable":true,"href":"https:\/\/www.tceam.tc.br\/index.php?rest_route=%2Fwp%2Fv2%2Fcomments&post=80609"}],"version-history":[{"count":13,"href":"https:\/\/www.tceam.tc.br\/index.php?rest_route=\/wp\/v2\/pages\/80609\/revisions"}],"predecessor-version":[{"id":81428,"href":"https:\/\/www.tceam.tc.br\/index.php?rest_route=\/wp\/v2\/pages\/80609\/revisions\/81428"}],"up":[{"embeddable":true,"href":"https:\/\/www.tceam.tc.br\/index.php?rest_route=\/wp\/v2\/pages\/80244"}],"wp:attachment":[{"href":"https:\/\/www.tceam.tc.br\/index.php?rest_route=%2Fwp%2Fv2%2Fmedia&parent=80609"}],"curies":[{"name":"wp","href":"https:\/\/api.w.org\/{rel}","templated":true}]}}