
{"id":80572,"date":"2025-07-08T11:01:53","date_gmt":"2025-07-08T15:01:53","guid":{"rendered":"https:\/\/www.tceam.tc.br\/?page_id=80572"},"modified":"2025-07-28T10:42:31","modified_gmt":"2025-07-28T14:42:31","slug":"secex-educacao-informacoes-publicas-relevantes","status":"publish","type":"page","link":"https:\/\/www.tceam.tc.br\/?page_id=80572","title":{"rendered":"Informa\u00e7\u00f5es P\u00fablicas Relevantes"},"content":{"rendered":"\t\t<div data-elementor-type=\"wp-page\" data-elementor-id=\"80572\" class=\"elementor elementor-80572\" data-elementor-settings=\"{&quot;ha_cmc_init_switcher&quot;:&quot;no&quot;,&quot;element_pack_global_tooltip_width&quot;:{&quot;unit&quot;:&quot;px&quot;,&quot;size&quot;:&quot;&quot;,&quot;sizes&quot;:[]},&quot;element_pack_global_tooltip_width_laptop&quot;:{&quot;unit&quot;:&quot;px&quot;,&quot;size&quot;:&quot;&quot;,&quot;sizes&quot;:[]},&quot;element_pack_global_tooltip_width_tablet_extra&quot;:{&quot;unit&quot;:&quot;px&quot;,&quot;size&quot;:&quot;&quot;,&quot;sizes&quot;:[]},&quot;element_pack_global_tooltip_width_tablet&quot;:{&quot;unit&quot;:&quot;px&quot;,&quot;size&quot;:&quot;&quot;,&quot;sizes&quot;:[]},&quot;element_pack_global_tooltip_width_mobile_extra&quot;:{&quot;unit&quot;:&quot;px&quot;,&quot;size&quot;:&quot;&quot;,&quot;sizes&quot;:[]},&quot;element_pack_global_tooltip_width_mobile&quot;:{&quot;unit&quot;:&quot;px&quot;,&quot;size&quot;:&quot;&quot;,&quot;sizes&quot;:[]},&quot;element_pack_global_tooltip_padding&quot;:{&quot;unit&quot;:&quot;px&quot;,&quot;top&quot;:&quot;&quot;,&quot;right&quot;:&quot;&quot;,&quot;bottom&quot;:&quot;&quot;,&quot;left&quot;:&quot;&quot;,&quot;isLinked&quot;:true},&quot;element_pack_global_tooltip_padding_laptop&quot;:{&quot;unit&quot;:&quot;px&quot;,&quot;top&quot;:&quot;&quot;,&quot;right&quot;:&quot;&quot;,&quot;bottom&quot;:&quot;&quot;,&quot;left&quot;:&quot;&quot;,&quot;isLinked&quot;:true},&quot;element_pack_global_tooltip_padding_tablet_extra&quot;:{&quot;unit&quot;:&quot;px&quot;,&quot;top&quot;:&quot;&quot;,&quot;right&quot;:&quot;&quot;,&quot;bottom&quot;:&quot;&quot;,&quot;left&quot;:&quot;&quot;,&quot;isLinked&quot;:true},&quot;element_pack_global_tooltip_padding_tablet&quot;:{&quot;unit&quot;:&quot;px&quot;,&quot;top&quot;:&quot;&quot;,&quot;right&quot;:&quot;&quot;,&quot;bottom&quot;:&quot;&quot;,&quot;left&quot;:&quot;&quot;,&quot;isLinked&quot;:true},&quot;element_pack_global_tooltip_padding_mobile_extra&quot;:{&quot;unit&quot;:&quot;px&quot;,&quot;top&quot;:&quot;&quot;,&quot;right&quot;:&quot;&quot;,&quot;bottom&quot;:&quot;&quot;,&quot;left&quot;:&quot;&quot;,&quot;isLinked&quot;:true},&quot;element_pack_global_tooltip_padding_mobile&quot;:{&quot;unit&quot;:&quot;px&quot;,&quot;top&quot;:&quot;&quot;,&quot;right&quot;:&quot;&quot;,&quot;bottom&quot;:&quot;&quot;,&quot;left&quot;:&quot;&quot;,&quot;isLinked&quot;:true},&quot;element_pack_global_tooltip_border_radius&quot;:{&quot;unit&quot;:&quot;px&quot;,&quot;top&quot;:&quot;&quot;,&quot;right&quot;:&quot;&quot;,&quot;bottom&quot;:&quot;&quot;,&quot;left&quot;:&quot;&quot;,&quot;isLinked&quot;:true},&quot;element_pack_global_tooltip_border_radius_laptop&quot;:{&quot;unit&quot;:&quot;px&quot;,&quot;top&quot;:&quot;&quot;,&quot;right&quot;:&quot;&quot;,&quot;bottom&quot;:&quot;&quot;,&quot;left&quot;:&quot;&quot;,&quot;isLinked&quot;:true},&quot;element_pack_global_tooltip_border_radius_tablet_extra&quot;:{&quot;unit&quot;:&quot;px&quot;,&quot;top&quot;:&quot;&quot;,&quot;right&quot;:&quot;&quot;,&quot;bottom&quot;:&quot;&quot;,&quot;left&quot;:&quot;&quot;,&quot;isLinked&quot;:true},&quot;element_pack_global_tooltip_border_radius_tablet&quot;:{&quot;unit&quot;:&quot;px&quot;,&quot;top&quot;:&quot;&quot;,&quot;right&quot;:&quot;&quot;,&quot;bottom&quot;:&quot;&quot;,&quot;left&quot;:&quot;&quot;,&quot;isLinked&quot;:true},&quot;element_pack_global_tooltip_border_radius_mobile_extra&quot;:{&quot;unit&quot;:&quot;px&quot;,&quot;top&quot;:&quot;&quot;,&quot;right&quot;:&quot;&quot;,&quot;bottom&quot;:&quot;&quot;,&quot;left&quot;:&quot;&quot;,&quot;isLinked&quot;:true},&quot;element_pack_global_tooltip_border_radius_mobile&quot;:{&quot;unit&quot;:&quot;px&quot;,&quot;top&quot;:&quot;&quot;,&quot;right&quot;:&quot;&quot;,&quot;bottom&quot;:&quot;&quot;,&quot;left&quot;:&quot;&quot;,&quot;isLinked&quot;:true}}\" data-elementor-post-type=\"page\">\n\t\t\t\t<div class=\"elementor-element elementor-element-ffdc686 e-flex e-con-boxed e-con e-parent\" data-id=\"ffdc686\" data-element_type=\"container\" data-settings=\"{&quot;background_background&quot;:&quot;classic&quot;,&quot;_ha_eqh_enable&quot;:false}\">\n\t\t\t\t\t<div class=\"e-con-inner\">\n\t\t\t\t\t<\/div>\n\t\t\t\t<\/div>\n\t\t<div class=\"elementor-element elementor-element-5915843 e-flex e-con-boxed e-con e-parent\" data-id=\"5915843\" data-element_type=\"container\" data-settings=\"{&quot;background_background&quot;:&quot;classic&quot;,&quot;_ha_eqh_enable&quot;:false}\">\n\t\t\t\t\t<div class=\"e-con-inner\">\n\t\t\t\t<div class=\"elementor-element elementor-element-762f472 exad-sticky-section-no exad-glass-effect-no elementor-widget elementor-widget-heading\" data-id=\"762f472\" data-element_type=\"widget\" data-widget_type=\"heading.default\">\n\t\t\t\t<div class=\"elementor-widget-container\">\n\t\t\t\t\t<h2 class=\"elementor-heading-title elementor-size-default\">Informa\u00e7\u00f5es P\u00fablicas Relevantes<\/h2>\t\t\t\t<\/div>\n\t\t\t\t<\/div>\n\t\t\t\t<div class=\"elementor-element elementor-element-bc247cd elementor-widget-divider--view-line exad-sticky-section-no exad-glass-effect-no elementor-widget elementor-widget-divider\" data-id=\"bc247cd\" data-element_type=\"widget\" data-widget_type=\"divider.default\">\n\t\t\t\t<div class=\"elementor-widget-container\">\n\t\t\t\t\t\t\t<div class=\"elementor-divider\">\n\t\t\t<span class=\"elementor-divider-separator\">\n\t\t\t\t\t\t<\/span>\n\t\t<\/div>\n\t\t\t\t\t\t<\/div>\n\t\t\t\t<\/div>\n\t\t\t\t<div class=\"elementor-element elementor-element-26063b6 exad-sticky-section-no exad-glass-effect-no elementor-widget elementor-widget-shortcode\" data-id=\"26063b6\" data-element_type=\"widget\" data-widget_type=\"shortcode.default\">\n\t\t\t\t<div class=\"elementor-widget-container\">\n\t\t\t\t\t\t\t<div class=\"elementor-shortcode\">\n<div class=\"wpdt-c wdt-skin-light\">\n    \n\n    <div class=\"wpDataTables wpDataTablesFilter wpDataTablesWrapper wdt-skin-light data-t\"\n         data-wpdatatable_id=\"3\">\n        <div id=\"filterBox_table_1\" class=\"wpDataTableFilterBox\">\n                                                                                                                    <\/div>\n    <\/div>\n    <input type=\"hidden\" id=\"wdtNonceFrontendServerSide_3\" name=\"wdtNonceFrontendServerSide_3\" value=\"496bfd798c\" \/><input type=\"hidden\" name=\"_wp_http_referer\" value=\"\/index.php?rest_route=%2Fwp%2Fv2%2Fpages%2F80572\" \/>    <input type=\"hidden\" id=\"table_1_desc\"\n           value='{\"tableId\":\"table_1\",\"tableType\":\"manual\",\"selector\":\"#table_1\",\"responsive\":false,\"responsiveAction\":\"icon\",\"editable\":false,\"inlineEditing\":false,\"infoBlock\":false,\"pagination_top\":0,\"pagination\":1,\"paginationAlign\":\"right\",\"paginationLayout\":\"full_numbers\",\"paginationLayoutMobile\":\"simple\",\"file_location\":\"\",\"tableSkin\":\"light\",\"table_wcag\":0,\"simple_template_id\":0,\"scrollable\":false,\"fixedLayout\":true,\"globalSearch\":true,\"showRowsPerPage\":true,\"popoverTools\":false,\"loader\":1,\"showCartInformation\":1,\"hideBeforeLoad\":false,\"number_format\":1,\"decimalPlaces\":2,\"spinnerSrc\":\"https:\\\/\\\/www.tceam.tc.br\\\/wp-content\\\/plugins\\\/wpdatatables\\\/assets\\\/\\\/img\\\/spinner.gif\",\"groupingEnabled\":false,\"tableWpId\":3,\"dataTableParams\":{\"sDom\":\"BT\\u003C\\u0027clear\\u0027\\u003Elftp\",\"bSortCellsTop\":false,\"bFilter\":true,\"bPaginate\":true,\"sPaginationType\":\"full_numbers\",\"aLengthMenu\":[[1,5,10,25,50,100,-1],[1,5,10,25,50,100,\"All\"]],\"iDisplayLength\":-1,\"columnDefs\":[{\"sType\":\"formatted-num\",\"wdtType\":\"int\",\"bVisible\":false,\"orderable\":true,\"searchable\":false,\"InputType\":\"text\",\"name\":\"wdt_ID\",\"origHeader\":\"wdt_ID\",\"notNull\":false,\"conditionalFormattingRules\":[],\"transformValueRules\":\"\",\"className\":\"numdata integer  column-wdt_id\",\"aTargets\":[0]},{\"sType\":\"string\",\"wdtType\":\"string\",\"bVisible\":true,\"orderable\":true,\"searchable\":false,\"InputType\":\"text\",\"name\":\"consultaaosprogramasdofundonacionaldedesenvolvimentodaeducaofnde\",\"origHeader\":\"consultaaosprogramasdofundonacionaldedesenvolvimentodaeducaofnde\",\"notNull\":false,\"conditionalFormattingRules\":[],\"transformValueRules\":\"\",\"className\":\" column-consultaaosprogramasdofundonacionaldedesenvolvimentodaeducaofnde\",\"aTargets\":[1]},{\"sType\":\"string\",\"wdtType\":\"link\",\"bVisible\":true,\"orderable\":true,\"searchable\":true,\"InputType\":\"text\",\"name\":\"link\",\"origHeader\":\"link\",\"notNull\":false,\"conditionalFormattingRules\":[],\"transformValueRules\":\"\",\"className\":\" column-link\",\"aTargets\":[2]}],\"bAutoWidth\":false,\"order\":[[0,\"asc\"]],\"ordering\":true,\"fixedHeader\":{\"header\":false,\"headerOffset\":0},\"fixedColumns\":false,\"oLanguage\":{\"sProcessing\":\"Processando...\",\"sLengthMenu\":\"Mostrar _MENU_ registros\",\"sZeroRecords\":\"N\\u00e3o foram encontrados resultados\",\"sInfo\":\"Mostrando de _START_ at\\u00e9 _END_ de _TOTAL_ registros\",\"sInfoEmpty\":\"Mostrando de 0 at\\u00e9 0 de 0 registros\",\"sInfoFiltered\":\"(filtrado de _MAX_ registros no total)\",\"sInfoPostFix\":\"\",\"sSearch\":\"Buscar:\",\"sSearchPlaceholder\":\"\",\"sUrl\":\"\",\"oPaginate\":{\"sFirst\":\"Primeiro\",\"sPrevious\":\"Anterior\",\"sNext\":\"Seguinte\",\"sLast\":\"\\u00daltimo\"}},\"buttons\":[{\"extend\":\"print\",\"exportOptions\":{\"columns\":\":visible\",\"stripHtml\":true},\"className\":\"DTTT_button DTTT_button_print\",\"title\":\"Tabel2\",\"text\":\"Print\"},{\"extend\":\"excelHtml5\",\"exportOptions\":{\"columns\":\":visible\",\"stripHtml\":true},\"className\":\"DTTT_button DTTT_button_xls\",\"filename\":\"Tabel2\",\"title\":null,\"text\":\"Excel\"},{\"extend\":\"csvHtml5\",\"exportOptions\":{\"columns\":\":visible\",\"stripHtml\":true},\"className\":\"DTTT_button DTTT_button_csv\",\"title\":\"Tabel2\",\"text\":\"CSV\"},{\"extend\":\"copyHtml5\",\"exportOptions\":{\"columns\":\":visible\",\"stripHtml\":true},\"className\":\"DTTT_button DTTT_button_copy\",\"filename\":\"Tabel2\",\"title\":null,\"text\":\"Copy\"}],\"bProcessing\":false,\"serverSide\":true,\"ajax\":{\"url\":\"https:\\\/\\\/www.tceam.tc.br\\\/wp-admin\\\/admin-ajax.php?action=get_wdtable&table_id=3\",\"type\":\"POST\"},\"oSearch\":{\"bSmart\":false,\"bRegex\":false,\"sSearch\":\"\"}},\"customRowDisplay\":\"\",\"tabletWidth\":\"1024\",\"mobileWidth\":\"480\",\"renderFilter\":\"footer\",\"advancedFilterEnabled\":true,\"advancedFilterOptions\":{\"aoColumns\":[{\"type\":\"null\",\"columnType\":\"int\",\"numberOfDecimalPlaces\":\"2\",\"possibleValuesType\":\"read\",\"globalSearchColumn\":0,\"values\":null,\"origHeader\":\"wdt_ID\",\"displayHeader\":\"wdt_ID\",\"possibleValuesAddEmpty\":false,\"possibleValuesAjax\":-1,\"column_align_fields\":\"\",\"defaultValue\":\"\",\"column_align_header\":\"\",\"column_rotate_header_name\":\"\",\"exactFiltering\":false,\"filterLabel\":\"\",\"searchInSelectBox\":1,\"searchInSelectBoxEditing\":1,\"checkboxesInModal\":0,\"andLogic\":0,\"linkButtonLabel\":\"\",\"rangeSlider\":false,\"rangeMaxValueDisplay\":\"0\",\"customMaxRangeValue\":\"0\",\"sSelector\":\"#table_1_0_filter\"},{\"type\":\"null\",\"columnType\":\"string\",\"numberOfDecimalPlaces\":\"2\",\"possibleValuesType\":\"read\",\"globalSearchColumn\":0,\"values\":null,\"origHeader\":\"consultaaosprogramasdofundonacionaldedesenvolvimentodaeducaofnde\",\"displayHeader\":\"Consulta aos Programas do Fundo Nacional de Desenvolvimento da Educa\\u00e7\\u00e3o-FNDE\",\"possibleValuesAddEmpty\":false,\"possibleValuesAjax\":10,\"column_align_fields\":\"\",\"defaultValue\":\"\",\"column_align_header\":\"\",\"column_rotate_header_name\":\"\",\"exactFiltering\":false,\"filterLabel\":\"\",\"searchInSelectBox\":1,\"searchInSelectBoxEditing\":1,\"checkboxesInModal\":0,\"andLogic\":0,\"linkButtonLabel\":\"\",\"rangeSlider\":false,\"rangeMaxValueDisplay\":\"default\",\"customMaxRangeValue\":\"0\",\"sSelector\":\"#table_1_1_filter\"},{\"type\":\"null\",\"columnType\":\"link\",\"numberOfDecimalPlaces\":\"2\",\"possibleValuesType\":\"read\",\"globalSearchColumn\":1,\"values\":null,\"origHeader\":\"link\",\"displayHeader\":\"Link\",\"possibleValuesAddEmpty\":false,\"possibleValuesAjax\":-1,\"column_align_fields\":\"\",\"defaultValue\":\"\",\"column_align_header\":\"\",\"column_rotate_header_name\":\"\",\"exactFiltering\":false,\"filterLabel\":\"\",\"searchInSelectBox\":1,\"searchInSelectBoxEditing\":1,\"checkboxesInModal\":0,\"andLogic\":0,\"linkButtonLabel\":\"Link\",\"rangeSlider\":false,\"rangeMaxValueDisplay\":\"default\",\"customMaxRangeValue\":\"0\",\"sSelector\":\"#table_1_2_filter\"}],\"bUseColVis\":true},\"filterInForm\":true,\"serverSide\":true,\"autoRefreshInterval\":0,\"processing\":true,\"fnServerData\":true,\"columnsFixed\":0,\"sumFunctionsLabel\":\"\",\"avgFunctionsLabel\":\"\",\"minFunctionsLabel\":\"\",\"maxFunctionsLabel\":\"glaucio\",\"columnsDecimalPlaces\":{\"wdt_ID\":-1,\"consultaaosprogramasdofundonacionaldedesenvolvimentodaeducaofnde\":-1,\"link\":-1},\"columnsThousandsSeparator\":{\"wdt_ID\":0},\"sumColumns\":[],\"avgColumns\":[],\"sumAvgColumns\":[],\"timeFormat\":\"h:i A\",\"datepickFormat\":\"dd\\\/mm\\\/yy\"}'\/>\n\n    <table id=\"table_1\"\n           class=\"   display nowrap wdt-no-display data-t data-t wpDataTable wpDataTableID-3 \"\n           style=\"\"\n           data-described-by='table_1_desc'\n           data-wpdatatable_id=\"3\">\n        \n        <!-- Table header -->\n        \n<thead>\n<tr>\n                    <th\n                        class=\" wdtheader sort numdata integer \"\n        style=\"\">        wdt_ID<\/th>        <th\n        data-class=\"expand\"                class=\" wdtheader sort \"\n        style=\"\">        Consulta aos Programas do Fundo Nacional de Desenvolvimento da Educa\u00e7\u00e3o-FNDE<\/th>        <th\n                        class=\" wdtheader sort \"\n        style=\"\">        Link<\/th>    <\/tr>\n<\/thead>\n        <!-- \/Table header -->\n\n        <!-- Table body -->\n        \n<tbody>\n<!-- Table body -->\n<div data-id=\"3\"\n     class=\"wdt-timeline-item wdt-timeline-table_1\"\n     style=\"\">\n    <div class=\"wdt-table-loader\">\n        <div class=\"wdt-table-loader-row wdt-table-loader-header\">\n            <div class=\"wdt-table-loader-header-cell wdt-animated-background\"><\/div>\n            <div class=\"wdt-table-loader-header-cell wdt-animated-background\"><\/div>\n            <div class=\"wdt-table-loader-header-cell wdt-animated-background\"><\/div>\n        <\/div>\n                    <div class=\"wdt-table-loader-row\">\n                <div class=\"wdt-table-loader-cell wdt-animated-background\"><\/div>\n                <div class=\"wdt-table-loader-cell wdt-animated-background\"><\/div>\n                <div class=\"wdt-table-loader-cell wdt-animated-background\"><\/div>\n            <\/div>\n                    <div class=\"wdt-table-loader-row\">\n                <div class=\"wdt-table-loader-cell wdt-animated-background\"><\/div>\n                <div class=\"wdt-table-loader-cell wdt-animated-background\"><\/div>\n                <div class=\"wdt-table-loader-cell wdt-animated-background\"><\/div>\n            <\/div>\n                    <div class=\"wdt-table-loader-row\">\n                <div class=\"wdt-table-loader-cell wdt-animated-background\"><\/div>\n                <div class=\"wdt-table-loader-cell wdt-animated-background\"><\/div>\n                <div class=\"wdt-table-loader-cell wdt-animated-background\"><\/div>\n            <\/div>\n                    <div class=\"wdt-table-loader-row\">\n                <div class=\"wdt-table-loader-cell wdt-animated-background\"><\/div>\n                <div class=\"wdt-table-loader-cell wdt-animated-background\"><\/div>\n                <div class=\"wdt-table-loader-cell wdt-animated-background\"><\/div>\n            <\/div>\n                    <div class=\"wdt-table-loader-row\">\n                <div class=\"wdt-table-loader-cell wdt-animated-background\"><\/div>\n                <div class=\"wdt-table-loader-cell wdt-animated-background\"><\/div>\n                <div class=\"wdt-table-loader-cell wdt-animated-background\"><\/div>\n            <\/div>\n                    <div class=\"wdt-table-loader-row\">\n                <div class=\"wdt-table-loader-cell wdt-animated-background\"><\/div>\n                <div class=\"wdt-table-loader-cell wdt-animated-background\"><\/div>\n                <div class=\"wdt-table-loader-cell wdt-animated-background\"><\/div>\n            <\/div>\n                    <div class=\"wdt-table-loader-row\">\n                <div class=\"wdt-table-loader-cell wdt-animated-background\"><\/div>\n                <div class=\"wdt-table-loader-cell wdt-animated-background\"><\/div>\n                <div class=\"wdt-table-loader-cell wdt-animated-background\"><\/div>\n            <\/div>\n                    <div class=\"wdt-table-loader-row\">\n                <div class=\"wdt-table-loader-cell wdt-animated-background\"><\/div>\n                <div class=\"wdt-table-loader-cell wdt-animated-background\"><\/div>\n                <div class=\"wdt-table-loader-cell wdt-animated-background\"><\/div>\n            <\/div>\n                    <div class=\"wdt-table-loader-row\">\n                <div class=\"wdt-table-loader-cell wdt-animated-background\"><\/div>\n                <div class=\"wdt-table-loader-cell wdt-animated-background\"><\/div>\n                <div class=\"wdt-table-loader-cell wdt-animated-background\"><\/div>\n            <\/div>\n                    <div class=\"wdt-table-loader-row\">\n                <div class=\"wdt-table-loader-cell wdt-animated-background\"><\/div>\n                <div class=\"wdt-table-loader-cell wdt-animated-background\"><\/div>\n                <div class=\"wdt-table-loader-cell wdt-animated-background\"><\/div>\n            <\/div>\n                    <div class=\"wdt-table-loader-row\">\n                <div class=\"wdt-table-loader-cell wdt-animated-background\"><\/div>\n                <div class=\"wdt-table-loader-cell wdt-animated-background\"><\/div>\n                <div class=\"wdt-table-loader-cell wdt-animated-background\"><\/div>\n            <\/div>\n                    <div class=\"wdt-table-loader-row\">\n                <div class=\"wdt-table-loader-cell wdt-animated-background\"><\/div>\n                <div class=\"wdt-table-loader-cell wdt-animated-background\"><\/div>\n                <div class=\"wdt-table-loader-cell wdt-animated-background\"><\/div>\n            <\/div>\n            <\/div>\n<\/div><!-- \/Table body -->\n                    <tr id=\"table_3_row_0\"\n            data-row-index=\"0\">\n                            <td style=\"\">1<\/td>\n                            <td style=\"\">Programas<\/td>\n                            <td style=\"\"><a href='https:\/\/www.gov.br\/fnde\/pt-br' rel='' target='_blank'>https:\/\/www.gov.br\/fnde\/pt-br<\/a><\/td>\n                    <\/tr>\n                            <tr id=\"table_3_row_1\"\n            data-row-index=\"1\">\n                            <td style=\"\">2<\/td>\n                            <td style=\"\">Consulta das Libera\u00e7\u00f5es Financeiras dos Programas do FNDE<\/td>\n                            <td style=\"\"><a href='https:\/\/www.fnde.gov.br\/sigefweb\/index.php\/liberacoes' rel='' target='_blank'>https:\/\/www.fnde.gov.br\/sigefweb\/index.php\/liberacoes<\/a><\/td>\n                    <\/tr>\n                            <tr id=\"table_3_row_2\"\n            data-row-index=\"2\">\n                            <td style=\"\">3<\/td>\n                            <td style=\"\">Recursos Aplicados Diretamente nas Escolas (op\u00e7\u00e3o: PARTICULAR)<\/td>\n                            <td style=\"\"><a href='https:\/\/www.fnde.gov.br\/sigefweb\/index.php\/liberacoes?ano=2018&amp;programa=02&amp;cnpj=&amp;estado=0&amp;tipoEntidade=todos&amp;confirmar=Confirmar' rel='' target='_blank'>https:\/\/www.fnde.gov.br\/sigefweb\/index.php\/liberacoes?ano=2018&amp;programa=02&amp;cnpj=&amp;estado=0&amp;tipoEntidade=todos&amp;confirmar=Confirmar<\/a><\/td>\n                    <\/tr>\n                            <tr id=\"table_3_row_3\"\n            data-row-index=\"3\">\n                            <td style=\"\">4<\/td>\n                            <td style=\"\">Consulta Sistema de Informa\u00e7\u00f5es sobre Or\u00e7amentos P\u00fablicos em Educa\u00e7\u00e3o.<\/td>\n                            <td style=\"\"><a href='https:\/\/www.fnde.gov.br\/siope\/ap resentacao.do' rel='' target='_blank'>https:\/\/www.fnde.gov.br\/siope\/ap resentacao.do<\/a><\/td>\n                    <\/tr>\n                            <tr id=\"table_3_row_4\"\n            data-row-index=\"4\">\n                            <td style=\"\">5<\/td>\n                            <td style=\"\"> Sistema Integrado de Monitoramento Execu\u00e7\u00e3o e Controle (SIMEC\/MEC). D\u00e1 acesso aos planos de educa\u00e7\u00e3o<\/td>\n                            <td style=\"\"><a href='https:\/\/simec.mec.gov.br\/painelObras\/lista.php?estuf=AM' rel='' target='_blank'>https:\/\/simec.mec.gov.br\/painelObras\/lista.php?estuf=AM<\/a><\/td>\n                    <\/tr>\n                            <tr id=\"table_3_row_5\"\n            data-row-index=\"5\">\n                            <td style=\"\">6<\/td>\n                            <td style=\"\">D\u00e1 acesso relat\u00f3rios de ciclos de avalia\u00e7\u00e3o do PNE<\/td>\n                            <td style=\"\"><a href='https:\/\/www.gov.br\/inep\/pt-br\/assuntos\/noticias\/estudos-educacionais\/inep-lanca-relatorio-do-5o-ciclo-de-monitoramento-do-pne' rel='' target='_blank'>https:\/\/www.gov.br\/inep\/pt-br\/assuntos\/noticias\/estudos-educacionais\/inep-lanca-relatorio-do-5o-ciclo-de-monitoramento-do-pne<\/a><\/td>\n                    <\/tr>\n                            <tr id=\"table_3_row_6\"\n            data-row-index=\"6\">\n                            <td style=\"\">7<\/td>\n                            <td style=\"\">Apresenta o desempenho em profici\u00eancia em portugu\u00eas e matem\u00e1tica nos anos de realiza\u00e7\u00e3o do SAEB\/IDEB:<\/td>\n                            <td style=\"\"><a href='https:\/\/www.gov.br\/inep\/pt-br\/acesso-a-informacao\/dados-abertos\/inep-data\/painel-educacional' rel='' target='_blank'>https:\/\/www.gov.br\/inep\/pt-br\/acesso-a-informacao\/dados-abertos\/inep-data\/painel-educacional<\/a><\/td>\n                    <\/tr>\n                            <tr id=\"table_3_row_7\"\n            data-row-index=\"7\">\n                            <td style=\"\">9<\/td>\n                            <td style=\"\">Conselhos Estaduais de Educa\u00e7\u00e3o<\/td>\n                            <td style=\"\"><a href='http:\/\/www.cee.am.gov.br\/' rel='' target='_blank'>http:\/\/www.cee.am.gov.br\/<\/a><\/td>\n                    <\/tr>\n                            <tr id=\"table_3_row_8\"\n            data-row-index=\"8\">\n                            <td style=\"\">10<\/td>\n                            <td style=\"\">Uni\u00e3o Nacional dos Conselhos Municipais de Educa\u00e7\u00e3o<\/td>\n                            <td style=\"\"><a href='https:\/\/uncme.org.br\/novo\/' rel='' target='_blank'>https:\/\/uncme.org.br\/novo\/<\/a><\/td>\n                    <\/tr>\n                            <tr id=\"table_3_row_9\"\n            data-row-index=\"9\">\n                            <td style=\"\">11<\/td>\n                            <td style=\"\">Conselho Nacional de Secret\u00e1rios de Educa\u00e7\u00e3o<\/td>\n                            <td style=\"\"><a href='https:\/\/www.consed.org.br\/' rel='' target='_blank'>https:\/\/www.consed.org.br\/<\/a><\/td>\n                    <\/tr>\n                            <tr id=\"table_3_row_10\"\n            data-row-index=\"10\">\n                            <td style=\"\">12<\/td>\n                            <td style=\"\">Uni\u00e3o dos Dirigentes Municipais de Educa\u00e7\u00e3o\/Amazonas<\/td>\n                            <td style=\"\"><a href='https:\/\/am.undime.org.br\/' rel='' target='_blank'>https:\/\/am.undime.org.br\/<\/a><\/td>\n                    <\/tr>\n            <\/tbody>        <!-- \/Table body -->\n\n        <!-- Table footer -->\n        \n    <tfoot>\n                <tr style=\"display: none\">\n                            <td\n                class=\"wdtheader sort numdata integer \"\n                style=\"\"><\/td>                <td\n                class=\"wdtheader sort \"\n                style=\"\"><\/td>                <td\n                class=\"wdtheader sort \"\n                style=\"\"><\/td>        <\/tr>\n                            <\/tfoot>\n        <!-- \/Table footer -->\n    <\/table>\n\n<\/div><style>\n\n#table_1 > thead > tr > th.column-link { text-align: right !important; }table.wpDataTable { table-layout: fixed !important; }\ntable.wpDataTable td, table.wpDataTable th { white-space: normal !important; }\ntable.wpDataTable td.numdata { text-align: right !important; }\n<\/style>\n<style>\n<\/style>\n<\/div>\n\t\t\t\t\t\t<\/div>\n\t\t\t\t<\/div>\n\t\t\t\t\t<\/div>\n\t\t\t\t<\/div>\n\t\t\t\t<\/div>\n\t\t","protected":false},"excerpt":{"rendered":"<p>Informa\u00e7\u00f5es P\u00fablicas Relevantes<\/p>\n","protected":false},"author":85,"featured_media":0,"parent":80244,"menu_order":0,"comment_status":"closed","ping_status":"closed","template":"","meta":{"footnotes":""},"class_list":["post-80572","page","type-page","status-publish","hentry"],"_links":{"self":[{"href":"https:\/\/www.tceam.tc.br\/index.php?rest_route=\/wp\/v2\/pages\/80572","targetHints":{"allow":["GET"]}}],"collection":[{"href":"https:\/\/www.tceam.tc.br\/index.php?rest_route=\/wp\/v2\/pages"}],"about":[{"href":"https:\/\/www.tceam.tc.br\/index.php?rest_route=\/wp\/v2\/types\/page"}],"author":[{"embeddable":true,"href":"https:\/\/www.tceam.tc.br\/index.php?rest_route=\/wp\/v2\/users\/85"}],"replies":[{"embeddable":true,"href":"https:\/\/www.tceam.tc.br\/index.php?rest_route=%2Fwp%2Fv2%2Fcomments&post=80572"}],"version-history":[{"count":78,"href":"https:\/\/www.tceam.tc.br\/index.php?rest_route=\/wp\/v2\/pages\/80572\/revisions"}],"predecessor-version":[{"id":81422,"href":"https:\/\/www.tceam.tc.br\/index.php?rest_route=\/wp\/v2\/pages\/80572\/revisions\/81422"}],"up":[{"embeddable":true,"href":"https:\/\/www.tceam.tc.br\/index.php?rest_route=\/wp\/v2\/pages\/80244"}],"wp:attachment":[{"href":"https:\/\/www.tceam.tc.br\/index.php?rest_route=%2Fwp%2Fv2%2Fmedia&parent=80572"}],"curies":[{"name":"wp","href":"https:\/\/api.w.org\/{rel}","templated":true}]}}