
{"id":79388,"date":"2025-05-06T14:41:15","date_gmt":"2025-05-06T18:41:15","guid":{"rendered":"https:\/\/www.tceam.tc.br\/?page_id=79388"},"modified":"2025-05-07T11:29:58","modified_gmt":"2025-05-07T15:29:58","slug":"relatorios-de-auditoria-e-outros-documentos-diceti-cloned-79341","status":"publish","type":"page","link":"https:\/\/www.tceam.tc.br\/?page_id=79388","title":{"rendered":"Marco de medi\u00e7\u00e3o de desempenho dos tribunais de contas &#8211; (MMD-TC)"},"content":{"rendered":"\t\t<div data-elementor-type=\"wp-page\" data-elementor-id=\"79388\" class=\"elementor elementor-79388\" data-elementor-settings=\"{&quot;ha_cmc_init_switcher&quot;:&quot;no&quot;,&quot;element_pack_global_tooltip_width&quot;:{&quot;unit&quot;:&quot;px&quot;,&quot;size&quot;:&quot;&quot;,&quot;sizes&quot;:[]},&quot;element_pack_global_tooltip_width_laptop&quot;:{&quot;unit&quot;:&quot;px&quot;,&quot;size&quot;:&quot;&quot;,&quot;sizes&quot;:[]},&quot;element_pack_global_tooltip_width_tablet_extra&quot;:{&quot;unit&quot;:&quot;px&quot;,&quot;size&quot;:&quot;&quot;,&quot;sizes&quot;:[]},&quot;element_pack_global_tooltip_width_tablet&quot;:{&quot;unit&quot;:&quot;px&quot;,&quot;size&quot;:&quot;&quot;,&quot;sizes&quot;:[]},&quot;element_pack_global_tooltip_width_mobile_extra&quot;:{&quot;unit&quot;:&quot;px&quot;,&quot;size&quot;:&quot;&quot;,&quot;sizes&quot;:[]},&quot;element_pack_global_tooltip_width_mobile&quot;:{&quot;unit&quot;:&quot;px&quot;,&quot;size&quot;:&quot;&quot;,&quot;sizes&quot;:[]},&quot;element_pack_global_tooltip_padding&quot;:{&quot;unit&quot;:&quot;px&quot;,&quot;top&quot;:&quot;&quot;,&quot;right&quot;:&quot;&quot;,&quot;bottom&quot;:&quot;&quot;,&quot;left&quot;:&quot;&quot;,&quot;isLinked&quot;:true},&quot;element_pack_global_tooltip_padding_laptop&quot;:{&quot;unit&quot;:&quot;px&quot;,&quot;top&quot;:&quot;&quot;,&quot;right&quot;:&quot;&quot;,&quot;bottom&quot;:&quot;&quot;,&quot;left&quot;:&quot;&quot;,&quot;isLinked&quot;:true},&quot;element_pack_global_tooltip_padding_tablet_extra&quot;:{&quot;unit&quot;:&quot;px&quot;,&quot;top&quot;:&quot;&quot;,&quot;right&quot;:&quot;&quot;,&quot;bottom&quot;:&quot;&quot;,&quot;left&quot;:&quot;&quot;,&quot;isLinked&quot;:true},&quot;element_pack_global_tooltip_padding_tablet&quot;:{&quot;unit&quot;:&quot;px&quot;,&quot;top&quot;:&quot;&quot;,&quot;right&quot;:&quot;&quot;,&quot;bottom&quot;:&quot;&quot;,&quot;left&quot;:&quot;&quot;,&quot;isLinked&quot;:true},&quot;element_pack_global_tooltip_padding_mobile_extra&quot;:{&quot;unit&quot;:&quot;px&quot;,&quot;top&quot;:&quot;&quot;,&quot;right&quot;:&quot;&quot;,&quot;bottom&quot;:&quot;&quot;,&quot;left&quot;:&quot;&quot;,&quot;isLinked&quot;:true},&quot;element_pack_global_tooltip_padding_mobile&quot;:{&quot;unit&quot;:&quot;px&quot;,&quot;top&quot;:&quot;&quot;,&quot;right&quot;:&quot;&quot;,&quot;bottom&quot;:&quot;&quot;,&quot;left&quot;:&quot;&quot;,&quot;isLinked&quot;:true},&quot;element_pack_global_tooltip_border_radius&quot;:{&quot;unit&quot;:&quot;px&quot;,&quot;top&quot;:&quot;&quot;,&quot;right&quot;:&quot;&quot;,&quot;bottom&quot;:&quot;&quot;,&quot;left&quot;:&quot;&quot;,&quot;isLinked&quot;:true},&quot;element_pack_global_tooltip_border_radius_laptop&quot;:{&quot;unit&quot;:&quot;px&quot;,&quot;top&quot;:&quot;&quot;,&quot;right&quot;:&quot;&quot;,&quot;bottom&quot;:&quot;&quot;,&quot;left&quot;:&quot;&quot;,&quot;isLinked&quot;:true},&quot;element_pack_global_tooltip_border_radius_tablet_extra&quot;:{&quot;unit&quot;:&quot;px&quot;,&quot;top&quot;:&quot;&quot;,&quot;right&quot;:&quot;&quot;,&quot;bottom&quot;:&quot;&quot;,&quot;left&quot;:&quot;&quot;,&quot;isLinked&quot;:true},&quot;element_pack_global_tooltip_border_radius_tablet&quot;:{&quot;unit&quot;:&quot;px&quot;,&quot;top&quot;:&quot;&quot;,&quot;right&quot;:&quot;&quot;,&quot;bottom&quot;:&quot;&quot;,&quot;left&quot;:&quot;&quot;,&quot;isLinked&quot;:true},&quot;element_pack_global_tooltip_border_radius_mobile_extra&quot;:{&quot;unit&quot;:&quot;px&quot;,&quot;top&quot;:&quot;&quot;,&quot;right&quot;:&quot;&quot;,&quot;bottom&quot;:&quot;&quot;,&quot;left&quot;:&quot;&quot;,&quot;isLinked&quot;:true},&quot;element_pack_global_tooltip_border_radius_mobile&quot;:{&quot;unit&quot;:&quot;px&quot;,&quot;top&quot;:&quot;&quot;,&quot;right&quot;:&quot;&quot;,&quot;bottom&quot;:&quot;&quot;,&quot;left&quot;:&quot;&quot;,&quot;isLinked&quot;:true}}\" data-elementor-post-type=\"page\">\n\t\t\t\t<div class=\"elementor-element elementor-element-46830fb e-flex e-con-boxed e-con e-parent\" data-id=\"46830fb\" data-element_type=\"container\" data-settings=\"{&quot;_ha_eqh_enable&quot;:false}\">\n\t\t\t\t\t<div class=\"e-con-inner\">\n\t\t\t\t<div class=\"elementor-element elementor-element-ca07445 exad-sticky-section-no exad-glass-effect-no elementor-widget elementor-widget-shortcode\" data-id=\"ca07445\" data-element_type=\"widget\" data-widget_type=\"shortcode.default\">\n\t\t\t\t<div class=\"elementor-widget-container\">\n\t\t\t\t\t\t\t<div class=\"elementor-shortcode\">                <div class=\"igd igd-shortcode-wrap igd-shortcode-search\"\n                     data-shortcode-data=\"eyJpZCI6Miwic3RhdHVzIjoib24iLCJ0aXRsZSI6IlNob3J0Y29kZSBUaXRsZSIsInR5cGUiOiJzZWFyY2giLCJhbGxGb2xkZXJzIjpmYWxzZSwiZm9sZGVycyI6W3siaWQiOiIxWmhTUS1hLWt4d1NVUjMwamROY3BTbkdkRFZyS0VWN2MiLCJuYW1lIjoiTWFyY28gZGUgTWVkaVx1MDBlN1x1MDBlM28gZGUgRGVzZW1wZW5obyBkb3MgVHJpYnVuYWlzIGRlIENvbnRhcyAoTU1ELVRDKSIsInR5cGUiOiJhcHBsaWNhdGlvblwvdm5kLmdvb2dsZS1hcHBzLmZvbGRlciIsInNpemUiOm51bGwsImljb25MaW5rIjoiaHR0cHM6XC9cL2RyaXZlLXRoaXJkcGFydHkuZ29vZ2xldXNlcmNvbnRlbnQuY29tXC8xNlwvdHlwZVwvYXBwbGljYXRpb25cL3ZuZC5nb29nbGUtYXBwcy5mb2xkZXIrc2hhcmVkIiwidGh1bWJuYWlsTGluayI6bnVsbCwid2ViVmlld0xpbmsiOiJodHRwczpcL1wvZHJpdmUuZ29vZ2xlLmNvbVwvZHJpdmVcL2ZvbGRlcnNcLzFaaFNRLWEta3h3U1VSMzBqZE5jcFNuR2REVnJLRVY3YyIsIndlYkNvbnRlbnRMaW5rIjpudWxsLCJjcmVhdGVkIjoiMjAyNS0wNS0wNlQxODozNjoxNS40MTlaIiwidXBkYXRlZCI6IjIwMjUtMDUtMDZUMTg6MzY6MTUuNDE5WiIsImRlc2NyaXB0aW9uIjpudWxsLCJzaGFyZWQiOnRydWUsInNoYXJlZFdpdGhNZVRpbWUiOm51bGwsImV4dGVuc2lvbiI6bnVsbCwicmVzb3VyY2VLZXkiOm51bGwsImNvcHlSZXF1aXJlc1dyaXRlclBlcm1pc3Npb24iOmZhbHNlLCJzdGFycmVkIjpmYWxzZSwiZXhwb3J0TGlua3MiOm51bGwsImFjY291bnRJZCI6IjEyMzE0NDE3NDYyNzIwNjgxMDIyIiwicGFyZW50cyI6WyIxNmhOU1ZPdVZGdjN6dEh1ZnB2dzMwY1BmdEp5am8xZXUiXSwicGVybWlzc2lvbnMiOnsiY2FuUHJldmlldyI6dHJ1ZSwiY2FuRG93bmxvYWQiOmZhbHNlLCJjYW5FZGl0IjpmYWxzZSwiY2FuRGVsZXRlIjp0cnVlLCJjYW5UcmFzaCI6dHJ1ZSwiY2FuTW92ZSI6dHJ1ZSwiY2FuUmVuYW1lIjp0cnVlLCJjYW5TaGFyZSI6dHJ1ZSwiY29weVJlcXVpcmVzV3JpdGVyUGVybWlzc2lvbiI6ZmFsc2UsImNhbkNoYW5nZUNvcHlSZXF1aXJlc1dyaXRlclBlcm1pc3Npb24iOm51bGwsInVzZXJzIjp7IjEyMzE0NDE3NDYyNzIwNjgxMDIyIjp7InR5cGUiOiJ1c2VyIiwicm9sZSI6Im93bmVyIiwiZG9tYWluIjpudWxsfSwiMDc4OTY3MTI5NzgwOTUwNTkwNDciOnsidHlwZSI6InVzZXIiLCJyb2xlIjoid3JpdGVyIiwiZG9tYWluIjpudWxsfX19LCJleHBvcnRBcyI6W10sImlzRm9sZGVyIjp0cnVlfV0sInByaXZhdGVGb2xkZXJzIjpmYWxzZSwiYWxsb3dFeHRlbnNpb25zIjpudWxsLCJhbGxvd0FsbEV4dGVuc2lvbnMiOmZhbHNlLCJhbGxvd0V4Y2VwdEV4dGVuc2lvbnMiOm51bGwsImFsbG93TmFtZXMiOm51bGwsImFsbG93QWxsTmFtZXMiOmZhbHNlLCJhbGxvd0V4Y2VwdE5hbWVzIjpudWxsLCJuYW1lRmlsdGVyT3B0aW9ucyI6WyJmaWxlcyJdLCJzaG93RmlsZXMiOnRydWUsInNob3dGb2xkZXJzIjp0cnVlLCJmaWxlTnVtYmVycyI6IiIsImVtYmVkV2lkdGgiOiIxMDAlIiwiZW1iZWRIZWlnaHQiOiI0ODBweCIsInNvcnQiOnsic29ydEJ5IjoibmFtZSIsInNvcnREaXJlY3Rpb24iOiJhc2MifSwidmlldyI6Imxpc3QiLCJsYXp5TG9hZCI6dHJ1ZSwibGF6eUxvYWROdW1iZXIiOjEwMCwibGF6eUxvYWRUeXBlIjoicGFnaW5hdGlvbiIsIm1heEZpbGVTaXplIjoiIiwibWluRmlsZVNpemUiOiIiLCJlbmFibGVGb2xkZXJVcGxvYWQiOmZhbHNlLCJvcGVuTmV3VGFiIjp0cnVlLCJzaG93VXBsb2FkTGFiZWwiOnRydWUsInVwbG9hZExhYmVsVGV4dCI6IlVwbG9hZCBGaWxlcyIsImFsbG93RW1iZWRQb3BvdXQiOnRydWUsInRodW1ibmFpbENhcHRpb24iOnRydWUsInByZXZpZXciOnRydWUsImRvd25sb2FkIjp0cnVlLCJkaXNwbGF5Rm9yIjoiZXZlcnlvbmUiLCJkaXNwbGF5VXNlcnMiOlsiZXZlcnlvbmUiXSwiZGlzcGxheUV2ZXJ5b25lIjpmYWxzZSwiZGlzcGxheUV4Y2VwdCI6W10sInNlYXJjaEJveFRleHQiOiJQcm9jdXJhciBub3MgYXJxdWl2b3MiLCJtb2R1bGVIZWlnaHQiOiI1MCUiLCJjYW5EZWxldGUiOmZhbHNlLCJyZW5hbWUiOmZhbHNlLCJ1cGxvYWQiOmZhbHNlLCJuZXdGb2xkZXIiOmZhbHNlLCJtb3ZlQ29weSI6ZmFsc2UsImFsbG93U2hhcmUiOmZhbHNlLCJhbGxvd1NlYXJjaCI6dHJ1ZSwiY3JlYXRlRG9jIjpmYWxzZSwiZWRpdCI6ZmFsc2UsImRpcmVjdExpbmsiOmZhbHNlLCJkZXRhaWxzIjpmYWxzZSwiY29tbWVudCI6ZmFsc2UsInBob3RvUHJvb2YiOmZhbHNlLCJmaWx0ZXJzIjp7ImFsbG93RXh0ZW5zaW9ucyI6IiIsImFsbG93QWxsRXh0ZW5zaW9ucyI6ZmFsc2UsImFsbG93RXhjZXB0RXh0ZW5zaW9ucyI6IiIsImFsbG93TmFtZXMiOiIiLCJhbGxvd0FsbE5hbWVzIjpmYWxzZSwiYWxsb3dFeGNlcHROYW1lcyI6IiIsIm5hbWVGaWx0ZXJPcHRpb25zIjpbImZpbGVzIl0sInNob3dGaWxlcyI6dHJ1ZSwic2hvd0ZvbGRlcnMiOnRydWV9LCJhY2NvdW50Ijp7ImlkIjoiMTIzMTQ0MTc0NjI3MjA2ODEwMjIiLCJuYW1lIjoiQXJxdWl2b3MgcHVibGljYWNhbyBQb3J0YWwgVENFLUFNIiwiZW1haWwiOiJhcnF1aXZvcy5wdWJsaWNhY2FvQHRjZS5hbS5nb3YuYnIiLCJwaG90byI6Imh0dHBzOlwvXC9saDMuZ29vZ2xldXNlcmNvbnRlbnQuY29tXC9hXC9BQ2c4b2NMT3A3V1pNNUZRdzliVF9jSFpjVXpqb0swNkVDUzlRWXRTaXVyV0htUFQxalpvUHc9czY0Iiwic3RvcmFnZSI6eyJ1c2FnZSI6IjI0MTgyMTk2MzQxNTc3IiwibGltaXQiOiIxODQxNjgxOTc2NTI0ODAwIn0sImxvc3QiOmZhbHNlLCJyb290X2lkIjoiMEFCS2R1MEUySUtMRVVrOVBWQSIsInVzZXJfaWQiOlsiYWRtaW4iXX0sIm5vbmNlIjoiNDM2NWE2ZDQwOSJ9\"\n                     style=\"width: 100%;  height:50%;\"\n                ><\/div>\n\t\t\t\t<\/div>\n\t\t\t\t\t\t<\/div>\n\t\t\t\t<\/div>\n\t\t\t\t<div class=\"elementor-element elementor-element-e422152 exad-sticky-section-no exad-glass-effect-no elementor-widget elementor-widget-igd_browser\" data-id=\"e422152\" data-element_type=\"widget\" data-widget_type=\"igd_browser.default\">\n\t\t\t\t<div class=\"elementor-widget-container\">\n\t\t\t\t\t                <div class=\"igd igd-shortcode-wrap igd-shortcode-browser\"\n                     data-shortcode-data=\"eyJ1bmlxdWVJZCI6ImlnZF82ODFhNDAzZDcwOTkzIiwiaXNJbml0IjpmYWxzZSwic3RhdHVzIjoib24iLCJ0eXBlIjoiYnJvd3NlciIsImZvbGRlcnMiOlt7ImlkIjoiMXZzcG9LLUxncE1OV3lfMnEwMEJVV2tmRy1ScmJWdzZqIiwibmFtZSI6IjIwMjUiLCJ0eXBlIjoiYXBwbGljYXRpb25cL3ZuZC5nb29nbGUtYXBwcy5mb2xkZXIiLCJzaXplIjpudWxsLCJpY29uTGluayI6Imh0dHBzOlwvXC9kcml2ZS10aGlyZHBhcnR5Lmdvb2dsZXVzZXJjb250ZW50LmNvbVwvMTZcL3R5cGVcL2FwcGxpY2F0aW9uXC92bmQuZ29vZ2xlLWFwcHMuZm9sZGVyK3NoYXJlZCIsInRodW1ibmFpbExpbmsiOm51bGwsIndlYlZpZXdMaW5rIjoiaHR0cHM6XC9cL2RyaXZlLmdvb2dsZS5jb21cL2RyaXZlXC9mb2xkZXJzXC8xdnNwb0stTGdwTU5XeV8ycTAwQlVXa2ZHLVJyYlZ3NmoiLCJ3ZWJDb250ZW50TGluayI6bnVsbCwiY3JlYXRlZCI6IjIwMjUtMDYtMTJUMTc6NTA6MzUuNzE4WiIsInVwZGF0ZWQiOiIyMDI1LTA2LTEyVDE3OjUwOjM1LjcxOFoiLCJkZXNjcmlwdGlvbiI6bnVsbCwic2hhcmVkIjp0cnVlLCJzaGFyZWRXaXRoTWVUaW1lIjpudWxsLCJleHRlbnNpb24iOm51bGwsInJlc291cmNlS2V5IjpudWxsLCJjb3B5UmVxdWlyZXNXcml0ZXJQZXJtaXNzaW9uIjpmYWxzZSwic3RhcnJlZCI6ZmFsc2UsImV4cG9ydExpbmtzIjpudWxsLCJhY2NvdW50SWQiOiIxMjMxNDQxNzQ2MjcyMDY4MTAyMiIsInBhcmVudHMiOlsiMVpoU1EtYS1reHdTVVIzMGpkTmNwU25HZERWcktFVjdjIl0sInBlcm1pc3Npb25zIjp7ImNhblByZXZpZXciOnRydWUsImNhbkRvd25sb2FkIjpmYWxzZSwiY2FuRWRpdCI6ZmFsc2UsImNhbkRlbGV0ZSI6ZmFsc2UsImNhblRyYXNoIjpmYWxzZSwiY2FuTW92ZSI6dHJ1ZSwiY2FuUmVuYW1lIjp0cnVlLCJjYW5TaGFyZSI6dHJ1ZSwiY29weVJlcXVpcmVzV3JpdGVyUGVybWlzc2lvbiI6ZmFsc2UsImNhbkNoYW5nZUNvcHlSZXF1aXJlc1dyaXRlclBlcm1pc3Npb24iOm51bGwsInVzZXJzIjp7IjEyMzE0NDE3NDYyNzIwNjgxMDIyIjp7InR5cGUiOiJ1c2VyIiwicm9sZSI6IndyaXRlciIsImRvbWFpbiI6bnVsbH0sIjA3ODk2NzEyOTc4MDk1MDU5MDQ3Ijp7InR5cGUiOiJ1c2VyIiwicm9sZSI6Im93bmVyIiwiZG9tYWluIjpudWxsfX19LCJleHBvcnRBcyI6W10sImlzRm9sZGVyIjp0cnVlfV0sInNob3dGaWxlcyI6dHJ1ZSwic2hvd0ZvbGRlcnMiOnRydWUsIm1vZHVsZVdpZHRoIjoiMTAwJSIsIm1vZHVsZUhlaWdodCI6ImF1dG8iLCJmaWxlTnVtYmVycyI6MTAwMCwic29ydCI6eyJzb3J0QnkiOiJuYW1lIiwic29ydERpcmVjdGlvbiI6ImFzYyJ9LCJ2aWV3IjoibGlzdCIsIm1heEZpbGVTaXplIjoiIiwicHJldmlldyI6dHJ1ZSwiZG93bmxvYWQiOnRydWUsImRpc3BsYXlGb3IiOiJldmVyeW9uZSIsImRpc3BsYXlVc2VycyI6WyJldmVyeW9uZSJdLCJkaXNwbGF5RXhjZXB0IjpbXSwiY2FuRGVsZXRlIjpmYWxzZSwicmVuYW1lIjpmYWxzZSwidXBsb2FkIjpmYWxzZSwibmV3Rm9sZGVyIjpmYWxzZSwibW92ZUNvcHkiOmZhbHNlLCJhbGxvd1NoYXJlIjpmYWxzZSwiYWxsb3dTZWFyY2giOmZhbHNlLCJjcmVhdGVEb2MiOmZhbHNlLCJlZGl0IjpmYWxzZSwiZGlyZWN0TGluayI6ZmFsc2UsImRldGFpbHMiOmZhbHNlLCJjb21tZW50IjpmYWxzZSwicGhvdG9Qcm9vZiI6ZmFsc2UsImZpbHRlcnMiOnsiYWxsb3dFeHRlbnNpb25zIjoiIiwiYWxsb3dBbGxFeHRlbnNpb25zIjpmYWxzZSwiYWxsb3dFeGNlcHRFeHRlbnNpb25zIjoiIiwiYWxsb3dOYW1lcyI6IiIsImFsbG93QWxsTmFtZXMiOiIiLCJhbGxvd0V4Y2VwdE5hbWVzIjoiIiwibmFtZUZpbHRlck9wdGlvbnMiOlsiZmlsZXMiXSwic2hvd0ZpbGVzIjp0cnVlLCJzaG93Rm9sZGVycyI6dHJ1ZX0sImluaXRQYXJlbnRGb2xkZXIiOnsiaWQiOiIxWmhTUS1hLWt4d1NVUjMwamROY3BTbkdkRFZyS0VWN2MiLCJuYW1lIjoiTWFyY28gZGUgTWVkaVx1MDBlN1x1MDBlM28gZGUgRGVzZW1wZW5obyBkb3MgVHJpYnVuYWlzIGRlIENvbnRhcyAoTU1ELVRDKSIsInR5cGUiOiJhcHBsaWNhdGlvblwvdm5kLmdvb2dsZS1hcHBzLmZvbGRlciIsInNpemUiOm51bGwsImljb25MaW5rIjoiaHR0cHM6XC9cL2RyaXZlLXRoaXJkcGFydHkuZ29vZ2xldXNlcmNvbnRlbnQuY29tXC8xNlwvdHlwZVwvYXBwbGljYXRpb25cL3ZuZC5nb29nbGUtYXBwcy5mb2xkZXIrc2hhcmVkIiwidGh1bWJuYWlsTGluayI6bnVsbCwid2ViVmlld0xpbmsiOiJodHRwczpcL1wvZHJpdmUuZ29vZ2xlLmNvbVwvZHJpdmVcL2ZvbGRlcnNcLzFaaFNRLWEta3h3U1VSMzBqZE5jcFNuR2REVnJLRVY3YyIsIndlYkNvbnRlbnRMaW5rIjpudWxsLCJjcmVhdGVkIjoiMjAyNS0wNS0wNlQxODozNjoxNS40MTlaIiwidXBkYXRlZCI6IjIwMjUtMDUtMDZUMTg6MzY6MTUuNDE5WiIsImRlc2NyaXB0aW9uIjpudWxsLCJzaGFyZWQiOnRydWUsInNoYXJlZFdpdGhNZVRpbWUiOm51bGwsImV4dGVuc2lvbiI6bnVsbCwicmVzb3VyY2VLZXkiOm51bGwsImNvcHlSZXF1aXJlc1dyaXRlclBlcm1pc3Npb24iOmZhbHNlLCJzdGFycmVkIjpmYWxzZSwiZXhwb3J0TGlua3MiOm51bGwsImFjY291bnRJZCI6IjEyMzE0NDE3NDYyNzIwNjgxMDIyIiwicGFyZW50cyI6WyIxNmhOU1ZPdVZGdjN6dEh1ZnB2dzMwY1BmdEp5am8xZXUiXSwicGVybWlzc2lvbnMiOnsiY2FuUHJldmlldyI6dHJ1ZSwiY2FuRG93bmxvYWQiOmZhbHNlLCJjYW5FZGl0IjpmYWxzZSwiY2FuRGVsZXRlIjp0cnVlLCJjYW5UcmFzaCI6dHJ1ZSwiY2FuTW92ZSI6dHJ1ZSwiY2FuUmVuYW1lIjp0cnVlLCJjYW5TaGFyZSI6dHJ1ZSwiY29weVJlcXVpcmVzV3JpdGVyUGVybWlzc2lvbiI6ZmFsc2UsImNhbkNoYW5nZUNvcHlSZXF1aXJlc1dyaXRlclBlcm1pc3Npb24iOm51bGwsInVzZXJzIjp7IjEyMzE0NDE3NDYyNzIwNjgxMDIyIjp7InR5cGUiOiJ1c2VyIiwicm9sZSI6Im93bmVyIiwiZG9tYWluIjpudWxsfSwiMDc4OTY3MTI5NzgwOTUwNTkwNDciOnsidHlwZSI6InVzZXIiLCJyb2xlIjoid3JpdGVyIiwiZG9tYWluIjpudWxsfX19LCJleHBvcnRBcyI6W10sImlzRm9sZGVyIjp0cnVlLCJwYWdlTnVtYmVyIjoxLCJjb3VudCI6MX0sImFjY291bnQiOnsiaWQiOiIxMjMxNDQxNzQ2MjcyMDY4MTAyMiIsIm5hbWUiOiJBcnF1aXZvcyBwdWJsaWNhY2FvIFBvcnRhbCBUQ0UtQU0iLCJlbWFpbCI6ImFycXVpdm9zLnB1YmxpY2FjYW9AdGNlLmFtLmdvdi5iciIsInBob3RvIjoiaHR0cHM6XC9cL2xoMy5nb29nbGV1c2VyY29udGVudC5jb21cL2FcL0FDZzhvY0xPcDdXWk01RlF3OWJUX2NIWmNVempvSzA2RUNTOVFZdFNpdXJXSG1QVDFqWm9Qdz1zNjQiLCJzdG9yYWdlIjp7InVzYWdlIjoiMjQxODIxOTYzNDE1NzciLCJsaW1pdCI6IjE4NDE2ODE5NzY1MjQ4MDAifSwibG9zdCI6ZmFsc2UsInJvb3RfaWQiOiIwQUJLZHUwRTJJS0xFVWs5UFZBIiwidXNlcl9pZCI6WyJhZG1pbiJdfSwiaWQiOiJpZ2RfNjgxYTQwM2Q3MDk5MyIsIm5vbmNlIjoiNDM2NWE2ZDQwOSJ9\"\n                     style=\"width: 100%;  height:auto;\"\n                ><\/div>\n\t\t\t\t\t\t\t\t<\/div>\n\t\t\t\t<\/div>\n\t\t\t\t<div class=\"elementor-element elementor-element-4238cbc exad-sticky-section-no exad-glass-effect-no ha-has-bg-overlay elementor-widget elementor-widget-heading\" data-id=\"4238cbc\" data-element_type=\"widget\" data-widget_type=\"heading.default\">\n\t\t\t\t<div class=\"elementor-widget-container\">\n\t\t\t\t\t<h2 class=\"elementor-heading-title elementor-size-default\">As informa\u00e7\u00f5es contidas neste material s\u00e3o de responsabilidade da Diretoria de Controle Externo de Tecnologia da Informa\u00e7\u00e3o - DICETI<\/h2>\t\t\t\t<\/div>\n\t\t\t\t<\/div>\n\t\t\t\t\t<\/div>\n\t\t\t\t<\/div>\n\t\t\t\t<\/div>\n\t\t","protected":false},"excerpt":{"rendered":"<p>As informa\u00e7\u00f5es contidas neste material s\u00e3o de responsabilidade da Diretoria de Controle Externo de Tecnologia da Informa\u00e7\u00e3o &#8211; DICETI<\/p>\n","protected":false},"author":3,"featured_media":0,"parent":79006,"menu_order":0,"comment_status":"closed","ping_status":"closed","template":"","meta":{"footnotes":""},"class_list":["post-79388","page","type-page","status-publish","hentry"],"_links":{"self":[{"href":"https:\/\/www.tceam.tc.br\/index.php?rest_route=\/wp\/v2\/pages\/79388","targetHints":{"allow":["GET"]}}],"collection":[{"href":"https:\/\/www.tceam.tc.br\/index.php?rest_route=\/wp\/v2\/pages"}],"about":[{"href":"https:\/\/www.tceam.tc.br\/index.php?rest_route=\/wp\/v2\/types\/page"}],"author":[{"embeddable":true,"href":"https:\/\/www.tceam.tc.br\/index.php?rest_route=\/wp\/v2\/users\/3"}],"replies":[{"embeddable":true,"href":"https:\/\/www.tceam.tc.br\/index.php?rest_route=%2Fwp%2Fv2%2Fcomments&post=79388"}],"version-history":[{"count":21,"href":"https:\/\/www.tceam.tc.br\/index.php?rest_route=\/wp\/v2\/pages\/79388\/revisions"}],"predecessor-version":[{"id":79441,"href":"https:\/\/www.tceam.tc.br\/index.php?rest_route=\/wp\/v2\/pages\/79388\/revisions\/79441"}],"up":[{"embeddable":true,"href":"https:\/\/www.tceam.tc.br\/index.php?rest_route=\/wp\/v2\/pages\/79006"}],"wp:attachment":[{"href":"https:\/\/www.tceam.tc.br\/index.php?rest_route=%2Fwp%2Fv2%2Fmedia&parent=79388"}],"curies":[{"name":"wp","href":"https:\/\/api.w.org\/{rel}","templated":true}]}}