
{"id":79341,"date":"2025-05-06T13:46:28","date_gmt":"2025-05-06T17:46:28","guid":{"rendered":"https:\/\/www.tceam.tc.br\/?page_id=79341"},"modified":"2025-05-06T13:48:32","modified_gmt":"2025-05-06T17:48:32","slug":"relatorios-de-auditoria-e-outros-documentos-diceti","status":"publish","type":"page","link":"https:\/\/www.tceam.tc.br\/?page_id=79341","title":{"rendered":"Relat\u00f3rios de auditoria e outros documentos &#8211; DICETI"},"content":{"rendered":"\t\t<div data-elementor-type=\"wp-page\" data-elementor-id=\"79341\" class=\"elementor elementor-79341\" data-elementor-settings=\"{&quot;ha_cmc_init_switcher&quot;:&quot;no&quot;,&quot;element_pack_global_tooltip_width&quot;:{&quot;unit&quot;:&quot;px&quot;,&quot;size&quot;:&quot;&quot;,&quot;sizes&quot;:[]},&quot;element_pack_global_tooltip_width_laptop&quot;:{&quot;unit&quot;:&quot;px&quot;,&quot;size&quot;:&quot;&quot;,&quot;sizes&quot;:[]},&quot;element_pack_global_tooltip_width_tablet_extra&quot;:{&quot;unit&quot;:&quot;px&quot;,&quot;size&quot;:&quot;&quot;,&quot;sizes&quot;:[]},&quot;element_pack_global_tooltip_width_tablet&quot;:{&quot;unit&quot;:&quot;px&quot;,&quot;size&quot;:&quot;&quot;,&quot;sizes&quot;:[]},&quot;element_pack_global_tooltip_width_mobile_extra&quot;:{&quot;unit&quot;:&quot;px&quot;,&quot;size&quot;:&quot;&quot;,&quot;sizes&quot;:[]},&quot;element_pack_global_tooltip_width_mobile&quot;:{&quot;unit&quot;:&quot;px&quot;,&quot;size&quot;:&quot;&quot;,&quot;sizes&quot;:[]},&quot;element_pack_global_tooltip_padding&quot;:{&quot;unit&quot;:&quot;px&quot;,&quot;top&quot;:&quot;&quot;,&quot;right&quot;:&quot;&quot;,&quot;bottom&quot;:&quot;&quot;,&quot;left&quot;:&quot;&quot;,&quot;isLinked&quot;:true},&quot;element_pack_global_tooltip_padding_laptop&quot;:{&quot;unit&quot;:&quot;px&quot;,&quot;top&quot;:&quot;&quot;,&quot;right&quot;:&quot;&quot;,&quot;bottom&quot;:&quot;&quot;,&quot;left&quot;:&quot;&quot;,&quot;isLinked&quot;:true},&quot;element_pack_global_tooltip_padding_tablet_extra&quot;:{&quot;unit&quot;:&quot;px&quot;,&quot;top&quot;:&quot;&quot;,&quot;right&quot;:&quot;&quot;,&quot;bottom&quot;:&quot;&quot;,&quot;left&quot;:&quot;&quot;,&quot;isLinked&quot;:true},&quot;element_pack_global_tooltip_padding_tablet&quot;:{&quot;unit&quot;:&quot;px&quot;,&quot;top&quot;:&quot;&quot;,&quot;right&quot;:&quot;&quot;,&quot;bottom&quot;:&quot;&quot;,&quot;left&quot;:&quot;&quot;,&quot;isLinked&quot;:true},&quot;element_pack_global_tooltip_padding_mobile_extra&quot;:{&quot;unit&quot;:&quot;px&quot;,&quot;top&quot;:&quot;&quot;,&quot;right&quot;:&quot;&quot;,&quot;bottom&quot;:&quot;&quot;,&quot;left&quot;:&quot;&quot;,&quot;isLinked&quot;:true},&quot;element_pack_global_tooltip_padding_mobile&quot;:{&quot;unit&quot;:&quot;px&quot;,&quot;top&quot;:&quot;&quot;,&quot;right&quot;:&quot;&quot;,&quot;bottom&quot;:&quot;&quot;,&quot;left&quot;:&quot;&quot;,&quot;isLinked&quot;:true},&quot;element_pack_global_tooltip_border_radius&quot;:{&quot;unit&quot;:&quot;px&quot;,&quot;top&quot;:&quot;&quot;,&quot;right&quot;:&quot;&quot;,&quot;bottom&quot;:&quot;&quot;,&quot;left&quot;:&quot;&quot;,&quot;isLinked&quot;:true},&quot;element_pack_global_tooltip_border_radius_laptop&quot;:{&quot;unit&quot;:&quot;px&quot;,&quot;top&quot;:&quot;&quot;,&quot;right&quot;:&quot;&quot;,&quot;bottom&quot;:&quot;&quot;,&quot;left&quot;:&quot;&quot;,&quot;isLinked&quot;:true},&quot;element_pack_global_tooltip_border_radius_tablet_extra&quot;:{&quot;unit&quot;:&quot;px&quot;,&quot;top&quot;:&quot;&quot;,&quot;right&quot;:&quot;&quot;,&quot;bottom&quot;:&quot;&quot;,&quot;left&quot;:&quot;&quot;,&quot;isLinked&quot;:true},&quot;element_pack_global_tooltip_border_radius_tablet&quot;:{&quot;unit&quot;:&quot;px&quot;,&quot;top&quot;:&quot;&quot;,&quot;right&quot;:&quot;&quot;,&quot;bottom&quot;:&quot;&quot;,&quot;left&quot;:&quot;&quot;,&quot;isLinked&quot;:true},&quot;element_pack_global_tooltip_border_radius_mobile_extra&quot;:{&quot;unit&quot;:&quot;px&quot;,&quot;top&quot;:&quot;&quot;,&quot;right&quot;:&quot;&quot;,&quot;bottom&quot;:&quot;&quot;,&quot;left&quot;:&quot;&quot;,&quot;isLinked&quot;:true},&quot;element_pack_global_tooltip_border_radius_mobile&quot;:{&quot;unit&quot;:&quot;px&quot;,&quot;top&quot;:&quot;&quot;,&quot;right&quot;:&quot;&quot;,&quot;bottom&quot;:&quot;&quot;,&quot;left&quot;:&quot;&quot;,&quot;isLinked&quot;:true}}\" data-elementor-post-type=\"page\">\n\t\t\t\t<div class=\"elementor-element elementor-element-46830fb e-flex e-con-boxed e-con e-parent\" data-id=\"46830fb\" data-element_type=\"container\" data-settings=\"{&quot;_ha_eqh_enable&quot;:false}\">\n\t\t\t\t\t<div class=\"e-con-inner\">\n\t\t\t\t<div class=\"elementor-element elementor-element-e422152 exad-sticky-section-no exad-glass-effect-no elementor-widget elementor-widget-igd_browser\" data-id=\"e422152\" data-element_type=\"widget\" data-widget_type=\"igd_browser.default\">\n\t\t\t\t<div class=\"elementor-widget-container\">\n\t\t\t\t\t                <div class=\"igd igd-shortcode-wrap igd-shortcode-browser\"\n                     data-shortcode-data=\"eyJ1bmlxdWVJZCI6ImlnZF82ODFhNDAzZDcwOTkzIiwiaXNJbml0IjpmYWxzZSwic3RhdHVzIjoib24iLCJ0eXBlIjoiYnJvd3NlciIsImZvbGRlcnMiOlt7ImlkIjoiMVBCY0JfZmpnTHQ3am4zT1NBMkwxaHpsR05odVRVZURMIiwibmFtZSI6IkltcGxlbWVudGFcdTAwZTdcdTAwZTNvIGRhIExHUEQgbm8gXHUwMGUybWJpdG8gZG8gRXN0YWRvIGRvIEFtYXpvbmFzIGUgc2V1cyBNdW5pY1x1MDBlZHBpb3MgLSAyMDI0IiwidHlwZSI6ImFwcGxpY2F0aW9uXC92bmQuZ29vZ2xlLWFwcHMuZm9sZGVyIiwic2l6ZSI6bnVsbCwiaWNvbkxpbmsiOiJodHRwczpcL1wvZHJpdmUtdGhpcmRwYXJ0eS5nb29nbGV1c2VyY29udGVudC5jb21cLzE2XC90eXBlXC9hcHBsaWNhdGlvblwvdm5kLmdvb2dsZS1hcHBzLmZvbGRlcitzaGFyZWQiLCJ0aHVtYm5haWxMaW5rIjpudWxsLCJ3ZWJWaWV3TGluayI6Imh0dHBzOlwvXC9kcml2ZS5nb29nbGUuY29tXC9kcml2ZVwvZm9sZGVyc1wvMVBCY0JfZmpnTHQ3am4zT1NBMkwxaHpsR05odVRVZURMIiwid2ViQ29udGVudExpbmsiOm51bGwsImNyZWF0ZWQiOiIyMDI1LTA1LTA1VDE4OjExOjQwLjA1MFoiLCJ1cGRhdGVkIjoiMjAyNS0wNS0wNVQxODoyMzozNy44MDdaIiwiZGVzY3JpcHRpb24iOm51bGwsInNoYXJlZCI6dHJ1ZSwic2hhcmVkV2l0aE1lVGltZSI6bnVsbCwiZXh0ZW5zaW9uIjpudWxsLCJyZXNvdXJjZUtleSI6bnVsbCwiY29weVJlcXVpcmVzV3JpdGVyUGVybWlzc2lvbiI6ZmFsc2UsInN0YXJyZWQiOmZhbHNlLCJleHBvcnRMaW5rcyI6bnVsbCwiYWNjb3VudElkIjoiMTIzMTQ0MTc0NjI3MjA2ODEwMjIiLCJwYXJlbnRzIjpbIjF6aUJITG12UF9RUHcwOGw1c29LMlFybGozT3kwN1ByNSJdLCJwZXJtaXNzaW9ucyI6eyJjYW5QcmV2aWV3Ijp0cnVlLCJjYW5Eb3dubG9hZCI6ZmFsc2UsImNhbkVkaXQiOmZhbHNlLCJjYW5EZWxldGUiOnRydWUsImNhblRyYXNoIjp0cnVlLCJjYW5Nb3ZlIjp0cnVlLCJjYW5SZW5hbWUiOnRydWUsImNhblNoYXJlIjp0cnVlLCJjb3B5UmVxdWlyZXNXcml0ZXJQZXJtaXNzaW9uIjpmYWxzZSwiY2FuQ2hhbmdlQ29weVJlcXVpcmVzV3JpdGVyUGVybWlzc2lvbiI6bnVsbCwidXNlcnMiOnsiMTIzMTQ0MTc0NjI3MjA2ODEwMjIiOnsidHlwZSI6InVzZXIiLCJyb2xlIjoib3duZXIiLCJkb21haW4iOm51bGx9LCIwNzg5NjcxMjk3ODA5NTA1OTA0NyI6eyJ0eXBlIjoidXNlciIsInJvbGUiOiJ3cml0ZXIiLCJkb21haW4iOm51bGx9fX0sImV4cG9ydEFzIjpbXX1dLCJzaG93RmlsZXMiOnRydWUsInNob3dGb2xkZXJzIjp0cnVlLCJtb2R1bGVXaWR0aCI6IjEwMCUiLCJtb2R1bGVIZWlnaHQiOiJhdXRvIiwiZmlsZU51bWJlcnMiOjEwMDAsInNvcnQiOnsic29ydEJ5IjoibmFtZSIsInNvcnREaXJlY3Rpb24iOiJhc2MifSwidmlldyI6Imxpc3QiLCJtYXhGaWxlU2l6ZSI6IiIsInByZXZpZXciOnRydWUsImRvd25sb2FkIjp0cnVlLCJkaXNwbGF5Rm9yIjoiZXZlcnlvbmUiLCJkaXNwbGF5VXNlcnMiOlsiZXZlcnlvbmUiXSwiZGlzcGxheUV4Y2VwdCI6W10sImNhbkRlbGV0ZSI6ZmFsc2UsInJlbmFtZSI6ZmFsc2UsInVwbG9hZCI6ZmFsc2UsIm5ld0ZvbGRlciI6ZmFsc2UsIm1vdmVDb3B5IjpmYWxzZSwiYWxsb3dTaGFyZSI6ZmFsc2UsImFsbG93U2VhcmNoIjpmYWxzZSwiY3JlYXRlRG9jIjpmYWxzZSwiZWRpdCI6ZmFsc2UsImRpcmVjdExpbmsiOmZhbHNlLCJkZXRhaWxzIjpmYWxzZSwiY29tbWVudCI6ZmFsc2UsInBob3RvUHJvb2YiOmZhbHNlLCJmaWx0ZXJzIjp7ImFsbG93RXh0ZW5zaW9ucyI6IiIsImFsbG93QWxsRXh0ZW5zaW9ucyI6ZmFsc2UsImFsbG93RXhjZXB0RXh0ZW5zaW9ucyI6IiIsImFsbG93TmFtZXMiOiIiLCJhbGxvd0FsbE5hbWVzIjoiIiwiYWxsb3dFeGNlcHROYW1lcyI6IiIsIm5hbWVGaWx0ZXJPcHRpb25zIjpbImZpbGVzIl0sInNob3dGaWxlcyI6dHJ1ZSwic2hvd0ZvbGRlcnMiOnRydWV9LCJpbml0UGFyZW50Rm9sZGVyIjp7ImlkIjoiMXppQkhMbXZQX1FQdzA4bDVzb0syUXJsajNPeTA3UHI1IiwibmFtZSI6IlJlbGF0XHUwMGYzcmlvcyBkZSBBdWRpdG9yaWEgZSBPdXRyb3MgRG9jdW1lbnRvcyIsInR5cGUiOiJhcHBsaWNhdGlvblwvdm5kLmdvb2dsZS1hcHBzLmZvbGRlciIsInNpemUiOm51bGwsImljb25MaW5rIjoiaHR0cHM6XC9cL2RyaXZlLXRoaXJkcGFydHkuZ29vZ2xldXNlcmNvbnRlbnQuY29tXC8xNlwvdHlwZVwvYXBwbGljYXRpb25cL3ZuZC5nb29nbGUtYXBwcy5mb2xkZXIiLCJ0aHVtYm5haWxMaW5rIjpudWxsLCJ3ZWJWaWV3TGluayI6Imh0dHBzOlwvXC9kcml2ZS5nb29nbGUuY29tXC9kcml2ZVwvZm9sZGVyc1wvMXppQkhMbXZQX1FQdzA4bDVzb0syUXJsajNPeTA3UHI1Iiwid2ViQ29udGVudExpbmsiOm51bGwsImNyZWF0ZWQiOiIyMDI1LTA1LTA1VDE4OjA1OjU5Ljc5NFoiLCJ1cGRhdGVkIjoiMjAyNS0wNS0wNVQxODowNTo1OS43OTRaIiwiZGVzY3JpcHRpb24iOm51bGwsInNoYXJlZCI6ZmFsc2UsInNoYXJlZFdpdGhNZVRpbWUiOm51bGwsImV4dGVuc2lvbiI6bnVsbCwicmVzb3VyY2VLZXkiOm51bGwsImNvcHlSZXF1aXJlc1dyaXRlclBlcm1pc3Npb24iOmZhbHNlLCJzdGFycmVkIjpmYWxzZSwiZXhwb3J0TGlua3MiOm51bGwsImFjY291bnRJZCI6IjEyMzE0NDE3NDYyNzIwNjgxMDIyIiwicGFyZW50cyI6WyIxNmhOU1ZPdVZGdjN6dEh1ZnB2dzMwY1BmdEp5am8xZXUiXSwicGVybWlzc2lvbnMiOnsiY2FuUHJldmlldyI6dHJ1ZSwiY2FuRG93bmxvYWQiOmZhbHNlLCJjYW5FZGl0IjpmYWxzZSwiY2FuRGVsZXRlIjp0cnVlLCJjYW5UcmFzaCI6dHJ1ZSwiY2FuTW92ZSI6dHJ1ZSwiY2FuUmVuYW1lIjp0cnVlLCJjYW5TaGFyZSI6dHJ1ZSwiY29weVJlcXVpcmVzV3JpdGVyUGVybWlzc2lvbiI6ZmFsc2UsImNhbkNoYW5nZUNvcHlSZXF1aXJlc1dyaXRlclBlcm1pc3Npb24iOm51bGwsInVzZXJzIjp7IjEyMzE0NDE3NDYyNzIwNjgxMDIyIjp7InR5cGUiOiJ1c2VyIiwicm9sZSI6Im93bmVyIiwiZG9tYWluIjpudWxsfX19LCJleHBvcnRBcyI6W10sInBhZ2VOdW1iZXIiOjEsImNvdW50IjoiMSJ9LCJhY2NvdW50Ijp7ImlkIjoiMTIzMTQ0MTc0NjI3MjA2ODEwMjIiLCJuYW1lIjoiQXJxdWl2b3MgcHVibGljYWNhbyBQb3J0YWwgVENFLUFNIiwiZW1haWwiOiJhcnF1aXZvcy5wdWJsaWNhY2FvQHRjZS5hbS5nb3YuYnIiLCJwaG90byI6Imh0dHBzOlwvXC9saDMuZ29vZ2xldXNlcmNvbnRlbnQuY29tXC9hXC9BQ2c4b2NMT3A3V1pNNUZRdzliVF9jSFpjVXpqb0swNkVDUzlRWXRTaXVyV0htUFQxalpvUHc9czY0Iiwic3RvcmFnZSI6eyJ1c2FnZSI6IjI0MTgyMTk2MzQxNTc3IiwibGltaXQiOiIxODQxNjgxOTc2NTI0ODAwIn0sImxvc3QiOmZhbHNlLCJyb290X2lkIjoiMEFCS2R1MEUySUtMRVVrOVBWQSIsInVzZXJfaWQiOlsiYWRtaW4iXX0sImlkIjoiaWdkXzY4MWE0MDNkNzA5OTMiLCJub25jZSI6IjQzNjVhNmQ0MDkifQ==\"\n                     style=\"width: 100%;  height:auto;\"\n                ><\/div>\n\t\t\t\t\t\t\t\t<\/div>\n\t\t\t\t<\/div>\n\t\t\t\t<div class=\"elementor-element elementor-element-4238cbc exad-sticky-section-no exad-glass-effect-no ha-has-bg-overlay elementor-widget elementor-widget-heading\" data-id=\"4238cbc\" data-element_type=\"widget\" data-widget_type=\"heading.default\">\n\t\t\t\t<div class=\"elementor-widget-container\">\n\t\t\t\t\t<h2 class=\"elementor-heading-title elementor-size-default\">As informa\u00e7\u00f5es contidas neste material s\u00e3o de responsabilidade da Diretoria de Controle Externo de Tecnologia da Informa\u00e7\u00e3o - DICETI<\/h2>\t\t\t\t<\/div>\n\t\t\t\t<\/div>\n\t\t\t\t\t<\/div>\n\t\t\t\t<\/div>\n\t\t\t\t<\/div>\n\t\t","protected":false},"excerpt":{"rendered":"<p>As informa\u00e7\u00f5es contidas neste material s\u00e3o de responsabilidade da Diretoria de Controle Externo de Tecnologia da Informa\u00e7\u00e3o &#8211; DICETI<\/p>\n","protected":false},"author":3,"featured_media":0,"parent":79006,"menu_order":0,"comment_status":"closed","ping_status":"closed","template":"","meta":{"footnotes":""},"class_list":["post-79341","page","type-page","status-publish","hentry"],"_links":{"self":[{"href":"https:\/\/www.tceam.tc.br\/index.php?rest_route=\/wp\/v2\/pages\/79341","targetHints":{"allow":["GET"]}}],"collection":[{"href":"https:\/\/www.tceam.tc.br\/index.php?rest_route=\/wp\/v2\/pages"}],"about":[{"href":"https:\/\/www.tceam.tc.br\/index.php?rest_route=\/wp\/v2\/types\/page"}],"author":[{"embeddable":true,"href":"https:\/\/www.tceam.tc.br\/index.php?rest_route=\/wp\/v2\/users\/3"}],"replies":[{"embeddable":true,"href":"https:\/\/www.tceam.tc.br\/index.php?rest_route=%2Fwp%2Fv2%2Fcomments&post=79341"}],"version-history":[{"count":3,"href":"https:\/\/www.tceam.tc.br\/index.php?rest_route=\/wp\/v2\/pages\/79341\/revisions"}],"predecessor-version":[{"id":79344,"href":"https:\/\/www.tceam.tc.br\/index.php?rest_route=\/wp\/v2\/pages\/79341\/revisions\/79344"}],"up":[{"embeddable":true,"href":"https:\/\/www.tceam.tc.br\/index.php?rest_route=\/wp\/v2\/pages\/79006"}],"wp:attachment":[{"href":"https:\/\/www.tceam.tc.br\/index.php?rest_route=%2Fwp%2Fv2%2Fmedia&parent=79341"}],"curies":[{"name":"wp","href":"https:\/\/api.w.org\/{rel}","templated":true}]}}