
{"id":79309,"date":"2025-05-06T13:26:36","date_gmt":"2025-05-06T17:26:36","guid":{"rendered":"https:\/\/www.tceam.tc.br\/?page_id=79309"},"modified":"2025-06-17T12:18:49","modified_gmt":"2025-06-17T16:18:49","slug":"base-de-conhecimento-diceti","status":"publish","type":"page","link":"https:\/\/www.tceam.tc.br\/?page_id=79309","title":{"rendered":"Base de conhecimento &#8211; DICETI"},"content":{"rendered":"\t\t<div data-elementor-type=\"wp-page\" data-elementor-id=\"79309\" class=\"elementor elementor-79309\" data-elementor-settings=\"{&quot;ha_cmc_init_switcher&quot;:&quot;no&quot;,&quot;element_pack_global_tooltip_width&quot;:{&quot;unit&quot;:&quot;px&quot;,&quot;size&quot;:&quot;&quot;,&quot;sizes&quot;:[]},&quot;element_pack_global_tooltip_width_laptop&quot;:{&quot;unit&quot;:&quot;px&quot;,&quot;size&quot;:&quot;&quot;,&quot;sizes&quot;:[]},&quot;element_pack_global_tooltip_width_tablet_extra&quot;:{&quot;unit&quot;:&quot;px&quot;,&quot;size&quot;:&quot;&quot;,&quot;sizes&quot;:[]},&quot;element_pack_global_tooltip_width_tablet&quot;:{&quot;unit&quot;:&quot;px&quot;,&quot;size&quot;:&quot;&quot;,&quot;sizes&quot;:[]},&quot;element_pack_global_tooltip_width_mobile_extra&quot;:{&quot;unit&quot;:&quot;px&quot;,&quot;size&quot;:&quot;&quot;,&quot;sizes&quot;:[]},&quot;element_pack_global_tooltip_width_mobile&quot;:{&quot;unit&quot;:&quot;px&quot;,&quot;size&quot;:&quot;&quot;,&quot;sizes&quot;:[]},&quot;element_pack_global_tooltip_padding&quot;:{&quot;unit&quot;:&quot;px&quot;,&quot;top&quot;:&quot;&quot;,&quot;right&quot;:&quot;&quot;,&quot;bottom&quot;:&quot;&quot;,&quot;left&quot;:&quot;&quot;,&quot;isLinked&quot;:true},&quot;element_pack_global_tooltip_padding_laptop&quot;:{&quot;unit&quot;:&quot;px&quot;,&quot;top&quot;:&quot;&quot;,&quot;right&quot;:&quot;&quot;,&quot;bottom&quot;:&quot;&quot;,&quot;left&quot;:&quot;&quot;,&quot;isLinked&quot;:true},&quot;element_pack_global_tooltip_padding_tablet_extra&quot;:{&quot;unit&quot;:&quot;px&quot;,&quot;top&quot;:&quot;&quot;,&quot;right&quot;:&quot;&quot;,&quot;bottom&quot;:&quot;&quot;,&quot;left&quot;:&quot;&quot;,&quot;isLinked&quot;:true},&quot;element_pack_global_tooltip_padding_tablet&quot;:{&quot;unit&quot;:&quot;px&quot;,&quot;top&quot;:&quot;&quot;,&quot;right&quot;:&quot;&quot;,&quot;bottom&quot;:&quot;&quot;,&quot;left&quot;:&quot;&quot;,&quot;isLinked&quot;:true},&quot;element_pack_global_tooltip_padding_mobile_extra&quot;:{&quot;unit&quot;:&quot;px&quot;,&quot;top&quot;:&quot;&quot;,&quot;right&quot;:&quot;&quot;,&quot;bottom&quot;:&quot;&quot;,&quot;left&quot;:&quot;&quot;,&quot;isLinked&quot;:true},&quot;element_pack_global_tooltip_padding_mobile&quot;:{&quot;unit&quot;:&quot;px&quot;,&quot;top&quot;:&quot;&quot;,&quot;right&quot;:&quot;&quot;,&quot;bottom&quot;:&quot;&quot;,&quot;left&quot;:&quot;&quot;,&quot;isLinked&quot;:true},&quot;element_pack_global_tooltip_border_radius&quot;:{&quot;unit&quot;:&quot;px&quot;,&quot;top&quot;:&quot;&quot;,&quot;right&quot;:&quot;&quot;,&quot;bottom&quot;:&quot;&quot;,&quot;left&quot;:&quot;&quot;,&quot;isLinked&quot;:true},&quot;element_pack_global_tooltip_border_radius_laptop&quot;:{&quot;unit&quot;:&quot;px&quot;,&quot;top&quot;:&quot;&quot;,&quot;right&quot;:&quot;&quot;,&quot;bottom&quot;:&quot;&quot;,&quot;left&quot;:&quot;&quot;,&quot;isLinked&quot;:true},&quot;element_pack_global_tooltip_border_radius_tablet_extra&quot;:{&quot;unit&quot;:&quot;px&quot;,&quot;top&quot;:&quot;&quot;,&quot;right&quot;:&quot;&quot;,&quot;bottom&quot;:&quot;&quot;,&quot;left&quot;:&quot;&quot;,&quot;isLinked&quot;:true},&quot;element_pack_global_tooltip_border_radius_tablet&quot;:{&quot;unit&quot;:&quot;px&quot;,&quot;top&quot;:&quot;&quot;,&quot;right&quot;:&quot;&quot;,&quot;bottom&quot;:&quot;&quot;,&quot;left&quot;:&quot;&quot;,&quot;isLinked&quot;:true},&quot;element_pack_global_tooltip_border_radius_mobile_extra&quot;:{&quot;unit&quot;:&quot;px&quot;,&quot;top&quot;:&quot;&quot;,&quot;right&quot;:&quot;&quot;,&quot;bottom&quot;:&quot;&quot;,&quot;left&quot;:&quot;&quot;,&quot;isLinked&quot;:true},&quot;element_pack_global_tooltip_border_radius_mobile&quot;:{&quot;unit&quot;:&quot;px&quot;,&quot;top&quot;:&quot;&quot;,&quot;right&quot;:&quot;&quot;,&quot;bottom&quot;:&quot;&quot;,&quot;left&quot;:&quot;&quot;,&quot;isLinked&quot;:true}}\" data-elementor-post-type=\"page\">\n\t\t\t\t<div class=\"elementor-element elementor-element-435b4f9 e-flex e-con-boxed e-con e-parent\" data-id=\"435b4f9\" data-element_type=\"container\" data-settings=\"{&quot;_ha_eqh_enable&quot;:false}\">\n\t\t\t\t\t<div class=\"e-con-inner\">\n\t\t\t\t<div class=\"elementor-element elementor-element-27f3d6a exad-sticky-section-no exad-glass-effect-no elementor-widget elementor-widget-igd_browser\" data-id=\"27f3d6a\" data-element_type=\"widget\" data-widget_type=\"igd_browser.default\">\n\t\t\t\t<div class=\"elementor-widget-container\">\n\t\t\t\t\t                <div class=\"igd igd-shortcode-wrap igd-shortcode-browser\"\n                     data-shortcode-data=\"eyJ1bmlxdWVJZCI6ImlnZF82ODFhNDAzZDcwOTkzIiwiaXNJbml0IjpmYWxzZSwic3RhdHVzIjoib24iLCJ0eXBlIjoiYnJvd3NlciIsImZvbGRlcnMiOlt7ImlkIjoiMUJVaTRFYTZjbzdoalNTdGFPdXBfRW1QZzE0c0tXUEgyIiwibmFtZSI6IkNvbnRyYXRhXHUwMGU3XHUwMGUzbyBkYSBUSSIsInR5cGUiOiJhcHBsaWNhdGlvblwvdm5kLmdvb2dsZS1hcHBzLmZvbGRlciIsInNpemUiOm51bGwsImljb25MaW5rIjoiaHR0cHM6XC9cL2RyaXZlLXRoaXJkcGFydHkuZ29vZ2xldXNlcmNvbnRlbnQuY29tXC8xNlwvdHlwZVwvYXBwbGljYXRpb25cL3ZuZC5nb29nbGUtYXBwcy5mb2xkZXIrc2hhcmVkIiwidGh1bWJuYWlsTGluayI6bnVsbCwid2ViVmlld0xpbmsiOiJodHRwczpcL1wvZHJpdmUuZ29vZ2xlLmNvbVwvZHJpdmVcL2ZvbGRlcnNcLzFCVWk0RWE2Y283aGpTU3RhT3VwX0VtUGcxNHNLV1BIMiIsIndlYkNvbnRlbnRMaW5rIjpudWxsLCJjcmVhdGVkIjoiMjAyNS0wNS0wNVQxODoyODozMS42NzBaIiwidXBkYXRlZCI6IjIwMjUtMDUtMDVUMTg6Mjg6MzEuNjcwWiIsImRlc2NyaXB0aW9uIjpudWxsLCJzaGFyZWQiOnRydWUsInNoYXJlZFdpdGhNZVRpbWUiOm51bGwsImV4dGVuc2lvbiI6bnVsbCwicmVzb3VyY2VLZXkiOm51bGwsImNvcHlSZXF1aXJlc1dyaXRlclBlcm1pc3Npb24iOmZhbHNlLCJzdGFycmVkIjpmYWxzZSwiZXhwb3J0TGlua3MiOm51bGwsImFjY291bnRJZCI6IjEyMzE0NDE3NDYyNzIwNjgxMDIyIiwicGFyZW50cyI6WyIxZjNBTlBmbmZENTJMUGtOX1hzNjZnVXNPMnE5TWV5dUEiXSwicGVybWlzc2lvbnMiOnsiY2FuUHJldmlldyI6dHJ1ZSwiY2FuRG93bmxvYWQiOmZhbHNlLCJjYW5FZGl0IjpmYWxzZSwiY2FuRGVsZXRlIjp0cnVlLCJjYW5UcmFzaCI6dHJ1ZSwiY2FuTW92ZSI6dHJ1ZSwiY2FuUmVuYW1lIjp0cnVlLCJjYW5TaGFyZSI6dHJ1ZSwiY29weVJlcXVpcmVzV3JpdGVyUGVybWlzc2lvbiI6ZmFsc2UsImNhbkNoYW5nZUNvcHlSZXF1aXJlc1dyaXRlclBlcm1pc3Npb24iOm51bGwsInVzZXJzIjp7IjEyMzE0NDE3NDYyNzIwNjgxMDIyIjp7InR5cGUiOiJ1c2VyIiwicm9sZSI6Im93bmVyIiwiZG9tYWluIjpudWxsfSwiMDc4OTY3MTI5NzgwOTUwNTkwNDciOnsidHlwZSI6InVzZXIiLCJyb2xlIjoid3JpdGVyIiwiZG9tYWluIjpudWxsfX19LCJleHBvcnRBcyI6W119LHsiaWQiOiIxdGRtTWdlaFJTc0pxb1AxbFBkUlYxWUVKWVhYMHFqTEciLCJuYW1lIjoiR292ZXJuYW5cdTAwZTdhIGUgR2VzdFx1MDBlM28gZGUgVElDIiwidHlwZSI6ImFwcGxpY2F0aW9uXC92bmQuZ29vZ2xlLWFwcHMuZm9sZGVyIiwic2l6ZSI6bnVsbCwiaWNvbkxpbmsiOiJodHRwczpcL1wvZHJpdmUtdGhpcmRwYXJ0eS5nb29nbGV1c2VyY29udGVudC5jb21cLzE2XC90eXBlXC9hcHBsaWNhdGlvblwvdm5kLmdvb2dsZS1hcHBzLmZvbGRlcitzaGFyZWQiLCJ0aHVtYm5haWxMaW5rIjpudWxsLCJ3ZWJWaWV3TGluayI6Imh0dHBzOlwvXC9kcml2ZS5nb29nbGUuY29tXC9kcml2ZVwvZm9sZGVyc1wvMXRkbU1nZWhSU3NKcW9QMWxQZFJWMVlFSllYWDBxakxHIiwid2ViQ29udGVudExpbmsiOm51bGwsImNyZWF0ZWQiOiIyMDI1LTA1LTA1VDE4OjMwOjIxLjAyM1oiLCJ1cGRhdGVkIjoiMjAyNS0wNS0wNVQxODozMDoyMS4wMjNaIiwiZGVzY3JpcHRpb24iOm51bGwsInNoYXJlZCI6dHJ1ZSwic2hhcmVkV2l0aE1lVGltZSI6bnVsbCwiZXh0ZW5zaW9uIjpudWxsLCJyZXNvdXJjZUtleSI6bnVsbCwiY29weVJlcXVpcmVzV3JpdGVyUGVybWlzc2lvbiI6ZmFsc2UsInN0YXJyZWQiOmZhbHNlLCJleHBvcnRMaW5rcyI6bnVsbCwiYWNjb3VudElkIjoiMTIzMTQ0MTc0NjI3MjA2ODEwMjIiLCJwYXJlbnRzIjpbIjFmM0FOUGZuZkQ1MkxQa05fWHM2NmdVc08ycTlNZXl1QSJdLCJwZXJtaXNzaW9ucyI6eyJjYW5QcmV2aWV3Ijp0cnVlLCJjYW5Eb3dubG9hZCI6ZmFsc2UsImNhbkVkaXQiOmZhbHNlLCJjYW5EZWxldGUiOnRydWUsImNhblRyYXNoIjp0cnVlLCJjYW5Nb3ZlIjp0cnVlLCJjYW5SZW5hbWUiOnRydWUsImNhblNoYXJlIjp0cnVlLCJjb3B5UmVxdWlyZXNXcml0ZXJQZXJtaXNzaW9uIjpmYWxzZSwiY2FuQ2hhbmdlQ29weVJlcXVpcmVzV3JpdGVyUGVybWlzc2lvbiI6bnVsbCwidXNlcnMiOnsiMTIzMTQ0MTc0NjI3MjA2ODEwMjIiOnsidHlwZSI6InVzZXIiLCJyb2xlIjoib3duZXIiLCJkb21haW4iOm51bGx9LCIwNzg5NjcxMjk3ODA5NTA1OTA0NyI6eyJ0eXBlIjoidXNlciIsInJvbGUiOiJ3cml0ZXIiLCJkb21haW4iOm51bGx9fX0sImV4cG9ydEFzIjpbXX0seyJpZCI6IjFGWGxVMTVlWGpMemc3MExRblZDdVFFUkVsT2hUQjhkayIsIm5hbWUiOiJJbmZyYWVzdHJ1dHVyYSBlIENvbmVjdGl2aWRhZGUiLCJ0eXBlIjoiYXBwbGljYXRpb25cL3ZuZC5nb29nbGUtYXBwcy5mb2xkZXIiLCJzaXplIjpudWxsLCJpY29uTGluayI6Imh0dHBzOlwvXC9kcml2ZS10aGlyZHBhcnR5Lmdvb2dsZXVzZXJjb250ZW50LmNvbVwvMTZcL3R5cGVcL2FwcGxpY2F0aW9uXC92bmQuZ29vZ2xlLWFwcHMuZm9sZGVyK3NoYXJlZCIsInRodW1ibmFpbExpbmsiOm51bGwsIndlYlZpZXdMaW5rIjoiaHR0cHM6XC9cL2RyaXZlLmdvb2dsZS5jb21cL2RyaXZlXC9mb2xkZXJzXC8xRlhsVTE1ZVhqTHpnNzBMUW5WQ3VRRVJFbE9oVEI4ZGsiLCJ3ZWJDb250ZW50TGluayI6bnVsbCwiY3JlYXRlZCI6IjIwMjUtMDUtMDVUMTg6MzI6MjEuMzM4WiIsInVwZGF0ZWQiOiIyMDI1LTA1LTA1VDE4OjMyOjIxLjMzOFoiLCJkZXNjcmlwdGlvbiI6bnVsbCwic2hhcmVkIjp0cnVlLCJzaGFyZWRXaXRoTWVUaW1lIjpudWxsLCJleHRlbnNpb24iOm51bGwsInJlc291cmNlS2V5IjpudWxsLCJjb3B5UmVxdWlyZXNXcml0ZXJQZXJtaXNzaW9uIjpmYWxzZSwic3RhcnJlZCI6ZmFsc2UsImV4cG9ydExpbmtzIjpudWxsLCJhY2NvdW50SWQiOiIxMjMxNDQxNzQ2MjcyMDY4MTAyMiIsInBhcmVudHMiOlsiMWYzQU5QZm5mRDUyTFBrTl9YczY2Z1VzTzJxOU1leXVBIl0sInBlcm1pc3Npb25zIjp7ImNhblByZXZpZXciOnRydWUsImNhbkRvd25sb2FkIjpmYWxzZSwiY2FuRWRpdCI6ZmFsc2UsImNhbkRlbGV0ZSI6dHJ1ZSwiY2FuVHJhc2giOnRydWUsImNhbk1vdmUiOnRydWUsImNhblJlbmFtZSI6dHJ1ZSwiY2FuU2hhcmUiOnRydWUsImNvcHlSZXF1aXJlc1dyaXRlclBlcm1pc3Npb24iOmZhbHNlLCJjYW5DaGFuZ2VDb3B5UmVxdWlyZXNXcml0ZXJQZXJtaXNzaW9uIjpudWxsLCJ1c2VycyI6eyIxMjMxNDQxNzQ2MjcyMDY4MTAyMiI6eyJ0eXBlIjoidXNlciIsInJvbGUiOiJvd25lciIsImRvbWFpbiI6bnVsbH0sIjA3ODk2NzEyOTc4MDk1MDU5MDQ3Ijp7InR5cGUiOiJ1c2VyIiwicm9sZSI6IndyaXRlciIsImRvbWFpbiI6bnVsbH19fSwiZXhwb3J0QXMiOltdfSx7ImlkIjoiMVFOa2htLWJ5aXZDNUZBM3FQNkdCR3h5VHBrcjBIUHY3IiwibmFtZSI6Iklub3ZhXHUwMGU3XHUwMGUzbyBlIFRyYW5zZm9ybWFcdTAwZTdcdTAwZTNvIERpZ2l0YWwiLCJ0eXBlIjoiYXBwbGljYXRpb25cL3ZuZC5nb29nbGUtYXBwcy5mb2xkZXIiLCJzaXplIjpudWxsLCJpY29uTGluayI6Imh0dHBzOlwvXC9kcml2ZS10aGlyZHBhcnR5Lmdvb2dsZXVzZXJjb250ZW50LmNvbVwvMTZcL3R5cGVcL2FwcGxpY2F0aW9uXC92bmQuZ29vZ2xlLWFwcHMuZm9sZGVyK3NoYXJlZCIsInRodW1ibmFpbExpbmsiOm51bGwsIndlYlZpZXdMaW5rIjoiaHR0cHM6XC9cL2RyaXZlLmdvb2dsZS5jb21cL2RyaXZlXC9mb2xkZXJzXC8xUU5raG0tYnlpdkM1RkEzcVA2R0JHeHlUcGtyMEhQdjciLCJ3ZWJDb250ZW50TGluayI6bnVsbCwiY3JlYXRlZCI6IjIwMjUtMDUtMDVUMTg6MzQ6MzYuOTUwWiIsInVwZGF0ZWQiOiIyMDI1LTA1LTA1VDE4OjM0OjM2Ljk1MFoiLCJkZXNjcmlwdGlvbiI6bnVsbCwic2hhcmVkIjp0cnVlLCJzaGFyZWRXaXRoTWVUaW1lIjpudWxsLCJleHRlbnNpb24iOm51bGwsInJlc291cmNlS2V5IjpudWxsLCJjb3B5UmVxdWlyZXNXcml0ZXJQZXJtaXNzaW9uIjpmYWxzZSwic3RhcnJlZCI6ZmFsc2UsImV4cG9ydExpbmtzIjpudWxsLCJhY2NvdW50SWQiOiIxMjMxNDQxNzQ2MjcyMDY4MTAyMiIsInBhcmVudHMiOlsiMWYzQU5QZm5mRDUyTFBrTl9YczY2Z1VzTzJxOU1leXVBIl0sInBlcm1pc3Npb25zIjp7ImNhblByZXZpZXciOnRydWUsImNhbkRvd25sb2FkIjpmYWxzZSwiY2FuRWRpdCI6ZmFsc2UsImNhbkRlbGV0ZSI6dHJ1ZSwiY2FuVHJhc2giOnRydWUsImNhbk1vdmUiOnRydWUsImNhblJlbmFtZSI6dHJ1ZSwiY2FuU2hhcmUiOnRydWUsImNvcHlSZXF1aXJlc1dyaXRlclBlcm1pc3Npb24iOmZhbHNlLCJjYW5DaGFuZ2VDb3B5UmVxdWlyZXNXcml0ZXJQZXJtaXNzaW9uIjpudWxsLCJ1c2VycyI6eyIxMjMxNDQxNzQ2MjcyMDY4MTAyMiI6eyJ0eXBlIjoidXNlciIsInJvbGUiOiJvd25lciIsImRvbWFpbiI6bnVsbH0sIjA3ODk2NzEyOTc4MDk1MDU5MDQ3Ijp7InR5cGUiOiJ1c2VyIiwicm9sZSI6IndyaXRlciIsImRvbWFpbiI6bnVsbH19fSwiZXhwb3J0QXMiOltdfSx7ImlkIjoiMVBSOW9ieGJtSERpSjFXVmdpYWNNQklrbEVtSjZVMFBaIiwibmFtZSI6IkludGVsaWdcdTAwZWFuY2lhIEFydGlmaWNpYWwsIE1hY2hpbmUgTGVhcm5pbmcgZSBCaWcgRGF0YSIsInR5cGUiOiJhcHBsaWNhdGlvblwvdm5kLmdvb2dsZS1hcHBzLmZvbGRlciIsInNpemUiOm51bGwsImljb25MaW5rIjoiaHR0cHM6XC9cL2RyaXZlLXRoaXJkcGFydHkuZ29vZ2xldXNlcmNvbnRlbnQuY29tXC8xNlwvdHlwZVwvYXBwbGljYXRpb25cL3ZuZC5nb29nbGUtYXBwcy5mb2xkZXIrc2hhcmVkIiwidGh1bWJuYWlsTGluayI6bnVsbCwid2ViVmlld0xpbmsiOiJodHRwczpcL1wvZHJpdmUuZ29vZ2xlLmNvbVwvZHJpdmVcL2ZvbGRlcnNcLzFQUjlvYnhibUhEaUoxV1ZnaWFjTUJJa2xFbUo2VTBQWiIsIndlYkNvbnRlbnRMaW5rIjpudWxsLCJjcmVhdGVkIjoiMjAyNS0wNS0wNVQxODozNToxMC43MDdaIiwidXBkYXRlZCI6IjIwMjUtMDUtMDVUMTg6MzU6MTAuNzA3WiIsImRlc2NyaXB0aW9uIjpudWxsLCJzaGFyZWQiOnRydWUsInNoYXJlZFdpdGhNZVRpbWUiOm51bGwsImV4dGVuc2lvbiI6bnVsbCwicmVzb3VyY2VLZXkiOm51bGwsImNvcHlSZXF1aXJlc1dyaXRlclBlcm1pc3Npb24iOmZhbHNlLCJzdGFycmVkIjpmYWxzZSwiZXhwb3J0TGlua3MiOm51bGwsImFjY291bnRJZCI6IjEyMzE0NDE3NDYyNzIwNjgxMDIyIiwicGFyZW50cyI6WyIxZjNBTlBmbmZENTJMUGtOX1hzNjZnVXNPMnE5TWV5dUEiXSwicGVybWlzc2lvbnMiOnsiY2FuUHJldmlldyI6dHJ1ZSwiY2FuRG93bmxvYWQiOmZhbHNlLCJjYW5FZGl0IjpmYWxzZSwiY2FuRGVsZXRlIjp0cnVlLCJjYW5UcmFzaCI6dHJ1ZSwiY2FuTW92ZSI6dHJ1ZSwiY2FuUmVuYW1lIjp0cnVlLCJjYW5TaGFyZSI6dHJ1ZSwiY29weVJlcXVpcmVzV3JpdGVyUGVybWlzc2lvbiI6ZmFsc2UsImNhbkNoYW5nZUNvcHlSZXF1aXJlc1dyaXRlclBlcm1pc3Npb24iOm51bGwsInVzZXJzIjp7IjEyMzE0NDE3NDYyNzIwNjgxMDIyIjp7InR5cGUiOiJ1c2VyIiwicm9sZSI6Im93bmVyIiwiZG9tYWluIjpudWxsfSwiMDc4OTY3MTI5NzgwOTUwNTkwNDciOnsidHlwZSI6InVzZXIiLCJyb2xlIjoid3JpdGVyIiwiZG9tYWluIjpudWxsfX19LCJleHBvcnRBcyI6W119LHsiaWQiOiIxeFV0SG1mOV9iUmZwWnRPWXltbU1tY3djSEJZRENDZXgiLCJuYW1lIjoiUHJpdmFjaWRhZGUgZSBHZXN0XHUwMGUzbyBkZSBEYWRvcyIsInR5cGUiOiJhcHBsaWNhdGlvblwvdm5kLmdvb2dsZS1hcHBzLmZvbGRlciIsInNpemUiOm51bGwsImljb25MaW5rIjoiaHR0cHM6XC9cL2RyaXZlLXRoaXJkcGFydHkuZ29vZ2xldXNlcmNvbnRlbnQuY29tXC8xNlwvdHlwZVwvYXBwbGljYXRpb25cL3ZuZC5nb29nbGUtYXBwcy5mb2xkZXIrc2hhcmVkIiwidGh1bWJuYWlsTGluayI6bnVsbCwid2ViVmlld0xpbmsiOiJodHRwczpcL1wvZHJpdmUuZ29vZ2xlLmNvbVwvZHJpdmVcL2ZvbGRlcnNcLzF4VXRIbWY5X2JSZnBadE9ZeW1tTW1jd2NIQllEQ0NleCIsIndlYkNvbnRlbnRMaW5rIjpudWxsLCJjcmVhdGVkIjoiMjAyNS0wNS0wNVQxODozNjo0MC45NDNaIiwidXBkYXRlZCI6IjIwMjUtMDUtMDVUMTg6MzY6NDAuOTQzWiIsImRlc2NyaXB0aW9uIjpudWxsLCJzaGFyZWQiOnRydWUsInNoYXJlZFdpdGhNZVRpbWUiOm51bGwsImV4dGVuc2lvbiI6bnVsbCwicmVzb3VyY2VLZXkiOm51bGwsImNvcHlSZXF1aXJlc1dyaXRlclBlcm1pc3Npb24iOmZhbHNlLCJzdGFycmVkIjpmYWxzZSwiZXhwb3J0TGlua3MiOm51bGwsImFjY291bnRJZCI6IjEyMzE0NDE3NDYyNzIwNjgxMDIyIiwicGFyZW50cyI6WyIxZjNBTlBmbmZENTJMUGtOX1hzNjZnVXNPMnE5TWV5dUEiXSwicGVybWlzc2lvbnMiOnsiY2FuUHJldmlldyI6dHJ1ZSwiY2FuRG93bmxvYWQiOmZhbHNlLCJjYW5FZGl0IjpmYWxzZSwiY2FuRGVsZXRlIjp0cnVlLCJjYW5UcmFzaCI6dHJ1ZSwiY2FuTW92ZSI6dHJ1ZSwiY2FuUmVuYW1lIjp0cnVlLCJjYW5TaGFyZSI6dHJ1ZSwiY29weVJlcXVpcmVzV3JpdGVyUGVybWlzc2lvbiI6ZmFsc2UsImNhbkNoYW5nZUNvcHlSZXF1aXJlc1dyaXRlclBlcm1pc3Npb24iOm51bGwsInVzZXJzIjp7IjEyMzE0NDE3NDYyNzIwNjgxMDIyIjp7InR5cGUiOiJ1c2VyIiwicm9sZSI6Im93bmVyIiwiZG9tYWluIjpudWxsfSwiMDc4OTY3MTI5NzgwOTUwNTkwNDciOnsidHlwZSI6InVzZXIiLCJyb2xlIjoid3JpdGVyIiwiZG9tYWluIjpudWxsfX19LCJleHBvcnRBcyI6W119LHsiaWQiOiIxaWJ2cUp5b3gxbGNEZ3JINWg4SzFGTUhndEoyUDJwTU4iLCJuYW1lIjoiU2VndXJhblx1MDBlN2EgZGEgSW5mb3JtYVx1MDBlN1x1MDBlM28iLCJ0eXBlIjoiYXBwbGljYXRpb25cL3ZuZC5nb29nbGUtYXBwcy5mb2xkZXIiLCJzaXplIjpudWxsLCJpY29uTGluayI6Imh0dHBzOlwvXC9kcml2ZS10aGlyZHBhcnR5Lmdvb2dsZXVzZXJjb250ZW50LmNvbVwvMTZcL3R5cGVcL2FwcGxpY2F0aW9uXC92bmQuZ29vZ2xlLWFwcHMuZm9sZGVyK3NoYXJlZCIsInRodW1ibmFpbExpbmsiOm51bGwsIndlYlZpZXdMaW5rIjoiaHR0cHM6XC9cL2RyaXZlLmdvb2dsZS5jb21cL2RyaXZlXC9mb2xkZXJzXC8xaWJ2cUp5b3gxbGNEZ3JINWg4SzFGTUhndEoyUDJwTU4iLCJ3ZWJDb250ZW50TGluayI6bnVsbCwiY3JlYXRlZCI6IjIwMjUtMDUtMDVUMTg6Mzg6MDQuMzQ1WiIsInVwZGF0ZWQiOiIyMDI1LTA1LTA1VDE4OjM4OjA0LjM0NVoiLCJkZXNjcmlwdGlvbiI6bnVsbCwic2hhcmVkIjp0cnVlLCJzaGFyZWRXaXRoTWVUaW1lIjpudWxsLCJleHRlbnNpb24iOm51bGwsInJlc291cmNlS2V5IjpudWxsLCJjb3B5UmVxdWlyZXNXcml0ZXJQZXJtaXNzaW9uIjpmYWxzZSwic3RhcnJlZCI6ZmFsc2UsImV4cG9ydExpbmtzIjpudWxsLCJhY2NvdW50SWQiOiIxMjMxNDQxNzQ2MjcyMDY4MTAyMiIsInBhcmVudHMiOlsiMWYzQU5QZm5mRDUyTFBrTl9YczY2Z1VzTzJxOU1leXVBIl0sInBlcm1pc3Npb25zIjp7ImNhblByZXZpZXciOnRydWUsImNhbkRvd25sb2FkIjpmYWxzZSwiY2FuRWRpdCI6ZmFsc2UsImNhbkRlbGV0ZSI6dHJ1ZSwiY2FuVHJhc2giOnRydWUsImNhbk1vdmUiOnRydWUsImNhblJlbmFtZSI6dHJ1ZSwiY2FuU2hhcmUiOnRydWUsImNvcHlSZXF1aXJlc1dyaXRlclBlcm1pc3Npb24iOmZhbHNlLCJjYW5DaGFuZ2VDb3B5UmVxdWlyZXNXcml0ZXJQZXJtaXNzaW9uIjpudWxsLCJ1c2VycyI6eyIxMjMxNDQxNzQ2MjcyMDY4MTAyMiI6eyJ0eXBlIjoidXNlciIsInJvbGUiOiJvd25lciIsImRvbWFpbiI6bnVsbH0sIjA3ODk2NzEyOTc4MDk1MDU5MDQ3Ijp7InR5cGUiOiJ1c2VyIiwicm9sZSI6IndyaXRlciIsImRvbWFpbiI6bnVsbH19fSwiZXhwb3J0QXMiOltdfSx7ImlkIjoiMWpjZnJwWWVER1hLTjZ2QmpOSXJEZmVpRVo2bVdHTkh1IiwibmFtZSI6IlRyYW5zcGFyXHUwMGVhbmNpYSBQXHUwMGZhYmxpY2EgZSBBY2Vzc28gYSBJbmZvcm1hXHUwMGU3XHUwMGUzbyIsInR5cGUiOiJhcHBsaWNhdGlvblwvdm5kLmdvb2dsZS1hcHBzLmZvbGRlciIsInNpemUiOm51bGwsImljb25MaW5rIjoiaHR0cHM6XC9cL2RyaXZlLXRoaXJkcGFydHkuZ29vZ2xldXNlcmNvbnRlbnQuY29tXC8xNlwvdHlwZVwvYXBwbGljYXRpb25cL3ZuZC5nb29nbGUtYXBwcy5mb2xkZXIrc2hhcmVkIiwidGh1bWJuYWlsTGluayI6bnVsbCwid2ViVmlld0xpbmsiOiJodHRwczpcL1wvZHJpdmUuZ29vZ2xlLmNvbVwvZHJpdmVcL2ZvbGRlcnNcLzFqY2ZycFllREdYS042dkJqTklyRGZlaUVaNm1XR05IdSIsIndlYkNvbnRlbnRMaW5rIjpudWxsLCJjcmVhdGVkIjoiMjAyNS0wNS0wNVQxODo0MDozMi4xNDFaIiwidXBkYXRlZCI6IjIwMjUtMDUtMDVUMTg6NDA6MzIuMTQxWiIsImRlc2NyaXB0aW9uIjpudWxsLCJzaGFyZWQiOnRydWUsInNoYXJlZFdpdGhNZVRpbWUiOm51bGwsImV4dGVuc2lvbiI6bnVsbCwicmVzb3VyY2VLZXkiOm51bGwsImNvcHlSZXF1aXJlc1dyaXRlclBlcm1pc3Npb24iOmZhbHNlLCJzdGFycmVkIjpmYWxzZSwiZXhwb3J0TGlua3MiOm51bGwsImFjY291bnRJZCI6IjEyMzE0NDE3NDYyNzIwNjgxMDIyIiwicGFyZW50cyI6WyIxZjNBTlBmbmZENTJMUGtOX1hzNjZnVXNPMnE5TWV5dUEiXSwicGVybWlzc2lvbnMiOnsiY2FuUHJldmlldyI6dHJ1ZSwiY2FuRG93bmxvYWQiOmZhbHNlLCJjYW5FZGl0IjpmYWxzZSwiY2FuRGVsZXRlIjp0cnVlLCJjYW5UcmFzaCI6dHJ1ZSwiY2FuTW92ZSI6dHJ1ZSwiY2FuUmVuYW1lIjp0cnVlLCJjYW5TaGFyZSI6dHJ1ZSwiY29weVJlcXVpcmVzV3JpdGVyUGVybWlzc2lvbiI6ZmFsc2UsImNhbkNoYW5nZUNvcHlSZXF1aXJlc1dyaXRlclBlcm1pc3Npb24iOm51bGwsInVzZXJzIjp7IjEyMzE0NDE3NDYyNzIwNjgxMDIyIjp7InR5cGUiOiJ1c2VyIiwicm9sZSI6Im93bmVyIiwiZG9tYWluIjpudWxsfSwiMDc4OTY3MTI5NzgwOTUwNTkwNDciOnsidHlwZSI6InVzZXIiLCJyb2xlIjoid3JpdGVyIiwiZG9tYWluIjpudWxsfX19LCJleHBvcnRBcyI6W119XSwic2hvd0ZpbGVzIjp0cnVlLCJzaG93Rm9sZGVycyI6dHJ1ZSwibW9kdWxlV2lkdGgiOiIxMDAlIiwibW9kdWxlSGVpZ2h0IjoiYXV0byIsImZpbGVOdW1iZXJzIjoxMDAwLCJzb3J0Ijp7InNvcnRCeSI6Im5hbWUiLCJzb3J0RGlyZWN0aW9uIjoiYXNjIn0sInZpZXciOiJsaXN0IiwibWF4RmlsZVNpemUiOiIiLCJwcmV2aWV3Ijp0cnVlLCJkb3dubG9hZCI6dHJ1ZSwiZGlzcGxheUZvciI6ImV2ZXJ5b25lIiwiZGlzcGxheVVzZXJzIjpbImV2ZXJ5b25lIl0sImRpc3BsYXlFeGNlcHQiOltdLCJjYW5EZWxldGUiOmZhbHNlLCJyZW5hbWUiOmZhbHNlLCJ1cGxvYWQiOmZhbHNlLCJuZXdGb2xkZXIiOmZhbHNlLCJtb3ZlQ29weSI6ZmFsc2UsImFsbG93U2hhcmUiOmZhbHNlLCJhbGxvd1NlYXJjaCI6ZmFsc2UsImNyZWF0ZURvYyI6ZmFsc2UsImVkaXQiOmZhbHNlLCJkaXJlY3RMaW5rIjpmYWxzZSwiZGV0YWlscyI6ZmFsc2UsImNvbW1lbnQiOmZhbHNlLCJwaG90b1Byb29mIjpmYWxzZSwiZmlsdGVycyI6eyJhbGxvd0V4dGVuc2lvbnMiOiIiLCJhbGxvd0FsbEV4dGVuc2lvbnMiOmZhbHNlLCJhbGxvd0V4Y2VwdEV4dGVuc2lvbnMiOiIiLCJhbGxvd05hbWVzIjoiIiwiYWxsb3dBbGxOYW1lcyI6IiIsImFsbG93RXhjZXB0TmFtZXMiOiIiLCJuYW1lRmlsdGVyT3B0aW9ucyI6WyJmaWxlcyJdLCJzaG93RmlsZXMiOnRydWUsInNob3dGb2xkZXJzIjp0cnVlfSwiaW5pdFBhcmVudEZvbGRlciI6eyJpZCI6IjFmM0FOUGZuZkQ1MkxQa05fWHM2NmdVc08ycTlNZXl1QSIsIm5hbWUiOiJCYXNlIGRlIENvbmhlY2ltZW50byIsInR5cGUiOiJhcHBsaWNhdGlvblwvdm5kLmdvb2dsZS1hcHBzLmZvbGRlciIsInNpemUiOm51bGwsImljb25MaW5rIjoiaHR0cHM6XC9cL2RyaXZlLXRoaXJkcGFydHkuZ29vZ2xldXNlcmNvbnRlbnQuY29tXC8xNlwvdHlwZVwvYXBwbGljYXRpb25cL3ZuZC5nb29nbGUtYXBwcy5mb2xkZXIiLCJ0aHVtYm5haWxMaW5rIjpudWxsLCJ3ZWJWaWV3TGluayI6Imh0dHBzOlwvXC9kcml2ZS5nb29nbGUuY29tXC9kcml2ZVwvZm9sZGVyc1wvMWYzQU5QZm5mRDUyTFBrTl9YczY2Z1VzTzJxOU1leXVBIiwid2ViQ29udGVudExpbmsiOm51bGwsImNyZWF0ZWQiOiIyMDI1LTA1LTA1VDE4OjI3OjQxLjM0NloiLCJ1cGRhdGVkIjoiMjAyNS0wNS0wNVQxODoyNzo0MS4zNDZaIiwiZGVzY3JpcHRpb24iOm51bGwsInNoYXJlZCI6ZmFsc2UsInNoYXJlZFdpdGhNZVRpbWUiOm51bGwsImV4dGVuc2lvbiI6bnVsbCwicmVzb3VyY2VLZXkiOm51bGwsImNvcHlSZXF1aXJlc1dyaXRlclBlcm1pc3Npb24iOmZhbHNlLCJzdGFycmVkIjpmYWxzZSwiZXhwb3J0TGlua3MiOm51bGwsImFjY291bnRJZCI6IjEyMzE0NDE3NDYyNzIwNjgxMDIyIiwicGFyZW50cyI6WyIxNmhOU1ZPdVZGdjN6dEh1ZnB2dzMwY1BmdEp5am8xZXUiXSwicGVybWlzc2lvbnMiOnsiY2FuUHJldmlldyI6dHJ1ZSwiY2FuRG93bmxvYWQiOmZhbHNlLCJjYW5FZGl0IjpmYWxzZSwiY2FuRGVsZXRlIjp0cnVlLCJjYW5UcmFzaCI6dHJ1ZSwiY2FuTW92ZSI6dHJ1ZSwiY2FuUmVuYW1lIjp0cnVlLCJjYW5TaGFyZSI6dHJ1ZSwiY29weVJlcXVpcmVzV3JpdGVyUGVybWlzc2lvbiI6ZmFsc2UsImNhbkNoYW5nZUNvcHlSZXF1aXJlc1dyaXRlclBlcm1pc3Npb24iOm51bGwsInVzZXJzIjp7IjEyMzE0NDE3NDYyNzIwNjgxMDIyIjp7InR5cGUiOiJ1c2VyIiwicm9sZSI6Im93bmVyIiwiZG9tYWluIjpudWxsfX19LCJleHBvcnRBcyI6W10sInBhZ2VOdW1iZXIiOjEsImNvdW50IjoiOCJ9LCJhY2NvdW50Ijp7ImlkIjoiMTIzMTQ0MTc0NjI3MjA2ODEwMjIiLCJuYW1lIjoiQXJxdWl2b3MgcHVibGljYWNhbyBQb3J0YWwgVENFLUFNIiwiZW1haWwiOiJhcnF1aXZvcy5wdWJsaWNhY2FvQHRjZS5hbS5nb3YuYnIiLCJwaG90byI6Imh0dHBzOlwvXC9saDMuZ29vZ2xldXNlcmNvbnRlbnQuY29tXC9hXC9BQ2c4b2NMT3A3V1pNNUZRdzliVF9jSFpjVXpqb0swNkVDUzlRWXRTaXVyV0htUFQxalpvUHc9czY0Iiwic3RvcmFnZSI6eyJ1c2FnZSI6IjI0MTgyMTk2MzQxNTc3IiwibGltaXQiOiIxODQxNjgxOTc2NTI0ODAwIn0sImxvc3QiOmZhbHNlLCJyb290X2lkIjoiMEFCS2R1MEUySUtMRVVrOVBWQSIsInVzZXJfaWQiOlsiYWRtaW4iXX0sImlkIjoiaWdkXzY4MWE0MDNkNzA5OTMiLCJub25jZSI6IjQzNjVhNmQ0MDkifQ==\"\n                     style=\"width: 100%;  height:auto;\"\n                ><\/div>\n\t\t\t\t\t\t\t\t<\/div>\n\t\t\t\t<\/div>\n\t\t\t\t<div class=\"elementor-element elementor-element-c92c821 exad-sticky-section-no exad-glass-effect-no ha-has-bg-overlay elementor-widget elementor-widget-heading\" data-id=\"c92c821\" data-element_type=\"widget\" data-widget_type=\"heading.default\">\n\t\t\t\t<div class=\"elementor-widget-container\">\n\t\t\t\t\t<h2 class=\"elementor-heading-title elementor-size-default\">As informa\u00e7\u00f5es contidas neste material s\u00e3o de responsabilidade da Diretoria de Controle Externo de Tecnologia da Informa\u00e7\u00e3o - DICETI<\/h2>\t\t\t\t<\/div>\n\t\t\t\t<\/div>\n\t\t\t\t\t<\/div>\n\t\t\t\t<\/div>\n\t\t\t\t<\/div>\n\t\t","protected":false},"excerpt":{"rendered":"<p>As informa\u00e7\u00f5es contidas neste material s\u00e3o de responsabilidade da Diretoria de Controle Externo de Tecnologia da Informa\u00e7\u00e3o &#8211; DICETI<\/p>\n","protected":false},"author":3,"featured_media":0,"parent":79006,"menu_order":0,"comment_status":"closed","ping_status":"closed","template":"","meta":{"footnotes":""},"class_list":["post-79309","page","type-page","status-publish","hentry"],"_links":{"self":[{"href":"https:\/\/www.tceam.tc.br\/index.php?rest_route=\/wp\/v2\/pages\/79309","targetHints":{"allow":["GET"]}}],"collection":[{"href":"https:\/\/www.tceam.tc.br\/index.php?rest_route=\/wp\/v2\/pages"}],"about":[{"href":"https:\/\/www.tceam.tc.br\/index.php?rest_route=\/wp\/v2\/types\/page"}],"author":[{"embeddable":true,"href":"https:\/\/www.tceam.tc.br\/index.php?rest_route=\/wp\/v2\/users\/3"}],"replies":[{"embeddable":true,"href":"https:\/\/www.tceam.tc.br\/index.php?rest_route=%2Fwp%2Fv2%2Fcomments&post=79309"}],"version-history":[{"count":40,"href":"https:\/\/www.tceam.tc.br\/index.php?rest_route=\/wp\/v2\/pages\/79309\/revisions"}],"predecessor-version":[{"id":80073,"href":"https:\/\/www.tceam.tc.br\/index.php?rest_route=\/wp\/v2\/pages\/79309\/revisions\/80073"}],"up":[{"embeddable":true,"href":"https:\/\/www.tceam.tc.br\/index.php?rest_route=\/wp\/v2\/pages\/79006"}],"wp:attachment":[{"href":"https:\/\/www.tceam.tc.br\/index.php?rest_route=%2Fwp%2Fv2%2Fmedia&parent=79309"}],"curies":[{"name":"wp","href":"https:\/\/api.w.org\/{rel}","templated":true}]}}