
{"id":76118,"date":"2024-11-11T12:18:38","date_gmt":"2024-11-11T16:18:38","guid":{"rendered":"https:\/\/www.tceam.tc.br\/?page_id=76118"},"modified":"2024-11-11T12:24:38","modified_gmt":"2024-11-11T16:24:38","slug":"relatorios-estatisticos","status":"publish","type":"page","link":"https:\/\/www.tceam.tc.br\/?page_id=76118","title":{"rendered":"Relat\u00f3rios estat\u00edsticos &#8211; SECEX"},"content":{"rendered":"\t\t<div data-elementor-type=\"wp-page\" data-elementor-id=\"76118\" class=\"elementor elementor-76118\" data-elementor-settings=\"{&quot;ha_cmc_init_switcher&quot;:&quot;no&quot;,&quot;element_pack_global_tooltip_width&quot;:{&quot;unit&quot;:&quot;px&quot;,&quot;size&quot;:&quot;&quot;,&quot;sizes&quot;:[]},&quot;element_pack_global_tooltip_width_laptop&quot;:{&quot;unit&quot;:&quot;px&quot;,&quot;size&quot;:&quot;&quot;,&quot;sizes&quot;:[]},&quot;element_pack_global_tooltip_width_tablet_extra&quot;:{&quot;unit&quot;:&quot;px&quot;,&quot;size&quot;:&quot;&quot;,&quot;sizes&quot;:[]},&quot;element_pack_global_tooltip_width_tablet&quot;:{&quot;unit&quot;:&quot;px&quot;,&quot;size&quot;:&quot;&quot;,&quot;sizes&quot;:[]},&quot;element_pack_global_tooltip_width_mobile_extra&quot;:{&quot;unit&quot;:&quot;px&quot;,&quot;size&quot;:&quot;&quot;,&quot;sizes&quot;:[]},&quot;element_pack_global_tooltip_width_mobile&quot;:{&quot;unit&quot;:&quot;px&quot;,&quot;size&quot;:&quot;&quot;,&quot;sizes&quot;:[]},&quot;element_pack_global_tooltip_padding&quot;:{&quot;unit&quot;:&quot;px&quot;,&quot;top&quot;:&quot;&quot;,&quot;right&quot;:&quot;&quot;,&quot;bottom&quot;:&quot;&quot;,&quot;left&quot;:&quot;&quot;,&quot;isLinked&quot;:true},&quot;element_pack_global_tooltip_padding_laptop&quot;:{&quot;unit&quot;:&quot;px&quot;,&quot;top&quot;:&quot;&quot;,&quot;right&quot;:&quot;&quot;,&quot;bottom&quot;:&quot;&quot;,&quot;left&quot;:&quot;&quot;,&quot;isLinked&quot;:true},&quot;element_pack_global_tooltip_padding_tablet_extra&quot;:{&quot;unit&quot;:&quot;px&quot;,&quot;top&quot;:&quot;&quot;,&quot;right&quot;:&quot;&quot;,&quot;bottom&quot;:&quot;&quot;,&quot;left&quot;:&quot;&quot;,&quot;isLinked&quot;:true},&quot;element_pack_global_tooltip_padding_tablet&quot;:{&quot;unit&quot;:&quot;px&quot;,&quot;top&quot;:&quot;&quot;,&quot;right&quot;:&quot;&quot;,&quot;bottom&quot;:&quot;&quot;,&quot;left&quot;:&quot;&quot;,&quot;isLinked&quot;:true},&quot;element_pack_global_tooltip_padding_mobile_extra&quot;:{&quot;unit&quot;:&quot;px&quot;,&quot;top&quot;:&quot;&quot;,&quot;right&quot;:&quot;&quot;,&quot;bottom&quot;:&quot;&quot;,&quot;left&quot;:&quot;&quot;,&quot;isLinked&quot;:true},&quot;element_pack_global_tooltip_padding_mobile&quot;:{&quot;unit&quot;:&quot;px&quot;,&quot;top&quot;:&quot;&quot;,&quot;right&quot;:&quot;&quot;,&quot;bottom&quot;:&quot;&quot;,&quot;left&quot;:&quot;&quot;,&quot;isLinked&quot;:true},&quot;element_pack_global_tooltip_border_radius&quot;:{&quot;unit&quot;:&quot;px&quot;,&quot;top&quot;:&quot;&quot;,&quot;right&quot;:&quot;&quot;,&quot;bottom&quot;:&quot;&quot;,&quot;left&quot;:&quot;&quot;,&quot;isLinked&quot;:true},&quot;element_pack_global_tooltip_border_radius_laptop&quot;:{&quot;unit&quot;:&quot;px&quot;,&quot;top&quot;:&quot;&quot;,&quot;right&quot;:&quot;&quot;,&quot;bottom&quot;:&quot;&quot;,&quot;left&quot;:&quot;&quot;,&quot;isLinked&quot;:true},&quot;element_pack_global_tooltip_border_radius_tablet_extra&quot;:{&quot;unit&quot;:&quot;px&quot;,&quot;top&quot;:&quot;&quot;,&quot;right&quot;:&quot;&quot;,&quot;bottom&quot;:&quot;&quot;,&quot;left&quot;:&quot;&quot;,&quot;isLinked&quot;:true},&quot;element_pack_global_tooltip_border_radius_tablet&quot;:{&quot;unit&quot;:&quot;px&quot;,&quot;top&quot;:&quot;&quot;,&quot;right&quot;:&quot;&quot;,&quot;bottom&quot;:&quot;&quot;,&quot;left&quot;:&quot;&quot;,&quot;isLinked&quot;:true},&quot;element_pack_global_tooltip_border_radius_mobile_extra&quot;:{&quot;unit&quot;:&quot;px&quot;,&quot;top&quot;:&quot;&quot;,&quot;right&quot;:&quot;&quot;,&quot;bottom&quot;:&quot;&quot;,&quot;left&quot;:&quot;&quot;,&quot;isLinked&quot;:true},&quot;element_pack_global_tooltip_border_radius_mobile&quot;:{&quot;unit&quot;:&quot;px&quot;,&quot;top&quot;:&quot;&quot;,&quot;right&quot;:&quot;&quot;,&quot;bottom&quot;:&quot;&quot;,&quot;left&quot;:&quot;&quot;,&quot;isLinked&quot;:true}}\" data-elementor-post-type=\"page\">\n\t\t\t\t<div class=\"elementor-element elementor-element-a039d9e e-flex e-con-boxed e-con e-parent\" data-id=\"a039d9e\" data-element_type=\"container\" data-settings=\"{&quot;_ha_eqh_enable&quot;:false}\">\n\t\t\t\t\t<div class=\"e-con-inner\">\n\t\t\t\t<div class=\"elementor-element elementor-element-14c6f84 exad-sticky-section-no exad-glass-effect-no elementor-widget elementor-widget-wpfd_choose_category\" data-id=\"14c6f84\" data-element_type=\"widget\" data-widget_type=\"wpfd_choose_category.default\">\n\t\t\t\t<div class=\"elementor-widget-container\">\n\t\t\t\t\t<div id=\"wpfd-elementor-category\" class=\"wpfd-elementor-category\"><script type=\"text\/x-handlebars-template\" id=\"wpfd-template-tree-box\">    {{#with file}}    <div class=\"dropblock\">        <a href=\"javascript:void(0)\" class=\"wpfd-close\"><\/a>        <div class=\"filecontent\">            {{#if file_custom_icon}}                    <div class=\"icon-custom\"><img decoding=\"async\" src=\"{{file_custom_icon}}\" \/><\/div>                    {{else}}                    <div class=\"ext ext-{{ext}} wpfd-icon-set-svg\"><span class=\"txt\">{{ext}}<\/span><\/div>                    {{\/if}}<h3><a href=\"{{linkdownload}}\"   class=\"wpfd_downloadlink\" title=\"{{post_title}}\" target=\"{{#if remote_file}}_blank{{\/if}}\">{{{crop_title}}}<\/a><\/h3>            <div class=\"wpfd-extra\">                {{#if description}}<div class=\"file-desc\">{{{description}}}<\/div>{{\/if}}{{#if versionNumber}}<div class=\"file-version\"><span>Vers\u00e3o:<\/span> {{versionNumber}}<\/div>{{\/if}}<div class=\"file-size\"><span>Tamanho:<\/span> {{bytesToSize size}}<\/div><div class=\"file-hits\"><span>Hits:<\/span> {{hits}}<\/div><div class=\"file-dated\"><span>Data de adi\u00e7\u00e3o:<\/span> {{created}}<\/div>            <\/div>        <\/div>        <div class=\"extra-downloadlink\"><a class=\"downloadlink wpfd_downloadlink\"  href=\"{{linkdownload}}\"  style=\"background-color:#76bc58;color:#ffffff;\" target=\"{{#if remote_file}}_blank{{\/if}}\">Baixar<i class=\"zmdi zmdi-cloud-download wpfd-download\"><\/i><\/a><\/div>    {{\/with}}<\/script>    <script type=\"text\/x-handlebars-template\" id=\"wpfd-template-tree-categories\">        {{#if categories}}        {{#each categories}}        <li class=\"directory collapsed\">            <a class=\"catlink\" href=\"#\" data-idcat=\"{{termID}}\">                <div class=\"icon-open-close\" data-id=\"{{termID}}\"><\/div>                <i class=\"zmdi zmdi-folder wpfd-folder\" style=\"color: {{color}}\"><\/i>                <span>{{name}}<\/span>            <\/a>        <\/li>        {{\/each}}        {{\/if}}    <\/script><script type=\"text\/x-handlebars-template\" id=\"wpfd-template-tree-files\">    {{#if files}}    {{#each files}}    <li class=\"ext {{ext}}\">                    {{#if file_custom_icon}}            <span class=\"wpfd-file ext icon-custom\"><img decoding=\"async\" src=\"{{file_custom_icon}}\"><\/span>            {{else}}            <i class=\"wpfd-file ext ext-{{ext}} wpfd-icon-set-svg\"><\/i>            {{\/if}}                                    <a class=\"wpfd-file-link\" data-category_id=\"{{catid}}\" href=\"#\" data-id=\"{{ID}}\"               title=\"{{post_title}}\">{{{crop_title}}}<\/a>            <\/li>    {{\/each}}    <\/div>    {{\/if}}<\/script><div class=\"wpfd-content wpfd-content-tree wpfd-content-multi\" data-category=\"328\"             style=\"background-color: rgba(255, 255, 255, 0)\"><input type=\"hidden\" id=\"current_category_328\" value=\"328\" \/>                    <input type=\"hidden\" id=\"current_category_slug_328\" value=\"relatorios-estatisticos\" \/>                    <input type=\"hidden\" id=\"current_ordering_328\" value=\"created_time\" \/>                    <input type=\"hidden\" id=\"current_ordering_direction_328\" value=\"desc\" \/>                    <input type=\"hidden\" id=\"page_limit_328\" value=\"100\" \/><input type=\"hidden\" id=\"wpfd_display_empty_category_message\" value=\"0\" \/><input type=\"hidden\" id=\"wpfd_empty_category_message_val\" value=\"Esta categoria de arquivo n\u00e3o tem arquivos para exibir\" \/><input type=\"hidden\" id=\"wpfd_display_empty_folder\" value=\"0\" \/><input type=\"hidden\" id=\"wpfd_is_empty_subcategories\" value=\"1\" \/><input type=\"hidden\" id=\"wpfd_is_empty_files\" value=\"1\" \/><input type=\"hidden\" id=\"wpfd_root_category_id\" class=\"wpfd_root_category_id\" value=\"328\" \/><input type=\"hidden\" id=\"wpfd_root_category_theme\" class=\"wpfd_root_category_theme\" value=\"tree\" \/><input type=\"hidden\" id=\"wpfd_root_category_clone_theme_type\" class=\"wpfd_root_category_clone_theme_type\" value=\"none\" \/><input type=\"hidden\" id=\"wpfd_root_category_type\" class=\"wpfd_root_category_type\" value=\"328\" \/><a data-catid=\"\"                       class=\"tree-download-category display-download-category\"                       href=\"https:\/\/www.tceam.tc.br\/wp-admin\/admin-ajax.php?juwpfisadmin=false&#038;action=wpfd&#038;task=files.download&#038;wpfd_category_id=328&#038;wpfd_cat_name=relatorios-estatisticos\">Baixar todos                         <i class=\"zmdi zmdi-check-all wpfd-download-category\"><\/i>                    <\/a><h2 class=\"wpfd-category-theme-title\">Relat\u00f3rios estat\u00edsticos<\/h2><ul class=\"wpfd-tree-categories-files\">                                                        <li class=\"directory collapsed\">                    <a class=\"catlink\" href=\"#\" data-idcat=\"331\">                        <div class=\"icon-open-close\" data-id=\"331\"><\/div>                        <i class=\"zmdi zmdi-folder wpfd-folder\" style=\"color: \"><\/i>                        <span>092024<\/span>                    <\/a>                <\/li>                                            <li class=\"directory collapsed\">                    <a class=\"catlink\" href=\"#\" data-idcat=\"332\">                        <div class=\"icon-open-close\" data-id=\"332\"><\/div>                        <i class=\"zmdi zmdi-folder wpfd-folder\" style=\"color: \"><\/i>                        <span>082024<\/span>                    <\/a>                <\/li>                                            <li class=\"directory collapsed\">                    <a class=\"catlink\" href=\"#\" data-idcat=\"329\">                        <div class=\"icon-open-close\" data-id=\"329\"><\/div>                        <i class=\"zmdi zmdi-folder wpfd-folder\" style=\"color: \"><\/i>                        <span>RELAT\u00d3RIO SEMESTRAL<\/span>                    <\/a>                <\/li>                                            <li class=\"directory collapsed\">                    <a class=\"catlink\" href=\"#\" data-idcat=\"330\">                        <div class=\"icon-open-close\" data-id=\"330\"><\/div>                        <i class=\"zmdi zmdi-folder wpfd-folder\" style=\"color: \"><\/i>                        <span>102024<\/span>                    <\/a>                <\/li>                                            <li class=\"directory collapsed\">                    <a class=\"catlink\" href=\"#\" data-idcat=\"338\">                        <div class=\"icon-open-close\" data-id=\"338\"><\/div>                        <i class=\"zmdi zmdi-folder wpfd-folder\" style=\"color: \"><\/i>                        <span>022024<\/span>                    <\/a>                <\/li>                                            <li class=\"directory collapsed\">                    <a class=\"catlink\" href=\"#\" data-idcat=\"339\">                        <div class=\"icon-open-close\" data-id=\"339\"><\/div>                        <i class=\"zmdi zmdi-folder wpfd-folder\" style=\"color: \"><\/i>                        <span>012024<\/span>                    <\/a>                <\/li>                                            <li class=\"directory collapsed\">                    <a class=\"catlink\" href=\"#\" data-idcat=\"337\">                        <div class=\"icon-open-close\" data-id=\"337\"><\/div>                        <i class=\"zmdi zmdi-folder wpfd-folder\" style=\"color: \"><\/i>                        <span>032024<\/span>                    <\/a>                <\/li>                                            <li class=\"directory collapsed\">                    <a class=\"catlink\" href=\"#\" data-idcat=\"336\">                        <div class=\"icon-open-close\" data-id=\"336\"><\/div>                        <i class=\"zmdi zmdi-folder wpfd-folder\" style=\"color: \"><\/i>                        <span>042024<\/span>                    <\/a>                <\/li>                                            <li class=\"directory collapsed\">                    <a class=\"catlink\" href=\"#\" data-idcat=\"335\">                        <div class=\"icon-open-close\" data-id=\"335\"><\/div>                        <i class=\"zmdi zmdi-folder wpfd-folder\" style=\"color: \"><\/i>                        <span>052024<\/span>                    <\/a>                <\/li>                                            <li class=\"directory collapsed\">                    <a class=\"catlink\" href=\"#\" data-idcat=\"334\">                        <div class=\"icon-open-close\" data-id=\"334\"><\/div>                        <i class=\"zmdi zmdi-folder wpfd-folder\" style=\"color: \"><\/i>                        <span>062024<\/span>                    <\/a>                <\/li>                                            <li class=\"directory collapsed\">                    <a class=\"catlink\" href=\"#\" data-idcat=\"333\">                        <div class=\"icon-open-close\" data-id=\"333\"><\/div>                        <i class=\"zmdi zmdi-folder wpfd-folder\" style=\"color: \"><\/i>                        <span>072024<\/span>                    <\/a>                <\/li>                            <\/ul><\/div><\/div>\t\t\t\t<\/div>\n\t\t\t\t<\/div>\n\t\t\t\t\t<\/div>\n\t\t\t\t<\/div>\n\t\t\t\t<\/div>\n\t\t","protected":false},"excerpt":{"rendered":"<p>Baixar todos Relat\u00f3rios estat\u00edsticos 022024 012024 042024 032024 062024 052024 072024 082024 092024 102024 RELAT\u00d3RIO SEMESTRAL<\/p>\n","protected":false},"author":3,"featured_media":0,"parent":0,"menu_order":0,"comment_status":"closed","ping_status":"closed","template":"","meta":{"footnotes":""},"class_list":["post-76118","page","type-page","status-publish","hentry"],"_links":{"self":[{"href":"https:\/\/www.tceam.tc.br\/index.php?rest_route=\/wp\/v2\/pages\/76118","targetHints":{"allow":["GET"]}}],"collection":[{"href":"https:\/\/www.tceam.tc.br\/index.php?rest_route=\/wp\/v2\/pages"}],"about":[{"href":"https:\/\/www.tceam.tc.br\/index.php?rest_route=\/wp\/v2\/types\/page"}],"author":[{"embeddable":true,"href":"https:\/\/www.tceam.tc.br\/index.php?rest_route=\/wp\/v2\/users\/3"}],"replies":[{"embeddable":true,"href":"https:\/\/www.tceam.tc.br\/index.php?rest_route=%2Fwp%2Fv2%2Fcomments&post=76118"}],"version-history":[{"count":7,"href":"https:\/\/www.tceam.tc.br\/index.php?rest_route=\/wp\/v2\/pages\/76118\/revisions"}],"predecessor-version":[{"id":76126,"href":"https:\/\/www.tceam.tc.br\/index.php?rest_route=\/wp\/v2\/pages\/76118\/revisions\/76126"}],"wp:attachment":[{"href":"https:\/\/www.tceam.tc.br\/index.php?rest_route=%2Fwp%2Fv2%2Fmedia&parent=76118"}],"curies":[{"name":"wp","href":"https:\/\/api.w.org\/{rel}","templated":true}]}}