
{"id":75141,"date":"2024-09-03T11:42:27","date_gmt":"2024-09-03T15:42:27","guid":{"rendered":"https:\/\/www.tceam.tc.br\/?page_id=75141"},"modified":"2024-09-03T11:43:43","modified_gmt":"2024-09-03T15:43:43","slug":"planejamento-e-organizacao-2","status":"publish","type":"page","link":"https:\/\/www.tceam.tc.br\/?page_id=75141","title":{"rendered":"Planejamento e Organiza\u00e7\u00e3o &#8212;"},"content":{"rendered":"\t\t<div data-elementor-type=\"wp-page\" data-elementor-id=\"75141\" class=\"elementor elementor-75141\" data-elementor-settings=\"{&quot;ha_cmc_init_switcher&quot;:&quot;no&quot;,&quot;element_pack_global_tooltip_width&quot;:{&quot;unit&quot;:&quot;px&quot;,&quot;size&quot;:&quot;&quot;,&quot;sizes&quot;:[]},&quot;element_pack_global_tooltip_width_laptop&quot;:{&quot;unit&quot;:&quot;px&quot;,&quot;size&quot;:&quot;&quot;,&quot;sizes&quot;:[]},&quot;element_pack_global_tooltip_width_tablet_extra&quot;:{&quot;unit&quot;:&quot;px&quot;,&quot;size&quot;:&quot;&quot;,&quot;sizes&quot;:[]},&quot;element_pack_global_tooltip_width_tablet&quot;:{&quot;unit&quot;:&quot;px&quot;,&quot;size&quot;:&quot;&quot;,&quot;sizes&quot;:[]},&quot;element_pack_global_tooltip_width_mobile_extra&quot;:{&quot;unit&quot;:&quot;px&quot;,&quot;size&quot;:&quot;&quot;,&quot;sizes&quot;:[]},&quot;element_pack_global_tooltip_width_mobile&quot;:{&quot;unit&quot;:&quot;px&quot;,&quot;size&quot;:&quot;&quot;,&quot;sizes&quot;:[]},&quot;element_pack_global_tooltip_padding&quot;:{&quot;unit&quot;:&quot;px&quot;,&quot;top&quot;:&quot;&quot;,&quot;right&quot;:&quot;&quot;,&quot;bottom&quot;:&quot;&quot;,&quot;left&quot;:&quot;&quot;,&quot;isLinked&quot;:true},&quot;element_pack_global_tooltip_padding_laptop&quot;:{&quot;unit&quot;:&quot;px&quot;,&quot;top&quot;:&quot;&quot;,&quot;right&quot;:&quot;&quot;,&quot;bottom&quot;:&quot;&quot;,&quot;left&quot;:&quot;&quot;,&quot;isLinked&quot;:true},&quot;element_pack_global_tooltip_padding_tablet_extra&quot;:{&quot;unit&quot;:&quot;px&quot;,&quot;top&quot;:&quot;&quot;,&quot;right&quot;:&quot;&quot;,&quot;bottom&quot;:&quot;&quot;,&quot;left&quot;:&quot;&quot;,&quot;isLinked&quot;:true},&quot;element_pack_global_tooltip_padding_tablet&quot;:{&quot;unit&quot;:&quot;px&quot;,&quot;top&quot;:&quot;&quot;,&quot;right&quot;:&quot;&quot;,&quot;bottom&quot;:&quot;&quot;,&quot;left&quot;:&quot;&quot;,&quot;isLinked&quot;:true},&quot;element_pack_global_tooltip_padding_mobile_extra&quot;:{&quot;unit&quot;:&quot;px&quot;,&quot;top&quot;:&quot;&quot;,&quot;right&quot;:&quot;&quot;,&quot;bottom&quot;:&quot;&quot;,&quot;left&quot;:&quot;&quot;,&quot;isLinked&quot;:true},&quot;element_pack_global_tooltip_padding_mobile&quot;:{&quot;unit&quot;:&quot;px&quot;,&quot;top&quot;:&quot;&quot;,&quot;right&quot;:&quot;&quot;,&quot;bottom&quot;:&quot;&quot;,&quot;left&quot;:&quot;&quot;,&quot;isLinked&quot;:true},&quot;element_pack_global_tooltip_border_radius&quot;:{&quot;unit&quot;:&quot;px&quot;,&quot;top&quot;:&quot;&quot;,&quot;right&quot;:&quot;&quot;,&quot;bottom&quot;:&quot;&quot;,&quot;left&quot;:&quot;&quot;,&quot;isLinked&quot;:true},&quot;element_pack_global_tooltip_border_radius_laptop&quot;:{&quot;unit&quot;:&quot;px&quot;,&quot;top&quot;:&quot;&quot;,&quot;right&quot;:&quot;&quot;,&quot;bottom&quot;:&quot;&quot;,&quot;left&quot;:&quot;&quot;,&quot;isLinked&quot;:true},&quot;element_pack_global_tooltip_border_radius_tablet_extra&quot;:{&quot;unit&quot;:&quot;px&quot;,&quot;top&quot;:&quot;&quot;,&quot;right&quot;:&quot;&quot;,&quot;bottom&quot;:&quot;&quot;,&quot;left&quot;:&quot;&quot;,&quot;isLinked&quot;:true},&quot;element_pack_global_tooltip_border_radius_tablet&quot;:{&quot;unit&quot;:&quot;px&quot;,&quot;top&quot;:&quot;&quot;,&quot;right&quot;:&quot;&quot;,&quot;bottom&quot;:&quot;&quot;,&quot;left&quot;:&quot;&quot;,&quot;isLinked&quot;:true},&quot;element_pack_global_tooltip_border_radius_mobile_extra&quot;:{&quot;unit&quot;:&quot;px&quot;,&quot;top&quot;:&quot;&quot;,&quot;right&quot;:&quot;&quot;,&quot;bottom&quot;:&quot;&quot;,&quot;left&quot;:&quot;&quot;,&quot;isLinked&quot;:true},&quot;element_pack_global_tooltip_border_radius_mobile&quot;:{&quot;unit&quot;:&quot;px&quot;,&quot;top&quot;:&quot;&quot;,&quot;right&quot;:&quot;&quot;,&quot;bottom&quot;:&quot;&quot;,&quot;left&quot;:&quot;&quot;,&quot;isLinked&quot;:true}}\" data-elementor-post-type=\"page\">\n\t\t\t\t<div class=\"elementor-element elementor-element-7a1f424 e-flex e-con-boxed e-con e-parent\" data-id=\"7a1f424\" data-element_type=\"container\" data-settings=\"{&quot;_ha_eqh_enable&quot;:false}\">\n\t\t\t\t\t<div class=\"e-con-inner\">\n\t\t\t\t<div class=\"elementor-element elementor-element-d76e584 exad-sticky-section-no exad-glass-effect-no elementor-widget elementor-widget-text-editor\" data-id=\"d76e584\" data-element_type=\"widget\" data-widget_type=\"text-editor.default\">\n\t\t\t\t<div class=\"elementor-widget-container\">\n\t\t\t\t\t\t\t\t\t<p style=\"text-align: right;\"><strong><a href=\"https:\/\/www.tceam.tc.br\/wp-content\/uploads\/plano2022\/\">Acesse o Plano estrat\u00e9gico completo 2022-2026<\/a><\/strong><\/p><p><strong>Identidade Institucional<\/strong><\/p><p>\u00a0<\/p><p>Refere-se ao conjunto de caracter\u00edsticas pr\u00f3prias e exclusivas que refletem a pr\u00f3pria. Comp\u00f5em-se das defini\u00e7\u00f5es do seu neg\u00f3cio, da sua miss\u00e3o, da vis\u00e3o e dos valores.<\/p><p>\u00a0<\/p><p><strong>O que fazemos?<\/strong><\/p><p>\u00a0<\/p><p>Neg\u00f3cio : Controle Externo<\/p><p>\u00a0<\/p><p><strong>Por que existimos?<\/strong><\/p><p>\u00a0<\/p><p><strong>Miss\u00e3o:<\/strong> Exercer o controle da gest\u00e3o dos recursos p\u00fablicos orientados e fiscalizando sua correta e efetiva aplica\u00e7\u00e3o em benef\u00edcio da sociedade amazonense.<\/p><p>\u00a0<\/p><p><strong>O que queremos?<\/strong><\/p><p>\u00a0<\/p><p><strong>Vis\u00e3o:<\/strong> Ser institui\u00e7\u00e3o de excel\u00eancia no controle e no aprimoramento da gest\u00e3o p\u00fablica, garantindo a devida visibilidade e credibilidade de suas a\u00e7\u00f5es \u00e0 sociedade amazonense.<\/p><p>\u00a0<\/p><p><strong>Valores:<\/strong> \u00c9tica, Independ\u00eancia, efetividade, comprometimento, visibilidade e orienta\u00e7\u00e3o.<\/p><p>\u00a0<\/p><p>\u00a0<\/p><div class=\"wp-block-image\"><a href=\"https:\/\/www.tceam.tc.br\/wp-content\/uploads\/2022\/11\/MissaoTCE.jpg\"><img fetchpriority=\"high\" decoding=\"async\" class=\"aligncenter wp-image-60847 size-full\" src=\"https:\/\/www.tceam.tc.br\/wp-content\/uploads\/2022\/11\/MissaoTCE.jpg\" alt=\"\" width=\"1163\" height=\"678\" srcset=\"https:\/\/www.tceam.tc.br\/wp-content\/uploads\/2022\/11\/MissaoTCE.jpg 1163w, https:\/\/www.tceam.tc.br\/wp-content\/uploads\/2022\/11\/MissaoTCE-300x175.jpg 300w, https:\/\/www.tceam.tc.br\/wp-content\/uploads\/2022\/11\/MissaoTCE-1024x597.jpg 1024w, https:\/\/www.tceam.tc.br\/wp-content\/uploads\/2022\/11\/MissaoTCE-768x448.jpg 768w, https:\/\/www.tceam.tc.br\/wp-content\/uploads\/2022\/11\/MissaoTCE-750x437.jpg 750w, https:\/\/www.tceam.tc.br\/wp-content\/uploads\/2022\/11\/MissaoTCE-1140x665.jpg 1140w\" sizes=\"(max-width: 1163px) 100vw, 1163px\" \/><\/a><\/div><p>\u00a0<\/p><p style=\"text-align: justify;\"><strong>Plano Estrat\u00e9gico do TCE-AM \u2013 BI\u00caNIO 2022\/2026<\/strong><\/p><p style=\"text-align: justify;\">A necessidade de um Tribunal de Contas moderno e din\u00e2mico surgiu com o advento da era digital, onde a comunica\u00e7\u00e3o \u00e9 potencializada pelos meios tecnol\u00f3gicos, em especial pela internet.\u00a0 A sociedade p\u00f3s-industrial evidencia o surgimento de um cidad\u00e3o mais esclarecido e participativo, inclusive no controle social.<\/p><p>\u00a0<\/p><p style=\"text-align: justify;\">Acontecimentos recentes e impactantes mundialmente, como a pandemia do novo coronav\u00edrus, trouxeram, tamb\u00e9m, novos desafios \u00e0s organiza\u00e7\u00f5es, entre eles o controle dos recursos p\u00fablicos utilizando novas formas de trabalho, como o teletrabalho ou home office, evidenciando a necessidade de que \u00f3rg\u00e3os, como a Corte de Contas amazonense, se reinventassem.<\/p><p>\u00a0<\/p><p style=\"text-align: justify;\">O Planejamento Estrat\u00e9gico \u00e9 a base para dar a retaguarda necess\u00e1ria para mudan\u00e7as estruturais. Portanto, considerando o novo contexto e a necessidade de atualiza\u00e7\u00e3o do cen\u00e1rio organizacional, um novo processo foi delineado para a constru\u00e7\u00e3o do Plano Estrat\u00e9gico de forma colaborativa, alinhando as expectativas da sociedade, da alta administra\u00e7\u00e3o e dos servidores para o alcance de uma nova vis\u00e3o de futuro a partir da converg\u00eancia de pol\u00edticas, diretrizes, objetivos, a\u00e7\u00f5es e metas.<\/p><p>\u00a0<\/p><p style=\"text-align: justify;\">O desenvolvimento do Plano Estrat\u00e9gico compreendeu a divulga\u00e7\u00e3o detalhada do cronograma do projeto para todos os servidores; reuni\u00f5es com a alta gest\u00e3o e corpo diretivo de secret\u00e1rios, al\u00e9m de workshops com participa\u00e7\u00e3o de todos os gestores da Corte de Contas.<\/p><p>\u00a0<\/p><p style=\"text-align: justify;\">A compila\u00e7\u00e3o desse esfor\u00e7o resultou neste livro, cujo principal objetivo \u00e9 nortear o Tribunal de Contas do Amazonas, durante o per\u00edodo de 2022 a 2026, para o cumprimento de sua miss\u00e3o institucional de exercer o controle eficiente e eficaz dos recursos p\u00fablicos do Estado do Amazonas.<\/p><p>\u00a0<\/p><p style=\"text-align: justify;\"><strong><a href=\"https:\/\/www.tceam.tc.br\/wp-content\/uploads\/plano2022\/\">Plano estrat\u00e9gico completo<\/a><\/strong><\/p><p>\u00a0<\/p><p style=\"text-align: justify;\"><strong>Contatos:<\/strong><\/p><p style=\"text-align: justify;\">Diretoria de Planejamento e Gest\u00e3o Estrat\u00e9gica (Diplan)<br \/>E-mail: diplan@tce.am.gov.br<br \/>Tel: (092) 3301-8260\/8322<\/p>\t\t\t\t\t\t\t\t<\/div>\n\t\t\t\t<\/div>\n\t\t\t\t\t<\/div>\n\t\t\t\t<\/div>\n\t\t\t\t<\/div>\n\t\t","protected":false},"excerpt":{"rendered":"<p>Acesse o Plano estrat\u00e9gico completo 2022-2026 Identidade Institucional \u00a0 Refere-se ao conjunto de caracter\u00edsticas pr\u00f3prias e exclusivas que refletem a pr\u00f3pria. Comp\u00f5em-se das defini\u00e7\u00f5es do seu neg\u00f3cio, da sua miss\u00e3o, da vis\u00e3o e dos valores. \u00a0 O que fazemos? \u00a0 Neg\u00f3cio : Controle Externo \u00a0 Por que existimos? \u00a0 Miss\u00e3o: Exercer o controle da gest\u00e3o [&hellip;]<\/p>\n","protected":false},"author":3,"featured_media":0,"parent":0,"menu_order":0,"comment_status":"closed","ping_status":"closed","template":"","meta":{"footnotes":""},"class_list":["post-75141","page","type-page","status-publish","hentry"],"_links":{"self":[{"href":"https:\/\/www.tceam.tc.br\/index.php?rest_route=\/wp\/v2\/pages\/75141","targetHints":{"allow":["GET"]}}],"collection":[{"href":"https:\/\/www.tceam.tc.br\/index.php?rest_route=\/wp\/v2\/pages"}],"about":[{"href":"https:\/\/www.tceam.tc.br\/index.php?rest_route=\/wp\/v2\/types\/page"}],"author":[{"embeddable":true,"href":"https:\/\/www.tceam.tc.br\/index.php?rest_route=\/wp\/v2\/users\/3"}],"replies":[{"embeddable":true,"href":"https:\/\/www.tceam.tc.br\/index.php?rest_route=%2Fwp%2Fv2%2Fcomments&post=75141"}],"version-history":[{"count":3,"href":"https:\/\/www.tceam.tc.br\/index.php?rest_route=\/wp\/v2\/pages\/75141\/revisions"}],"predecessor-version":[{"id":75144,"href":"https:\/\/www.tceam.tc.br\/index.php?rest_route=\/wp\/v2\/pages\/75141\/revisions\/75144"}],"wp:attachment":[{"href":"https:\/\/www.tceam.tc.br\/index.php?rest_route=%2Fwp%2Fv2%2Fmedia&parent=75141"}],"curies":[{"name":"wp","href":"https:\/\/api.w.org\/{rel}","templated":true}]}}