
{"id":74362,"date":"2024-08-20T10:50:12","date_gmt":"2024-08-20T14:50:12","guid":{"rendered":"https:\/\/www.tceam.tc.br\/?page_id=74362"},"modified":"2024-08-20T10:50:12","modified_gmt":"2024-08-20T14:50:12","slug":"junho-de-2024","status":"publish","type":"page","link":"https:\/\/www.tceam.tc.br\/?page_id=74362","title":{"rendered":"Junho de 2024"},"content":{"rendered":"<table style=\"border-collapse: collapse; width: 66.9326%; height: 432px;\">\n<tbody>\n<tr style=\"height: 24px;\">\n<td style=\"width: 50%; height: 24px;\"><strong>Data das publica\u00e7\u00f5es:<\/strong><\/td>\n<td style=\"width: 50%; height: 24px;\"><strong>Acesso \u00e0s publica\u00e7\u00f5es:<\/strong><\/td>\n<\/tr>\n<tr style=\"height: 24px;\">\n<td style=\"width: 50%; height: 24px;\">03\/06\/2024<\/td>\n<td style=\"width: 50%; height: 24px;\"><a href=\"https:\/\/www.tceam.tc.br\/wp-content\/uploads\/2024\/08\/CLIPPING-TCE-atualizada-03.06.24.pdf\">Clique aqui<\/a><\/td>\n<\/tr>\n<tr style=\"height: 24px;\">\n<td style=\"width: 50%; height: 24px;\">04\/06\/2024<\/td>\n<td style=\"width: 50%; height: 24px;\"><a href=\"https:\/\/www.tceam.tc.br\/wp-content\/uploads\/2024\/08\/CLIPPING-TCE-04.06.24.pdf\">Clique aqui\u00a0<\/a><\/td>\n<\/tr>\n<tr style=\"height: 24px;\">\n<td style=\"width: 50%; height: 24px;\">05\/06\/2024<\/td>\n<td style=\"width: 50%; height: 24px;\"><a href=\"https:\/\/www.tceam.tc.br\/wp-content\/uploads\/2024\/08\/CLIPPING-TCE-05.06.24.pdf\">Clique aqui\u00a0<\/a><\/td>\n<\/tr>\n<tr style=\"height: 24px;\">\n<td style=\"width: 50%; height: 24px;\">07\/06\/2024<\/td>\n<td style=\"width: 50%; height: 24px;\"><a href=\"https:\/\/www.tceam.tc.br\/wp-content\/uploads\/2024\/08\/CLIPPING-TCE-07.06.24.pdf\">Clique aqui\u00a0<\/a><\/td>\n<\/tr>\n<tr style=\"height: 24px;\">\n<td style=\"width: 50%; height: 24px;\">10\/06\/2024<\/td>\n<td style=\"width: 50%; height: 24px;\"><a href=\"https:\/\/www.tceam.tc.br\/wp-content\/uploads\/2024\/08\/Clipping-TCE-10.06.24-atualizado.pdf\">Clique aqui\u00a0<\/a><\/td>\n<\/tr>\n<tr style=\"height: 24px;\">\n<td style=\"width: 50%; height: 24px;\">11\/06\/2024<\/td>\n<td style=\"width: 50%; height: 24px;\"><a href=\"https:\/\/www.tceam.tc.br\/wp-content\/uploads\/2024\/08\/CLIPPING-TCE-11.06.24.pdf\">Clique aqui<\/a><\/td>\n<\/tr>\n<tr style=\"height: 24px;\">\n<td style=\"width: 50%; height: 24px;\">12\/06\/2024<\/td>\n<td style=\"width: 50%; height: 24px;\"><a href=\"https:\/\/www.tceam.tc.br\/wp-content\/uploads\/2024\/08\/CLIPPING-TCE-12.06.24.pdf\">Clique aqui\u00a0<\/a><\/td>\n<\/tr>\n<tr style=\"height: 24px;\">\n<td style=\"width: 50%; height: 24px;\">13\/06\/2024<\/td>\n<td style=\"width: 50%; height: 24px;\"><a href=\"https:\/\/www.tceam.tc.br\/wp-content\/uploads\/2024\/08\/CLIPPING-TCE-13.06.24.pdf\">Clique aqui\u00a0<\/a><\/td>\n<\/tr>\n<tr style=\"height: 24px;\">\n<td style=\"width: 50%; height: 24px;\">14\/06\/2024<\/td>\n<td style=\"width: 50%; height: 24px;\"><a href=\"https:\/\/www.tceam.tc.br\/wp-content\/uploads\/2024\/08\/CLIPPING-TCE-14.06.24.pdf\">Clique aqui\u00a0<\/a><\/td>\n<\/tr>\n<tr style=\"height: 24px;\">\n<td style=\"width: 50%; height: 24px;\">17\/06\/2024<\/td>\n<td style=\"width: 50%; height: 24px;\"><a href=\"https:\/\/www.tceam.tc.br\/wp-content\/uploads\/2024\/08\/CLIPPING-TCE-17.06.24.pdf\">Clique aqui\u00a0<\/a><\/td>\n<\/tr>\n<tr style=\"height: 24px;\">\n<td style=\"width: 50%; height: 24px;\">18\/06\/2024<\/td>\n<td style=\"width: 50%; height: 24px;\"><a href=\"https:\/\/www.tceam.tc.br\/wp-content\/uploads\/2024\/08\/CLIPPING-TCE-18.06.24.pdf\">Clique aqui\u00a0<\/a><\/td>\n<\/tr>\n<tr style=\"height: 24px;\">\n<td style=\"width: 50%; height: 24px;\">19\/06\/2024<\/td>\n<td style=\"width: 50%; height: 24px;\"><a href=\"https:\/\/www.tceam.tc.br\/wp-content\/uploads\/2024\/08\/CLIPPING-TCE-19.06.24.pdf\">Clique aqui\u00a0<\/a><\/td>\n<\/tr>\n<tr style=\"height: 24px;\">\n<td style=\"width: 50%; height: 24px;\">21\/06\/2024<\/td>\n<td style=\"width: 50%; height: 24px;\"><a href=\"https:\/\/www.tceam.tc.br\/wp-content\/uploads\/2024\/08\/CLIPPING-TCE-21.06.24.pdf\">Clique aqui\u00a0<\/a><\/td>\n<\/tr>\n<tr style=\"height: 24px;\">\n<td style=\"width: 50%; height: 24px;\">24\/06\/2024<\/td>\n<td style=\"width: 50%; height: 24px;\"><a href=\"https:\/\/www.tceam.tc.br\/wp-content\/uploads\/2024\/08\/CLIPPING-TCE-24.06.24.pdf\">Clique aqui\u00a0<\/a><\/td>\n<\/tr>\n<tr style=\"height: 24px;\">\n<td style=\"width: 50%; height: 24px;\">25\/06\/2024<\/td>\n<td style=\"width: 50%; height: 24px;\"><a href=\"https:\/\/www.tceam.tc.br\/wp-content\/uploads\/2024\/08\/CLIPPING-TCE-25.06.24.pdf\">Clique aqui\u00a0<\/a><\/td>\n<\/tr>\n<tr style=\"height: 24px;\">\n<td style=\"width: 50%; height: 24px;\">26\/06\/2024<\/td>\n<td style=\"width: 50%; height: 24px;\"><a href=\"https:\/\/www.tceam.tc.br\/wp-content\/uploads\/2024\/08\/CLIPPING-TCE-26.06.24.pdf\">Clique aqui\u00a0<\/a><\/td>\n<\/tr>\n<tr style=\"height: 24px;\">\n<td style=\"width: 50%; height: 24px;\">27\/06\/2024<\/td>\n<td style=\"width: 50%; height: 24px;\"><a href=\"https:\/\/www.tceam.tc.br\/wp-content\/uploads\/2024\/08\/CLIPPING-TCE-27.06.2024.pdf\">Clique aqui<\/a><\/td>\n<\/tr>\n<\/tbody>\n<\/table>\n","protected":false},"excerpt":{"rendered":"<p>Data das publica\u00e7\u00f5es: Acesso \u00e0s publica\u00e7\u00f5es: 03\/06\/2024 Clique aqui 04\/06\/2024 Clique aqui\u00a0 05\/06\/2024 Clique aqui\u00a0 07\/06\/2024 Clique aqui\u00a0 10\/06\/2024 Clique aqui\u00a0 11\/06\/2024 Clique aqui 12\/06\/2024 Clique aqui\u00a0 13\/06\/2024 Clique aqui\u00a0 14\/06\/2024 Clique aqui\u00a0 17\/06\/2024 Clique aqui\u00a0 18\/06\/2024 Clique aqui\u00a0 19\/06\/2024 Clique aqui\u00a0 21\/06\/2024 Clique aqui\u00a0 24\/06\/2024 Clique aqui\u00a0 25\/06\/2024 Clique aqui\u00a0 26\/06\/2024 Clique aqui\u00a0 27\/06\/2024 [&hellip;]<\/p>\n","protected":false},"author":82,"featured_media":0,"parent":0,"menu_order":0,"comment_status":"closed","ping_status":"closed","template":"","meta":{"footnotes":""},"class_list":["post-74362","page","type-page","status-publish","hentry"],"_links":{"self":[{"href":"https:\/\/www.tceam.tc.br\/index.php?rest_route=\/wp\/v2\/pages\/74362","targetHints":{"allow":["GET"]}}],"collection":[{"href":"https:\/\/www.tceam.tc.br\/index.php?rest_route=\/wp\/v2\/pages"}],"about":[{"href":"https:\/\/www.tceam.tc.br\/index.php?rest_route=\/wp\/v2\/types\/page"}],"author":[{"embeddable":true,"href":"https:\/\/www.tceam.tc.br\/index.php?rest_route=\/wp\/v2\/users\/82"}],"replies":[{"embeddable":true,"href":"https:\/\/www.tceam.tc.br\/index.php?rest_route=%2Fwp%2Fv2%2Fcomments&post=74362"}],"version-history":[{"count":1,"href":"https:\/\/www.tceam.tc.br\/index.php?rest_route=\/wp\/v2\/pages\/74362\/revisions"}],"predecessor-version":[{"id":74382,"href":"https:\/\/www.tceam.tc.br\/index.php?rest_route=\/wp\/v2\/pages\/74362\/revisions\/74382"}],"wp:attachment":[{"href":"https:\/\/www.tceam.tc.br\/index.php?rest_route=%2Fwp%2Fv2%2Fmedia&parent=74362"}],"curies":[{"name":"wp","href":"https:\/\/api.w.org\/{rel}","templated":true}]}}