
{"id":74339,"date":"2024-08-20T10:32:35","date_gmt":"2024-08-20T14:32:35","guid":{"rendered":"https:\/\/www.tceam.tc.br\/?page_id=74339"},"modified":"2024-08-20T10:32:35","modified_gmt":"2024-08-20T14:32:35","slug":"maio-de-2024","status":"publish","type":"page","link":"https:\/\/www.tceam.tc.br\/?page_id=74339","title":{"rendered":"Maio de 2024"},"content":{"rendered":"<table style=\"border-collapse: collapse; width: 100%; height: 432px;\">\n<tbody>\n<tr style=\"height: 24px;\">\n<td style=\"width: 50%; height: 24px;\"><strong>Data das publica\u00e7\u00f5es:<\/strong><\/td>\n<td style=\"width: 50%; height: 24px;\"><strong>Acesso \u00e0s publica\u00e7\u00f5es:<\/strong><\/td>\n<\/tr>\n<tr style=\"height: 24px;\">\n<td style=\"width: 50%; height: 24px;\">03\/05\/2024<\/td>\n<td style=\"width: 50%; height: 24px;\"><a href=\"https:\/\/www.tceam.tc.br\/wp-content\/uploads\/2024\/08\/CLIPPING-TCE-03.05.24.pdf\">Clique aqui<\/a><\/td>\n<\/tr>\n<tr style=\"height: 24px;\">\n<td style=\"width: 50%; height: 24px;\">06\/05\/2024<\/td>\n<td style=\"width: 50%; height: 24px;\"><a href=\"https:\/\/www.tceam.tc.br\/wp-content\/uploads\/2024\/08\/CLIPPING-TCE-06.05.24.pdf\">Clique aqui<\/a><\/td>\n<\/tr>\n<tr style=\"height: 24px;\">\n<td style=\"width: 50%; height: 24px;\">07\/05\/2024<\/td>\n<td style=\"width: 50%; height: 24px;\"><a href=\"https:\/\/www.tceam.tc.br\/wp-content\/uploads\/2024\/08\/CLIPPING-TCE-07.05.24.pdf\">Clique aqui<\/a><\/td>\n<\/tr>\n<tr style=\"height: 24px;\">\n<td style=\"width: 50%; height: 24px;\">08\/05\/2024<\/td>\n<td style=\"width: 50%; height: 24px;\"><a href=\"https:\/\/www.tceam.tc.br\/wp-content\/uploads\/2024\/08\/CLIPPING-TCE-08.05.24.pdf\">Clique aqui<\/a><\/td>\n<\/tr>\n<tr style=\"height: 24px;\">\n<td style=\"width: 50%; height: 24px;\">09\/05\/2024<\/td>\n<td style=\"width: 50%; height: 24px;\"><a href=\"https:\/\/www.tceam.tc.br\/wp-content\/uploads\/2024\/08\/CLIPPING-TCE-09.05.24.pdf\">Clique aqui<\/a><\/td>\n<\/tr>\n<tr style=\"height: 24px;\">\n<td style=\"width: 50%; height: 24px;\">10\/05\/2024<\/td>\n<td style=\"width: 50%; height: 24px;\"><a href=\"https:\/\/www.tceam.tc.br\/wp-content\/uploads\/2024\/08\/CLIPPING-TCE-10.05.24.pdf\">Clique aqui<\/a><\/td>\n<\/tr>\n<tr style=\"height: 24px;\">\n<td style=\"width: 50%; height: 24px;\">13\/05\/2024<\/td>\n<td style=\"width: 50%; height: 24px;\"><a href=\"https:\/\/www.tceam.tc.br\/wp-content\/uploads\/2024\/08\/CLIPPING-TCE-13.05.24.pdf\">Clique aqui<\/a><\/td>\n<\/tr>\n<tr style=\"height: 24px;\">\n<td style=\"width: 50%; height: 24px;\">14\/05\/2024<\/td>\n<td style=\"width: 50%; height: 24px;\"><a href=\"https:\/\/www.tceam.tc.br\/wp-content\/uploads\/2024\/08\/CLIPPING-TCE-14.05.24.pdf\">Clique aqui<\/a><\/td>\n<\/tr>\n<tr style=\"height: 24px;\">\n<td style=\"width: 50%; height: 24px;\">15\/05\/2024<\/td>\n<td style=\"width: 50%; height: 24px;\"><a href=\"https:\/\/www.tceam.tc.br\/wp-content\/uploads\/2024\/08\/CLIPPING-TCE-15.05.24.pdf\">Clique aqui<\/a><\/td>\n<\/tr>\n<tr style=\"height: 24px;\">\n<td style=\"width: 50%; height: 24px;\">20\/05\/2024<\/td>\n<td style=\"width: 50%; height: 24px;\"><a href=\"https:\/\/www.tceam.tc.br\/wp-content\/uploads\/2024\/08\/CLIPPING-TCE-20.05.24.pdf\">Clique aqui<\/a><\/td>\n<\/tr>\n<tr style=\"height: 24px;\">\n<td style=\"width: 50%; height: 24px;\">21\/05\/2024<\/td>\n<td style=\"width: 50%; height: 24px;\"><a href=\"https:\/\/www.tceam.tc.br\/wp-content\/uploads\/2024\/08\/CLIPPING-TCE-21.05.24.pdf\">Clique aqui<\/a><\/td>\n<\/tr>\n<tr style=\"height: 24px;\">\n<td style=\"width: 50%; height: 24px;\">22\/05\/2024<\/td>\n<td style=\"width: 50%; height: 24px;\"><a href=\"https:\/\/www.tceam.tc.br\/wp-content\/uploads\/2024\/08\/CLIPPING-TCE-22.05.24.pdf\">Clique aqui<\/a><\/td>\n<\/tr>\n<tr style=\"height: 24px;\">\n<td style=\"width: 50%; height: 24px;\">23\/05\/2024<\/td>\n<td style=\"width: 50%; height: 24px;\"><a href=\"https:\/\/www.tceam.tc.br\/wp-content\/uploads\/2024\/08\/CLIPPING-TCE-23.05.24.pdf\">Clique aqui<\/a><\/td>\n<\/tr>\n<tr style=\"height: 24px;\">\n<td style=\"width: 50%; height: 24px;\">24\/05\/2024<\/td>\n<td style=\"width: 50%; height: 24px;\"><a href=\"https:\/\/www.tceam.tc.br\/wp-content\/uploads\/2024\/08\/CLIPPING-TCE-24.05.24.pdf\">Clique aqui<\/a><\/td>\n<\/tr>\n<tr style=\"height: 24px;\">\n<td style=\"width: 50%; height: 24px;\">27\/05\/2024<\/td>\n<td style=\"width: 50%; height: 24px;\"><a href=\"https:\/\/www.tceam.tc.br\/wp-content\/uploads\/2024\/08\/CLIPPING-TCE-27.05.24.pdf\">Clique aqui<\/a><\/td>\n<\/tr>\n<tr style=\"height: 24px;\">\n<td style=\"width: 50%; height: 24px;\">28\/05\/2024<\/td>\n<td style=\"width: 50%; height: 24px;\"><a href=\"https:\/\/www.tceam.tc.br\/wp-content\/uploads\/2024\/08\/CLIPPING-TCE-28.05.24.pdf\">Clique aqui<\/a><\/td>\n<\/tr>\n<tr style=\"height: 24px;\">\n<td style=\"width: 50%; height: 24px;\">29\/05\/2024<\/td>\n<td style=\"width: 50%; height: 24px;\"><a href=\"https:\/\/www.tceam.tc.br\/wp-content\/uploads\/2024\/08\/CLIPPING-TCE-29.05.24.pdf\">Clique aqui<\/a><\/td>\n<\/tr>\n<\/tbody>\n<\/table>\n","protected":false},"excerpt":{"rendered":"<p>Data das publica\u00e7\u00f5es: Acesso \u00e0s publica\u00e7\u00f5es: 03\/05\/2024 Clique aqui 06\/05\/2024 Clique aqui 07\/05\/2024 Clique aqui 08\/05\/2024 Clique aqui 09\/05\/2024 Clique aqui 10\/05\/2024 Clique aqui 13\/05\/2024 Clique aqui 14\/05\/2024 Clique aqui 15\/05\/2024 Clique aqui 20\/05\/2024 Clique aqui 21\/05\/2024 Clique aqui 22\/05\/2024 Clique aqui 23\/05\/2024 Clique aqui 24\/05\/2024 Clique aqui 27\/05\/2024 Clique aqui 28\/05\/2024 Clique aqui 29\/05\/2024 [&hellip;]<\/p>\n","protected":false},"author":82,"featured_media":0,"parent":0,"menu_order":0,"comment_status":"closed","ping_status":"closed","template":"","meta":{"footnotes":""},"class_list":["post-74339","page","type-page","status-publish","hentry"],"_links":{"self":[{"href":"https:\/\/www.tceam.tc.br\/index.php?rest_route=\/wp\/v2\/pages\/74339","targetHints":{"allow":["GET"]}}],"collection":[{"href":"https:\/\/www.tceam.tc.br\/index.php?rest_route=\/wp\/v2\/pages"}],"about":[{"href":"https:\/\/www.tceam.tc.br\/index.php?rest_route=\/wp\/v2\/types\/page"}],"author":[{"embeddable":true,"href":"https:\/\/www.tceam.tc.br\/index.php?rest_route=\/wp\/v2\/users\/82"}],"replies":[{"embeddable":true,"href":"https:\/\/www.tceam.tc.br\/index.php?rest_route=%2Fwp%2Fv2%2Fcomments&post=74339"}],"version-history":[{"count":1,"href":"https:\/\/www.tceam.tc.br\/index.php?rest_route=\/wp\/v2\/pages\/74339\/revisions"}],"predecessor-version":[{"id":74361,"href":"https:\/\/www.tceam.tc.br\/index.php?rest_route=\/wp\/v2\/pages\/74339\/revisions\/74361"}],"wp:attachment":[{"href":"https:\/\/www.tceam.tc.br\/index.php?rest_route=%2Fwp%2Fv2%2Fmedia&parent=74339"}],"curies":[{"name":"wp","href":"https:\/\/api.w.org\/{rel}","templated":true}]}}