
{"id":74312,"date":"2024-08-20T09:24:53","date_gmt":"2024-08-20T13:24:53","guid":{"rendered":"https:\/\/www.tceam.tc.br\/?page_id=74312"},"modified":"2024-08-20T09:24:53","modified_gmt":"2024-08-20T13:24:53","slug":"abril-de-2024","status":"publish","type":"page","link":"https:\/\/www.tceam.tc.br\/?page_id=74312","title":{"rendered":"Abril de 2024"},"content":{"rendered":"<table style=\"border-collapse: collapse; width: 67.0051%; height: 408px;\">\n<tbody>\n<tr style=\"height: 24px;\">\n<td style=\"width: 50%; height: 24px;\"><strong>Data de publica\u00e7\u00e3o:<\/strong><\/td>\n<td style=\"width: 50%; height: 24px;\"><strong>Acesso \u00e0s publica\u00e7\u00f5es:<\/strong><\/td>\n<\/tr>\n<tr style=\"height: 24px;\">\n<td style=\"width: 50%; height: 24px;\">01\/04\/2024<\/td>\n<td style=\"width: 50%; height: 24px;\"><a href=\"https:\/\/www.tceam.tc.br\/wp-content\/uploads\/2024\/08\/CLIPPING-TCE-01.04.24.pdf\">Clique aqui\u00a0<\/a><\/td>\n<\/tr>\n<tr style=\"height: 24px;\">\n<td style=\"width: 50%; height: 24px;\">02\/04\/2024<\/td>\n<td style=\"width: 50%; height: 24px;\"><a href=\"https:\/\/www.tceam.tc.br\/wp-content\/uploads\/2024\/08\/CLIPPING-TCE-02.04.24.pdf\">Clique aqui\u00a0<\/a><\/td>\n<\/tr>\n<tr style=\"height: 24px;\">\n<td style=\"width: 50%; height: 24px;\">03\/04\/2024<\/td>\n<td style=\"width: 50%; height: 24px;\"><a href=\"https:\/\/www.tceam.tc.br\/wp-content\/uploads\/2024\/08\/CLIPPING-TCE-03.04.24.pdf\">Clique aqui\u00a0<\/a><\/td>\n<\/tr>\n<tr style=\"height: 24px;\">\n<td style=\"width: 50%; height: 24px;\">05\/04\/2024<\/td>\n<td style=\"width: 50%; height: 24px;\"><a href=\"https:\/\/www.tceam.tc.br\/wp-content\/uploads\/2024\/08\/CLIPPING-TCE-05.04.2024.pdf\">Clique aqui\u00a0<\/a><\/td>\n<\/tr>\n<tr style=\"height: 24px;\">\n<td style=\"width: 50%; height: 24px;\">08\/04\/2024<\/td>\n<td style=\"width: 50%; height: 24px;\"><a href=\"https:\/\/www.tceam.tc.br\/wp-content\/uploads\/2024\/08\/CLIPPING-TCE-08.04.24.pdf\">Clique aqui\u00a0<\/a><\/td>\n<\/tr>\n<tr style=\"height: 24px;\">\n<td style=\"width: 50%; height: 24px;\">09\/04\/2024<\/td>\n<td style=\"width: 50%; height: 24px;\"><a href=\"https:\/\/www.tceam.tc.br\/wp-content\/uploads\/2024\/08\/CLIPPING-TCE-09.04.24.pdf\">Clique aqui\u00a0<\/a><\/td>\n<\/tr>\n<tr style=\"height: 24px;\">\n<td style=\"width: 50%; height: 24px;\">10\/04\/2024<\/td>\n<td style=\"width: 50%; height: 24px;\"><a href=\"https:\/\/www.tceam.tc.br\/wp-content\/uploads\/2024\/08\/CLIPPING-TCE-10.04.24.pdf\">Clique aqui\u00a0<\/a><\/td>\n<\/tr>\n<tr style=\"height: 24px;\">\n<td style=\"width: 50%; height: 24px;\">11\/04\/2024<\/td>\n<td style=\"width: 50%; height: 24px;\"><a href=\"https:\/\/www.tceam.tc.br\/wp-content\/uploads\/2024\/08\/CLIPPING-TCE-11.04.24.pdf\">Clique aqui\u00a0<\/a><\/td>\n<\/tr>\n<tr style=\"height: 24px;\">\n<td style=\"width: 50%; height: 24px;\">12\/04\/2024<\/td>\n<td style=\"width: 50%; height: 24px;\"><a href=\"https:\/\/www.tceam.tc.br\/wp-content\/uploads\/2024\/08\/CLIPPING-TCE-12.04.24.pdf\">Clique aqui\u00a0<\/a><\/td>\n<\/tr>\n<tr style=\"height: 24px;\">\n<td style=\"width: 50%; height: 24px;\">15\/04\/2024<\/td>\n<td style=\"width: 50%; height: 24px;\"><a href=\"https:\/\/www.tceam.tc.br\/wp-content\/uploads\/2024\/08\/CLIPPING-TCE-15.04.24.pdf\">Clique aqui\u00a0<\/a><\/td>\n<\/tr>\n<tr style=\"height: 24px;\">\n<td style=\"width: 50%; height: 24px;\">16\/04\/2024<\/td>\n<td style=\"width: 50%; height: 24px;\"><a href=\"https:\/\/www.tceam.tc.br\/wp-content\/uploads\/2024\/08\/CLIPPING-TCE-16.04.24.pdf\">Clique aqui\u00a0<\/a><\/td>\n<\/tr>\n<tr style=\"height: 24px;\">\n<td style=\"width: 50%; height: 24px;\">17\/04\/2024<\/td>\n<td style=\"width: 50%; height: 24px;\"><a href=\"https:\/\/www.tceam.tc.br\/wp-content\/uploads\/2024\/08\/CLIPPING-TCE-17.04.24.pdf\">Clique aqui\u00a0<\/a><\/td>\n<\/tr>\n<tr style=\"height: 24px;\">\n<td style=\"width: 50%; height: 24px;\">18\/04\/2024<\/td>\n<td style=\"width: 50%; height: 24px;\"><a href=\"https:\/\/www.tceam.tc.br\/wp-content\/uploads\/2024\/08\/CLIPPING-TCE-18.04.24.pdf\">Clique aqui\u00a0<\/a><\/td>\n<\/tr>\n<tr style=\"height: 24px;\">\n<td style=\"width: 50%; height: 24px;\">19\/04\/2024<\/td>\n<td style=\"width: 50%; height: 24px;\"><a href=\"https:\/\/www.tceam.tc.br\/wp-content\/uploads\/2024\/08\/CLIPPING-TCE-19.04.24.pdf\">Clique aqui\u00a0<\/a><\/td>\n<\/tr>\n<tr style=\"height: 24px;\">\n<td style=\"width: 50%; height: 24px;\">22\/04\/2024<\/td>\n<td style=\"width: 50%; height: 24px;\"><a href=\"https:\/\/www.tceam.tc.br\/wp-content\/uploads\/2024\/08\/CLIPPING-TCE-22.04.24.pdf\">Clique aqui\u00a0<\/a><\/td>\n<\/tr>\n<tr style=\"height: 24px;\">\n<td style=\"width: 50%; height: 24px;\">24\/04\/2024<\/td>\n<td style=\"width: 50%; height: 24px;\"><a href=\"https:\/\/www.tceam.tc.br\/wp-content\/uploads\/2024\/08\/CLIPPING-TCE-24.04.24.pdf\">Clique aqui\u00a0<\/a><\/td>\n<\/tr>\n<tr>\n<td style=\"width: 50%;\">25\/04\/2024<\/td>\n<td style=\"width: 50%;\"><a href=\"https:\/\/www.tceam.tc.br\/wp-content\/uploads\/2024\/08\/CLIPPING-TCE-25.04.24.pdf\">Clique aqui\u00a0<\/a><\/td>\n<\/tr>\n<tr>\n<td style=\"width: 50%;\">29\/04\/2024<\/td>\n<td style=\"width: 50%;\"><a href=\"https:\/\/www.tceam.tc.br\/wp-content\/uploads\/2024\/08\/CLIPPING-TCE-29.04.24.pdf\">Clique aqui\u00a0<\/a><\/td>\n<\/tr>\n<\/tbody>\n<\/table>\n<p>&nbsp;<\/p>\n","protected":false},"excerpt":{"rendered":"<p>Data de publica\u00e7\u00e3o: Acesso \u00e0s publica\u00e7\u00f5es: 01\/04\/2024 Clique aqui\u00a0 02\/04\/2024 Clique aqui\u00a0 03\/04\/2024 Clique aqui\u00a0 05\/04\/2024 Clique aqui\u00a0 08\/04\/2024 Clique aqui\u00a0 09\/04\/2024 Clique aqui\u00a0 10\/04\/2024 Clique aqui\u00a0 11\/04\/2024 Clique aqui\u00a0 12\/04\/2024 Clique aqui\u00a0 15\/04\/2024 Clique aqui\u00a0 16\/04\/2024 Clique aqui\u00a0 17\/04\/2024 Clique aqui\u00a0 18\/04\/2024 Clique aqui\u00a0 19\/04\/2024 Clique aqui\u00a0 22\/04\/2024 Clique aqui\u00a0 24\/04\/2024 Clique aqui\u00a0 25\/04\/2024 [&hellip;]<\/p>\n","protected":false},"author":82,"featured_media":0,"parent":0,"menu_order":0,"comment_status":"closed","ping_status":"closed","template":"","meta":{"footnotes":""},"class_list":["post-74312","page","type-page","status-publish","hentry"],"_links":{"self":[{"href":"https:\/\/www.tceam.tc.br\/index.php?rest_route=\/wp\/v2\/pages\/74312","targetHints":{"allow":["GET"]}}],"collection":[{"href":"https:\/\/www.tceam.tc.br\/index.php?rest_route=\/wp\/v2\/pages"}],"about":[{"href":"https:\/\/www.tceam.tc.br\/index.php?rest_route=\/wp\/v2\/types\/page"}],"author":[{"embeddable":true,"href":"https:\/\/www.tceam.tc.br\/index.php?rest_route=\/wp\/v2\/users\/82"}],"replies":[{"embeddable":true,"href":"https:\/\/www.tceam.tc.br\/index.php?rest_route=%2Fwp%2Fv2%2Fcomments&post=74312"}],"version-history":[{"count":1,"href":"https:\/\/www.tceam.tc.br\/index.php?rest_route=\/wp\/v2\/pages\/74312\/revisions"}],"predecessor-version":[{"id":74331,"href":"https:\/\/www.tceam.tc.br\/index.php?rest_route=\/wp\/v2\/pages\/74312\/revisions\/74331"}],"wp:attachment":[{"href":"https:\/\/www.tceam.tc.br\/index.php?rest_route=%2Fwp%2Fv2%2Fmedia&parent=74312"}],"curies":[{"name":"wp","href":"https:\/\/api.w.org\/{rel}","templated":true}]}}