
{"id":74280,"date":"2024-08-20T08:23:49","date_gmt":"2024-08-20T12:23:49","guid":{"rendered":"https:\/\/www.tceam.tc.br\/?page_id=74280"},"modified":"2024-08-20T08:23:49","modified_gmt":"2024-08-20T12:23:49","slug":"marco-de-2024","status":"publish","type":"page","link":"https:\/\/www.tceam.tc.br\/?page_id=74280","title":{"rendered":"Mar\u00e7o de 2024"},"content":{"rendered":"<table style=\"border-collapse: collapse; width: 54.8949%; height: 455px;\">\n<tbody>\n<tr style=\"height: 24px;\">\n<td style=\"width: 50%; height: 24px;\"><strong>Data da publica\u00e7\u00e3o:<\/strong><\/td>\n<td style=\"width: 50%; height: 24px;\"><strong>Acesso \u00e0s publica\u00e7\u00f5es:<\/strong><\/td>\n<\/tr>\n<tr style=\"height: 24px;\">\n<td style=\"width: 50%; height: 24px;\">01\/03\/2024<\/td>\n<td style=\"width: 50%; height: 24px;\"><a href=\"https:\/\/www.tceam.tc.br\/wp-content\/uploads\/2024\/08\/CLIPPING-TCE-01.03.24.pdf\">Clique aqui<\/a><\/td>\n<\/tr>\n<tr style=\"height: 24px;\">\n<td style=\"width: 50%; height: 24px;\">04\/03\/2024<\/td>\n<td style=\"width: 50%; height: 24px;\"><a href=\"https:\/\/www.tceam.tc.br\/wp-content\/uploads\/2024\/08\/CLIPPING-TCE-04.03.24.pdf\">Clique aqui<\/a><\/td>\n<\/tr>\n<tr style=\"height: 24px;\">\n<td style=\"width: 50%; height: 24px;\">05\/03\/2024<\/td>\n<td style=\"width: 50%; height: 24px;\"><a href=\"https:\/\/www.tceam.tc.br\/wp-content\/uploads\/2024\/08\/CLIPPING-TCE-05.03.24.pdf\">Clique aqui<\/a><\/td>\n<\/tr>\n<tr style=\"height: 24px;\">\n<td style=\"width: 50%; height: 24px;\">06\/03\/2024<\/td>\n<td style=\"width: 50%; height: 24px;\"><a href=\"https:\/\/www.tceam.tc.br\/wp-content\/uploads\/2024\/08\/CLIPPING-TCE-06.03.24.pdf\">Clique aqui<\/a><\/td>\n<\/tr>\n<tr style=\"height: 24px;\">\n<td style=\"width: 50%; height: 24px;\">08\/03\/2024<\/td>\n<td style=\"width: 50%; height: 24px;\"><a href=\"https:\/\/www.tceam.tc.br\/wp-content\/uploads\/2024\/08\/CLIPPING-TCE-08.03.24.pdf\">Clique aqui<\/a><\/td>\n<\/tr>\n<tr style=\"height: 24px;\">\n<td style=\"width: 50%; height: 24px;\">11\/03\/2024<\/td>\n<td style=\"width: 50%; height: 24px;\"><a href=\"https:\/\/www.tceam.tc.br\/wp-content\/uploads\/2024\/08\/CLIPPING-TCE-11.03.24.pdf\">Clique aqui<\/a><\/td>\n<\/tr>\n<tr style=\"height: 24px;\">\n<td style=\"width: 50%; height: 24px;\">12\/03\/2024<\/td>\n<td style=\"width: 50%; height: 24px;\"><a href=\"https:\/\/www.tceam.tc.br\/wp-content\/uploads\/2024\/08\/CLIPPING-TCE-12.03.24.pdf\">Clique aqui<\/a><\/td>\n<\/tr>\n<tr style=\"height: 23px;\">\n<td style=\"width: 50%; height: 23px;\">13\/03\/2024<\/td>\n<td style=\"width: 50%; height: 23px;\"><a href=\"https:\/\/www.tceam.tc.br\/wp-content\/uploads\/2024\/08\/CLIPPING-TCE-13.03.24.pdf\">Clique aqui<\/a><\/td>\n<\/tr>\n<tr style=\"height: 24px;\">\n<td style=\"width: 50%; height: 24px;\">14\/03\/2024<\/td>\n<td style=\"width: 50%; height: 24px;\"><a href=\"https:\/\/www.tceam.tc.br\/wp-content\/uploads\/2024\/08\/CLIPPING-TCE-14.03.2024.pdf\">Clique aqui<\/a><\/td>\n<\/tr>\n<tr style=\"height: 24px;\">\n<td style=\"width: 50%; height: 24px;\">15\/03\/2024<\/td>\n<td style=\"width: 50%; height: 24px;\"><a href=\"https:\/\/www.tceam.tc.br\/wp-content\/uploads\/2024\/08\/CLIPPING-TCE-15.03.24.pdf\">Clique aqui<\/a><\/td>\n<\/tr>\n<tr style=\"height: 24px;\">\n<td style=\"width: 50%; height: 24px;\">18\/03\/2024<\/td>\n<td style=\"width: 50%; height: 24px;\"><a href=\"https:\/\/www.tceam.tc.br\/wp-content\/uploads\/2024\/08\/CLIPPING-TCE-18.03.24.pdf\">Clique aqui<\/a><\/td>\n<\/tr>\n<tr style=\"height: 24px;\">\n<td style=\"width: 50%; height: 24px;\">19\/03\/2024<\/td>\n<td style=\"width: 50%; height: 24px;\"><a href=\"https:\/\/www.tceam.tc.br\/wp-content\/uploads\/2024\/08\/CLIPPING-TCE-19.03.24.pdf\">Clique aqui<\/a><\/td>\n<\/tr>\n<tr style=\"height: 24px;\">\n<td style=\"width: 50%; height: 24px;\">20\/03\/2024<\/td>\n<td style=\"width: 50%; height: 24px;\"><a href=\"https:\/\/www.tceam.tc.br\/wp-content\/uploads\/2024\/08\/CLIPPING-TCE-20.03.24.pdf\">Clique aqui<\/a><\/td>\n<\/tr>\n<tr style=\"height: 24px;\">\n<td style=\"width: 50%; height: 24px;\">21\/03\/2024<\/td>\n<td style=\"width: 50%; height: 24px;\"><a href=\"https:\/\/www.tceam.tc.br\/wp-content\/uploads\/2024\/08\/CLIPPING-TCE-21.03.24.pdf\">Clique aqui<\/a><\/td>\n<\/tr>\n<tr style=\"height: 24px;\">\n<td style=\"width: 50%; height: 24px;\">22\/03\/2024<\/td>\n<td style=\"width: 50%; height: 24px;\"><a href=\"https:\/\/www.tceam.tc.br\/wp-content\/uploads\/2024\/08\/CLIPPING-TCE-22.03.24.pdf\">Clique aqui<\/a><\/td>\n<\/tr>\n<tr style=\"height: 24px;\">\n<td style=\"width: 50%; height: 24px;\">25\/03\/2024<\/td>\n<td style=\"width: 50%; height: 24px;\"><a href=\"https:\/\/www.tceam.tc.br\/wp-content\/uploads\/2024\/08\/CLIPPING-TCE-25.03.24.pdf\">Clique aqui<\/a><\/td>\n<\/tr>\n<tr style=\"height: 24px;\">\n<td style=\"width: 50%; height: 24px;\">26\/03\/2024<\/td>\n<td style=\"width: 50%; height: 24px;\"><a href=\"https:\/\/www.tceam.tc.br\/wp-content\/uploads\/2024\/08\/CLIPPING-TEC-26.03.24.pdf\">Clique aqui<\/a><\/td>\n<\/tr>\n<tr style=\"height: 24px;\">\n<td style=\"width: 50%; height: 24px;\">27\/03\/2024<\/td>\n<td style=\"width: 50%; height: 24px;\"><a href=\"https:\/\/www.tceam.tc.br\/wp-content\/uploads\/2024\/08\/CLIPPING-TCE-27.03.24.pdf\">Clique aqui<\/a><\/td>\n<\/tr>\n<\/tbody>\n<\/table>\n<p>&nbsp;<\/p>\n","protected":false},"excerpt":{"rendered":"<p>Data da publica\u00e7\u00e3o: Acesso \u00e0s publica\u00e7\u00f5es: 01\/03\/2024 Clique aqui 04\/03\/2024 Clique aqui 05\/03\/2024 Clique aqui 06\/03\/2024 Clique aqui 08\/03\/2024 Clique aqui 11\/03\/2024 Clique aqui 12\/03\/2024 Clique aqui 13\/03\/2024 Clique aqui 14\/03\/2024 Clique aqui 15\/03\/2024 Clique aqui 18\/03\/2024 Clique aqui 19\/03\/2024 Clique aqui 20\/03\/2024 Clique aqui 21\/03\/2024 Clique aqui 22\/03\/2024 Clique aqui 25\/03\/2024 Clique aqui 26\/03\/2024 [&hellip;]<\/p>\n","protected":false},"author":82,"featured_media":0,"parent":0,"menu_order":0,"comment_status":"closed","ping_status":"closed","template":"","meta":{"footnotes":""},"class_list":["post-74280","page","type-page","status-publish","hentry"],"_links":{"self":[{"href":"https:\/\/www.tceam.tc.br\/index.php?rest_route=\/wp\/v2\/pages\/74280","targetHints":{"allow":["GET"]}}],"collection":[{"href":"https:\/\/www.tceam.tc.br\/index.php?rest_route=\/wp\/v2\/pages"}],"about":[{"href":"https:\/\/www.tceam.tc.br\/index.php?rest_route=\/wp\/v2\/types\/page"}],"author":[{"embeddable":true,"href":"https:\/\/www.tceam.tc.br\/index.php?rest_route=\/wp\/v2\/users\/82"}],"replies":[{"embeddable":true,"href":"https:\/\/www.tceam.tc.br\/index.php?rest_route=%2Fwp%2Fv2%2Fcomments&post=74280"}],"version-history":[{"count":1,"href":"https:\/\/www.tceam.tc.br\/index.php?rest_route=\/wp\/v2\/pages\/74280\/revisions"}],"predecessor-version":[{"id":74303,"href":"https:\/\/www.tceam.tc.br\/index.php?rest_route=\/wp\/v2\/pages\/74280\/revisions\/74303"}],"wp:attachment":[{"href":"https:\/\/www.tceam.tc.br\/index.php?rest_route=%2Fwp%2Fv2%2Fmedia&parent=74280"}],"curies":[{"name":"wp","href":"https:\/\/api.w.org\/{rel}","templated":true}]}}