
{"id":67658,"date":"2023-11-06T14:43:36","date_gmt":"2023-11-06T18:43:36","guid":{"rendered":"https:\/\/www.tceam.tc.br\/?page_id=67658"},"modified":"2024-08-21T11:07:47","modified_gmt":"2024-08-21T15:07:47","slug":"novembro-de-2023","status":"publish","type":"page","link":"https:\/\/www.tceam.tc.br\/?page_id=67658","title":{"rendered":"Novembro de 2023"},"content":{"rendered":"<table style=\"border-collapse: collapse; width: 54.8223%; height: 48px;\">\n<tbody>\n<tr style=\"height: 24px;\">\n<td style=\"width: 50%; height: 24px;\"><strong>Data das publica\u00e7\u00f5es:<\/strong><\/td>\n<td style=\"width: 50%; height: 24px;\"><strong>Acesso \u00e0s publica\u00e7\u00f5es:<\/strong><\/td>\n<\/tr>\n<tr style=\"height: 24px;\">\n<td style=\"width: 50%; height: 24px;\">Novembro de 2023<\/td>\n<td style=\"width: 50%; height: 24px;\"><a href=\"https:\/\/www.tceam.tc.br\/wp-content\/uploads\/2024\/08\/CLIPPING-TCE-NOVEMBRO-DE-2023.pdf\">Clique aqui\u00a0<\/a><\/td>\n<\/tr>\n<\/tbody>\n<\/table>\n","protected":false},"excerpt":{"rendered":"<p>Data das publica\u00e7\u00f5es: Acesso \u00e0s publica\u00e7\u00f5es: Novembro de 2023 Clique aqui\u00a0<\/p>\n","protected":false},"author":49,"featured_media":0,"parent":0,"menu_order":0,"comment_status":"closed","ping_status":"closed","template":"","meta":{"footnotes":""},"class_list":["post-67658","page","type-page","status-publish","hentry"],"_links":{"self":[{"href":"https:\/\/www.tceam.tc.br\/index.php?rest_route=\/wp\/v2\/pages\/67658","targetHints":{"allow":["GET"]}}],"collection":[{"href":"https:\/\/www.tceam.tc.br\/index.php?rest_route=\/wp\/v2\/pages"}],"about":[{"href":"https:\/\/www.tceam.tc.br\/index.php?rest_route=\/wp\/v2\/types\/page"}],"author":[{"embeddable":true,"href":"https:\/\/www.tceam.tc.br\/index.php?rest_route=\/wp\/v2\/users\/49"}],"replies":[{"embeddable":true,"href":"https:\/\/www.tceam.tc.br\/index.php?rest_route=%2Fwp%2Fv2%2Fcomments&post=67658"}],"version-history":[{"count":4,"href":"https:\/\/www.tceam.tc.br\/index.php?rest_route=\/wp\/v2\/pages\/67658\/revisions"}],"predecessor-version":[{"id":74804,"href":"https:\/\/www.tceam.tc.br\/index.php?rest_route=\/wp\/v2\/pages\/67658\/revisions\/74804"}],"wp:attachment":[{"href":"https:\/\/www.tceam.tc.br\/index.php?rest_route=%2Fwp%2Fv2%2Fmedia&parent=67658"}],"curies":[{"name":"wp","href":"https:\/\/api.w.org\/{rel}","templated":true}]}}