
{"id":67368,"date":"2023-10-17T08:50:08","date_gmt":"2023-10-17T12:50:08","guid":{"rendered":"https:\/\/www.tceam.tc.br\/?page_id=67368"},"modified":"2023-10-19T11:06:41","modified_gmt":"2023-10-19T15:06:41","slug":"outubro-de-2023","status":"publish","type":"page","link":"https:\/\/www.tceam.tc.br\/?page_id=67368","title":{"rendered":"Outubro de 2023"},"content":{"rendered":"<table style=\"width: 50.0704%; height: 589px;\">\n<tbody>\n<tr style=\"height: 24px;\">\n<td style=\"width: 146.285px; height: 24px;\"><strong>Dia<\/strong><\/td>\n<td style=\"width: 223.021px; height: 24px;\"><strong>Jornal<\/strong><\/td>\n<td style=\"width: 274.271px; height: 24px;\"><strong>Caderno<\/strong><\/td>\n<\/tr>\n<tr style=\"height: 24px;\">\n<td style=\"width: 146.285px; height: 24px;\">01\/10<\/td>\n<td style=\"width: 223.021px; height: 24px;\">A Cr\u00edtica<\/td>\n<td style=\"width: 274.271px; height: 24px;\"><a href=\"https:\/\/www.tceam.tc.br\/wp-content\/uploads\/2023\/10\/CamScanner-10-10-2023-13.20.pdf\">J\u00falio Ventilari<\/a><\/td>\n<\/tr>\n<tr style=\"height: 24px;\">\n<td style=\"width: 146.285px; height: 24px;\">03\/10<\/td>\n<td style=\"width: 223.021px; height: 24px;\">Di\u00e1rio do Amazonas<\/td>\n<td style=\"width: 274.271px; height: 24px;\"><a href=\"https:\/\/www.tceam.tc.br\/wp-content\/uploads\/2023\/10\/2.pdf\">Pol\u00edtica<\/a><\/td>\n<\/tr>\n<tr style=\"height: 24px;\">\n<td style=\"width: 146.285px; height: 24px;\">03\/10<\/td>\n<td style=\"width: 223.021px; height: 24px;\">A Cr\u00edtica<\/td>\n<td style=\"width: 274.271px; height: 24px;\"><a href=\"https:\/\/www.tceam.tc.br\/wp-content\/uploads\/2023\/10\/3.pdf\">Pol\u00edtica<\/a><\/td>\n<\/tr>\n<tr style=\"height: 24px;\">\n<td style=\"width: 146.285px; height: 24px;\">04\/10<\/td>\n<td style=\"width: 223.021px; height: 24px;\">Di\u00e1rio do Amazonas<\/td>\n<td style=\"width: 274.271px; height: 24px;\"><a href=\"https:\/\/www.tceam.tc.br\/wp-content\/uploads\/2023\/10\/4.pdf\">Pol\u00edtica<\/a><\/td>\n<\/tr>\n<tr style=\"height: 20px;\">\n<td style=\"width: 146.285px; height: 20px;\">04\/10<\/td>\n<td style=\"width: 223.021px; height: 20px;\">Di\u00e1rio do Amazonas<\/td>\n<td style=\"width: 274.271px; height: 20px;\"><a href=\"https:\/\/www.tceam.tc.br\/wp-content\/uploads\/2023\/10\/5.pdf\">Capa<\/a><\/td>\n<\/tr>\n<tr style=\"height: 24px;\">\n<td style=\"width: 146.285px; height: 24px;\">04\/10<\/td>\n<td style=\"width: 223.021px; height: 24px;\">A Cr\u00edtica<\/td>\n<td style=\"width: 274.271px; height: 24px;\"><a href=\"https:\/\/www.tceam.tc.br\/wp-content\/uploads\/2023\/10\/6.pdf\">Pol\u00edtica\u00a0<\/a><\/td>\n<\/tr>\n<tr style=\"height: 24px;\">\n<td style=\"width: 146.285px; height: 24px;\">04\/10<\/td>\n<td style=\"width: 223.021px; height: 24px;\">Jornal do Commercio<\/td>\n<td style=\"width: 274.271px; height: 24px;\"><a href=\"https:\/\/www.tceam.tc.br\/wp-content\/uploads\/2023\/10\/7.pdf\">Maz\u00e9 Mour\u00e3o<\/a><\/td>\n<\/tr>\n<tr style=\"height: 24px;\">\n<td style=\"width: 146.285px; height: 24px;\">05\/10<\/td>\n<td style=\"width: 223.021px; height: 24px;\">Jornal do Commercio<\/td>\n<td style=\"width: 274.271px; height: 24px;\"><a href=\"https:\/\/www.tceam.tc.br\/wp-content\/uploads\/2023\/10\/8.pdf\">Pedrinho Aguiar<\/a><\/td>\n<\/tr>\n<tr style=\"height: 24px;\">\n<td style=\"width: 146.285px; height: 24px;\">06\/10<\/td>\n<td style=\"width: 223.021px; height: 24px;\">Jornal do Commercio<\/td>\n<td style=\"width: 274.271px; height: 24px;\"><a href=\"https:\/\/www.tceam.tc.br\/wp-content\/uploads\/2023\/10\/9.pdf\">Pedro Cort\u00eas<\/a><\/td>\n<\/tr>\n<tr style=\"height: 24px;\">\n<td style=\"width: 146.285px; height: 24px;\">06\/10<\/td>\n<td style=\"width: 223.021px; height: 24px;\">A Cr\u00edtica<\/td>\n<td style=\"width: 274.271px; height: 24px;\"><a href=\"https:\/\/www.tceam.tc.br\/wp-content\/uploads\/2023\/10\/10.pdf\">Pol\u00edtica<\/a><\/td>\n<\/tr>\n<tr style=\"height: 24px;\">\n<td style=\"width: 146.285px; height: 24px;\">06\/10<\/td>\n<td style=\"width: 223.021px; height: 24px;\">A Cr\u00edtica<\/td>\n<td style=\"width: 274.271px; height: 24px;\"><a href=\"https:\/\/www.tceam.tc.br\/wp-content\/uploads\/2023\/10\/11.pdf\">Guto Oliveira<\/a><\/td>\n<\/tr>\n<tr style=\"height: 24px;\">\n<td style=\"width: 146.285px; height: 24px;\">06\/10<\/td>\n<td style=\"width: 223.021px; height: 24px;\">Di\u00e1rio do Amazonas<\/td>\n<td style=\"width: 274.271px; height: 24px;\"><a href=\"https:\/\/www.tceam.tc.br\/wp-content\/uploads\/2023\/10\/12-1.pdf\">Primeiro Plano<\/a><\/td>\n<\/tr>\n<tr style=\"height: 24px;\">\n<td style=\"width: 146.285px; height: 24px;\">10\/10<\/td>\n<td style=\"width: 223.021px; height: 24px;\">A Cr\u00edtica<\/td>\n<td style=\"width: 274.271px; height: 24px;\"><a href=\"https:\/\/www.tceam.tc.br\/wp-content\/uploads\/2023\/10\/13.pdf\">Pol\u00edtica<\/a><\/td>\n<\/tr>\n<tr style=\"height: 24px;\">\n<td style=\"width: 146.285px; height: 24px;\">10\/10<\/td>\n<td style=\"width: 223.021px; height: 24px;\">A Cr\u00edtica<\/td>\n<td style=\"width: 274.271px; height: 24px;\"><a href=\"https:\/\/www.tceam.tc.br\/wp-content\/uploads\/2023\/10\/14.pdf\">J\u00falio Ventilari<\/a><\/td>\n<\/tr>\n<tr style=\"height: 24px;\">\n<td style=\"width: 146.285px; height: 24px;\">10\/10<\/td>\n<td style=\"width: 223.021px; height: 24px;\">Di\u00e1rio do Amazonas<\/td>\n<td style=\"width: 274.271px; height: 24px;\"><a href=\"https:\/\/www.tceam.tc.br\/wp-content\/uploads\/2023\/10\/15.pdf\">Capa<\/a><\/td>\n<\/tr>\n<tr style=\"height: 24px;\">\n<td style=\"width: 146.285px; height: 24px;\">14\/10<\/td>\n<td style=\"width: 223.021px; height: 24px;\">Jornal do Commercio<\/td>\n<td style=\"width: 274.271px; height: 24px; text-align: center;\"><a href=\"https:\/\/www.tceam.tc.br\/wp-content\/uploads\/2023\/10\/2023-10-16-ed-43.903.pdf\">Edi\u00e7\u00e3o especial do Anivers\u00e1rio do TCE-AM<\/a><\/td>\n<\/tr>\n<tr style=\"height: 24px;\">\n<td style=\"width: 146.285px; height: 17px;\">18\/10<\/td>\n<td style=\"width: 223.021px; height: 17px;\">Di\u00e1rio do Amazonas<\/td>\n<td style=\"width: 274.271px; height: 17px;\"><a href=\"https:\/\/www.tceam.tc.br\/wp-content\/uploads\/2023\/10\/diario-do-Amazonas-18-politica.pdf\">Pol\u00edtica<\/a><\/td>\n<\/tr>\n<tr style=\"height: 24px;\">\n<td style=\"width: 146.285px; height: 24px;\">18\/10<\/td>\n<td style=\"width: 223.021px; height: 24px;\">A Cr\u00edtica<\/td>\n<td style=\"width: 274.271px; height: 24px;\"><a href=\"https:\/\/www.tceam.tc.br\/wp-content\/uploads\/2023\/10\/a-critica.-sim-e-nao-18.pdf\">Sim&amp;N\u00e3o<\/a><\/td>\n<\/tr>\n<tr style=\"height: 24px;\">\n<td style=\"width: 146.285px; height: 24px;\">18\/10<\/td>\n<td style=\"width: 223.021px; height: 24px;\">A Cr\u00edtica<\/td>\n<td style=\"width: 274.271px; height: 24px;\"><a href=\"https:\/\/www.tceam.tc.br\/wp-content\/uploads\/2023\/10\/a-critica-18-Julio-ventilari.pdf\">J\u00falio Ventilari<\/a><\/td>\n<\/tr>\n<tr style=\"height: 24px;\">\n<td style=\"width: 146.285px; height: 24px;\">18\/10<\/td>\n<td style=\"width: 223.021px; height: 24px;\">Jornal do Commercio<\/td>\n<td style=\"width: 274.271px; height: 24px;\"><a href=\"https:\/\/www.tceam.tc.br\/wp-content\/uploads\/2023\/10\/jornal-do-comercio-18-maze.pdf\">Maz\u00e9 Mour\u00e3o<\/a><\/td>\n<\/tr>\n<tr style=\"height: 24px;\">\n<td style=\"width: 146.285px; height: 24px;\">19\/10<\/td>\n<td style=\"width: 223.021px; height: 24px;\">Jornal do Commercio<\/td>\n<td style=\"width: 274.271px; height: 24px;\"><a href=\"https:\/\/www.tceam.tc.br\/wp-content\/uploads\/2023\/10\/CamScanner-19-10-2023-09.16.pdf\">Pedrinho Aguiar<\/a><\/td>\n<\/tr>\n<tr style=\"height: 24px;\">\n<td style=\"width: 146.285px; height: 24px;\"><\/td>\n<td style=\"width: 223.021px; height: 24px;\"><\/td>\n<td style=\"width: 274.271px; height: 24px;\"><\/td>\n<\/tr>\n<tr style=\"height: 24px;\">\n<td style=\"width: 146.285px; height: 24px;\"><\/td>\n<td style=\"width: 223.021px; height: 24px;\"><\/td>\n<td style=\"width: 274.271px; height: 24px;\"><\/td>\n<\/tr>\n<tr style=\"height: 24px;\">\n<td style=\"width: 146.285px; height: 24px;\"><\/td>\n<td style=\"width: 223.021px; height: 24px;\"><\/td>\n<td style=\"width: 274.271px; height: 24px;\"><\/td>\n<\/tr>\n<\/tbody>\n<\/table>\n","protected":false},"excerpt":{"rendered":"<p>Dia Jornal Caderno 01\/10 A Cr\u00edtica J\u00falio Ventilari 03\/10 Di\u00e1rio do Amazonas Pol\u00edtica 03\/10 A Cr\u00edtica Pol\u00edtica 04\/10 Di\u00e1rio do Amazonas Pol\u00edtica 04\/10 Di\u00e1rio do Amazonas Capa 04\/10 A Cr\u00edtica Pol\u00edtica\u00a0 04\/10 Jornal do Commercio Maz\u00e9 Mour\u00e3o 05\/10 Jornal do Commercio Pedrinho Aguiar 06\/10 Jornal do Commercio Pedro Cort\u00eas 06\/10 A Cr\u00edtica Pol\u00edtica 06\/10 A [&hellip;]<\/p>\n","protected":false},"author":49,"featured_media":0,"parent":0,"menu_order":0,"comment_status":"closed","ping_status":"closed","template":"","meta":{"footnotes":""},"class_list":["post-67368","page","type-page","status-publish","hentry"],"_links":{"self":[{"href":"https:\/\/www.tceam.tc.br\/index.php?rest_route=\/wp\/v2\/pages\/67368","targetHints":{"allow":["GET"]}}],"collection":[{"href":"https:\/\/www.tceam.tc.br\/index.php?rest_route=\/wp\/v2\/pages"}],"about":[{"href":"https:\/\/www.tceam.tc.br\/index.php?rest_route=\/wp\/v2\/types\/page"}],"author":[{"embeddable":true,"href":"https:\/\/www.tceam.tc.br\/index.php?rest_route=\/wp\/v2\/users\/49"}],"replies":[{"embeddable":true,"href":"https:\/\/www.tceam.tc.br\/index.php?rest_route=%2Fwp%2Fv2%2Fcomments&post=67368"}],"version-history":[{"count":6,"href":"https:\/\/www.tceam.tc.br\/index.php?rest_route=\/wp\/v2\/pages\/67368\/revisions"}],"predecessor-version":[{"id":67675,"href":"https:\/\/www.tceam.tc.br\/index.php?rest_route=\/wp\/v2\/pages\/67368\/revisions\/67675"}],"wp:attachment":[{"href":"https:\/\/www.tceam.tc.br\/index.php?rest_route=%2Fwp%2Fv2%2Fmedia&parent=67368"}],"curies":[{"name":"wp","href":"https:\/\/api.w.org\/{rel}","templated":true}]}}