
{"id":66891,"date":"2023-09-19T08:45:53","date_gmt":"2023-09-19T12:45:53","guid":{"rendered":"https:\/\/www.tceam.tc.br\/?page_id=66891"},"modified":"2023-10-09T14:13:30","modified_gmt":"2023-10-09T18:13:30","slug":"concurso-estadual-de-redacao-edital-no-03-2023-ecp","status":"publish","type":"page","link":"https:\/\/www.tceam.tc.br\/?page_id=66891","title":{"rendered":"Concurso Estadual de Reda\u00e7\u00e3o &#8211; Edital N\u00ba 03\/2023\/ECP"},"content":{"rendered":"<p><span style=\"color: #0000ff;\"><strong><a style=\"color: #0000ff;\" href=\"https:\/\/www.tceam.tc.br\/wp-content\/uploads\/2023\/09\/REGULAMENTO-DO-CONCURSO-ESTADUAL-DE-REDACAO.pdf\">REGULAMENTO &#8211; CONCURSO ESTADUAL DE REDA\u00c7\u00c3O<\/a><\/strong><\/span><\/p>\n<p><span style=\"color: #0000ff;\"><strong><a style=\"color: #0000ff;\" href=\"https:\/\/www.tceam.tc.br\/wp-content\/uploads\/2023\/10\/Publicacao-DOE-Resultado-Final-.pdf\">Publica\u00e7\u00e3o &#8211; Resultado Final<\/a><\/strong><\/span><\/p>\n","protected":false},"excerpt":{"rendered":"<p>REGULAMENTO &#8211; CONCURSO ESTADUAL DE REDA\u00c7\u00c3O Publica\u00e7\u00e3o &#8211; Resultado Final<\/p>\n","protected":false},"author":49,"featured_media":0,"parent":0,"menu_order":0,"comment_status":"closed","ping_status":"closed","template":"","meta":{"footnotes":""},"class_list":["post-66891","page","type-page","status-publish","hentry"],"_links":{"self":[{"href":"https:\/\/www.tceam.tc.br\/index.php?rest_route=\/wp\/v2\/pages\/66891","targetHints":{"allow":["GET"]}}],"collection":[{"href":"https:\/\/www.tceam.tc.br\/index.php?rest_route=\/wp\/v2\/pages"}],"about":[{"href":"https:\/\/www.tceam.tc.br\/index.php?rest_route=\/wp\/v2\/types\/page"}],"author":[{"embeddable":true,"href":"https:\/\/www.tceam.tc.br\/index.php?rest_route=\/wp\/v2\/users\/49"}],"replies":[{"embeddable":true,"href":"https:\/\/www.tceam.tc.br\/index.php?rest_route=%2Fwp%2Fv2%2Fcomments&post=66891"}],"version-history":[{"count":6,"href":"https:\/\/www.tceam.tc.br\/index.php?rest_route=\/wp\/v2\/pages\/66891\/revisions"}],"predecessor-version":[{"id":67297,"href":"https:\/\/www.tceam.tc.br\/index.php?rest_route=\/wp\/v2\/pages\/66891\/revisions\/67297"}],"wp:attachment":[{"href":"https:\/\/www.tceam.tc.br\/index.php?rest_route=%2Fwp%2Fv2%2Fmedia&parent=66891"}],"curies":[{"name":"wp","href":"https:\/\/api.w.org\/{rel}","templated":true}]}}