
{"id":66883,"date":"2023-09-19T08:44:37","date_gmt":"2023-09-19T12:44:37","guid":{"rendered":"https:\/\/www.tceam.tc.br\/?page_id=66883"},"modified":"2023-09-19T08:48:05","modified_gmt":"2023-09-19T12:48:05","slug":"programa-de-formacao-de-agentes-de-controle-social-edital-no-02-2023-ecp","status":"publish","type":"page","link":"https:\/\/www.tceam.tc.br\/?page_id=66883","title":{"rendered":"Programa de Forma\u00e7\u00e3o de Agentes de Controle Social &#8211; Edital N\u00ba 02\/2023\/ECP"},"content":{"rendered":"<p><span style=\"color: #0000ff;\"><strong><a style=\"color: #0000ff;\" href=\"https:\/\/www.tceam.tc.br\/wp-content\/uploads\/2023\/09\/EDITAL-PARA-SELECAO-DO-PROFAC-2023.pdf\">EDITAL PARA SELE\u00c7\u00c3O DO PROFAC 2023<\/a> <\/strong><\/span><\/p>\n<p><span style=\"color: #0000ff;\"><strong><a style=\"color: #0000ff;\" href=\"https:\/\/www.tceam.tc.br\/wp-content\/uploads\/2023\/09\/INSCRICOES-DEFERIDAS-PROFAC-2023.pdf\">INSCRI\u00c7\u00d5ES DEFERIDAS &#8211; PROFAC 2023<\/a><\/strong><\/span><\/p>\n","protected":false},"excerpt":{"rendered":"<p>EDITAL PARA SELE\u00c7\u00c3O DO PROFAC 2023 INSCRI\u00c7\u00d5ES DEFERIDAS &#8211; PROFAC 2023<\/p>\n","protected":false},"author":49,"featured_media":0,"parent":0,"menu_order":0,"comment_status":"closed","ping_status":"closed","template":"","meta":{"footnotes":""},"class_list":["post-66883","page","type-page","status-publish","hentry"],"_links":{"self":[{"href":"https:\/\/www.tceam.tc.br\/index.php?rest_route=\/wp\/v2\/pages\/66883","targetHints":{"allow":["GET"]}}],"collection":[{"href":"https:\/\/www.tceam.tc.br\/index.php?rest_route=\/wp\/v2\/pages"}],"about":[{"href":"https:\/\/www.tceam.tc.br\/index.php?rest_route=\/wp\/v2\/types\/page"}],"author":[{"embeddable":true,"href":"https:\/\/www.tceam.tc.br\/index.php?rest_route=\/wp\/v2\/users\/49"}],"replies":[{"embeddable":true,"href":"https:\/\/www.tceam.tc.br\/index.php?rest_route=%2Fwp%2Fv2%2Fcomments&post=66883"}],"version-history":[{"count":4,"href":"https:\/\/www.tceam.tc.br\/index.php?rest_route=\/wp\/v2\/pages\/66883\/revisions"}],"predecessor-version":[{"id":66900,"href":"https:\/\/www.tceam.tc.br\/index.php?rest_route=\/wp\/v2\/pages\/66883\/revisions\/66900"}],"wp:attachment":[{"href":"https:\/\/www.tceam.tc.br\/index.php?rest_route=%2Fwp%2Fv2%2Fmedia&parent=66883"}],"curies":[{"name":"wp","href":"https:\/\/api.w.org\/{rel}","templated":true}]}}