
{"id":63672,"date":"2023-05-10T10:17:07","date_gmt":"2023-05-10T14:17:07","guid":{"rendered":"https:\/\/www.tceam.tc.br\/?page_id=63672"},"modified":"2023-05-10T10:27:57","modified_gmt":"2023-05-10T14:27:57","slug":"processo-seletivo-de-estagiarios-2022","status":"publish","type":"page","link":"https:\/\/www.tceam.tc.br\/?page_id=63672","title":{"rendered":"Processo Seletivo de Estagi\u00e1rios 2022"},"content":{"rendered":"<ul>\n<li>\n<h5><strong><a href=\"https:\/\/www.tceam.tc.br\/wp-content\/uploads\/2023\/05\/EDITAL_n__02_2022_ECP_TCE_AM___PROCESSO_SELETIVO_DE_ESTAGIO.pdf\">Edital n\u00ba 02 2022 &#8211; Processo Seletivo de Est\u00e1gio<\/a><\/strong><\/h5>\n<\/li>\n<li>\n<h5><strong><a href=\"https:\/\/www.tceam.tc.br\/wp-content\/uploads\/2023\/05\/EDITAL_n__02_2022_ECP_TCE_AM___PSE_2022___Anexo_I___Cronograma.pdf\">Anexo I &#8211; Cronograma<\/a><\/strong><\/h5>\n<\/li>\n<li>\n<h5><strong><a href=\"https:\/\/www.tceam.tc.br\/wp-content\/uploads\/2023\/05\/EDITAL_n__02_2022_ECP_TCE_AM___PSE_2022___Anexo_II___Formulario_para_Pedido_de_Reexame.pdf\">Anexo II &#8211; Formul\u00e1rio para Pedido de Reexame<\/a><\/strong><\/h5>\n<\/li>\n<li>\n<h5><strong><a href=\"https:\/\/www.tceam.tc.br\/wp-content\/uploads\/2023\/05\/EDITAL_n__02_2022_ECP_TCE_AM___PSE_2022___Anexo_III___Formulario_para_Recurso.pdf\">Anexo III &#8211; Formul\u00e1rio para Recurso<\/a><\/strong><\/h5>\n<\/li>\n<li>\n<h5><strong><a href=\"https:\/\/www.tceam.tc.br\/wp-content\/uploads\/2023\/05\/EDITAL_n__02_2022_ECP_TCE_AM___PSE_2022___Anexo_IV___Formulario_para_Impugnacao_do_Edital.pdf\">Anexo IV &#8211; Formul\u00e1rio para Impugna\u00e7\u00e3o do Edital<\/a><\/strong><\/h5>\n<\/li>\n<li>\n<h5><strong><a href=\"https:\/\/www.tceam.tc.br\/wp-content\/uploads\/2023\/05\/PSE_2022___Lista_de_Inscricoes_Deferidas.pdf\">Lista de Inscri\u00e7\u00f5es Deferidas<\/a><\/strong><\/h5>\n<\/li>\n<li>\n<h5><strong><a href=\"https:\/\/www.tceam.tc.br\/wp-content\/uploads\/2023\/05\/PSE_2022___Lista_de_Inscricoes_Deferidas_apos_Pedidos_de_Reexame_e_Revisao_Geral.pdf\">Lista de Inscri\u00e7\u00f5es Deferidas ap\u00f3s Pedidos de Reexame e Revis\u00e3o Geral<\/a><\/strong><\/h5>\n<\/li>\n<li>\n<h5><strong><a href=\"https:\/\/www.tceam.tc.br\/wp-content\/uploads\/2023\/05\/PSE_2022___Resultado_Preliminar___07_12_2022___DOE_TCE_AM.pdf\">Resultado Preliminar<\/a><\/strong><\/h5>\n<\/li>\n<li>\n<h5><strong><a href=\"https:\/\/www.tceam.tc.br\/wp-content\/uploads\/2023\/05\/15_12_2022-DOE_TCE_AM-Resultado-dos-Recursos.pdf\">Resultado dos Recursos<\/a><\/strong><\/h5>\n<\/li>\n<li>\n<h5><strong><a href=\"https:\/\/www.tceam.tc.br\/wp-content\/uploads\/2023\/05\/PSE_2022___Resultado_Final___16_12_2022___DOE_TCE_AM.pdf\">PSE 2022 &#8211; Resultado Final<\/a><\/strong><\/h5>\n<\/li>\n<\/ul>\n","protected":false},"excerpt":{"rendered":"<p>Edital n\u00ba 02 2022 &#8211; Processo Seletivo de Est\u00e1gio Anexo I &#8211; Cronograma Anexo II &#8211; Formul\u00e1rio para Pedido de Reexame Anexo III &#8211; Formul\u00e1rio para Recurso Anexo IV &#8211; Formul\u00e1rio para Impugna\u00e7\u00e3o do Edital Lista de Inscri\u00e7\u00f5es Deferidas Lista de Inscri\u00e7\u00f5es Deferidas ap\u00f3s Pedidos de Reexame e Revis\u00e3o Geral Resultado Preliminar Resultado dos Recursos [&hellip;]<\/p>\n","protected":false},"author":49,"featured_media":0,"parent":0,"menu_order":0,"comment_status":"closed","ping_status":"closed","template":"","meta":{"footnotes":""},"class_list":["post-63672","page","type-page","status-publish","hentry"],"_links":{"self":[{"href":"https:\/\/www.tceam.tc.br\/index.php?rest_route=\/wp\/v2\/pages\/63672","targetHints":{"allow":["GET"]}}],"collection":[{"href":"https:\/\/www.tceam.tc.br\/index.php?rest_route=\/wp\/v2\/pages"}],"about":[{"href":"https:\/\/www.tceam.tc.br\/index.php?rest_route=\/wp\/v2\/types\/page"}],"author":[{"embeddable":true,"href":"https:\/\/www.tceam.tc.br\/index.php?rest_route=\/wp\/v2\/users\/49"}],"replies":[{"embeddable":true,"href":"https:\/\/www.tceam.tc.br\/index.php?rest_route=%2Fwp%2Fv2%2Fcomments&post=63672"}],"version-history":[{"count":6,"href":"https:\/\/www.tceam.tc.br\/index.php?rest_route=\/wp\/v2\/pages\/63672\/revisions"}],"predecessor-version":[{"id":63699,"href":"https:\/\/www.tceam.tc.br\/index.php?rest_route=\/wp\/v2\/pages\/63672\/revisions\/63699"}],"wp:attachment":[{"href":"https:\/\/www.tceam.tc.br\/index.php?rest_route=%2Fwp%2Fv2%2Fmedia&parent=63672"}],"curies":[{"name":"wp","href":"https:\/\/api.w.org\/{rel}","templated":true}]}}