
{"id":63240,"date":"2023-06-26T15:30:54","date_gmt":"2023-06-26T19:30:54","guid":{"rendered":"https:\/\/www.tceam.tc.br\/?page_id=63240"},"modified":"2024-05-21T08:12:31","modified_gmt":"2024-05-21T12:12:31","slug":"residencia-juridica-e-contabil-2023","status":"publish","type":"page","link":"https:\/\/www.tceam.tc.br\/?page_id=63240","title":{"rendered":"Resid\u00eancia Jur\u00eddica e Cont\u00e1bil 2023"},"content":{"rendered":"<p><span style=\"color: #0000ff;\"><strong><a style=\"color: #0000ff;\" href=\"https:\/\/www.tceam.tc.br\/wp-content\/uploads\/2023\/04\/EDITAL-PSP-No-01_2023-ECP_TCE_AM-PRJeC-Editado-em-11_04-1.pdf\">EDITAL N\u00ba 01\/2023 &#8211; ECP\/TCE\/AM &#8211; I PROCESSO SELETIVO P\u00daBLICO PARA O PROGRAMA DE RESID\u00caNCIA &#8211; JUR\u00cdDICA E CONT\u00c1BIL DO TRIBUNAL DE CONTAS DO ESTADO DO AMAZONAS<\/a><\/strong><\/span><\/p>\n<p><span style=\"color: #0000ff;\"><strong><a style=\"color: #0000ff;\" href=\"https:\/\/www.tceam.tc.br\/wp-content\/uploads\/2023\/04\/ANEXO-I-AUTODECLARACAO-PcD-EDITAL-PSP-No-01_2023-ECP_TCE_AM.pdf\">ANEXO I &#8211; AUTODECLARA\u00c7\u00c3O PcD<\/a><\/strong><\/span><\/p>\n<p><span style=\"color: #0000ff;\"><strong><a style=\"color: #0000ff;\" href=\"https:\/\/www.tceam.tc.br\/wp-content\/uploads\/2023\/04\/ANEXO-II-FORMULARIO-RECURSO-EDITAL-PSP-No-01_2023-ECP_TCE_AM.pdf\">ANEXO II &#8211; FORMUL\u00c1RIO RECURSO<\/a><\/strong><\/span><\/p>\n<p><span style=\"color: #0000ff;\"><strong><a style=\"color: #0000ff;\" href=\"https:\/\/www.tceam.tc.br\/wp-content\/uploads\/2023\/04\/ANEXO-III-CONTEUDO-PROGRAMATICO-EDITAL-PSP-No-01_2023-ECP_TCE_AM.pdf\">ANEXO III &#8211; CONTE\u00daDO PROGRAM\u00c1TICO<\/a><\/strong><\/span><\/p>\n<p><span style=\"color: #0000ff;\"><strong><a style=\"color: #0000ff;\" href=\"https:\/\/www.tceam.tc.br\/wp-content\/uploads\/2023\/04\/ANEXO-IV-CRONOGRAMA-EDITAL-PSP-No-01_2023-ECP_TCE_AM.pdf\">ANEXO IV &#8211; CRONOGRAMA<\/a><\/strong><\/span><\/p>\n<p><span style=\"color: #0000ff;\"><strong><a style=\"color: #0000ff;\" href=\"https:\/\/www.tceam.tc.br\/wp-content\/uploads\/2023\/04\/ANEXO-V-FORMULARIO-IMPUGNACAO-AO-EDITAL-PSP-No-01_2023-ECP_TCE_AM.pdf\">ANEXO V &#8211; FORMUL\u00c1RIO IMPUGNA\u00c7\u00c3O EDITAL<\/a><\/strong><\/span><\/p>\n<p><span style=\"color: #0000ff;\"><strong><a style=\"color: #0000ff;\" href=\"https:\/\/www.tceam.tc.br\/wp-content\/uploads\/2023\/04\/ERRATA-RETIFICACAO-DO-EDITAL-PSP-No-01_2023-ECP_TCE_AM.pdf\">ERRATA DO DIA 14\/04 RETIFICA\u00c7\u00c3O DO EDITAL N\u00ba 01\/2023 &#8211; ECP\/TCE\/AM<\/a><\/strong><\/span><\/p>\n<p><span style=\"color: #0000ff;\"><strong><a style=\"color: #0000ff;\" href=\"https:\/\/www.tceam.tc.br\/wp-content\/uploads\/2023\/04\/EDITAL-PSP-No-01_2023-ECP_TCE_AM-PRJeC-RETIFICADO-DOE-1.pdf\">EDITAL RETIFICADO DE 14\/04<\/a><\/strong><\/span><\/p>\n<p><span style=\"color: #0000ff;\"><strong><a style=\"color: #0000ff;\" href=\"https:\/\/www.tceam.tc.br\/wp-content\/uploads\/2023\/04\/ERRATA-RETIFICACAO-DO-EDITAL-PSP-No-01_2023-ECP_TCE_AM-25_04_2023.pdf\">ERRATA DO DIA 25\/04 RETIFICA\u00c7\u00c3O DO EDITAL N\u00ba 01\/2023 &#8211; ECP\/TCE\/AM<\/a><\/strong><\/span><\/p>\n<p><span style=\"color: #0000ff;\"><strong><a style=\"color: #0000ff;\" href=\"https:\/\/www.tceam.tc.br\/wp-content\/uploads\/2023\/04\/EDITAL-PSP-No-01_2023-ECP_TCE_AM-PRJeC-RETIFICADO-EM-25_04_2023-1.pdf\">EDITAL RETIFICADO DE 25\/04<\/a><\/strong><\/span><\/p>\n<p><span style=\"color: #0000ff;\"><strong><a style=\"color: #0000ff;\" href=\"https:\/\/www.tceam.tc.br\/wp-content\/uploads\/2023\/04\/RESULTADO-DOS-PEDIDOS-DE-ISENCAO-EDITAL-PSP-No-01_2023-ECP_TCE_AM-28_04_2023.pdf\">RESULTADO DOS PEDIDOS DE ISEN\u00c7\u00c3O &#8211; EDITAL PSP N\u00ba 01\/2023 &#8211; 28\/04\/2023<\/a><\/strong><\/span><\/p>\n<p><span style=\"color: #0000ff;\"><strong><a style=\"color: #0000ff;\" href=\"https:\/\/www.tceam.tc.br\/wp-content\/uploads\/2023\/06\/GABARITO-DAS-PROVAS-OBJETIVAS-EDITAL-PSP-No-01_2023-ECP_TCE_AM.pdf\">GABARITO DAS PROVAS OBJETIVAS &#8211; EDITAL PSP N\u00ba 01_2023-ECP_TCE_AM<\/a><\/strong><\/span><\/p>\n<p><span style=\"color: #0000ff;\"><strong><a style=\"color: #0000ff;\" href=\"https:\/\/www.tceam.tc.br\/wp-content\/uploads\/2023\/06\/GABARITO-DAS-PROVAS-OBJETIVAS-EDITAL-PSP-No-01_2023-ECP_TCE_AM.pdf\">GABARITO DAS PROVAS OBJETIVAS &#8211; EDITAL PSP N\u00ba 01_2023-ECP_TCE_AM<\/a><\/strong><\/span><\/p>\n<p><span style=\"color: #0000ff;\"><strong><a style=\"font-size: 16px; color: #0000ff;\" href=\"https:\/\/www.tceam.tc.br\/wp-content\/uploads\/2023\/06\/PADRAO-DE-RESPOSTA-DAS-PROVAS-DISCURSIVAS-EDITAL-PSP-No-01_2023-ECP_TCE_AM.pdf\">PADR\u00c3O DE RESPOSTA DAS PROVAS DISCURSIVAS &#8211; EDITAL PSP N\u00ba 01_2023-ECP_TCE_AM<\/a><\/strong><\/span><\/p>\n<p><span style=\"color: #0000ff;\"><strong><a style=\"color: #0000ff;\" href=\"https:\/\/www.tceam.tc.br\/wp-content\/uploads\/2023\/06\/CADERNO-DE-PROVAS-DIREITO.pdf\">CADERNO DE PROVAS &#8211; DIREITO<\/a> <\/strong><\/span><\/p>\n<p><span style=\"color: #0000ff;\"><a style=\"color: #0000ff;\" href=\"https:\/\/www.tceam.tc.br\/wp-content\/uploads\/2023\/06\/Prova-de-Ciencias-Contabeis.pdf\"><b>CADERNO DE PROVAS &#8211; CI\u00caNCIAS CONT\u00c1BEIS<\/b><\/a><\/span><\/p>\n<p><span style=\"color: #0000ff;\"><a style=\"color: #0000ff;\" href=\"https:\/\/www.tceam.tc.br\/wp-content\/uploads\/2023\/06\/RESULTADO-DA-ANALISE-DE-RECURSO-PROVA-OBJETIVA-EDITAL-PSP-No-01_2023-ECP_TCE_AM.docx.pdf\"><b>RESULTADO DA AN\u00c1LISE DE RECURSO &#8211; PROVA OBJETIVA<\/b><\/a><\/span><\/p>\n<p><span style=\"color: #0000ff;\"><a style=\"color: #0000ff;\" href=\"https:\/\/www.tceam.tc.br\/wp-content\/uploads\/2023\/06\/GABARITO-DEFINITIVO-DAS-PROVAS-OBJETIVAS-EDITAL-PSP-No-01_2023-ECP_TCE_AM.docx.pdf\"><b>GABARITO DEFINITIVO DAS PROVAS OBJETIVAS<\/b><\/a><\/span><\/p>\n<p><span style=\"color: #0000ff;\"><a style=\"color: #0000ff;\" href=\"https:\/\/www.tceam.tc.br\/wp-content\/uploads\/2023\/06\/RESULTADO-PRELIMINAR-DAS-PROVAS-OBJETIVAS-EDITAL-PSP-No-01_2023-ECP_TCE_AM.docx-1.pdf\"><strong>RESULTADO PRELIMINAR DAS PROVAS OBJETIVAS<\/strong><\/a><\/span><\/p>\n<p><span style=\"color: #0000ff;\"><a style=\"color: #0000ff;\" href=\"https:\/\/forms.gle\/uKxbyJSYUYEzn6pt6\"><b>LINK PARA RECURSOS REFERENTES AO RESULTADO PRELIMINAR DAS PROVAS OBJETIVAS<\/b><\/a><\/span><\/p>\n<p><span style=\"color: #0000ff;\"><a style=\"color: #0000ff;\" href=\"https:\/\/www.tceam.tc.br\/wp-content\/uploads\/2023\/06\/RESULTADO-DA-ANALISE-DE-RECURSO-RESULTADO-PRELIMINAR-PROVA-OBJETIVA-EDITAL-PSP-No-01_2023-ECP_TCE_AM.docx.pdf\"><b>RESULTADO DA AN\u00c1LISE DE RECURSO &#8211; RESULTADO PRELIMINAR &#8211; PROVA OBJETIVA<\/b><\/a><\/span><\/p>\n<p><span style=\"color: #0000ff;\"><a style=\"color: #0000ff;\" href=\"https:\/\/www.tceam.tc.br\/wp-content\/uploads\/2023\/07\/RESULTADO-PRELIMINAR-DAS-PROVAS-DISCURSIVAS-EDITAL-PSP-No-01_2023-ECP_TCE_AM-CORRIGIDO.pdf\"><b>RESULTADO PRELIMINAR DAS PROVAS DISCURSIVAS<\/b><\/a><\/span><\/p>\n<p><span style=\"color: #0000ff;\"><a style=\"color: #0000ff;\" href=\"https:\/\/forms.gle\/uKxbyJSYUYEzn6pt6\"><b>LINK PARA RECURSOS REFERENTES AO RESULTADO PRELIMINAR DAS PROVAS DISCURSIVAS<\/b><\/a><\/span><\/p>\n<p><span style=\"color: #0000ff;\"><a style=\"color: #0000ff;\" href=\"https:\/\/www.tceam.tc.br\/wp-content\/uploads\/2023\/09\/RESULTADO-FINAL-EDITAL-PSP-No-01_2023-ECP_TCE_AM.docx.pdf\"><b>RESULTADO FINAL &#8211; EDITAL PSP N\u00ba 01-2023<\/b><\/a><\/span><\/p>\n<p><span style=\"color: #0000ff;\"><a style=\"color: #0000ff;\" href=\"https:\/\/www.tceam.tc.br\/wp-content\/uploads\/2023\/09\/CONVOCACAO-EDITAL-PSP-No-01_2023-ECP_TCE_AM.docx.pdf\"><b>Convoca\u00e7\u00e3o &#8211; EDITAL PSP N\u00ba 01-2023<\/b><\/a><\/span><\/p>\n<p><span style=\"color: #0000ff;\"><a style=\"color: #0000ff;\" href=\"https:\/\/www.tceam.tc.br\/wp-content\/uploads\/2023\/08\/2a-Chamanda-CONVOCACAO-EDITAL-PSP-No-01_2023-ECP_TCE_AM.docx.pdf\"><b>Convoca\u00e7\u00e3o 2\u00aa Chamada &#8211; EDITAL PSP N\u00ba 01-2023<\/b><\/a><\/span><\/p>\n<p><span style=\"color: #0000ff;\"><a style=\"color: #0000ff;\" href=\"https:\/\/www.tceam.tc.br\/wp-content\/uploads\/2023\/09\/3a-Chamada-CONVOCACAO-EDITAL-PSP-No-01_2023-ECP_TCE_AM.docx.pdf\"><b>Convoca\u00e7\u00e3o 3\u00aa Chamada &#8211; EDITAL PSP N\u00ba 01-2023<\/b><\/a><\/span><\/p>\n<p><span style=\"color: #0000ff;\"><a style=\"color: #0000ff;\" href=\"https:\/\/www.tceam.tc.br\/wp-content\/uploads\/2023\/09\/4a-Chamada-CONVOCACAO-EDITAL-PSP-No-01_2023-ECP_TCE_AM.docx-1.pdf\"><b>Convoca\u00e7\u00e3o 4\u00aa Chamada &#8211; EDITAL PSP N\u00ba 01-2023<\/b><\/a><\/span><\/p>\n<p><span style=\"color: #0000ff;\"><strong><a style=\"color: #0000ff;\" href=\"https:\/\/www.tceam.tc.br\/wp-content\/uploads\/2023\/11\/5a-Chamada-CONVOCACAO-EDITAL-PSP-No-01_2023-ECP_TCE_AM.docx.pdf\">Convoca\u00e7\u00e3o 5\u00aa Chamada &#8211; EDITAL PSP N\u00ba 01-2023<\/a><\/strong><\/span><\/p>\n<p><span style=\"color: #0000ff;\"><strong><a style=\"color: #0000ff;\" href=\"https:\/\/www.tceam.tc.br\/wp-content\/uploads\/2024\/01\/6a-Chamada-CONVOCACAO-EDITAL-PSP-No-01_2023-ECP_TCE_AM.docx.pdf\">Convoca\u00e7\u00e3o 6\u00aa Chamada &#8211; EDITAL PSP N\u00ba 01-2023<\/a><\/strong><\/span><\/p>\n<p><strong><a href=\"https:\/\/www.tceam.tc.br\/wp-content\/uploads\/2024\/05\/7a-Chamada-CONVOCACAO-EDITAL-PSP-No-01_2023-ECP_TCE_AM.pdf\">Convoca\u00e7\u00e3o 7\u00aa Chamada &#8211; <span style=\"color: #0000ff;\">EDITAL PSP N\u00ba 01-2023<\/span><\/a><\/strong><\/p>\n<p><strong><a href=\"https:\/\/www.tceam.tc.br\/wp-content\/uploads\/2024\/05\/8a-Chamada-CONVOCACAO-EDITAL-PSP-No-01_2023-ECP_TCE_AM-1-1-2.pdf\">Convoca\u00e7\u00e3o 8\u00aa Chamada &#8211; <span style=\"color: #0000ff;\">EDITAL PSP N\u00ba 01-2023<\/span><\/a><\/strong><\/p>\n<p>&nbsp;<\/p>\n","protected":false},"excerpt":{"rendered":"<p>EDITAL N\u00ba 01\/2023 &#8211; ECP\/TCE\/AM &#8211; I PROCESSO SELETIVO P\u00daBLICO PARA O PROGRAMA DE RESID\u00caNCIA &#8211; JUR\u00cdDICA E CONT\u00c1BIL DO TRIBUNAL DE CONTAS DO ESTADO DO AMAZONAS ANEXO I &#8211; AUTODECLARA\u00c7\u00c3O PcD ANEXO II &#8211; FORMUL\u00c1RIO RECURSO ANEXO III &#8211; CONTE\u00daDO PROGRAM\u00c1TICO ANEXO IV &#8211; CRONOGRAMA ANEXO V &#8211; FORMUL\u00c1RIO IMPUGNA\u00c7\u00c3O EDITAL ERRATA DO DIA [&hellip;]<\/p>\n","protected":false},"author":49,"featured_media":0,"parent":0,"menu_order":0,"comment_status":"closed","ping_status":"closed","template":"","meta":{"footnotes":""},"class_list":["post-63240","page","type-page","status-publish","hentry"],"_links":{"self":[{"href":"https:\/\/www.tceam.tc.br\/index.php?rest_route=\/wp\/v2\/pages\/63240","targetHints":{"allow":["GET"]}}],"collection":[{"href":"https:\/\/www.tceam.tc.br\/index.php?rest_route=\/wp\/v2\/pages"}],"about":[{"href":"https:\/\/www.tceam.tc.br\/index.php?rest_route=\/wp\/v2\/types\/page"}],"author":[{"embeddable":true,"href":"https:\/\/www.tceam.tc.br\/index.php?rest_route=\/wp\/v2\/users\/49"}],"replies":[{"embeddable":true,"href":"https:\/\/www.tceam.tc.br\/index.php?rest_route=%2Fwp%2Fv2%2Fcomments&post=63240"}],"version-history":[{"count":36,"href":"https:\/\/www.tceam.tc.br\/index.php?rest_route=\/wp\/v2\/pages\/63240\/revisions"}],"predecessor-version":[{"id":72054,"href":"https:\/\/www.tceam.tc.br\/index.php?rest_route=\/wp\/v2\/pages\/63240\/revisions\/72054"}],"wp:attachment":[{"href":"https:\/\/www.tceam.tc.br\/index.php?rest_route=%2Fwp%2Fv2%2Fmedia&parent=63240"}],"curies":[{"name":"wp","href":"https:\/\/api.w.org\/{rel}","templated":true}]}}