
{"id":6272,"date":"2013-05-24T10:48:56","date_gmt":"2013-05-24T14:48:56","guid":{"rendered":"http:\/\/www.tceam.tc.br\/?page_id=6272"},"modified":"2025-10-02T11:35:14","modified_gmt":"2025-10-02T15:35:14","slug":"concurso-no-012013","status":"publish","type":"page","link":"https:\/\/www.tceam.tc.br\/?page_id=6272","title":{"rendered":"Concurso n\u00ba 01\/2013"},"content":{"rendered":"\t\t<div data-elementor-type=\"wp-page\" data-elementor-id=\"6272\" class=\"elementor elementor-6272\" data-elementor-settings=\"{&quot;ha_cmc_init_switcher&quot;:&quot;no&quot;,&quot;element_pack_global_tooltip_width&quot;:{&quot;unit&quot;:&quot;px&quot;,&quot;size&quot;:&quot;&quot;,&quot;sizes&quot;:[]},&quot;element_pack_global_tooltip_width_laptop&quot;:{&quot;unit&quot;:&quot;px&quot;,&quot;size&quot;:&quot;&quot;,&quot;sizes&quot;:[]},&quot;element_pack_global_tooltip_width_tablet_extra&quot;:{&quot;unit&quot;:&quot;px&quot;,&quot;size&quot;:&quot;&quot;,&quot;sizes&quot;:[]},&quot;element_pack_global_tooltip_width_tablet&quot;:{&quot;unit&quot;:&quot;px&quot;,&quot;size&quot;:&quot;&quot;,&quot;sizes&quot;:[]},&quot;element_pack_global_tooltip_width_mobile_extra&quot;:{&quot;unit&quot;:&quot;px&quot;,&quot;size&quot;:&quot;&quot;,&quot;sizes&quot;:[]},&quot;element_pack_global_tooltip_width_mobile&quot;:{&quot;unit&quot;:&quot;px&quot;,&quot;size&quot;:&quot;&quot;,&quot;sizes&quot;:[]},&quot;element_pack_global_tooltip_padding&quot;:{&quot;unit&quot;:&quot;px&quot;,&quot;top&quot;:&quot;&quot;,&quot;right&quot;:&quot;&quot;,&quot;bottom&quot;:&quot;&quot;,&quot;left&quot;:&quot;&quot;,&quot;isLinked&quot;:true},&quot;element_pack_global_tooltip_padding_laptop&quot;:{&quot;unit&quot;:&quot;px&quot;,&quot;top&quot;:&quot;&quot;,&quot;right&quot;:&quot;&quot;,&quot;bottom&quot;:&quot;&quot;,&quot;left&quot;:&quot;&quot;,&quot;isLinked&quot;:true},&quot;element_pack_global_tooltip_padding_tablet_extra&quot;:{&quot;unit&quot;:&quot;px&quot;,&quot;top&quot;:&quot;&quot;,&quot;right&quot;:&quot;&quot;,&quot;bottom&quot;:&quot;&quot;,&quot;left&quot;:&quot;&quot;,&quot;isLinked&quot;:true},&quot;element_pack_global_tooltip_padding_tablet&quot;:{&quot;unit&quot;:&quot;px&quot;,&quot;top&quot;:&quot;&quot;,&quot;right&quot;:&quot;&quot;,&quot;bottom&quot;:&quot;&quot;,&quot;left&quot;:&quot;&quot;,&quot;isLinked&quot;:true},&quot;element_pack_global_tooltip_padding_mobile_extra&quot;:{&quot;unit&quot;:&quot;px&quot;,&quot;top&quot;:&quot;&quot;,&quot;right&quot;:&quot;&quot;,&quot;bottom&quot;:&quot;&quot;,&quot;left&quot;:&quot;&quot;,&quot;isLinked&quot;:true},&quot;element_pack_global_tooltip_padding_mobile&quot;:{&quot;unit&quot;:&quot;px&quot;,&quot;top&quot;:&quot;&quot;,&quot;right&quot;:&quot;&quot;,&quot;bottom&quot;:&quot;&quot;,&quot;left&quot;:&quot;&quot;,&quot;isLinked&quot;:true},&quot;element_pack_global_tooltip_border_radius&quot;:{&quot;unit&quot;:&quot;px&quot;,&quot;top&quot;:&quot;&quot;,&quot;right&quot;:&quot;&quot;,&quot;bottom&quot;:&quot;&quot;,&quot;left&quot;:&quot;&quot;,&quot;isLinked&quot;:true},&quot;element_pack_global_tooltip_border_radius_laptop&quot;:{&quot;unit&quot;:&quot;px&quot;,&quot;top&quot;:&quot;&quot;,&quot;right&quot;:&quot;&quot;,&quot;bottom&quot;:&quot;&quot;,&quot;left&quot;:&quot;&quot;,&quot;isLinked&quot;:true},&quot;element_pack_global_tooltip_border_radius_tablet_extra&quot;:{&quot;unit&quot;:&quot;px&quot;,&quot;top&quot;:&quot;&quot;,&quot;right&quot;:&quot;&quot;,&quot;bottom&quot;:&quot;&quot;,&quot;left&quot;:&quot;&quot;,&quot;isLinked&quot;:true},&quot;element_pack_global_tooltip_border_radius_tablet&quot;:{&quot;unit&quot;:&quot;px&quot;,&quot;top&quot;:&quot;&quot;,&quot;right&quot;:&quot;&quot;,&quot;bottom&quot;:&quot;&quot;,&quot;left&quot;:&quot;&quot;,&quot;isLinked&quot;:true},&quot;element_pack_global_tooltip_border_radius_mobile_extra&quot;:{&quot;unit&quot;:&quot;px&quot;,&quot;top&quot;:&quot;&quot;,&quot;right&quot;:&quot;&quot;,&quot;bottom&quot;:&quot;&quot;,&quot;left&quot;:&quot;&quot;,&quot;isLinked&quot;:true},&quot;element_pack_global_tooltip_border_radius_mobile&quot;:{&quot;unit&quot;:&quot;px&quot;,&quot;top&quot;:&quot;&quot;,&quot;right&quot;:&quot;&quot;,&quot;bottom&quot;:&quot;&quot;,&quot;left&quot;:&quot;&quot;,&quot;isLinked&quot;:true}}\" data-elementor-post-type=\"page\">\n\t\t\t\t\t\t<section data-exad-particle-enable=\"false\" class=\"elementor-section elementor-top-section elementor-element elementor-element-8a2743a elementor-section-boxed elementor-section-height-default elementor-section-height-default exad-parallax-effect-no exad-background-color-change-no exad-glass-effect-no exad-sticky-section-no\" data-id=\"8a2743a\" data-element_type=\"section\" data-settings=\"{&quot;_ha_eqh_enable&quot;:false}\">\n\t\t\t\t\t\t<div class=\"elementor-container elementor-column-gap-default\">\n\t\t\t\t\t<div class=\"elementor-column elementor-col-100 elementor-top-column elementor-element elementor-element-6a80ca6 exad-glass-effect-no exad-sticky-section-no\" data-id=\"6a80ca6\" data-element_type=\"column\">\n\t\t\t<div class=\"elementor-widget-wrap elementor-element-populated\">\n\t\t\t\t\t\t<div class=\"elementor-element elementor-element-4f397d0 exad-sticky-section-no exad-glass-effect-no elementor-widget elementor-widget-html\" data-id=\"4f397d0\" data-element_type=\"widget\" data-widget_type=\"html.default\">\n\t\t\t\t<div class=\"elementor-widget-container\">\n\t\t\t\t\t<div style=\"text-align: right;\"><span style=\"font-size:13px;\"><a href=\"javascript:history.back()\"><span style=\"color:#a88848;\"><span style=\"font-family:'Poppins';\"><strong>&laquo; Voltar<\/strong><\/span><\/span><\/a><\/span><\/div>\t\t\t\t<\/div>\n\t\t\t\t<\/div>\n\t\t\t\t<div class=\"elementor-element elementor-element-18b61cf exad-sticky-section-no exad-glass-effect-no elementor-widget elementor-widget-text-editor\" data-id=\"18b61cf\" data-element_type=\"widget\" data-widget_type=\"text-editor.default\">\n\t\t\t\t<div class=\"elementor-widget-container\">\n\t\t\t\t\t\t\t\t\t<p>O TRIBUNAL DE CONTAS DO ESTADO DO AMAZONAS torna p\u00fablico que far\u00e1 realizar CONCURSO P\u00daBLICO DE PROVAS E T\u00cdTULOS para provimento de cargos pertencentes ao Quadro de Pessoal do Tribunal, a ser regido pelas disposi\u00e7\u00f5es previstas nas Instru\u00e7\u00f5es Especiais deste Edital e em conformidade com o disposto no art. 73 da Constitui\u00e7\u00e3o Federal, no art. 44 da Constitui\u00e7\u00e3o do Estado do Amazonas, nos artigos 107 a 110 da Lei Estadual n\u00b0 2324, de 10 de dezembro de 1996 (<a href=\"https:\/\/www.tceam.tc.br\/portal\/?wpleg_dl=1\">Lei Org\u00e2nica do Tribunal de Contas do Estado do Amazonas<\/a>) e\u00a0<a href=\"https:\/\/www.tceam.tc.br\/portal\/?wpleg_dl=11\">Regimento Interno do TCE<\/a>.<\/p>\t\t\t\t\t\t\t\t<\/div>\n\t\t\t\t<\/div>\n\t\t\t\t<div class=\"elementor-element elementor-element-8186fcc pp-table-center exad-sticky-section-no exad-glass-effect-no elementor-widget elementor-widget-pp-table\" data-id=\"8186fcc\" data-element_type=\"widget\" data-settings=\"{&quot;table_type&quot;:&quot;responsive&quot;}\" data-widget_type=\"pp-table.default\">\n\t\t\t\t<div class=\"elementor-widget-container\">\n\t\t\t\t\t\t\t<div class=\"pp-table-container\">\n\t\t\t<table \n\t\t\tclass=\"pp-table tablesaw\" data-tablesaw-mode=\"stack\"\t\t\t\t>\n\t\t\t\t\t\t\t<colgroup>\n\t\t\t\t\t\t\t\t<col\n\t\t\t\t\tspan=\"1\"\n\t\t\t\t\tclass=\"elementor-repeater-item-5fc9e8b\"\n\t\t\t\t\t\t\t\t\t\t\tstyle=\"\n\t\t\t\t\t\t\t\t\t\t\t\t\t\t\t\t\t\t\t\twidth:30%\t\t\t\t\t\t\t\t\t\t\t\t\"\n\t\t\t\t\t\t\t\t\t\t>\n\t\t\t\t\t\t\t<\/colgroup>\n\t\t\t\t\t\t<thead>\n\t\t\t\t<tr class=\"pp-table-row\">\n\t\t\t\t\t<th class=\"pp-table-cell pp-table-cell-cac6e88\"><span class=\"pp-table-cell-content\"><span class=\"pp-table-cell-text\">Arquivo<\/span><\/span><\/th><th class=\"pp-table-cell pp-table-cell-27d25ad\"><span class=\"pp-table-cell-content\"><span class=\"pp-table-cell-text\">Detalhes<\/span><\/span><\/th>\t\t\t\t<\/tr>\n\t\t\t<\/thead>\n\t\t\t\t\t<tfoot>\n\t\t\t<\/tr>\t\t<\/tfoot>\n\t\t\t\t<tbody>\n\t\t\t<tr ><td class=\"pp-table-cell pp-table-cell-b4eee08\">\t\t\t\t\t\t\t<a href=\"https:\/\/www.tceam.tc.br\/wp-content\/uploads\/2023\/04\/ATO-1-2015_merged_merged.pdf\">\n\t\t\t\t\t\t\t<span class=\"pp-table-cell-content\"><span class=\"pp-table-cell-text\">ATOS RELATIVOS AO CONCURSO P\u00daBLICO n\u00ba 01\/2013<\/span><\/span>\t\t\t\t\t\t\t<\/a>\n\t\t\t\t\t\t\t<\/td><td class=\"pp-table-cell pp-table-cell-2bec274\"><span class=\"pp-table-cell-content\"><span class=\"pp-table-cell-text\">O PRESIDENTE DO TRIBUNAL DE CONTAS DO ESTADO DO AMAZONAS no\nuso de suas atribui\u00e7\u00f5es legais e regimentais, resolve nomear os aprovados no concurso p\u00fablico n\u00ba 01\/2013<\/span><\/span><\/td><\/tr><tr ><td class=\"pp-table-cell pp-table-cell-5d0dc42\">\t\t\t\t\t\t\t<a href=\"https:\/\/www.tceam.tc.br\/wp-content\/uploads\/2023\/04\/RESULTADO-FINAL.pdf-2013.pdf\">\n\t\t\t\t\t\t\t<span class=\"pp-table-cell-content\"><span class=\"pp-table-cell-text\">EDITAL DE DIVULGA\u00c7\u00c3O DO RESULTADO FINAL <\/span><\/span>\t\t\t\t\t\t\t<\/a>\n\t\t\t\t\t\t\t<\/td><td class=\"pp-table-cell pp-table-cell-007e415\"><span class=\"pp-table-cell-content\"><span class=\"pp-table-cell-text\">O PRESIDENTE DO TRIBUNAL DE CONTAS DO ESTADO DO AMAZONAS E O PRESIDENTE DA COMISS\u00c3O DO \nCONCURSO P\u00daBLICO designado pela Portaria n. 015\/2013-GPDRH, no uso de suas atribui\u00e7\u00f5es legais e tendo em vista o \nConcurso P\u00fablico destinado ao provimento de cargos vagos de Analista T\u00e9cnico de Controle Externo deste Tribunal, regido \npelo Edital de Abertura de Inscri\u00e7\u00f5es n\u00ba 01\/2013 publicado em 26\/03\/2013 e retificado em 10\/04\/2013, RESOLVEM:\n1. Informar que os recursos interpostos quanto ao Resultado da avalia\u00e7\u00e3o dos T\u00edtulos foram analisados e julgados \nimprocedentes e que as respectivas respostas estar\u00e3o dispon\u00edveis no site da Funda\u00e7\u00e3o Carlos Chagas \n(www.concursosfcc.com.br) no per\u00edodo de 7 (sete) dias, a contar da publica\u00e7\u00e3o deste Edital. \n2. Tornar p\u00fablico o Resultado Final do Concurso por meio das listas constantes do Anexo \u00danico deste Edital, de acordo \ncom o Cap\u00edtulo XI do Edital de Abertura de Inscri\u00e7\u00f5es n\u00ba 01\/2013.<\/span><\/span><\/td><\/tr><tr ><td class=\"pp-table-cell pp-table-cell-5843df7\">\t\t\t\t\t\t\t<a href=\"https:\/\/www.tceam.tc.br\/wp-content\/uploads\/2023\/04\/HOMOLOGACAO-CONCURSO-2013.pdf\">\n\t\t\t\t\t\t\t<span class=\"pp-table-cell-content\"><span class=\"pp-table-cell-text\">EDITAL DE HOMOLOGA\u00c7\u00c3O<\/span><\/span>\t\t\t\t\t\t\t<\/a>\n\t\t\t\t\t\t\t<\/td><td class=\"pp-table-cell pp-table-cell-4a3663f\"><span class=\"pp-table-cell-content\"><span class=\"pp-table-cell-text\">O PRESIDENTE DO TRIBUNAL DE CONTAS DO ESTADO DO AMAZONAS E O PRESIDENTE DA COMISS\u00c3O DO \nCONCURSO P\u00daBLICO designado pela Portaria n. 015\/2013-GPDRH, no uso de suas atribui\u00e7\u00f5es legais e tendo em vista o \nConcurso P\u00fablico destinado ao provimento de cargos vagos de Analista T\u00e9cnico de Controle Externo deste Tribunal, regido \npelo Edital de Abertura de Inscri\u00e7\u00f5es n\u00ba 01\/2013 publicado em 26\/03\/2013 e retificado em 10\/04\/2013, RESOLVEM:\n1. Homologar, nos termos da Decis\u00e3o Plen\u00e1ria do dia 02 de outubro de 2013, o Resultado Final do Concurso P\u00fablico \npara o cargo de Analista T\u00e9cnico de Controle Externo, \u00c1reas: Auditoria Governamental e Minist\u00e9rio P\u00fablico. <\/span><\/span><\/td><\/tr><tr ><td class=\"pp-table-cell pp-table-cell-08791d9\">\t\t\t\t\t\t\t<a href=\"https:\/\/www.tceam.tc.br\/portal\/wp-content\/uploads\/edital_retificacao.pdf\">\n\t\t\t\t\t\t\t<span class=\"pp-table-cell-content\"><span class=\"pp-table-cell-text\">RETIFICA\u00c7\u00c3O DO EDITAL DE ABERTURA DE INSCRI\u00c7\u00d5ES N\u00ba 01\/2013<\/span><\/span>\t\t\t\t\t\t\t<\/a>\n\t\t\t\t\t\t\t<\/td><td class=\"pp-table-cell pp-table-cell-dea89bc\"><span class=\"pp-table-cell-content\"><span class=\"pp-table-cell-text\">O PRESIDENTE DO TRIBUNAL DE CONTAS DO ESTADO DO AMAZONAS E O PRESIDENTE DA COMISS\u00c3O DO CONCURSO P\u00daBLICO, designado pela Portaria n. 015\/2013-GPDRH, no uso de suas atribui\u00e7\u00f5es legais e tendo em vista o Concurso P\u00fablico destinado ao provimento de cargos vagos de Analista T\u00e9cnico de Controle Externo deste Tribunal, regido pelo Edital de Abertura de Inscri\u00e7\u00f5es n\u00ba 01\/2013 publicado em 26\/03\/2013, resolve retificar os itens indicados.<\/span><\/span><\/td><\/tr><tr ><td class=\"pp-table-cell pp-table-cell-3c6aa7c\">\t\t\t\t\t\t\t<a href=\"https:\/\/www.tceam.tc.br\/portal\/wp-content\/uploads\/minuta_edital_concurso_final_tceam_publicar_doe.pdf\">\n\t\t\t\t\t\t\t<span class=\"pp-table-cell-content\"><span class=\"pp-table-cell-text\">EDITAL DE ABERTURA DE INSCRI\u00c7\u00d5ES N\u00ba 01\/2013<\/span><\/span>\t\t\t\t\t\t\t<\/a>\n\t\t\t\t\t\t\t<\/td><td class=\"pp-table-cell pp-table-cell-1415a85\"><span class=\"pp-table-cell-content\"><span class=\"pp-table-cell-text\">O PRESIDENTE DO TRIBUNAL DE CONTAS DO ESTADO DO AMAZONAS E O PRESIDENTE DA COMISS\u00c3O DO CONCURSO P\u00daBLICO designado pela Portaria n. 015\/2013-GPDRH, tendo em vista o contrato celebrado com a FUNDA\u00c7\u00c3O CARLOS CHAGAS, faz saber que ser\u00e1 realizado em locais, datas e hor\u00e1rios a serem oportunamente divulgados, Concurso P\u00fablico destinado ao provimento de Cargos vagos de Analista T\u00e9cnico de Controle Externo deste Tribunal, o qual reger-se-\u00e1 de acordo com as Instru\u00e7\u00f5es Especiais que ficam fazendo parte integrante deste Edital.<\/span><\/span><\/td><\/tr>\t\t<\/tbody>\n\t\t\t\t\t<\/table>\n\t\t<\/div>\n\t\t\t\t\t\t<\/div>\n\t\t\t\t<\/div>\n\t\t\t\t<div class=\"elementor-element elementor-element-65dbeff exad-sticky-section-no exad-glass-effect-no elementor-widget elementor-widget-html\" data-id=\"65dbeff\" data-element_type=\"widget\" data-widget_type=\"html.default\">\n\t\t\t\t<div class=\"elementor-widget-container\">\n\t\t\t\t\t<div style=\"text-align: right;\"><span style=\"font-size:13px;\"><a href=\"javascript:history.back()\"><span style=\"color:#a88848;\"><span style=\"font-family:'Poppins';\"><strong>&laquo; Voltar<\/strong><\/span><\/span><\/a><\/span><\/div>\t\t\t\t<\/div>\n\t\t\t\t<\/div>\n\t\t\t\t\t<\/div>\n\t\t<\/div>\n\t\t\t\t\t<\/div>\n\t\t<\/section>\n\t\t\t\t<\/div>\n\t\t","protected":false},"excerpt":{"rendered":"<p>&laquo; Voltar O TRIBUNAL DE CONTAS DO ESTADO DO AMAZONAS torna p\u00fablico que far\u00e1 realizar CONCURSO P\u00daBLICO DE PROVAS E T\u00cdTULOS para provimento de cargos pertencentes ao Quadro de Pessoal do Tribunal, a ser regido pelas disposi\u00e7\u00f5es previstas nas Instru\u00e7\u00f5es Especiais deste Edital e em conformidade com o disposto no art. 73 da Constitui\u00e7\u00e3o Federal, [&hellip;]<\/p>\n","protected":false},"author":3,"featured_media":0,"parent":0,"menu_order":0,"comment_status":"closed","ping_status":"closed","template":"","meta":{"footnotes":""},"class_list":["post-6272","page","type-page","status-publish","hentry"],"_links":{"self":[{"href":"https:\/\/www.tceam.tc.br\/index.php?rest_route=\/wp\/v2\/pages\/6272","targetHints":{"allow":["GET"]}}],"collection":[{"href":"https:\/\/www.tceam.tc.br\/index.php?rest_route=\/wp\/v2\/pages"}],"about":[{"href":"https:\/\/www.tceam.tc.br\/index.php?rest_route=\/wp\/v2\/types\/page"}],"author":[{"embeddable":true,"href":"https:\/\/www.tceam.tc.br\/index.php?rest_route=\/wp\/v2\/users\/3"}],"replies":[{"embeddable":true,"href":"https:\/\/www.tceam.tc.br\/index.php?rest_route=%2Fwp%2Fv2%2Fcomments&post=6272"}],"version-history":[{"count":15,"href":"https:\/\/www.tceam.tc.br\/index.php?rest_route=\/wp\/v2\/pages\/6272\/revisions"}],"predecessor-version":[{"id":82121,"href":"https:\/\/www.tceam.tc.br\/index.php?rest_route=\/wp\/v2\/pages\/6272\/revisions\/82121"}],"wp:attachment":[{"href":"https:\/\/www.tceam.tc.br\/index.php?rest_route=%2Fwp%2Fv2%2Fmedia&parent=6272"}],"curies":[{"name":"wp","href":"https:\/\/api.w.org\/{rel}","templated":true}]}}