
{"id":60772,"date":"2022-11-10T09:14:06","date_gmt":"2022-11-10T13:14:06","guid":{"rendered":"https:\/\/www.tceam.tc.br\/?page_id=60772"},"modified":"2026-03-11T10:15:36","modified_gmt":"2026-03-11T14:15:36","slug":"atualizacao-das-contas-julgadas-pelo-tribunal-pleno","status":"publish","type":"page","link":"https:\/\/www.tceam.tc.br\/?page_id=60772","title":{"rendered":"Presta\u00e7\u00f5es de Contas do Estado e Munic\u00edpios"},"content":{"rendered":"\t\t<div data-elementor-type=\"wp-page\" data-elementor-id=\"60772\" class=\"elementor elementor-60772\" data-elementor-settings=\"{&quot;ha_cmc_init_switcher&quot;:&quot;no&quot;,&quot;element_pack_global_tooltip_width&quot;:{&quot;unit&quot;:&quot;px&quot;,&quot;size&quot;:&quot;&quot;,&quot;sizes&quot;:[]},&quot;element_pack_global_tooltip_width_laptop&quot;:{&quot;unit&quot;:&quot;px&quot;,&quot;size&quot;:&quot;&quot;,&quot;sizes&quot;:[]},&quot;element_pack_global_tooltip_width_tablet_extra&quot;:{&quot;unit&quot;:&quot;px&quot;,&quot;size&quot;:&quot;&quot;,&quot;sizes&quot;:[]},&quot;element_pack_global_tooltip_width_tablet&quot;:{&quot;unit&quot;:&quot;px&quot;,&quot;size&quot;:&quot;&quot;,&quot;sizes&quot;:[]},&quot;element_pack_global_tooltip_width_mobile_extra&quot;:{&quot;unit&quot;:&quot;px&quot;,&quot;size&quot;:&quot;&quot;,&quot;sizes&quot;:[]},&quot;element_pack_global_tooltip_width_mobile&quot;:{&quot;unit&quot;:&quot;px&quot;,&quot;size&quot;:&quot;&quot;,&quot;sizes&quot;:[]},&quot;element_pack_global_tooltip_padding&quot;:{&quot;unit&quot;:&quot;px&quot;,&quot;top&quot;:&quot;&quot;,&quot;right&quot;:&quot;&quot;,&quot;bottom&quot;:&quot;&quot;,&quot;left&quot;:&quot;&quot;,&quot;isLinked&quot;:true},&quot;element_pack_global_tooltip_padding_laptop&quot;:{&quot;unit&quot;:&quot;px&quot;,&quot;top&quot;:&quot;&quot;,&quot;right&quot;:&quot;&quot;,&quot;bottom&quot;:&quot;&quot;,&quot;left&quot;:&quot;&quot;,&quot;isLinked&quot;:true},&quot;element_pack_global_tooltip_padding_tablet_extra&quot;:{&quot;unit&quot;:&quot;px&quot;,&quot;top&quot;:&quot;&quot;,&quot;right&quot;:&quot;&quot;,&quot;bottom&quot;:&quot;&quot;,&quot;left&quot;:&quot;&quot;,&quot;isLinked&quot;:true},&quot;element_pack_global_tooltip_padding_tablet&quot;:{&quot;unit&quot;:&quot;px&quot;,&quot;top&quot;:&quot;&quot;,&quot;right&quot;:&quot;&quot;,&quot;bottom&quot;:&quot;&quot;,&quot;left&quot;:&quot;&quot;,&quot;isLinked&quot;:true},&quot;element_pack_global_tooltip_padding_mobile_extra&quot;:{&quot;unit&quot;:&quot;px&quot;,&quot;top&quot;:&quot;&quot;,&quot;right&quot;:&quot;&quot;,&quot;bottom&quot;:&quot;&quot;,&quot;left&quot;:&quot;&quot;,&quot;isLinked&quot;:true},&quot;element_pack_global_tooltip_padding_mobile&quot;:{&quot;unit&quot;:&quot;px&quot;,&quot;top&quot;:&quot;&quot;,&quot;right&quot;:&quot;&quot;,&quot;bottom&quot;:&quot;&quot;,&quot;left&quot;:&quot;&quot;,&quot;isLinked&quot;:true},&quot;element_pack_global_tooltip_border_radius&quot;:{&quot;unit&quot;:&quot;px&quot;,&quot;top&quot;:&quot;&quot;,&quot;right&quot;:&quot;&quot;,&quot;bottom&quot;:&quot;&quot;,&quot;left&quot;:&quot;&quot;,&quot;isLinked&quot;:true},&quot;element_pack_global_tooltip_border_radius_laptop&quot;:{&quot;unit&quot;:&quot;px&quot;,&quot;top&quot;:&quot;&quot;,&quot;right&quot;:&quot;&quot;,&quot;bottom&quot;:&quot;&quot;,&quot;left&quot;:&quot;&quot;,&quot;isLinked&quot;:true},&quot;element_pack_global_tooltip_border_radius_tablet_extra&quot;:{&quot;unit&quot;:&quot;px&quot;,&quot;top&quot;:&quot;&quot;,&quot;right&quot;:&quot;&quot;,&quot;bottom&quot;:&quot;&quot;,&quot;left&quot;:&quot;&quot;,&quot;isLinked&quot;:true},&quot;element_pack_global_tooltip_border_radius_tablet&quot;:{&quot;unit&quot;:&quot;px&quot;,&quot;top&quot;:&quot;&quot;,&quot;right&quot;:&quot;&quot;,&quot;bottom&quot;:&quot;&quot;,&quot;left&quot;:&quot;&quot;,&quot;isLinked&quot;:true},&quot;element_pack_global_tooltip_border_radius_mobile_extra&quot;:{&quot;unit&quot;:&quot;px&quot;,&quot;top&quot;:&quot;&quot;,&quot;right&quot;:&quot;&quot;,&quot;bottom&quot;:&quot;&quot;,&quot;left&quot;:&quot;&quot;,&quot;isLinked&quot;:true},&quot;element_pack_global_tooltip_border_radius_mobile&quot;:{&quot;unit&quot;:&quot;px&quot;,&quot;top&quot;:&quot;&quot;,&quot;right&quot;:&quot;&quot;,&quot;bottom&quot;:&quot;&quot;,&quot;left&quot;:&quot;&quot;,&quot;isLinked&quot;:true}}\" data-elementor-post-type=\"page\">\n\t\t\t\t<div class=\"elementor-element elementor-element-3b2ec81b e-flex e-con-boxed e-con e-parent\" data-id=\"3b2ec81b\" data-element_type=\"container\" data-settings=\"{&quot;_ha_eqh_enable&quot;:false}\">\n\t\t\t\t\t<div class=\"e-con-inner\">\n\t\t\t\t<div class=\"elementor-element elementor-element-7eb51612 exad-sticky-section-no exad-glass-effect-no elementor-widget elementor-widget-text-editor\" data-id=\"7eb51612\" data-element_type=\"widget\" data-widget_type=\"text-editor.default\">\n\t\t\t\t<div class=\"elementor-widget-container\">\n\t\t\t\t\t\t\t\t\t<p>\u00a0<\/p><ol><li><h6><span style=\"font-size: 12pt;\"><a href=\"https:\/\/www.tceam.tc.br\/wp-content\/uploads\/2026\/03\/1.-ADM.-DIRETA-DO-ESTADO-2.pdf\" target=\"_blank\" rel=\"noopener\"><strong><span style=\"color: #0000ff;\">Administra\u00e7\u00e3o Direta do Estado<\/span><\/strong><\/a><\/span><\/h6><\/li><li><h6><span style=\"font-size: 12pt;\"><strong><span style=\"color: #0000ff;\"><a style=\"color: #0000ff;\" href=\"https:\/\/www.tceam.tc.br\/wp-content\/uploads\/2026\/03\/2.-ADM.-INDIRETA-DO-ESTADO-2.pdf\">Administra\u00e7\u00e3o Indireta do Estado<\/a><\/span><\/strong><\/span><\/h6><\/li><li><h6><span style=\"font-size: 12pt;\"><strong><span style=\"color: #0000ff;\"><a style=\"color: #0000ff;\" href=\"https:\/\/www.tceam.tc.br\/wp-content\/uploads\/2026\/03\/3.-ADM.-DIRETA-E-INDIRETA-DE-MANAUS-2.pdf\">Administra\u00e7\u00e3o Direta e Indireta de Manaus<\/a><\/span><\/strong><\/span><\/h6><\/li><li><h6><a href=\"https:\/\/www.tceam.tc.br\/wp-content\/uploads\/2026\/03\/4.-PREFEITURAS-MUNICIPAIS-2.pdf\"><span style=\"font-size: 12pt;\"><strong><span style=\"color: #0000ff;\">Prefeituras Municipais<\/span><\/strong><\/span><\/a><\/h6><\/li><li><h6><span style=\"font-size: 12pt;\"><strong><span style=\"color: #0000ff;\"><a style=\"color: #0000ff;\" href=\"https:\/\/www.tceam.tc.br\/wp-content\/uploads\/2026\/03\/5.-ADM.-INDIRETA-DOS-MUNICIPIOS-DO-INTERIOR-2.pdf\">Administra\u00e7\u00e3o Indireta dos Munic\u00edpios do Interior<\/a><\/span><\/strong><\/span><\/h6><\/li><li><h6><span style=\"font-size: 12pt;\"><strong><a href=\"https:\/\/www.tceam.tc.br\/wp-content\/uploads\/2026\/02\/6.-CAMARAS-MUNICIPAIS-2.pdf\"><span style=\"color: #0000ff;\">C\u00e2maras Municipais<\/span><\/a><\/strong><\/span><\/h6><\/li><li><h6><span style=\"font-size: 12pt;\"><strong><span style=\"color: #0000ff;\"><a style=\"color: #0000ff;\" href=\"http:\/\/www.tceam.tc.br\/portal\/?page_id=26328\">Contas Anuais e Gerais do Governo<br \/>Relat\u00f3rio, parecer e voto<\/a><\/span><\/strong><\/span><\/h6><\/li><li><h6><span style=\"font-size: 12pt;\"><strong><span style=\"color: #0000ff;\"><a style=\"color: #0000ff;\" href=\"http:\/\/www.tceam.tc.br\/portal\/?page_id=26332\">Contas Anuais e Gerais da Prefeitura de Manaus<br \/>Relat\u00f3rio, parecer e voto<\/a><\/span><\/strong><\/span><\/h6><\/li><\/ol>\t\t\t\t\t\t\t\t<\/div>\n\t\t\t\t<\/div>\n\t\t\t\t\t<\/div>\n\t\t\t\t<\/div>\n\t\t\t\t<\/div>\n\t\t","protected":false},"excerpt":{"rendered":"<p>\u00a0 Administra\u00e7\u00e3o Direta do Estado Administra\u00e7\u00e3o Indireta do Estado Administra\u00e7\u00e3o Direta e Indireta de Manaus Prefeituras Municipais Administra\u00e7\u00e3o Indireta dos Munic\u00edpios do Interior C\u00e2maras Municipais Contas Anuais e Gerais do GovernoRelat\u00f3rio, parecer e voto Contas Anuais e Gerais da Prefeitura de ManausRelat\u00f3rio, parecer e voto<\/p>\n","protected":false},"author":3,"featured_media":0,"parent":0,"menu_order":0,"comment_status":"closed","ping_status":"closed","template":"","meta":{"footnotes":""},"class_list":["post-60772","page","type-page","status-publish","hentry"],"_links":{"self":[{"href":"https:\/\/www.tceam.tc.br\/index.php?rest_route=\/wp\/v2\/pages\/60772","targetHints":{"allow":["GET"]}}],"collection":[{"href":"https:\/\/www.tceam.tc.br\/index.php?rest_route=\/wp\/v2\/pages"}],"about":[{"href":"https:\/\/www.tceam.tc.br\/index.php?rest_route=\/wp\/v2\/types\/page"}],"author":[{"embeddable":true,"href":"https:\/\/www.tceam.tc.br\/index.php?rest_route=\/wp\/v2\/users\/3"}],"replies":[{"embeddable":true,"href":"https:\/\/www.tceam.tc.br\/index.php?rest_route=%2Fwp%2Fv2%2Fcomments&post=60772"}],"version-history":[{"count":68,"href":"https:\/\/www.tceam.tc.br\/index.php?rest_route=\/wp\/v2\/pages\/60772\/revisions"}],"predecessor-version":[{"id":83433,"href":"https:\/\/www.tceam.tc.br\/index.php?rest_route=\/wp\/v2\/pages\/60772\/revisions\/83433"}],"wp:attachment":[{"href":"https:\/\/www.tceam.tc.br\/index.php?rest_route=%2Fwp%2Fv2%2Fmedia&parent=60772"}],"curies":[{"name":"wp","href":"https:\/\/api.w.org\/{rel}","templated":true}]}}