
{"id":58574,"date":"2022-08-26T12:59:44","date_gmt":"2022-08-26T16:59:44","guid":{"rendered":"https:\/\/www.tceam.tc.br\/?page_id=58574"},"modified":"2025-06-24T14:28:45","modified_gmt":"2025-06-24T18:28:45","slug":"comite-de-prevencao-e-enfrentamento-ao-assedio-e-a-discriminacao","status":"publish","type":"page","link":"https:\/\/www.tceam.tc.br\/?page_id=58574","title":{"rendered":"Comit\u00ea de Preven\u00e7\u00e3o e Enfrentamento do Ass\u00e9dio e da Discrimina\u00e7\u00e3o"},"content":{"rendered":"\t\t<div data-elementor-type=\"wp-page\" data-elementor-id=\"58574\" class=\"elementor elementor-58574\" data-elementor-settings=\"{&quot;ha_cmc_init_switcher&quot;:&quot;no&quot;,&quot;element_pack_global_tooltip_width&quot;:{&quot;unit&quot;:&quot;px&quot;,&quot;size&quot;:&quot;&quot;,&quot;sizes&quot;:[]},&quot;element_pack_global_tooltip_width_laptop&quot;:{&quot;unit&quot;:&quot;px&quot;,&quot;size&quot;:&quot;&quot;,&quot;sizes&quot;:[]},&quot;element_pack_global_tooltip_width_tablet_extra&quot;:{&quot;unit&quot;:&quot;px&quot;,&quot;size&quot;:&quot;&quot;,&quot;sizes&quot;:[]},&quot;element_pack_global_tooltip_width_tablet&quot;:{&quot;unit&quot;:&quot;px&quot;,&quot;size&quot;:&quot;&quot;,&quot;sizes&quot;:[]},&quot;element_pack_global_tooltip_width_mobile_extra&quot;:{&quot;unit&quot;:&quot;px&quot;,&quot;size&quot;:&quot;&quot;,&quot;sizes&quot;:[]},&quot;element_pack_global_tooltip_width_mobile&quot;:{&quot;unit&quot;:&quot;px&quot;,&quot;size&quot;:&quot;&quot;,&quot;sizes&quot;:[]},&quot;element_pack_global_tooltip_padding&quot;:{&quot;unit&quot;:&quot;px&quot;,&quot;top&quot;:&quot;&quot;,&quot;right&quot;:&quot;&quot;,&quot;bottom&quot;:&quot;&quot;,&quot;left&quot;:&quot;&quot;,&quot;isLinked&quot;:true},&quot;element_pack_global_tooltip_padding_laptop&quot;:{&quot;unit&quot;:&quot;px&quot;,&quot;top&quot;:&quot;&quot;,&quot;right&quot;:&quot;&quot;,&quot;bottom&quot;:&quot;&quot;,&quot;left&quot;:&quot;&quot;,&quot;isLinked&quot;:true},&quot;element_pack_global_tooltip_padding_tablet_extra&quot;:{&quot;unit&quot;:&quot;px&quot;,&quot;top&quot;:&quot;&quot;,&quot;right&quot;:&quot;&quot;,&quot;bottom&quot;:&quot;&quot;,&quot;left&quot;:&quot;&quot;,&quot;isLinked&quot;:true},&quot;element_pack_global_tooltip_padding_tablet&quot;:{&quot;unit&quot;:&quot;px&quot;,&quot;top&quot;:&quot;&quot;,&quot;right&quot;:&quot;&quot;,&quot;bottom&quot;:&quot;&quot;,&quot;left&quot;:&quot;&quot;,&quot;isLinked&quot;:true},&quot;element_pack_global_tooltip_padding_mobile_extra&quot;:{&quot;unit&quot;:&quot;px&quot;,&quot;top&quot;:&quot;&quot;,&quot;right&quot;:&quot;&quot;,&quot;bottom&quot;:&quot;&quot;,&quot;left&quot;:&quot;&quot;,&quot;isLinked&quot;:true},&quot;element_pack_global_tooltip_padding_mobile&quot;:{&quot;unit&quot;:&quot;px&quot;,&quot;top&quot;:&quot;&quot;,&quot;right&quot;:&quot;&quot;,&quot;bottom&quot;:&quot;&quot;,&quot;left&quot;:&quot;&quot;,&quot;isLinked&quot;:true},&quot;element_pack_global_tooltip_border_radius&quot;:{&quot;unit&quot;:&quot;px&quot;,&quot;top&quot;:&quot;&quot;,&quot;right&quot;:&quot;&quot;,&quot;bottom&quot;:&quot;&quot;,&quot;left&quot;:&quot;&quot;,&quot;isLinked&quot;:true},&quot;element_pack_global_tooltip_border_radius_laptop&quot;:{&quot;unit&quot;:&quot;px&quot;,&quot;top&quot;:&quot;&quot;,&quot;right&quot;:&quot;&quot;,&quot;bottom&quot;:&quot;&quot;,&quot;left&quot;:&quot;&quot;,&quot;isLinked&quot;:true},&quot;element_pack_global_tooltip_border_radius_tablet_extra&quot;:{&quot;unit&quot;:&quot;px&quot;,&quot;top&quot;:&quot;&quot;,&quot;right&quot;:&quot;&quot;,&quot;bottom&quot;:&quot;&quot;,&quot;left&quot;:&quot;&quot;,&quot;isLinked&quot;:true},&quot;element_pack_global_tooltip_border_radius_tablet&quot;:{&quot;unit&quot;:&quot;px&quot;,&quot;top&quot;:&quot;&quot;,&quot;right&quot;:&quot;&quot;,&quot;bottom&quot;:&quot;&quot;,&quot;left&quot;:&quot;&quot;,&quot;isLinked&quot;:true},&quot;element_pack_global_tooltip_border_radius_mobile_extra&quot;:{&quot;unit&quot;:&quot;px&quot;,&quot;top&quot;:&quot;&quot;,&quot;right&quot;:&quot;&quot;,&quot;bottom&quot;:&quot;&quot;,&quot;left&quot;:&quot;&quot;,&quot;isLinked&quot;:true},&quot;element_pack_global_tooltip_border_radius_mobile&quot;:{&quot;unit&quot;:&quot;px&quot;,&quot;top&quot;:&quot;&quot;,&quot;right&quot;:&quot;&quot;,&quot;bottom&quot;:&quot;&quot;,&quot;left&quot;:&quot;&quot;,&quot;isLinked&quot;:true}}\" data-elementor-post-type=\"page\">\n\t\t\t\t\t\t<section data-exad-particle-enable=\"false\" class=\"elementor-section elementor-top-section elementor-element elementor-element-44436a9 elementor-section-boxed elementor-section-height-default elementor-section-height-default exad-parallax-effect-no exad-background-color-change-no exad-glass-effect-no exad-sticky-section-no\" data-id=\"44436a9\" data-element_type=\"section\" data-settings=\"{&quot;_ha_eqh_enable&quot;:false}\">\n\t\t\t\t\t\t<div class=\"elementor-container elementor-column-gap-default\">\n\t\t\t\t\t<div class=\"elementor-column elementor-col-100 elementor-top-column elementor-element elementor-element-207d7a2 exad-glass-effect-no exad-sticky-section-no\" data-id=\"207d7a2\" data-element_type=\"column\">\n\t\t\t<div class=\"elementor-widget-wrap elementor-element-populated\">\n\t\t\t\t\t\t<div class=\"elementor-element elementor-element-bd27d9b exad-sticky-section-no exad-glass-effect-no elementor-widget elementor-widget-image\" data-id=\"bd27d9b\" data-element_type=\"widget\" data-widget_type=\"image.default\">\n\t\t\t\t<div class=\"elementor-widget-container\">\n\t\t\t\t\t\t\t\t\t\t\t\t\t\t\t<img fetchpriority=\"high\" decoding=\"async\" width=\"2560\" height=\"635\" src=\"https:\/\/www.tceam.tc.br\/wp-content\/uploads\/2022\/09\/Previdencia-Complementar-2823-\u00d7-700-px.png\" class=\"attachment-full size-full wp-image-59197\" alt=\"\" srcset=\"https:\/\/www.tceam.tc.br\/wp-content\/uploads\/2022\/09\/Previdencia-Complementar-2823-\u00d7-700-px.png 2560w, https:\/\/www.tceam.tc.br\/wp-content\/uploads\/2022\/09\/Previdencia-Complementar-2823-\u00d7-700-px-300x74.png 300w, https:\/\/www.tceam.tc.br\/wp-content\/uploads\/2022\/09\/Previdencia-Complementar-2823-\u00d7-700-px-1024x254.png 1024w, https:\/\/www.tceam.tc.br\/wp-content\/uploads\/2022\/09\/Previdencia-Complementar-2823-\u00d7-700-px-768x190.png 768w, https:\/\/www.tceam.tc.br\/wp-content\/uploads\/2022\/09\/Previdencia-Complementar-2823-\u00d7-700-px-1536x381.png 1536w, https:\/\/www.tceam.tc.br\/wp-content\/uploads\/2022\/09\/Previdencia-Complementar-2823-\u00d7-700-px-2048x508.png 2048w, https:\/\/www.tceam.tc.br\/wp-content\/uploads\/2022\/09\/Previdencia-Complementar-2823-\u00d7-700-px-750x186.png 750w, https:\/\/www.tceam.tc.br\/wp-content\/uploads\/2022\/09\/Previdencia-Complementar-2823-\u00d7-700-px-1140x283.png 1140w\" sizes=\"(max-width: 2560px) 100vw, 2560px\" \/>\t\t\t\t\t\t\t\t\t\t\t\t\t\t\t<\/div>\n\t\t\t\t<\/div>\n\t\t\t\t\t<\/div>\n\t\t<\/div>\n\t\t\t\t\t<\/div>\n\t\t<\/section>\n\t\t\t\t<section data-exad-particle-enable=\"false\" class=\"elementor-section elementor-top-section elementor-element elementor-element-20fc2f0 elementor-section-boxed elementor-section-height-default elementor-section-height-default exad-parallax-effect-no exad-background-color-change-no exad-glass-effect-no exad-sticky-section-no\" data-id=\"20fc2f0\" data-element_type=\"section\" data-settings=\"{&quot;shape_divider_top&quot;:&quot;mountains&quot;,&quot;background_background&quot;:&quot;gradient&quot;,&quot;_ha_eqh_enable&quot;:false}\">\n\t\t\t\t\t<div class=\"elementor-shape elementor-shape-top\" aria-hidden=\"true\" data-negative=\"false\">\n\t\t\t<svg xmlns=\"http:\/\/www.w3.org\/2000\/svg\" viewBox=\"0 0 1000 100\" preserveAspectRatio=\"none\">\n\t<path class=\"elementor-shape-fill\" opacity=\"0.33\" d=\"M473,67.3c-203.9,88.3-263.1-34-320.3,0C66,119.1,0,59.7,0,59.7V0h1000v59.7 c0,0-62.1,26.1-94.9,29.3c-32.8,3.3-62.8-12.3-75.8-22.1C806,49.6,745.3,8.7,694.9,4.7S492.4,59,473,67.3z\"\/>\n\t<path class=\"elementor-shape-fill\" opacity=\"0.66\" d=\"M734,67.3c-45.5,0-77.2-23.2-129.1-39.1c-28.6-8.7-150.3-10.1-254,39.1 s-91.7-34.4-149.2,0C115.7,118.3,0,39.8,0,39.8V0h1000v36.5c0,0-28.2-18.5-92.1-18.5C810.2,18.1,775.7,67.3,734,67.3z\"\/>\n\t<path class=\"elementor-shape-fill\" d=\"M766.1,28.9c-200-57.5-266,65.5-395.1,19.5C242,1.8,242,5.4,184.8,20.6C128,35.8,132.3,44.9,89.9,52.5C28.6,63.7,0,0,0,0 h1000c0,0-9.9,40.9-83.6,48.1S829.6,47,766.1,28.9z\"\/>\n<\/svg>\t\t<\/div>\n\t\t\t\t\t<div class=\"elementor-container elementor-column-gap-default\">\n\t\t\t\t\t<div class=\"elementor-column elementor-col-100 elementor-top-column elementor-element elementor-element-df9b6e0 exad-glass-effect-no exad-sticky-section-no\" data-id=\"df9b6e0\" data-element_type=\"column\">\n\t\t\t<div class=\"elementor-widget-wrap elementor-element-populated\">\n\t\t\t\t\t\t<div class=\"elementor-element elementor-element-ef6c90e exad-sticky-section-no exad-glass-effect-no elementor-widget elementor-widget-exad-exclusive-tabs\" data-id=\"ef6c90e\" data-element_type=\"widget\" data-widget_type=\"exad-exclusive-tabs.default\">\n\t\t\t\t<div class=\"elementor-widget-container\">\n\t\t\t\t\t\t\t<div class=\"exad-tabs-ef6c90e exad-advance-tab exad-tab-vertical \" data-tabs>\r\n\t\t\t\r\n\t\t\t<ul class=\"exad-advance-tab-nav\">\r\n\t\t\t\t\t\t\t\t\t<li class=\"active \" data-tab>\r\n\t\t\t\t\t\t<span class=\"exad-button-icon-wrapper\"><i class=\"remixicon ri-user-voice-fill\"><\/i><\/span>\t\t\t\t\t\t<span class=\"exad-tab-title\">\r\n\t\t\t\t\t\tComunique o Fato\t\t\t\t\t\t<\/span>\r\n\t\t\t\t\t<\/li>\r\n\t\t\t\t\t\t\t\t\t<li class=\" \" data-tab>\r\n\t\t\t\t\t\t<span class=\"exad-button-icon-wrapper\"><i class=\"remixicon ri-government-line\"><\/i><\/span>\t\t\t\t\t\t<span class=\"exad-tab-title\">\r\n\t\t\t\t\t\tPol\u00edtica Institucional\t\t\t\t\t\t<\/span>\r\n\t\t\t\t\t<\/li>\r\n\t\t\t\t\t\t\t\t\t<li class=\" \" data-tab>\r\n\t\t\t\t\t\t<span class=\"exad-button-icon-wrapper\"><i class=\"feather icon-book-open\"><\/i><\/span>\t\t\t\t\t\t<span class=\"exad-tab-title\">\r\n\t\t\t\t\t\tCartilha\t\t\t\t\t\t<\/span>\r\n\t\t\t\t\t<\/li>\r\n\t\t\t\t\t\t\t\t\t<li class=\" \" data-tab>\r\n\t\t\t\t\t\t<span class=\"exad-button-icon-wrapper\"><i class=\"feather icon-file-text\"><\/i><\/span>\t\t\t\t\t\t<span class=\"exad-tab-title\">\r\n\t\t\t\t\t\tResolu\u00e7\u00e3o\t\t\t\t\t\t<\/span>\r\n\t\t\t\t\t<\/li>\r\n\t\t\t\t\t\t\t\t\t<li class=\" \" data-tab>\r\n\t\t\t\t\t\t<span class=\"exad-button-icon-wrapper\"><i class=\"fas fa-users\"><\/i><\/span>\t\t\t\t\t\t<span class=\"exad-tab-title\">\r\n\t\t\t\t\t\tComit\u00ea\t\t\t\t\t\t<\/span>\r\n\t\t\t\t\t<\/li>\r\n\t\t\t\t\t\t\t<\/ul>\r\n\t\t\t\r\n\t\t\t\t\t\t\t<div class=\"exad-advance-tab-content exad-tab-image-has-no active exad-tab-image-right\">\r\n\t\t\t\t\t\t\t\t\t\t\t<div class=\"exad-advance-tab-content-element\">\r\n\t\t\t\t\t\t\t<div class=\"exad-advance-tab-content-description\">\r\n\t\t\t\t\t\t\t<p><span style=\"font-weight: 400\">As comunica\u00e7\u00f5es podem ser feitas pela pessoa que se sinta alvo de ass\u00e9dio ou discrimina\u00e7\u00e3o, ou por terceiros que presenciarem (neste caso, permitido o anonimato).<\/span><\/p><p><span style=\"font-weight: 400\">As comunica\u00e7\u00f5es tamb\u00e9m podem ser feitas via SEI, para um dos membros do Comit\u00ea. Ao preencher o tipo de processo \u201cComunica\u00e7\u00e3o de Fato\u201d, a comunica\u00e7\u00e3o ser\u00e1 definida como sigilosa.<\/span><\/p><p><span style=\"font-weight: 400\">Para comunicar um fato de ass\u00e9dio ou discrimina\u00e7\u00e3o <strong>envolvendo exclusivamente servidores do TCE,<\/strong> clique no bot\u00e3o abaixo:<\/span><\/p>\t\t\t\t\t\t\t<\/div>\r\n\t\t\t\t\t\t\t\t\t\t\t\t\t\t\t\r\n\t\t\t\t\t\t\t\t<a class=\"exad-tab-btn\" href=\"https:\/\/contatoseguro.com.br\/tceam\" target=\"_blank\">\r\n\t\t\t\t\t\t\t\tComunicar um Fato\t\t\t\t\t\t\t\t<\/a>\r\n\t\t\t\t\t\t\t\t\r\n\t\t\t\t\t\t\t\t\t\t\t\t\t<\/div>\r\n\t\t\t\t\t\t\t\t\t\t\t\t\t\t\t<\/div>\r\n\t\t\t\t\t\t\t<div class=\"exad-advance-tab-content exad-tab-image-has-no  exad-tab-image-right\">\r\n\t\t\t\t\t\t\t\t\t\t\t<div class=\"exad-advance-tab-content-element\">\r\n\t\t\t\t\t\t\t<div class=\"exad-advance-tab-content-description\">\r\n\t\t\t\t\t\t\t<p><span style=\"font-weight: 400\">O Tribunal de Contas do Estado do Amazonas lan\u00e7ou a Pol\u00edtica de Preven\u00e7\u00e3o e Enfrentamento do Ass\u00e9dio e da Discrimina\u00e7\u00e3o com o objetivo de promover um ambiente de trabalho digno, saud\u00e1vel, seguro e sustent\u00e1vel.<\/span><\/p><p><span style=\"font-weight: 400\">Nela est\u00e3o estabelecidas a\u00e7\u00f5es de preven\u00e7\u00e3o, com a apresenta\u00e7\u00e3o de informa\u00e7\u00f5es que possibilitem a identifica\u00e7\u00e3o de ass\u00e9dio moral, ass\u00e9dio sexual e discrimina\u00e7\u00e3o, de combate efetivo a estas situa\u00e7\u00f5es e provid\u00eancias a serem adotadas para garantir a prote\u00e7\u00e3o da v\u00edtima e a responsabiliza\u00e7\u00e3o do assediador.<\/span><\/p>\t\t\t\t\t\t\t<\/div>\r\n\t\t\t\t\t\t\t\t\t\t\t\t\t<\/div>\r\n\t\t\t\t\t\t\t\t\t\t\t\t\t\t\t<\/div>\r\n\t\t\t\t\t\t\t<div class=\"exad-advance-tab-content exad-tab-image-has-no  exad-tab-image-right\">\r\n\t\t\t\t\t\t\t\t\t\t\t<div class=\"exad-advance-tab-content-element\">\r\n\t\t\t\t\t\t\t<div class=\"exad-advance-tab-content-description\">\r\n\t\t\t\t\t\t\t<p><span style=\"font-weight: 400\">Para promover reflex\u00f5es e debates sobre o tema a Presid\u00eancia do TCE-AM e a Corregedoria Geral, em conjunto com o Comit\u00ea e a Diretoria de Comunica\u00e7\u00e3o (Dicom), elaboraram a Cartilha de Preven\u00e7\u00e3o e Enfrentamento do Ass\u00e9dio e Discrimina\u00e7\u00e3o.<\/span><\/p>\t\t\t\t\t\t\t<\/div>\r\n\t\t\t\t\t\t\t\t\t\t\t\t\t\t\t\r\n\t\t\t\t\t\t\t\t<a class=\"exad-tab-btn\" href=\"https:\/\/www.flipbookpdf.net\/web\/site\/747be81845f4d40f8aa63987b46b936b921a3f56202209.pdf.html#page\/1\" target=\"_blank\">\r\n\t\t\t\t\t\t\t\tAcesse a cartilha\t\t\t\t\t\t\t\t<\/a>\r\n\t\t\t\t\t\t\t\t\r\n\t\t\t\t\t\t\t\t\t\t\t\t\t<\/div>\r\n\t\t\t\t\t\t\t\t\t\t\t\t\t\t\t<\/div>\r\n\t\t\t\t\t\t\t<div class=\"exad-advance-tab-content exad-tab-image-has-no  exad-tab-image-right\">\r\n\t\t\t\t\t\t\t\t\t\t\t<div class=\"exad-advance-tab-content-element\">\r\n\t\t\t\t\t\t\t<div class=\"exad-advance-tab-content-description\">\r\n\t\t\t\t\t\t\t<p>Resolu\u00e7\u00e3o sobre a preven\u00e7\u00e3o e enfrentamento do ass\u00e9dio e da discrimina\u00e7\u00e3o<\/p>\t\t\t\t\t\t\t<\/div>\r\n\t\t\t\t\t\t\t\t\t\t\t\t\t\t\t\r\n\t\t\t\t\t\t\t\t<a class=\"exad-tab-btn\" href=\"https:\/\/www.tceam.tc.br\/wp-content\/uploads\/2022\/09\/Resolucao-No-05_2022-PROC-11101_2022.pdf\" target=\"_blank\">\r\n\t\t\t\t\t\t\t\tAcesse a resolu\u00e7\u00e3o\t\t\t\t\t\t\t\t<\/a>\r\n\t\t\t\t\t\t\t\t\r\n\t\t\t\t\t\t\t\t\t\t\t\t\t<\/div>\r\n\t\t\t\t\t\t\t\t\t\t\t\t\t\t\t<\/div>\r\n\t\t\t\t\t\t\t<div class=\"exad-advance-tab-content exad-tab-image-has-no  exad-tab-image-right\">\r\n\t\t\t\t\t\t\t\t\t\t\t<div class=\"exad-advance-tab-content-element\">\r\n\t\t\t\t\t\t\t<div class=\"exad-advance-tab-content-description\">\r\n\t\t\t\t\t\t\t<p><span style=\"font-weight: 400\">Institu\u00eddo pela Portaria n.\u00ba 493\/2022-GPDRH de 21 de junho de 2022, o Comit\u00ea de Preven\u00e7\u00e3o e Enfrentamento do Ass\u00e9dio e da Discrimina\u00e7\u00e3o tem como atribui\u00e7\u00f5es, dentre outras:<\/span><\/p><ul><li style=\"font-weight: 400\"><span style=\"font-weight: 400\">Acolher a pessoa que se sente v\u00edtima de ass\u00e9dio moral, sexual e de discrimina\u00e7\u00e3o;<\/span><\/li><li style=\"font-weight: 400\"><span style=\"font-weight: 400\">Receber as comunica\u00e7\u00f5es de ass\u00e9dio moral, sexual e de discrimina\u00e7\u00e3o;<\/span><\/li><li style=\"font-weight: 400\"><span style=\"font-weight: 400\">Sugerir medidas de preven\u00e7\u00e3o, orienta\u00e7\u00e3o e enfrentamento do ass\u00e9dio moral, sexual e discrimina\u00e7\u00e3o no trabalho;<\/span><\/li><\/ul><h4>Membros<\/h4><ul><li>Rita De Cassia Pinheiro Telles de Carvalho \u2013 Coordenadora<\/li><li>N\u00e1dia Maria Gama Pereira - Corregedoria<\/li><li>Erika Alves de Ara\u00fajo - Secretaria Geral<\/li><li>Th\u00e1bitta Le\u00e3o Corr\u00eaa Lima - Setin<\/li><li>Karolline de Andrade Porto - Minist\u00e9rio P\u00fablico de Contas<\/li><li>Vict\u00f3ria Raissa Pereira Maciel - Servi\u00e7o de Psicologia<\/li><\/ul>\t\t\t\t\t\t\t<\/div>\r\n\t\t\t\t\t\t\t\t\t\t\t\t\t<\/div>\r\n\t\t\t\t\t\t\t\t\t\t\t\t\t\t\t<\/div>\r\n\t\t\t\t\t<\/div>\r\n\t\t\t\t\t<\/div>\n\t\t\t\t<\/div>\n\t\t\t\t\t<\/div>\n\t\t<\/div>\n\t\t\t\t\t<\/div>\n\t\t<\/section>\n\t\t\t\t<\/div>\n\t\t","protected":false},"excerpt":{"rendered":"<p>Comunique o Fato Pol\u00edtica Institucional Cartilha Resolu\u00e7\u00e3o Comit\u00ea As comunica\u00e7\u00f5es podem ser feitas pela pessoa que se sinta alvo de ass\u00e9dio ou discrimina\u00e7\u00e3o, ou por terceiros que presenciarem (neste caso, permitido o anonimato). As comunica\u00e7\u00f5es tamb\u00e9m podem ser feitas via SEI, para um dos membros do Comit\u00ea. Ao preencher o tipo de processo \u201cComunica\u00e7\u00e3o de [&hellip;]<\/p>\n","protected":false},"author":3,"featured_media":0,"parent":0,"menu_order":0,"comment_status":"closed","ping_status":"closed","template":"","meta":{"footnotes":""},"class_list":["post-58574","page","type-page","status-publish","hentry"],"_links":{"self":[{"href":"https:\/\/www.tceam.tc.br\/index.php?rest_route=\/wp\/v2\/pages\/58574","targetHints":{"allow":["GET"]}}],"collection":[{"href":"https:\/\/www.tceam.tc.br\/index.php?rest_route=\/wp\/v2\/pages"}],"about":[{"href":"https:\/\/www.tceam.tc.br\/index.php?rest_route=\/wp\/v2\/types\/page"}],"author":[{"embeddable":true,"href":"https:\/\/www.tceam.tc.br\/index.php?rest_route=\/wp\/v2\/users\/3"}],"replies":[{"embeddable":true,"href":"https:\/\/www.tceam.tc.br\/index.php?rest_route=%2Fwp%2Fv2%2Fcomments&post=58574"}],"version-history":[{"count":164,"href":"https:\/\/www.tceam.tc.br\/index.php?rest_route=\/wp\/v2\/pages\/58574\/revisions"}],"predecessor-version":[{"id":81973,"href":"https:\/\/www.tceam.tc.br\/index.php?rest_route=\/wp\/v2\/pages\/58574\/revisions\/81973"}],"wp:attachment":[{"href":"https:\/\/www.tceam.tc.br\/index.php?rest_route=%2Fwp%2Fv2%2Fmedia&parent=58574"}],"curies":[{"name":"wp","href":"https:\/\/api.w.org\/{rel}","templated":true}]}}