
{"id":56641,"date":"2022-07-19T11:39:46","date_gmt":"2022-07-19T15:39:46","guid":{"rendered":"https:\/\/www.tceam.tc.br\/?page_id=56641"},"modified":"2022-07-19T11:43:10","modified_gmt":"2022-07-19T15:43:10","slug":"codigo-de-etica-corregedoria","status":"publish","type":"page","link":"https:\/\/www.tceam.tc.br\/?page_id=56641","title":{"rendered":"C\u00f3digo de \u00c9tica &#8211; Corregedoria"},"content":{"rendered":"\t\t<div data-elementor-type=\"wp-page\" data-elementor-id=\"56641\" class=\"elementor elementor-56641\" data-elementor-settings=\"{&quot;ha_cmc_init_switcher&quot;:&quot;no&quot;,&quot;element_pack_global_tooltip_width&quot;:{&quot;unit&quot;:&quot;px&quot;,&quot;size&quot;:&quot;&quot;,&quot;sizes&quot;:[]},&quot;element_pack_global_tooltip_width_laptop&quot;:{&quot;unit&quot;:&quot;px&quot;,&quot;size&quot;:&quot;&quot;,&quot;sizes&quot;:[]},&quot;element_pack_global_tooltip_width_tablet_extra&quot;:{&quot;unit&quot;:&quot;px&quot;,&quot;size&quot;:&quot;&quot;,&quot;sizes&quot;:[]},&quot;element_pack_global_tooltip_width_tablet&quot;:{&quot;unit&quot;:&quot;px&quot;,&quot;size&quot;:&quot;&quot;,&quot;sizes&quot;:[]},&quot;element_pack_global_tooltip_width_mobile_extra&quot;:{&quot;unit&quot;:&quot;px&quot;,&quot;size&quot;:&quot;&quot;,&quot;sizes&quot;:[]},&quot;element_pack_global_tooltip_width_mobile&quot;:{&quot;unit&quot;:&quot;px&quot;,&quot;size&quot;:&quot;&quot;,&quot;sizes&quot;:[]},&quot;element_pack_global_tooltip_padding&quot;:{&quot;unit&quot;:&quot;px&quot;,&quot;top&quot;:&quot;&quot;,&quot;right&quot;:&quot;&quot;,&quot;bottom&quot;:&quot;&quot;,&quot;left&quot;:&quot;&quot;,&quot;isLinked&quot;:true},&quot;element_pack_global_tooltip_padding_laptop&quot;:{&quot;unit&quot;:&quot;px&quot;,&quot;top&quot;:&quot;&quot;,&quot;right&quot;:&quot;&quot;,&quot;bottom&quot;:&quot;&quot;,&quot;left&quot;:&quot;&quot;,&quot;isLinked&quot;:true},&quot;element_pack_global_tooltip_padding_tablet_extra&quot;:{&quot;unit&quot;:&quot;px&quot;,&quot;top&quot;:&quot;&quot;,&quot;right&quot;:&quot;&quot;,&quot;bottom&quot;:&quot;&quot;,&quot;left&quot;:&quot;&quot;,&quot;isLinked&quot;:true},&quot;element_pack_global_tooltip_padding_tablet&quot;:{&quot;unit&quot;:&quot;px&quot;,&quot;top&quot;:&quot;&quot;,&quot;right&quot;:&quot;&quot;,&quot;bottom&quot;:&quot;&quot;,&quot;left&quot;:&quot;&quot;,&quot;isLinked&quot;:true},&quot;element_pack_global_tooltip_padding_mobile_extra&quot;:{&quot;unit&quot;:&quot;px&quot;,&quot;top&quot;:&quot;&quot;,&quot;right&quot;:&quot;&quot;,&quot;bottom&quot;:&quot;&quot;,&quot;left&quot;:&quot;&quot;,&quot;isLinked&quot;:true},&quot;element_pack_global_tooltip_padding_mobile&quot;:{&quot;unit&quot;:&quot;px&quot;,&quot;top&quot;:&quot;&quot;,&quot;right&quot;:&quot;&quot;,&quot;bottom&quot;:&quot;&quot;,&quot;left&quot;:&quot;&quot;,&quot;isLinked&quot;:true},&quot;element_pack_global_tooltip_border_radius&quot;:{&quot;unit&quot;:&quot;px&quot;,&quot;top&quot;:&quot;&quot;,&quot;right&quot;:&quot;&quot;,&quot;bottom&quot;:&quot;&quot;,&quot;left&quot;:&quot;&quot;,&quot;isLinked&quot;:true},&quot;element_pack_global_tooltip_border_radius_laptop&quot;:{&quot;unit&quot;:&quot;px&quot;,&quot;top&quot;:&quot;&quot;,&quot;right&quot;:&quot;&quot;,&quot;bottom&quot;:&quot;&quot;,&quot;left&quot;:&quot;&quot;,&quot;isLinked&quot;:true},&quot;element_pack_global_tooltip_border_radius_tablet_extra&quot;:{&quot;unit&quot;:&quot;px&quot;,&quot;top&quot;:&quot;&quot;,&quot;right&quot;:&quot;&quot;,&quot;bottom&quot;:&quot;&quot;,&quot;left&quot;:&quot;&quot;,&quot;isLinked&quot;:true},&quot;element_pack_global_tooltip_border_radius_tablet&quot;:{&quot;unit&quot;:&quot;px&quot;,&quot;top&quot;:&quot;&quot;,&quot;right&quot;:&quot;&quot;,&quot;bottom&quot;:&quot;&quot;,&quot;left&quot;:&quot;&quot;,&quot;isLinked&quot;:true},&quot;element_pack_global_tooltip_border_radius_mobile_extra&quot;:{&quot;unit&quot;:&quot;px&quot;,&quot;top&quot;:&quot;&quot;,&quot;right&quot;:&quot;&quot;,&quot;bottom&quot;:&quot;&quot;,&quot;left&quot;:&quot;&quot;,&quot;isLinked&quot;:true},&quot;element_pack_global_tooltip_border_radius_mobile&quot;:{&quot;unit&quot;:&quot;px&quot;,&quot;top&quot;:&quot;&quot;,&quot;right&quot;:&quot;&quot;,&quot;bottom&quot;:&quot;&quot;,&quot;left&quot;:&quot;&quot;,&quot;isLinked&quot;:true}}\" data-elementor-post-type=\"page\">\n\t\t\t\t\t\t<section data-exad-particle-enable=\"false\" class=\"elementor-section elementor-top-section elementor-element elementor-element-97635af elementor-section-boxed elementor-section-height-default elementor-section-height-default exad-parallax-effect-no exad-background-color-change-no exad-glass-effect-no exad-sticky-section-no\" data-id=\"97635af\" data-element_type=\"section\" data-settings=\"{&quot;_ha_eqh_enable&quot;:false}\">\n\t\t\t\t\t\t<div class=\"elementor-container elementor-column-gap-default\">\n\t\t\t\t\t<div class=\"elementor-column elementor-col-100 elementor-top-column elementor-element elementor-element-a285355 exad-glass-effect-no exad-sticky-section-no\" data-id=\"a285355\" data-element_type=\"column\">\n\t\t\t<div class=\"elementor-widget-wrap elementor-element-populated\">\n\t\t\t\t\t\t<div class=\"elementor-element elementor-element-adbb5a1 exad-sticky-section-no exad-glass-effect-no elementor-widget elementor-widget-wpfd_choose_category\" data-id=\"adbb5a1\" data-element_type=\"widget\" data-widget_type=\"wpfd_choose_category.default\">\n\t\t\t\t<div class=\"elementor-widget-container\">\n\t\t\t\t\t<div id=\"wpfd-elementor-category\" class=\"wpfd-elementor-category\"><div class=\"wpfd-content wpfd-content-default wpfd-content-multi\" data-category=\"186\"             style=\"background-color: \"><input type=\"hidden\" id=\"current_category_186\" value=\"186\" \/>                    <input type=\"hidden\" id=\"current_category_slug_186\" value=\"codigo-de-etica\" \/>                    <input type=\"hidden\" id=\"current_ordering_186\" value=\"created_time\" \/>                    <input type=\"hidden\" id=\"current_ordering_direction_186\" value=\"desc\" \/>                    <input type=\"hidden\" id=\"page_limit_186\" value=\"100\" \/><input type=\"hidden\" id=\"wpfd_display_empty_category_message\" value=\"0\" \/><input type=\"hidden\" id=\"wpfd_empty_category_message_val\" value=\"Esta categoria de arquivo n\u00e3o tem arquivos para exibir\" \/><input type=\"hidden\" id=\"wpfd_display_empty_folder\" value=\"0\" \/><input type=\"hidden\" id=\"wpfd_is_empty_subcategories\" value=\"1\" \/><input type=\"hidden\" id=\"wpfd_is_empty_files\" value=\"1\" \/><input type=\"hidden\" id=\"wpfd_root_category_id\" class=\"wpfd_root_category_id\" value=\"186\" \/><input type=\"hidden\" id=\"wpfd_root_category_theme\" class=\"wpfd_root_category_theme\" value=\"default\" \/><input type=\"hidden\" id=\"wpfd_root_category_clone_theme_type\" class=\"wpfd_root_category_clone_theme_type\" value=\"none\" \/><input type=\"hidden\" id=\"wpfd_root_category_type\" class=\"wpfd_root_category_type\" value=\"186\" \/><a data-catid=\"\" class=\"default-download-category \" href=\"https:\/\/www.tceam.tc.br\/wp-admin\/admin-ajax.php?juwpfisadmin=false&#038;action=wpfd&#038;task=files.download&#038;wpfd_category_id=186&#038;wpfd_cat_name=codigo-de-etica\">Baixar todos                                 <i class=\"zmdi zmdi-check-all wpfd-download-category\"><\/i>                            <\/a><ul class=\"breadcrumbs wpfd-breadcrumbs-default head-category-default\">                            <li class=\"active\">C\u00f3digo de \u00c9tica<\/li>                        <\/ul>    <script type=\"text\/x-handlebars-template\" class=\"wpfd-template-categories\">        <div class=\"wpfd-categories \">{{#if category}}{{#with category}}{{#if parent}}<a class=\"catlink backcategory\" href=\"#\" data-idcat=\"{{parent}}\">                        <i class=\"zmdi zmdi-chevron-left\"><\/i><span>Voltar<\/span><\/a>{{\/if}}{{\/with}}{{\/if}}{{#if category.desc}}<div class=\"wpfd-category-desc\">{{category.desc}}<\/div>{{\/if}}{{#if categories}}{{#each categories}}<a class=\"wpfdcategory catlink \" style=\"margin : 10px 10px 10px 10px;\" href=\"#\" data-idcat=\"{{termID}}\" title=\"{{name}}\">                                <span>{{name}}<\/span><i class=\"zmdi zmdi-folder wpfd-folder\" style=\"color: {{color}}\"><\/i>                            <\/a>{{\/each}}{{\/if}}<div class=\"wpfdcategory_placeholder\" style=\"margin : 0 10px 0 10px;\"><\/div><div class=\"wpfdcategory_placeholder\" style=\"margin : 0 10px 0 10px;\"><\/div><div class=\"wpfdcategory_placeholder\" style=\"margin : 0 10px 0 10px;\"><\/div><\/div>    <\/script>    <script type=\"text\/x-handlebars-template\" class=\"wpfd-template-files\">        {{#if files }}        <div class=\"wpfd_list\">            {{#each files}}            <div class=\"file {{ext}}\" style=\"margin : 10px 10px 10px 10px;\" data-id=\"{{ID}}\" data-catid=\"{{catid}}\">                <input type=\"hidden\" class=\"wpfd_file_preview_link_download\" value=\"{{linkdownload}}\" data-filetitle=\"{{post_title}}\" data-fileicons=\"ext ext-{{ext}} wpfd-icon-set-svg\" \/>                <div class=\"filecontent\">                    {{#if file_custom_icon}}                    <div class=\"icon-custom\"><img decoding=\"async\" src=\"{{file_custom_icon}}\" \/><\/div>                    {{else}}                    <div class=\"ext ext-{{ext}} wpfd-icon-set-svg\"><span class=\"txt\">{{ext}}<\/span><\/div>                    {{\/if}}<h3><a href=\"{{linkdownload}}\"   class=\"wpfd_downloadlink\" title=\"{{post_title}}\" target=\"{{#if remote_file}}_blank{{\/if}}\">{{{crop_title}}}<\/a><\/h3>                    <div class=\"file-xinfo\">                        <div class=\"file-size\"><span>Tamanho:<\/span> {{bytesToSize size}}<\/div>                    <\/div>                <\/div>                <span class=\"file-right\">                    <a class=\"downloadlink wpfd_downloadlink\"  href=\"{{linkdownload}}\"  style=\"background-color:#2c3e50;color:#ffffff;\" target=\"{{#if remote_file}}_blank{{\/if}}\">Baixar<i class=\"zmdi zmdi-cloud-download wpfd-download\"><\/i><\/a>                <\/span>            <\/div>            {{\/each}}            <div class=\"file flex_span\" style=\"margin : 10px 10px 10px 10px;\"><\/div>        <\/div>        {{\/if}}    <\/script>    <div class=\"wpfd-container show_breadcrumb show_subcategories\">                <div class=\"wpfd-open-tree\"><\/div>        <div class=\"wpfd-container-default \">            <div class=\"wpfd-categories \"><div class=\"wpfd-category-desc\"><\/div><\/div>                            <div class=\"wpfd_list\">                                                                        <div class=\"file pdf\" style=\"margin : 10px 10px 10px 10px;\"                                 data-id=\"80024\"                                 data-catid=\"186\">                                                                <input type=\"hidden\" class=\"wpfd_file_preview_link_download\" value=\"https:\/\/www.tceam.tc.br\/wp-admin\/admin-ajax.php?juwpfisadmin=false&amp;action=wpfd&amp;task=file.download&amp;wpfd_category_id=186&amp;wpfd_file_id=80024\"                                       data-filetitle=\"Resolu\u00e7\u00e3o n\u00ba 07.2023 - C\u00f3digo de \u00c9tica dos Servidores e Revoga\u00e7\u00e3o da Resolu\u00e7\u00e3o 01.2019\" data-fileicons=\"ext ext-pdf wpfd-icon-set-svg\" \/>                                <div class=\"filecontent\">                                    <div class=\"ext ext-pdf wpfd-icon-set-svg\"><span class=\"txt\">pdf<\/span><\/div><h3><a href=\"https:\/\/www.tceam.tc.br\/wp-admin\/admin-ajax.php?juwpfisadmin=false&#038;action=wpfd&#038;task=file.download&#038;wpfd_category_id=186&#038;wpfd_file_id=80024\"   class=\"wpfd_downloadlink\" title=\"Resolu\u00e7\u00e3o n\u00ba 07.2023 - C\u00f3digo de \u00c9tica dos Servidores e Revoga\u00e7\u00e3o da Resolu\u00e7\u00e3o 01.2019\" target=\"\">Resolu\u00e7\u00e3o n\u00ba 07.2023 - C\u00f3digo de \u00c9tica dos Servidores e Revoga\u00e7\u00e3o da Resolu\u00e7\u00e3o 01.2019<\/a><\/h3>                                    <div class=\"file-xinfo\">                                        <div class=\"file-size\"><span>Tamanho:<\/span> 596.03 KB<\/div>                                    <\/div>                                <\/div>                                <div class=\"file-right\">                                    <a class=\"downloadlink wpfd_downloadlink\"  href=\"https:\/\/www.tceam.tc.br\/wp-admin\/admin-ajax.php?juwpfisadmin=false&#038;action=wpfd&#038;task=file.download&#038;wpfd_category_id=186&#038;wpfd_file_id=80024\"  style=\"background-color:#2c3e50;color:#ffffff;\" target=\"\">Baixar<i class=\"zmdi zmdi-cloud-download wpfd-download\"><\/i><\/a>                                <\/div>                            <\/div>                                                                                                <div class=\"file pdf\" style=\"margin : 10px 10px 10px 10px;\"                                 data-id=\"80023\"                                 data-catid=\"186\">                                                                <input type=\"hidden\" class=\"wpfd_file_preview_link_download\" value=\"https:\/\/www.tceam.tc.br\/wp-admin\/admin-ajax.php?juwpfisadmin=false&amp;action=wpfd&amp;task=file.download&amp;wpfd_category_id=186&amp;wpfd_file_id=80023\"                                       data-filetitle=\"Resolu\u00e7\u00e3o n\u00ba 06.2023 - C\u00f3digo de \u00c9tica dos Membros e Revoga\u00e7\u00e3o da Resolu\u00e7\u00e3o 01.2001\" data-fileicons=\"ext ext-pdf wpfd-icon-set-svg\" \/>                                <div class=\"filecontent\">                                    <div class=\"ext ext-pdf wpfd-icon-set-svg\"><span class=\"txt\">pdf<\/span><\/div><h3><a href=\"https:\/\/www.tceam.tc.br\/wp-admin\/admin-ajax.php?juwpfisadmin=false&#038;action=wpfd&#038;task=file.download&#038;wpfd_category_id=186&#038;wpfd_file_id=80023\"   class=\"wpfd_downloadlink\" title=\"Resolu\u00e7\u00e3o n\u00ba 06.2023 - C\u00f3digo de \u00c9tica dos Membros e Revoga\u00e7\u00e3o da Resolu\u00e7\u00e3o 01.2001\" target=\"\">Resolu\u00e7\u00e3o n\u00ba 06.2023 - C\u00f3digo de \u00c9tica dos Membros e Revoga\u00e7\u00e3o da Resolu\u00e7\u00e3o 01.2001<\/a><\/h3>                                    <div class=\"file-xinfo\">                                        <div class=\"file-size\"><span>Tamanho:<\/span> 268.00 KB<\/div>                                    <\/div>                                <\/div>                                <div class=\"file-right\">                                    <a class=\"downloadlink wpfd_downloadlink\"  href=\"https:\/\/www.tceam.tc.br\/wp-admin\/admin-ajax.php?juwpfisadmin=false&#038;action=wpfd&#038;task=file.download&#038;wpfd_category_id=186&#038;wpfd_file_id=80023\"  style=\"background-color:#2c3e50;color:#ffffff;\" target=\"\">Baixar<i class=\"zmdi zmdi-cloud-download wpfd-download\"><\/i><\/a>                                <\/div>                            <\/div>                                                                                                <div class=\"file pdf\" style=\"margin : 10px 10px 10px 10px;\"                                 data-id=\"56639\"                                 data-catid=\"186\">                                                                <input type=\"hidden\" class=\"wpfd_file_preview_link_download\" value=\"https:\/\/www.tceam.tc.br\/wp-admin\/admin-ajax.php?juwpfisadmin=false&amp;action=wpfd&amp;task=file.download&amp;wpfd_category_id=186&amp;wpfd_file_id=56639\"                                       data-filetitle=\"Resolu\u00e7\u00e3o n\u00ba 01.2019 - Institui o C\u00f3digo de \u00c9tica dos Servidores do Tribunal de Contas do Amazonas e Regimento Interno da Comiss\u00e3o de \u00c9tica Funcional\" data-fileicons=\"ext ext-pdf wpfd-icon-set-svg\" \/>                                <div class=\"filecontent\">                                    <div class=\"ext ext-pdf wpfd-icon-set-svg\"><span class=\"txt\">pdf<\/span><\/div><h3><a href=\"https:\/\/www.tceam.tc.br\/wp-admin\/admin-ajax.php?juwpfisadmin=false&#038;action=wpfd&#038;task=file.download&#038;wpfd_category_id=186&#038;wpfd_file_id=56639\"   class=\"wpfd_downloadlink\" title=\"Resolu\u00e7\u00e3o n\u00ba 01.2019 - Institui o C\u00f3digo de \u00c9tica dos Servidores do Tribunal de Contas do Amazonas e Regimento Interno da Comiss\u00e3o de \u00c9tica Funcional\" target=\"\">Resolu\u00e7\u00e3o n\u00ba 01.2019 - Institui o C\u00f3digo de \u00c9tica dos Servidores do Tribunal de Contas do Amazonas e Regimento Interno da Comiss\u00e3o de \u00c9tica Funcional<\/a><\/h3>                                    <div class=\"file-xinfo\">                                        <div class=\"file-size\"><span>Tamanho:<\/span> 346.30 KB<\/div>                                    <\/div>                                <\/div>                                <div class=\"file-right\">                                    <a class=\"downloadlink wpfd_downloadlink\"  href=\"https:\/\/www.tceam.tc.br\/wp-admin\/admin-ajax.php?juwpfisadmin=false&#038;action=wpfd&#038;task=file.download&#038;wpfd_category_id=186&#038;wpfd_file_id=56639\"  style=\"background-color:#2c3e50;color:#ffffff;\" target=\"\">Baixar<i class=\"zmdi zmdi-cloud-download wpfd-download\"><\/i><\/a>                                <\/div>                            <\/div>                                                                                                <div class=\"file pdf\" style=\"margin : 10px 10px 10px 10px;\"                                 data-id=\"56638\"                                 data-catid=\"186\">                                                                <input type=\"hidden\" class=\"wpfd_file_preview_link_download\" value=\"https:\/\/www.tceam.tc.br\/wp-admin\/admin-ajax.php?juwpfisadmin=false&amp;action=wpfd&amp;task=file.download&amp;wpfd_category_id=186&amp;wpfd_file_id=56638\"                                       data-filetitle=\"Resolu\u00e7\u00e3o n\u00ba 02.2001 - Institui o C\u00f3digo de \u00c9tica dos Membros do Tribunal de Contas do Amazonas\" data-fileicons=\"ext ext-pdf wpfd-icon-set-svg\" \/>                                <div class=\"filecontent\">                                    <div class=\"ext ext-pdf wpfd-icon-set-svg\"><span class=\"txt\">pdf<\/span><\/div><h3><a href=\"https:\/\/www.tceam.tc.br\/wp-admin\/admin-ajax.php?juwpfisadmin=false&#038;action=wpfd&#038;task=file.download&#038;wpfd_category_id=186&#038;wpfd_file_id=56638\"   class=\"wpfd_downloadlink\" title=\"Resolu\u00e7\u00e3o n\u00ba 02.2001 - Institui o C\u00f3digo de \u00c9tica dos Membros do Tribunal de Contas do Amazonas\" target=\"\">Resolu\u00e7\u00e3o n\u00ba 02.2001 - Institui o C\u00f3digo de \u00c9tica dos Membros do Tribunal de Contas do Amazonas<\/a><\/h3>                                    <div class=\"file-xinfo\">                                        <div class=\"file-size\"><span>Tamanho:<\/span> 67.37 KB<\/div>                                    <\/div>                                <\/div>                                <div class=\"file-right\">                                    <a class=\"downloadlink wpfd_downloadlink\"  href=\"https:\/\/www.tceam.tc.br\/wp-admin\/admin-ajax.php?juwpfisadmin=false&#038;action=wpfd&#038;task=file.download&#038;wpfd_category_id=186&#038;wpfd_file_id=56638\"  style=\"background-color:#2c3e50;color:#ffffff;\" target=\"\">Baixar<i class=\"zmdi zmdi-cloud-download wpfd-download\"><\/i><\/a>                                <\/div>                            <\/div>                                                                <div class=\"file flex_span\" style=\"margin : 10px 10px 10px 10px;\"><\/div>                <\/div>                                <\/div>    <\/div><\/div><\/div>\t\t\t\t<\/div>\n\t\t\t\t<\/div>\n\t\t\t\t\t<\/div>\n\t\t<\/div>\n\t\t\t\t\t<\/div>\n\t\t<\/section>\n\t\t\t\t<\/div>\n\t\t","protected":false},"excerpt":{"rendered":"<p>Download all C\u00f3digo de \u00c9tica pdf Resolu\u00e7\u00e3o n\u00ba 01_2019_ Proc n\u00ba 1060_2017 Size: 346.30 KBHits: 0Date added: 19\/07\/2022 Baixar pdf 02\/2001 Size: 67.37 KBHits: 0Date added: 19\/07\/2022 Baixar<\/p>\n","protected":false},"author":3,"featured_media":0,"parent":0,"menu_order":0,"comment_status":"closed","ping_status":"closed","template":"","meta":{"footnotes":""},"class_list":["post-56641","page","type-page","status-publish","hentry"],"_links":{"self":[{"href":"https:\/\/www.tceam.tc.br\/index.php?rest_route=\/wp\/v2\/pages\/56641","targetHints":{"allow":["GET"]}}],"collection":[{"href":"https:\/\/www.tceam.tc.br\/index.php?rest_route=\/wp\/v2\/pages"}],"about":[{"href":"https:\/\/www.tceam.tc.br\/index.php?rest_route=\/wp\/v2\/types\/page"}],"author":[{"embeddable":true,"href":"https:\/\/www.tceam.tc.br\/index.php?rest_route=\/wp\/v2\/users\/3"}],"replies":[{"embeddable":true,"href":"https:\/\/www.tceam.tc.br\/index.php?rest_route=%2Fwp%2Fv2%2Fcomments&post=56641"}],"version-history":[{"count":4,"href":"https:\/\/www.tceam.tc.br\/index.php?rest_route=\/wp\/v2\/pages\/56641\/revisions"}],"predecessor-version":[{"id":56696,"href":"https:\/\/www.tceam.tc.br\/index.php?rest_route=\/wp\/v2\/pages\/56641\/revisions\/56696"}],"wp:attachment":[{"href":"https:\/\/www.tceam.tc.br\/index.php?rest_route=%2Fwp%2Fv2%2Fmedia&parent=56641"}],"curies":[{"name":"wp","href":"https:\/\/api.w.org\/{rel}","templated":true}]}}