
{"id":48536,"date":"2021-11-04T13:27:39","date_gmt":"2021-11-04T17:27:39","guid":{"rendered":"https:\/\/www.tceam.tc.br\/?page_id=48536"},"modified":"2021-11-06T15:37:54","modified_gmt":"2021-11-06T19:37:54","slug":"agenda-a3p","status":"publish","type":"page","link":"https:\/\/www.tceam.tc.br\/?page_id=48536","title":{"rendered":"Agenda A3P"},"content":{"rendered":"\t\t<div data-elementor-type=\"wp-page\" data-elementor-id=\"48536\" class=\"elementor elementor-48536\" data-elementor-settings=\"{&quot;ha_cmc_init_switcher&quot;:&quot;no&quot;,&quot;element_pack_global_tooltip_width&quot;:{&quot;unit&quot;:&quot;px&quot;,&quot;size&quot;:&quot;&quot;,&quot;sizes&quot;:[]},&quot;element_pack_global_tooltip_width_laptop&quot;:{&quot;unit&quot;:&quot;px&quot;,&quot;size&quot;:&quot;&quot;,&quot;sizes&quot;:[]},&quot;element_pack_global_tooltip_width_tablet_extra&quot;:{&quot;unit&quot;:&quot;px&quot;,&quot;size&quot;:&quot;&quot;,&quot;sizes&quot;:[]},&quot;element_pack_global_tooltip_width_tablet&quot;:{&quot;unit&quot;:&quot;px&quot;,&quot;size&quot;:&quot;&quot;,&quot;sizes&quot;:[]},&quot;element_pack_global_tooltip_width_mobile_extra&quot;:{&quot;unit&quot;:&quot;px&quot;,&quot;size&quot;:&quot;&quot;,&quot;sizes&quot;:[]},&quot;element_pack_global_tooltip_width_mobile&quot;:{&quot;unit&quot;:&quot;px&quot;,&quot;size&quot;:&quot;&quot;,&quot;sizes&quot;:[]},&quot;element_pack_global_tooltip_padding&quot;:{&quot;unit&quot;:&quot;px&quot;,&quot;top&quot;:&quot;&quot;,&quot;right&quot;:&quot;&quot;,&quot;bottom&quot;:&quot;&quot;,&quot;left&quot;:&quot;&quot;,&quot;isLinked&quot;:true},&quot;element_pack_global_tooltip_padding_laptop&quot;:{&quot;unit&quot;:&quot;px&quot;,&quot;top&quot;:&quot;&quot;,&quot;right&quot;:&quot;&quot;,&quot;bottom&quot;:&quot;&quot;,&quot;left&quot;:&quot;&quot;,&quot;isLinked&quot;:true},&quot;element_pack_global_tooltip_padding_tablet_extra&quot;:{&quot;unit&quot;:&quot;px&quot;,&quot;top&quot;:&quot;&quot;,&quot;right&quot;:&quot;&quot;,&quot;bottom&quot;:&quot;&quot;,&quot;left&quot;:&quot;&quot;,&quot;isLinked&quot;:true},&quot;element_pack_global_tooltip_padding_tablet&quot;:{&quot;unit&quot;:&quot;px&quot;,&quot;top&quot;:&quot;&quot;,&quot;right&quot;:&quot;&quot;,&quot;bottom&quot;:&quot;&quot;,&quot;left&quot;:&quot;&quot;,&quot;isLinked&quot;:true},&quot;element_pack_global_tooltip_padding_mobile_extra&quot;:{&quot;unit&quot;:&quot;px&quot;,&quot;top&quot;:&quot;&quot;,&quot;right&quot;:&quot;&quot;,&quot;bottom&quot;:&quot;&quot;,&quot;left&quot;:&quot;&quot;,&quot;isLinked&quot;:true},&quot;element_pack_global_tooltip_padding_mobile&quot;:{&quot;unit&quot;:&quot;px&quot;,&quot;top&quot;:&quot;&quot;,&quot;right&quot;:&quot;&quot;,&quot;bottom&quot;:&quot;&quot;,&quot;left&quot;:&quot;&quot;,&quot;isLinked&quot;:true},&quot;element_pack_global_tooltip_border_radius&quot;:{&quot;unit&quot;:&quot;px&quot;,&quot;top&quot;:&quot;&quot;,&quot;right&quot;:&quot;&quot;,&quot;bottom&quot;:&quot;&quot;,&quot;left&quot;:&quot;&quot;,&quot;isLinked&quot;:true},&quot;element_pack_global_tooltip_border_radius_laptop&quot;:{&quot;unit&quot;:&quot;px&quot;,&quot;top&quot;:&quot;&quot;,&quot;right&quot;:&quot;&quot;,&quot;bottom&quot;:&quot;&quot;,&quot;left&quot;:&quot;&quot;,&quot;isLinked&quot;:true},&quot;element_pack_global_tooltip_border_radius_tablet_extra&quot;:{&quot;unit&quot;:&quot;px&quot;,&quot;top&quot;:&quot;&quot;,&quot;right&quot;:&quot;&quot;,&quot;bottom&quot;:&quot;&quot;,&quot;left&quot;:&quot;&quot;,&quot;isLinked&quot;:true},&quot;element_pack_global_tooltip_border_radius_tablet&quot;:{&quot;unit&quot;:&quot;px&quot;,&quot;top&quot;:&quot;&quot;,&quot;right&quot;:&quot;&quot;,&quot;bottom&quot;:&quot;&quot;,&quot;left&quot;:&quot;&quot;,&quot;isLinked&quot;:true},&quot;element_pack_global_tooltip_border_radius_mobile_extra&quot;:{&quot;unit&quot;:&quot;px&quot;,&quot;top&quot;:&quot;&quot;,&quot;right&quot;:&quot;&quot;,&quot;bottom&quot;:&quot;&quot;,&quot;left&quot;:&quot;&quot;,&quot;isLinked&quot;:true},&quot;element_pack_global_tooltip_border_radius_mobile&quot;:{&quot;unit&quot;:&quot;px&quot;,&quot;top&quot;:&quot;&quot;,&quot;right&quot;:&quot;&quot;,&quot;bottom&quot;:&quot;&quot;,&quot;left&quot;:&quot;&quot;,&quot;isLinked&quot;:true}}\" data-elementor-post-type=\"page\">\n\t\t\t\t\t\t<section data-exad-particle-enable=\"false\" class=\"elementor-section elementor-top-section elementor-element elementor-element-9c59ee6 elementor-section-boxed elementor-section-height-default elementor-section-height-default exad-parallax-effect-no exad-background-color-change-no exad-glass-effect-no exad-sticky-section-no\" data-id=\"9c59ee6\" data-element_type=\"section\" data-settings=\"{&quot;_ha_eqh_enable&quot;:false}\">\n\t\t\t\t\t\t<div class=\"elementor-container elementor-column-gap-default\">\n\t\t\t\t\t<div class=\"elementor-column elementor-col-100 elementor-top-column elementor-element elementor-element-b11be7a exad-glass-effect-no exad-sticky-section-no\" data-id=\"b11be7a\" data-element_type=\"column\">\n\t\t\t<div class=\"elementor-widget-wrap elementor-element-populated\">\n\t\t\t\t\t\t<div class=\"elementor-element elementor-element-185e49b exad-sticky-section-no exad-glass-effect-no elementor-widget elementor-widget-text-editor\" data-id=\"185e49b\" data-element_type=\"widget\" data-widget_type=\"text-editor.default\">\n\t\t\t\t<div class=\"elementor-widget-container\">\n\t\t\t\t\t\t\t\t\t<p><span style=\"font-size: 14pt; color: #000000;\"><strong>Documentos referentes a A3P<\/strong><\/span><\/p><p><span style=\"color: #0000ff;\"><a style=\"color: #0000ff;\" href=\"https:\/\/www.tceam.tc.br\/wp-content\/uploads\/2021\/11\/Portaria-135.2020-Comissao-A3P.pdf\">Comiss\u00e3o A3P <\/a><span style=\"color: #000000;\"><a style=\"color: #000000;\" href=\"https:\/\/www.tceam.tc.br\/wp-content\/uploads\/2021\/11\/Portaria-135.2020-Comissao-A3P.pdf\">(Portaria 135.2020)<\/a><\/span><\/span><\/p><p><span style=\"color: #0000ff;\"><a style=\"color: #0000ff;\" href=\"https:\/\/www.tceam.tc.br\/wp-content\/uploads\/2021\/11\/Portaria-512.2019-Comite-Executivo-A3P.pdf\">Comit\u00ea Executivo A3P <span style=\"color: #000000;\">(<\/span><\/a><a style=\"color: #0000ff;\" href=\"https:\/\/www.tceam.tc.br\/wp-content\/uploads\/2021\/11\/Portaria-512.2019-Comite-Executivo-A3P.pdf\"><span style=\"color: #000000;\">Portaria 512.2019)<\/span>\u00a0<\/a><\/span><\/p><p><span style=\"color: #0000ff;\"><a style=\"color: #0000ff;\" href=\"https:\/\/www.tceam.tc.br\/wp-content\/uploads\/2021\/11\/Relatorio-A3P-Resumo-Executivo.pdf\">Relat\u00f3rio A3P &#8211; Resumo Executivo<\/a><\/span><\/p><p><span style=\"color: #0000ff;\"><a style=\"color: #0000ff;\" href=\"https:\/\/www.tceam.tc.br\/wp-content\/uploads\/2021\/11\/SEI_MMA-0447692-Oficio-Circular.pdf\">SEI_MMA &#8211; 0447692 &#8211; Of\u00edcio Circular<\/a><\/span><\/p><p><span style=\"color: #0000ff;\"><a style=\"color: #0000ff;\" href=\"https:\/\/www.tceam.tc.br\/wp-content\/uploads\/2021\/11\/Certificado_0441563_Certificado_de_Adesao___Tribunal_de_Contas_do_Estado_do_Amazonas.pdf\">Certificado de_Ades\u00e3o<\/a><\/span><\/p><hr \/><p style=\"text-align: center;\"><span style=\"color: #000000;\"><strong>TCE inicia implanta\u00e7\u00e3o do Sistema de Gera\u00e7\u00e3o de Energia Solar<\/strong><\/span><\/p><p><a href=\"https:\/\/www.tceam.tc.br\/wp-content\/uploads\/2021\/11\/solar.jpg\"><img fetchpriority=\"high\" decoding=\"async\" class=\"size-medium wp-image-48560 aligncenter\" src=\"https:\/\/www.tceam.tc.br\/wp-content\/uploads\/2021\/11\/solar-300x224.jpg\" alt=\"\" width=\"300\" height=\"224\" srcset=\"https:\/\/www.tceam.tc.br\/wp-content\/uploads\/2021\/11\/solar-300x224.jpg 300w, https:\/\/www.tceam.tc.br\/wp-content\/uploads\/2021\/11\/solar.jpg 600w\" sizes=\"(max-width: 300px) 100vw, 300px\" \/><\/a><\/p><p>&#8230;<\/p><p style=\"text-align: justify;\"><span style=\"color: #000000;\">O Tribunal de Contas do Estado do Amazonas (TCE\/AM) iniciou em 2021 o projeto de implanta\u00e7\u00e3o do Sistema de Gera\u00e7\u00e3o de Energia Solar, que prev\u00ea a instala\u00e7\u00e3o de 1.988 pain\u00e9is fotovoltaicos numa superf\u00edcie de 3.964 m\u00b2 na cobertura dos tr\u00eas pr\u00e9dios que integram o complexo e no estacionamento. <\/span><\/p><p style=\"text-align: justify;\"><span style=\"color: #000000;\">O projeto atende \u00e0s diretrizes do Planejamento estrat\u00e9gico da institui\u00e7\u00e3o e das metas da Agenda Ambiental na Administra\u00e7\u00e3o P\u00fablica (Agenda A3P), da qual o TCE \u00e9 signat\u00e1rio desde Agosto de 2019.<\/span><\/p><p style=\"text-align: justify;\"><span style=\"color: #000000;\">A energia fotovoltaica \u00e9 uma das alternativas mais vi\u00e1veis para substituir as fontes de energia baseadas em materiais poluentes porque \u00e9 limpa, abundante e renov\u00e1vel. <\/span><\/p><p style=\"text-align: justify;\"><span style=\"color: #000000;\">Para o presidente do TCE, conselheiro Mario Mello, o protagonismo do TCE na \u00e1rea ambiental \u00e9 refor\u00e7ado pelas pol\u00edticas socioambientais no \u00e2mbito interno.\u00a0<\/span><\/p><p style=\"text-align: justify;\"><span style=\"color: #000000;\"> \u201cA gera\u00e7\u00e3o de uma energia el\u00e9trica autossustent\u00e1vel com certeza preserva integralmente o meio ambiente para as futuras gera\u00e7\u00f5es. Por outro vi\u00e9s, a ado\u00e7\u00e3o da energia solar em n\u00edvel local, tem reflexos em n\u00edvel global, pois contribui com redu\u00e7\u00e3o na emiss\u00e3o de CO\u00b2\u201d, afirmou o presidente.<\/span><\/p><p style=\"text-align: justify;\"><span style=\"color: #000000;\">Considerando os acordos globais pactuados pelos pa\u00edses, como a Agenda 2030 da Organiza\u00e7\u00e3o das Na\u00e7\u00f5es Unidas (ONU), que exige maior engajamento das institui\u00e7\u00f5es p\u00fablicas o TCE Amazonas tamb\u00e9m contribui para o cumprimento do Objetivo do Desenvolvimento Sustent\u00e1vel 7, em especial da meta 7.2 que prescreve: \u00a0\u201cAt\u00e9 2030, aumentar substancialmente a participa\u00e7\u00e3o de energias renov\u00e1veis na matriz energ\u00e9tica global\u201d.<\/span><\/p><p style=\"text-align: justify;\"><span style=\"color: #000000;\">O sistema que est\u00e1 em instala\u00e7\u00e3o no TCE est\u00e1 em acordo com as Resolu\u00e7\u00f5es Normativas n\u00ba 482\/2012 e 687\/2015, da Ag\u00eancia Nacional de Energia El\u00e9trica (ANEEL), que regulamenta o uso da energia solar e estabeleceu o Sistema de Compensa\u00e7\u00e3o de Energia El\u00e9trica. <\/span><\/p><p style=\"text-align: justify;\"><span style=\"color: #000000;\">\u201cPor esse sistema haver\u00e1 \u00a0vantagem na gera\u00e7\u00e3o de cr\u00e9dito de energia, quando a quantidade de energia gerada for superior \u00e0 quantidade de energia consumida\u201d, explicou o presidente o TCE, conselheiro Mario de Mello.<\/span><\/p><p style=\"text-align: justify;\"><span style=\"color: #000000;\">O estudo de viabilidade t\u00e9cnica e econ\u00f4mica realizado no TCE-AM, para instala\u00e7\u00e3o das placas de energia solar, considerou as caracter\u00edsticas clim\u00e1ticas, \u00e1reas de cobertura dispon\u00edveis e os valor das contas de energia el\u00e9trica. \u00c9 estimada uma economia de R$ 130.000,00 ao m\u00eas e R$ 1.560.000 ao ano, uma vez que o sistema ir\u00e1 permitir a gera\u00e7\u00e3o de aproximadamente 70% da demanda de energia do TCE-AM.<\/span><\/p><p style=\"text-align: justify;\"><span style=\"color: #000000;\">Por fim, destaca-se que o retorno de investimento dos valores a serem gastos com a execu\u00e7\u00e3o dos servi\u00e7os de engenharia e aquisi\u00e7\u00e3o de materiais e equipamentos para instala\u00e7\u00e3o do sistema de energia solar fotovoltaico no Tribunal de Contas do Estado do Amazonas \u2013 TCE-AM tem um payback estimado em 06 (seis) anos.<\/span><\/p><p style=\"text-align: justify;\"><span style=\"color: #000000;\"><strong>\u00a0<\/strong><\/span><\/p><p style=\"text-align: justify;\"><span style=\"color: #000000;\"><strong>Objeto do Projeto <\/strong><\/span><\/p><ul><li style=\"text-align: justify;\"><span style=\"color: #000000;\">Investir, difundir e expandir o uso da energia solar nas depend\u00eancias do Tribunal de Contas;<\/span><\/li><li style=\"text-align: justify;\"><span style=\"color: #000000;\">Atender a Agenda A3P quanto \u00e0 responsabilidade socioambiental e especificamente ao eixo Uso racional dos recursos naturais e bens p\u00fablicos na ado\u00e7\u00e3o de fonte de energia limpa;<\/span><\/li><li style=\"text-align: justify;\"><span style=\"color: #000000;\">Instala\u00e7\u00e3o de 1.988 pain\u00e9is solares em 3.964 m\u00b2<\/span><\/li><\/ul><p>\u00a0<\/p>\t\t\t\t\t\t\t\t<\/div>\n\t\t\t\t<\/div>\n\t\t\t\t\t<\/div>\n\t\t<\/div>\n\t\t\t\t\t<\/div>\n\t\t<\/section>\n\t\t\t\t<\/div>\n\t\t","protected":false},"excerpt":{"rendered":"<p>Documentos referentes a A3P Comiss\u00e3o A3P (Portaria 135.2020) Comit\u00ea Executivo A3P (Portaria 512.2019)\u00a0 Relat\u00f3rio A3P &#8211; Resumo Executivo SEI_MMA &#8211; 0447692 &#8211; Of\u00edcio Circular Certificado de_Ades\u00e3o TCE inicia implanta\u00e7\u00e3o do Sistema de Gera\u00e7\u00e3o de Energia Solar &#8230; O Tribunal de Contas do Estado do Amazonas (TCE\/AM) iniciou em 2021 o projeto de implanta\u00e7\u00e3o do Sistema [&hellip;]<\/p>\n","protected":false},"author":3,"featured_media":0,"parent":0,"menu_order":0,"comment_status":"closed","ping_status":"closed","template":"","meta":{"footnotes":""},"class_list":["post-48536","page","type-page","status-publish","hentry"],"_links":{"self":[{"href":"https:\/\/www.tceam.tc.br\/index.php?rest_route=\/wp\/v2\/pages\/48536","targetHints":{"allow":["GET"]}}],"collection":[{"href":"https:\/\/www.tceam.tc.br\/index.php?rest_route=\/wp\/v2\/pages"}],"about":[{"href":"https:\/\/www.tceam.tc.br\/index.php?rest_route=\/wp\/v2\/types\/page"}],"author":[{"embeddable":true,"href":"https:\/\/www.tceam.tc.br\/index.php?rest_route=\/wp\/v2\/users\/3"}],"replies":[{"embeddable":true,"href":"https:\/\/www.tceam.tc.br\/index.php?rest_route=%2Fwp%2Fv2%2Fcomments&post=48536"}],"version-history":[{"count":10,"href":"https:\/\/www.tceam.tc.br\/index.php?rest_route=\/wp\/v2\/pages\/48536\/revisions"}],"predecessor-version":[{"id":48563,"href":"https:\/\/www.tceam.tc.br\/index.php?rest_route=\/wp\/v2\/pages\/48536\/revisions\/48563"}],"wp:attachment":[{"href":"https:\/\/www.tceam.tc.br\/index.php?rest_route=%2Fwp%2Fv2%2Fmedia&parent=48536"}],"curies":[{"name":"wp","href":"https:\/\/api.w.org\/{rel}","templated":true}]}}