
{"id":48277,"date":"2021-10-18T11:59:14","date_gmt":"2021-10-18T15:59:14","guid":{"rendered":"https:\/\/www.tceam.tc.br\/?page_id=48277"},"modified":"2021-11-03T08:21:00","modified_gmt":"2021-11-03T12:21:00","slug":"outubro-2021","status":"publish","type":"page","link":"https:\/\/www.tceam.tc.br\/?page_id=48277","title":{"rendered":"Outubro 2021"},"content":{"rendered":"<table style=\"width: 90.2494%; height: 1088px;\">\n<tbody>\n<tr style=\"height: 64px;\">\n<td style=\"height: 64px; width: 18.5714%;\">Data<\/td>\n<td style=\"height: 64px; width: 26.5306%;\">Ve\u00edculo de Comunica\u00e7\u00e3o<\/td>\n<td style=\"height: 64px; width: 52.8571%;\">Mat\u00e9ria<\/td>\n<\/tr>\n<tr style=\"height: 64px;\">\n<td style=\"height: 64px; width: 18.5714%;\">02\/10\/2021<\/td>\n<td style=\"height: 64px; width: 26.5306%;\">A Cr\u00edtica<\/td>\n<td style=\"height: 64px; width: 52.8571%;\"><a href=\"https:\/\/www.tceam.tc.br\/wp-content\/uploads\/2021\/10\/a-critica-2-de-out-coluna-social-2.pdf\">Coluna Social<\/a><\/td>\n<\/tr>\n<tr style=\"height: 40px;\">\n<td style=\"height: 40px; width: 18.5714%;\">02\/10\/2021<\/td>\n<td style=\"height: 40px; width: 26.5306%;\">A Cr\u00edtica<\/td>\n<td style=\"height: 40px; width: 52.8571%;\"><a href=\"https:\/\/www.tceam.tc.br\/wp-content\/uploads\/2021\/10\/a-critica-2-de-out-coluna-social.pdf\">Coluna Social<\/a><\/td>\n<\/tr>\n<tr style=\"height: 40px;\">\n<td style=\"height: 40px; width: 18.5714%;\">02\/10\/2021<\/td>\n<td style=\"height: 40px; width: 26.5306%;\">Di\u00e1rio do Amazonas<\/td>\n<td style=\"height: 40px; width: 52.8571%;\"><a href=\"https:\/\/www.tceam.tc.br\/wp-content\/uploads\/2021\/10\/diario-do-amazonas-2-de-out-primeiro-plano.pdf\">Primeiro Plano<\/a><\/td>\n<\/tr>\n<tr style=\"height: 40px;\">\n<td style=\"height: 40px; width: 18.5714%;\">02\/10\/2021<\/td>\n<td style=\"height: 40px; width: 26.5306%;\">Em Tempo<\/td>\n<td style=\"height: 40px; width: 52.8571%;\"><a href=\"https:\/\/www.tceam.tc.br\/wp-content\/uploads\/2021\/10\/em-tempo-2-de-out-aniversario-tce.pdf\">Anivers\u00e1rio TCE<\/a><\/td>\n<\/tr>\n<tr style=\"height: 40px;\">\n<td style=\"height: 40px; width: 18.5714%;\">02\/10\/2021<\/td>\n<td style=\"height: 40px; width: 26.5306%;\">Jornal do Commercio<\/td>\n<td style=\"height: 40px; width: 52.8571%;\"><a href=\"https:\/\/www.tceam.tc.br\/wp-content\/uploads\/2021\/10\/jornal-do-commercio-2-de-out-falando-de-contas.pdf\">Falando de Contas<\/a><\/td>\n<\/tr>\n<tr style=\"height: 40px;\">\n<td style=\"height: 40px; width: 18.5714%;\">04\/10\/2021<\/td>\n<td style=\"height: 40px; width: 26.5306%;\">Di\u00e1rio do Amazonas<\/td>\n<td style=\"height: 40px; width: 52.8571%;\"><a href=\"https:\/\/www.tceam.tc.br\/wp-content\/uploads\/2021\/10\/diario-do-amazonas-4-de-out-coluna-social.pdf\">Coluna Social<\/a><\/td>\n<\/tr>\n<tr style=\"height: 40px;\">\n<td style=\"height: 40px; width: 18.5714%;\">14\/10\/2021<\/td>\n<td style=\"height: 40px; width: 26.5306%;\">Di\u00e1rio do Amazonas<\/td>\n<td style=\"height: 40px; width: 52.8571%;\"><a href=\"https:\/\/www.tceam.tc.br\/wp-content\/uploads\/2021\/10\/diario-do-amazonas-14-de-out-aniversario-tce-2.pdf\">Anivers\u00e1rio TCE<\/a><\/td>\n<\/tr>\n<tr style=\"height: 40px;\">\n<td style=\"height: 40px; width: 18.5714%;\">14\/10\/2021<\/td>\n<td style=\"height: 40px; width: 26.5306%;\">Di\u00e1rio do Amazonas<\/td>\n<td style=\"height: 40px; width: 52.8571%;\"><a href=\"https:\/\/www.tceam.tc.br\/wp-content\/uploads\/2021\/10\/diario-do-amazonas-14-de-out-aniversario-tce.pdf\">Anivers\u00e1rio TCE<\/a><\/td>\n<\/tr>\n<tr style=\"height: 40px;\">\n<td style=\"height: 40px; width: 18.5714%;\">15\/10\/2021<\/td>\n<td style=\"height: 40px; width: 26.5306%;\">A Cr\u00edtica<\/td>\n<td style=\"height: 40px; width: 52.8571%;\"><a href=\"https:\/\/www.tceam.tc.br\/wp-content\/uploads\/2021\/10\/a-critica-15-de-out-aniversario-tce.pdf\">Anivers\u00e1rio TCE<\/a><\/td>\n<\/tr>\n<tr style=\"height: 40px;\">\n<td style=\"height: 40px; width: 18.5714%;\">15\/10\/2021<\/td>\n<td style=\"height: 40px; width: 26.5306%;\">Jornal do Commercio<\/td>\n<td style=\"height: 40px; width: 52.8571%;\"><a href=\"https:\/\/www.tceam.tc.br\/wp-content\/uploads\/2021\/10\/jornal-do-commercio-15-de-out-aniversario-tce.pdf\">Anivers\u00e1rio TCE<\/a><\/td>\n<\/tr>\n<tr style=\"height: 40px;\">\n<td style=\"height: 40px; width: 18.5714%;\">16\/10\/2021<\/td>\n<td style=\"height: 40px; width: 26.5306%;\">A Cr\u00edtica<\/td>\n<td style=\"height: 40px; width: 52.8571%;\"><a href=\"https:\/\/www.tceam.tc.br\/wp-content\/uploads\/2021\/10\/a-critica-16-de-out-coluna-social.pdf\">Coluna Social<\/a><\/td>\n<\/tr>\n<tr style=\"height: 40px;\">\n<td style=\"height: 40px; width: 18.5714%;\">16\/10\/2021<\/td>\n<td style=\"height: 40px; width: 26.5306%;\">Di\u00e1rio do Amazonas<\/td>\n<td style=\"height: 40px; width: 52.8571%;\"><a href=\"https:\/\/www.tceam.tc.br\/wp-content\/uploads\/2021\/10\/diario-do-amazonas-16-de-out-aniversario-TCE.pdf\">Anivers\u00e1rio TCE<\/a><\/td>\n<\/tr>\n<tr style=\"height: 40px;\">\n<td style=\"height: 40px; width: 18.5714%;\">19\/10\/2021<\/td>\n<td style=\"height: 40px; width: 26.5306%;\">A Cr\u00edtica<\/td>\n<td style=\"height: 40px; width: 52.8571%;\"><a href=\"http:\/\/intranet.tce.am.gov.br\/intranet\/wp-content\/uploads\/2021\/11\/19.10-a-critica-coluna-social.pdf\">Coluna Social<\/a><\/td>\n<\/tr>\n<tr style=\"height: 40px;\">\n<td style=\"height: 40px; width: 18.5714%;\">20\/10\/2021<\/td>\n<td style=\"height: 40px; width: 26.5306%;\">Jornal do Commercio<\/td>\n<td style=\"height: 40px; width: 52.8571%;\"><a href=\"http:\/\/intranet.tce.am.gov.br\/intranet\/wp-content\/uploads\/2021\/11\/20.10-coluna-social-jornal-do-commercio.pdf\">Coluna Social<\/a><\/td>\n<\/tr>\n<tr style=\"height: 40px;\">\n<td style=\"height: 40px; width: 18.5714%;\">21\/10\/2021<\/td>\n<td style=\"height: 40px; width: 26.5306%;\">Em Tempo<\/td>\n<td style=\"height: 40px; width: 52.8571%;\"><a href=\"http:\/\/intranet.tce.am.gov.br\/intranet\/wp-content\/uploads\/2021\/11\/21.10-contexto-em-tempo.pdf\">Contexto<\/a><\/td>\n<\/tr>\n<tr style=\"height: 40px;\">\n<td style=\"height: 40px; width: 18.5714%;\">21\/10\/2021<\/td>\n<td style=\"height: 40px; width: 26.5306%;\">Di\u00e1rio do Amazonas<\/td>\n<td style=\"height: 40px; width: 52.8571%;\"><a href=\"http:\/\/intranet.tce.am.gov.br\/intranet\/wp-content\/uploads\/2021\/11\/21.10-politica-diario-do-amazonas.pdf\">Pol\u00edtica<\/a><\/td>\n<\/tr>\n<tr style=\"height: 40px;\">\n<td style=\"height: 40px; width: 18.5714%;\">23\/10\/2021<\/td>\n<td style=\"height: 40px; width: 26.5306%;\">Em Tempo<\/td>\n<td style=\"height: 40px; width: 52.8571%;\"><a href=\"http:\/\/intranet.tce.am.gov.br\/intranet\/wp-content\/uploads\/2021\/11\/23.10-coluna-do-sergio-frota-em-tempo-2.pdf\">Coluna do S\u00e9rgio Frota<\/a><\/td>\n<\/tr>\n<tr style=\"height: 40px;\">\n<td style=\"height: 40px; width: 18.5714%;\">23\/10\/2021<\/td>\n<td style=\"height: 40px; width: 26.5306%;\">Em Tempo<\/td>\n<td style=\"height: 40px; width: 52.8571%;\"><a href=\"http:\/\/intranet.tce.am.gov.br\/intranet\/wp-content\/uploads\/2021\/11\/23.10-coluna-do-sergio-frota-em-tempo.pdf\">Coluna do S\u00e9rgio Frota<\/a><\/td>\n<\/tr>\n<tr style=\"height: 40px;\">\n<td style=\"height: 40px; width: 18.5714%;\">24\/10\/2021<\/td>\n<td style=\"height: 40px; width: 26.5306%;\">A Cr\u00edtica<\/td>\n<td style=\"height: 40px; width: 52.8571%;\"><a href=\"http:\/\/intranet.tce.am.gov.br\/intranet\/wp-content\/uploads\/2021\/11\/24.10-aniversario-de-Manaus-a-critica.pdf\">Anivers\u00e1rio de Manaus<\/a><\/td>\n<\/tr>\n<tr style=\"height: 40px;\">\n<td style=\"height: 40px; width: 18.5714%;\">24\/10\/2021<\/td>\n<td style=\"height: 40px; width: 26.5306%;\">Di\u00e1rio do Amazonas<\/td>\n<td style=\"height: 40px; width: 52.8571%;\"><a href=\"http:\/\/intranet.tce.am.gov.br\/intranet\/wp-content\/uploads\/2021\/11\/24.10-aniversario-de-manaus-diario-do-amazonas.pdf\">Anivers\u00e1rio de Manaus<\/a><\/td>\n<\/tr>\n<tr style=\"height: 40px;\">\n<td style=\"height: 40px; width: 18.5714%;\">24\/10\/2021<\/td>\n<td style=\"height: 40px; width: 26.5306%;\">Em Tempo<\/td>\n<td style=\"height: 40px; width: 52.8571%;\"><a href=\"http:\/\/intranet.tce.am.gov.br\/intranet\/wp-content\/uploads\/2021\/11\/24.10-aniversario-de-manaus-em-tempo.pdf\">Anivers\u00e1rio de Manaus<\/a><\/td>\n<\/tr>\n<tr style=\"height: 40px;\">\n<td style=\"height: 40px; width: 18.5714%;\">24\/10\/2021<\/td>\n<td style=\"height: 40px; width: 26.5306%;\">Jornal do Commercio<\/td>\n<td style=\"height: 40px; width: 52.8571%;\"><a href=\"http:\/\/intranet.tce.am.gov.br\/intranet\/wp-content\/uploads\/2021\/11\/24.10-aniversario-de-manaus-jornal-do-commercio.pdf\">Anivers\u00e1rio de Manaus<\/a><\/td>\n<\/tr>\n<tr style=\"height: 40px;\">\n<td style=\"height: 40px; width: 18.5714%;\">25\/10\/2021<\/td>\n<td style=\"height: 40px; width: 26.5306%;\">Di\u00e1rio do Amazonas<\/td>\n<td style=\"height: 40px; width: 52.8571%;\"><a href=\"http:\/\/intranet.tce.am.gov.br\/intranet\/wp-content\/uploads\/2021\/11\/25.10-claro-e-escuro-diario-do-amazonas.pdf\">Claro e Escuro<\/a><\/td>\n<\/tr>\n<tr style=\"height: 40px;\">\n<td style=\"height: 40px; width: 18.5714%;\"><\/td>\n<td style=\"height: 40px; width: 26.5306%;\"><\/td>\n<td style=\"height: 40px; width: 52.8571%;\"><\/td>\n<\/tr>\n<tr style=\"height: 40px;\">\n<td style=\"height: 40px; width: 18.5714%;\"><\/td>\n<td style=\"height: 40px; width: 26.5306%;\"><\/td>\n<td style=\"height: 40px; width: 52.8571%;\"><\/td>\n<\/tr>\n<\/tbody>\n<\/table>\n","protected":false},"excerpt":{"rendered":"<p>Data Ve\u00edculo de Comunica\u00e7\u00e3o Mat\u00e9ria 02\/10\/2021 A Cr\u00edtica Coluna Social 02\/10\/2021 A Cr\u00edtica Coluna Social 02\/10\/2021 Di\u00e1rio do Amazonas Primeiro Plano 02\/10\/2021 Em Tempo Anivers\u00e1rio TCE 02\/10\/2021 Jornal do Commercio Falando de Contas 04\/10\/2021 Di\u00e1rio do Amazonas Coluna Social 14\/10\/2021 Di\u00e1rio do Amazonas Anivers\u00e1rio TCE 14\/10\/2021 Di\u00e1rio do Amazonas Anivers\u00e1rio TCE 15\/10\/2021 A Cr\u00edtica Anivers\u00e1rio [&hellip;]<\/p>\n","protected":false},"author":49,"featured_media":0,"parent":0,"menu_order":0,"comment_status":"closed","ping_status":"closed","template":"","meta":{"footnotes":""},"class_list":["post-48277","page","type-page","status-publish","hentry"],"_links":{"self":[{"href":"https:\/\/www.tceam.tc.br\/index.php?rest_route=\/wp\/v2\/pages\/48277","targetHints":{"allow":["GET"]}}],"collection":[{"href":"https:\/\/www.tceam.tc.br\/index.php?rest_route=\/wp\/v2\/pages"}],"about":[{"href":"https:\/\/www.tceam.tc.br\/index.php?rest_route=\/wp\/v2\/types\/page"}],"author":[{"embeddable":true,"href":"https:\/\/www.tceam.tc.br\/index.php?rest_route=\/wp\/v2\/users\/49"}],"replies":[{"embeddable":true,"href":"https:\/\/www.tceam.tc.br\/index.php?rest_route=%2Fwp%2Fv2%2Fcomments&post=48277"}],"version-history":[{"count":4,"href":"https:\/\/www.tceam.tc.br\/index.php?rest_route=\/wp\/v2\/pages\/48277\/revisions"}],"predecessor-version":[{"id":48423,"href":"https:\/\/www.tceam.tc.br\/index.php?rest_route=\/wp\/v2\/pages\/48277\/revisions\/48423"}],"wp:attachment":[{"href":"https:\/\/www.tceam.tc.br\/index.php?rest_route=%2Fwp%2Fv2%2Fmedia&parent=48277"}],"curies":[{"name":"wp","href":"https:\/\/api.w.org\/{rel}","templated":true}]}}