
{"id":47625,"date":"2021-09-03T08:36:54","date_gmt":"2021-09-03T12:36:54","guid":{"rendered":"https:\/\/www.tceam.tc.br\/?page_id=47625"},"modified":"2021-10-01T08:26:06","modified_gmt":"2021-10-01T12:26:06","slug":"setembro-2021","status":"publish","type":"page","link":"https:\/\/www.tceam.tc.br\/?page_id=47625","title":{"rendered":"Setembro 2021"},"content":{"rendered":"<table style=\"width: 90.2494%; height: 1088px;\">\n<tbody>\n<tr style=\"height: 64px;\">\n<td style=\"height: 64px; width: 18.5714%;\">Data<\/td>\n<td style=\"height: 64px; width: 26.5306%;\">Ve\u00edculo de Comunica\u00e7\u00e3o<\/td>\n<td style=\"height: 64px; width: 52.8571%;\">Mat\u00e9ria<\/td>\n<\/tr>\n<tr style=\"height: 64px;\">\n<td style=\"height: 64px; width: 18.5714%;\">02\/09\/2021<\/td>\n<td style=\"height: 64px; width: 26.5306%;\">Di\u00e1rio do Amazonas<\/td>\n<td style=\"height: 64px; width: 52.8571%;\"><a href=\"https:\/\/www.tceam.tc.br\/wp-content\/uploads\/2021\/09\/diario-2-de-set.pdf\">Inspe\u00e7\u00e3o t\u00e9cnica do TCE-AM identifica focos de queimada no Sul do AM<\/a><\/td>\n<\/tr>\n<tr style=\"height: 40px;\">\n<td style=\"height: 40px; width: 18.5714%;\">02\/09\/2021<\/td>\n<td style=\"height: 40px; width: 26.5306%;\">Di\u00e1rio do Amazonas<\/td>\n<td style=\"height: 40px; width: 52.8571%;\"><a href=\"https:\/\/www.tceam.tc.br\/wp-content\/uploads\/2021\/09\/diario-2-de-set-primeiro-plano.pdf\">Primeiro Plano<\/a><\/td>\n<\/tr>\n<tr style=\"height: 40px;\">\n<td style=\"height: 40px; width: 18.5714%;\">02\/09\/2021<\/td>\n<td style=\"height: 40px; width: 26.5306%;\">Jornal do Commercio<\/td>\n<td style=\"height: 40px; width: 52.8571%;\"><a href=\"https:\/\/www.tceam.tc.br\/wp-content\/uploads\/2021\/09\/jc-2-de-set-falando-de-contas.pdf\">Falando de Contas<\/a><\/td>\n<\/tr>\n<tr style=\"height: 40px;\">\n<td style=\"height: 40px; width: 18.5714%;\">09\/09\/2021<\/td>\n<td style=\"height: 40px; width: 26.5306%;\">Jornal do Commercio<\/td>\n<td style=\"height: 40px; width: 52.8571%;\"><a href=\"https:\/\/www.tceam.tc.br\/wp-content\/uploads\/2021\/09\/Jornal-do-Commercio-Falando-de-Contas-09.08.pdf\">Falando de Contas<\/a><\/td>\n<\/tr>\n<tr style=\"height: 40px;\">\n<td style=\"height: 40px; width: 18.5714%;\">10\/09\/2021<\/td>\n<td style=\"height: 40px; width: 26.5306%;\">Jornal do Commercio<\/td>\n<td style=\"height: 40px; width: 52.8571%;\"><a href=\"https:\/\/www.tceam.tc.br\/wp-content\/uploads\/2021\/09\/Jornal-do-Commercio-Coluna-Social-10.09.pdf\">Coluna Social<\/a><\/td>\n<\/tr>\n<tr style=\"height: 40px;\">\n<td style=\"height: 40px; width: 18.5714%;\">14\/09\/2021<\/td>\n<td style=\"height: 40px; width: 26.5306%;\">Di\u00e1rio do Amazonas<\/td>\n<td style=\"height: 40px; width: 52.8571%;\"><a href=\"https:\/\/www.tceam.tc.br\/wp-content\/uploads\/2021\/09\/Diario-do-Amazonas-14.09-Primeiro-Plano.pdf\">Primeiro Plano<\/a><\/td>\n<\/tr>\n<tr style=\"height: 40px;\">\n<td style=\"height: 40px; width: 18.5714%;\">15\/09\/2021<\/td>\n<td style=\"height: 40px; width: 26.5306%;\">Di\u00e1rio do Amazonas<\/td>\n<td style=\"height: 40px; width: 52.8571%;\"><a href=\"https:\/\/www.tceam.tc.br\/wp-content\/uploads\/2021\/09\/Diario-do-Amazonas-15.09.pdf\">TCE-AM multa ex-diretoras de maternidade<\/a><\/td>\n<\/tr>\n<tr style=\"height: 40px;\">\n<td style=\"height: 40px; width: 18.5714%;\">16\/09\/2021<\/td>\n<td style=\"height: 40px; width: 26.5306%;\">Jornal do Commercio<\/td>\n<td style=\"height: 40px; width: 52.8571%;\"><a href=\"https:\/\/www.tceam.tc.br\/wp-content\/uploads\/2021\/09\/Jornal-do-Commercio-16.09-Falando-de-Contas.pdf\">Falando de Contas<\/a><\/td>\n<\/tr>\n<tr style=\"height: 40px;\">\n<td style=\"height: 40px; width: 18.5714%;\">18\/09\/2021<\/td>\n<td style=\"height: 40px; width: 26.5306%;\">A Cr\u00edtica<\/td>\n<td style=\"height: 40px; width: 52.8571%;\"><a href=\"https:\/\/www.tceam.tc.br\/wp-content\/uploads\/2021\/09\/A-Critica-Politica-18.09.pdf\">Pol\u00edtica<\/a><\/td>\n<\/tr>\n<tr style=\"height: 40px;\">\n<td style=\"height: 40px; width: 18.5714%;\">18\/09\/2021<\/td>\n<td style=\"height: 40px; width: 26.5306%;\">Em Tempo<\/td>\n<td style=\"height: 40px; width: 52.8571%;\"><a href=\"https:\/\/www.tceam.tc.br\/wp-content\/uploads\/2021\/09\/Em-Tempo-Economia-18-de-setembro.pdf\">Economia<\/a><\/td>\n<\/tr>\n<tr style=\"height: 40px;\">\n<td style=\"height: 40px; width: 18.5714%;\">23\/09\/2021<\/td>\n<td style=\"height: 40px; width: 26.5306%;\">Jornal do Commercio<\/td>\n<td style=\"height: 40px; width: 52.8571%;\"><a href=\"https:\/\/www.tceam.tc.br\/wp-content\/uploads\/2021\/09\/Jornal-do-Commercio-Falando-de-Contas-23.09.pdf\">Falando de Contas<\/a><\/td>\n<\/tr>\n<tr style=\"height: 40px;\">\n<td style=\"height: 40px; width: 18.5714%;\">23\/09\/2021<\/td>\n<td style=\"height: 40px; width: 26.5306%;\">A Cr\u00edtica<\/td>\n<td style=\"height: 40px; width: 52.8571%;\"><a href=\"https:\/\/www.tceam.tc.br\/wp-content\/uploads\/2021\/09\/A-Critica-Coluna-Social-23.09.pdf\">Coluna Social<\/a><\/td>\n<\/tr>\n<tr style=\"height: 40px;\">\n<td style=\"height: 40px; width: 18.5714%;\">24\/09\/2021<\/td>\n<td style=\"height: 40px; width: 26.5306%;\">Di\u00e1rio do Amazonas<\/td>\n<td style=\"height: 40px; width: 52.8571%;\"><a href=\"https:\/\/www.tceam.tc.br\/wp-content\/uploads\/2021\/10\/24.09-diario-do-amazonas-ECP-itinerante.pdf\">ECP Itinerante<\/a><\/td>\n<\/tr>\n<tr style=\"height: 40px;\">\n<td style=\"height: 40px; width: 18.5714%;\">24\/09\/2021<\/td>\n<td style=\"height: 40px; width: 26.5306%;\">Jornal do Commercio<\/td>\n<td style=\"height: 40px; width: 52.8571%;\"><a href=\"https:\/\/www.tceam.tc.br\/wp-content\/uploads\/2021\/10\/24.09-Jornal-do-Commercio-Coluna-Social-2.pdf\">Coluna Social<\/a><\/td>\n<\/tr>\n<tr style=\"height: 40px;\">\n<td style=\"height: 40px; width: 18.5714%;\">24\/09\/2021<\/td>\n<td style=\"height: 40px; width: 26.5306%;\">Jornal do Commercio<\/td>\n<td style=\"height: 40px; width: 52.8571%;\"><a href=\"https:\/\/www.tceam.tc.br\/wp-content\/uploads\/2021\/10\/24.09-Jornal-do-Commercio-Coluna-Social.pdf\">Coluna Social<\/a><\/td>\n<\/tr>\n<tr style=\"height: 40px;\">\n<td style=\"height: 40px; width: 18.5714%;\">25\/09\/2021<\/td>\n<td style=\"height: 40px; width: 26.5306%;\">Em Tempo<\/td>\n<td style=\"height: 40px; width: 52.8571%;\"><a href=\"https:\/\/www.tceam.tc.br\/wp-content\/uploads\/2021\/10\/25.09-Em-Tempo-Concurso-Publico.pdf\">Concurso P\u00fablico<\/a><\/td>\n<\/tr>\n<tr style=\"height: 40px;\">\n<td style=\"height: 40px; width: 18.5714%;\">25\/09\/2021<\/td>\n<td style=\"height: 40px; width: 26.5306%;\">Em Tempo<\/td>\n<td style=\"height: 40px; width: 52.8571%;\"><a href=\"https:\/\/www.tceam.tc.br\/wp-content\/uploads\/2021\/10\/25.09-Em-Tempo-Coluna-Social.pdf\">Coluna Social<\/a><\/td>\n<\/tr>\n<tr style=\"height: 40px;\">\n<td style=\"height: 40px; width: 18.5714%;\">28\/09\/2021<\/td>\n<td style=\"height: 40px; width: 26.5306%;\">A Cr\u00edtica<\/td>\n<td style=\"height: 40px; width: 52.8571%;\"><a href=\"https:\/\/www.tceam.tc.br\/wp-content\/uploads\/2021\/10\/28.09-A-Critica-Concurso-Publico.pdf\">Concurso P\u00fablico<\/a><\/td>\n<\/tr>\n<tr style=\"height: 40px;\">\n<td style=\"height: 40px; width: 18.5714%;\">30\/09\/2021<\/td>\n<td style=\"height: 40px; width: 26.5306%;\">Jornal do Commercio<\/td>\n<td style=\"height: 40px; width: 52.8571%;\"><a href=\"https:\/\/www.tceam.tc.br\/wp-content\/uploads\/2021\/10\/30.09-Jornal-do-Commercio-Concurso-Publico.pdf\">Concurso P\u00fablico<\/a><\/td>\n<\/tr>\n<tr style=\"height: 40px;\">\n<td style=\"height: 40px; width: 18.5714%;\">30\/09\/2021<\/td>\n<td style=\"height: 40px; width: 26.5306%;\">Jornal do Commercio<\/td>\n<td style=\"height: 40px; width: 52.8571%;\"><a href=\"https:\/\/www.tceam.tc.br\/wp-content\/uploads\/2021\/10\/30.09-Jornal-do-Commercio-Falando-de-Contas.pdf\">Falando de Contas<\/a><\/td>\n<\/tr>\n<tr style=\"height: 40px;\">\n<td style=\"height: 40px; width: 18.5714%;\"><\/td>\n<td style=\"height: 40px; width: 26.5306%;\"><\/td>\n<td style=\"height: 40px; width: 52.8571%;\"><\/td>\n<\/tr>\n<tr style=\"height: 40px;\">\n<td style=\"height: 40px; width: 18.5714%;\"><\/td>\n<td style=\"height: 40px; width: 26.5306%;\"><\/td>\n<td style=\"height: 40px; width: 52.8571%;\"><\/td>\n<\/tr>\n<tr style=\"height: 40px;\">\n<td style=\"height: 40px; width: 18.5714%;\"><\/td>\n<td style=\"height: 40px; width: 26.5306%;\"><\/td>\n<td style=\"height: 40px; width: 52.8571%;\"><\/td>\n<\/tr>\n<tr style=\"height: 40px;\">\n<td style=\"height: 40px; width: 18.5714%;\"><\/td>\n<td style=\"height: 40px; width: 26.5306%;\"><\/td>\n<td style=\"height: 40px; width: 52.8571%;\"><\/td>\n<\/tr>\n<tr style=\"height: 40px;\">\n<td style=\"height: 40px; width: 18.5714%;\"><\/td>\n<td style=\"height: 40px; width: 26.5306%;\"><\/td>\n<td style=\"height: 40px; width: 52.8571%;\"><\/td>\n<\/tr>\n<\/tbody>\n<\/table>\n","protected":false},"excerpt":{"rendered":"<p>Data Ve\u00edculo de Comunica\u00e7\u00e3o Mat\u00e9ria 02\/09\/2021 Di\u00e1rio do Amazonas Inspe\u00e7\u00e3o t\u00e9cnica do TCE-AM identifica focos de queimada no Sul do AM 02\/09\/2021 Di\u00e1rio do Amazonas Primeiro Plano 02\/09\/2021 Jornal do Commercio Falando de Contas 09\/09\/2021 Jornal do Commercio Falando de Contas 10\/09\/2021 Jornal do Commercio Coluna Social 14\/09\/2021 Di\u00e1rio do Amazonas Primeiro Plano 15\/09\/2021 Di\u00e1rio [&hellip;]<\/p>\n","protected":false},"author":49,"featured_media":0,"parent":0,"menu_order":0,"comment_status":"closed","ping_status":"closed","template":"","meta":{"footnotes":""},"class_list":["post-47625","page","type-page","status-publish","hentry"],"_links":{"self":[{"href":"https:\/\/www.tceam.tc.br\/index.php?rest_route=\/wp\/v2\/pages\/47625","targetHints":{"allow":["GET"]}}],"collection":[{"href":"https:\/\/www.tceam.tc.br\/index.php?rest_route=\/wp\/v2\/pages"}],"about":[{"href":"https:\/\/www.tceam.tc.br\/index.php?rest_route=\/wp\/v2\/types\/page"}],"author":[{"embeddable":true,"href":"https:\/\/www.tceam.tc.br\/index.php?rest_route=\/wp\/v2\/users\/49"}],"replies":[{"embeddable":true,"href":"https:\/\/www.tceam.tc.br\/index.php?rest_route=%2Fwp%2Fv2%2Fcomments&post=47625"}],"version-history":[{"count":7,"href":"https:\/\/www.tceam.tc.br\/index.php?rest_route=\/wp\/v2\/pages\/47625\/revisions"}],"predecessor-version":[{"id":48079,"href":"https:\/\/www.tceam.tc.br\/index.php?rest_route=\/wp\/v2\/pages\/47625\/revisions\/48079"}],"wp:attachment":[{"href":"https:\/\/www.tceam.tc.br\/index.php?rest_route=%2Fwp%2Fv2%2Fmedia&parent=47625"}],"curies":[{"name":"wp","href":"https:\/\/api.w.org\/{rel}","templated":true}]}}