
{"id":47094,"date":"2021-08-09T10:14:22","date_gmt":"2021-08-09T14:14:22","guid":{"rendered":"https:\/\/www.tceam.tc.br\/?page_id=47094"},"modified":"2021-08-19T12:56:28","modified_gmt":"2021-08-19T16:56:28","slug":"agosto-2021","status":"publish","type":"page","link":"https:\/\/www.tceam.tc.br\/?page_id=47094","title":{"rendered":"Agosto 2021"},"content":{"rendered":"<table style=\"width: 90.2494%; height: 1088px;\">\n<tbody>\n<tr style=\"height: 64px;\">\n<td style=\"height: 64px;\">Data<\/td>\n<td style=\"height: 64px;\">Ve\u00edculo de Comunica\u00e7\u00e3o<\/td>\n<td style=\"height: 64px;\">Mat\u00e9ria<\/td>\n<\/tr>\n<tr style=\"height: 64px;\">\n<td style=\"height: 64px;\">05\/08\/2021<\/td>\n<td style=\"height: 64px;\">Jornal do Commercio<\/td>\n<td style=\"height: 64px;\"><a href=\"https:\/\/www.tceam.tc.br\/wp-content\/uploads\/2021\/08\/Ouvidoria-do-TCE-AM-empossa-alunos-ouvidores.pdf\">Ouvidoria do TCE-AM empossa alunos ouvidores<\/a><\/td>\n<\/tr>\n<tr style=\"height: 40px;\">\n<td style=\"height: 40px;\">08\/08\/2021<\/td>\n<td style=\"height: 40px;\">Di\u00e1rio do Amazonas<\/td>\n<td style=\"height: 40px;\"><a href=\"https:\/\/www.tceam.tc.br\/wp-content\/uploads\/2021\/08\/Rodas-de-Cidadania-fecha-mais-uma-etapa-do-Profac.pdf\">Rodas de Cidadania fecha mais uma etapa do Profac<\/a><\/td>\n<\/tr>\n<tr style=\"height: 40px;\">\n<td style=\"height: 40px;\">12\/08\/2021<\/td>\n<td style=\"height: 40px;\">Jornal do Commercio<\/td>\n<td style=\"height: 40px;\"><span style=\"color: #0000ff;\"><a style=\"color: #0000ff;\" href=\"https:\/\/www.tceam.tc.br\/wp-content\/uploads\/2021\/08\/12-de-agosto-Jornald-o-Commercio.pdf\">Locais de prova do concurso do TCE-AM j\u00e1 est\u00e3o dispon\u00edveis<\/a><\/span><\/td>\n<\/tr>\n<tr style=\"height: 40px;\">\n<td style=\"height: 40px;\">16\/08\/2021<\/td>\n<td style=\"height: 40px;\">Jornal do Commercio<\/td>\n<td style=\"height: 40px;\"><a href=\"https:\/\/www.tceam.tc.br\/wp-content\/uploads\/2021\/08\/Jornal-do-Commercio-Coluna-Social-16-de-agosto.pdf\">Coluna Social<\/a><\/td>\n<\/tr>\n<tr style=\"height: 40px;\">\n<td style=\"height: 40px;\">19\/08\/2021<\/td>\n<td style=\"height: 40px;\">Jornal do Commercio<\/td>\n<td style=\"height: 40px;\"><a href=\"https:\/\/www.tceam.tc.br\/wp-content\/uploads\/2021\/08\/jornal-do-commercio.pdf\">Falando de Contas<\/a><\/td>\n<\/tr>\n<tr style=\"height: 40px;\">\n<td style=\"height: 40px;\">19\/08\/2021<\/td>\n<td style=\"height: 40px;\">Agora<\/td>\n<td style=\"height: 40px;\"><a href=\"https:\/\/www.tceam.tc.br\/wp-content\/uploads\/2021\/08\/Agora.pdf\">Caf\u00e9 da Manh\u00e3\/Coluna Social<\/a><\/td>\n<\/tr>\n<tr style=\"height: 40px;\">\n<td style=\"height: 40px;\">19\/08\/2021<\/td>\n<td style=\"height: 40px;\">Di\u00e1rio do Amazonas<\/td>\n<td style=\"height: 40px;\"><a href=\"https:\/\/www.tceam.tc.br\/wp-content\/uploads\/2021\/08\/Diario-do-Amazonas.pdf\">Primeiro Plano<\/a><\/td>\n<\/tr>\n<tr style=\"height: 40px;\">\n<td style=\"height: 40px;\"><\/td>\n<td style=\"height: 40px;\"><\/td>\n<td style=\"height: 40px;\"><\/td>\n<\/tr>\n<tr style=\"height: 40px;\">\n<td style=\"height: 40px;\"><\/td>\n<td style=\"height: 40px;\"><\/td>\n<td style=\"height: 40px;\"><\/td>\n<\/tr>\n<tr style=\"height: 40px;\">\n<td style=\"height: 40px;\"><\/td>\n<td style=\"height: 40px;\"><\/td>\n<td style=\"height: 40px;\"><\/td>\n<\/tr>\n<tr style=\"height: 40px;\">\n<td style=\"height: 40px;\"><\/td>\n<td style=\"height: 40px;\"><\/td>\n<td style=\"height: 40px;\"><\/td>\n<\/tr>\n<tr style=\"height: 40px;\">\n<td style=\"height: 40px;\"><\/td>\n<td style=\"height: 40px;\"><\/td>\n<td style=\"height: 40px;\"><\/td>\n<\/tr>\n<tr style=\"height: 40px;\">\n<td style=\"height: 40px;\"><\/td>\n<td style=\"height: 40px;\"><\/td>\n<td style=\"height: 40px;\"><\/td>\n<\/tr>\n<tr style=\"height: 40px;\">\n<td style=\"height: 40px;\"><\/td>\n<td style=\"height: 40px;\"><\/td>\n<td style=\"height: 40px;\"><\/td>\n<\/tr>\n<tr style=\"height: 40px;\">\n<td style=\"height: 40px;\"><\/td>\n<td style=\"height: 40px;\"><\/td>\n<td style=\"height: 40px;\"><\/td>\n<\/tr>\n<tr style=\"height: 40px;\">\n<td style=\"height: 40px;\"><\/td>\n<td style=\"height: 40px;\"><\/td>\n<td style=\"height: 40px;\"><\/td>\n<\/tr>\n<tr style=\"height: 40px;\">\n<td style=\"height: 40px;\"><\/td>\n<td style=\"height: 40px;\"><\/td>\n<td style=\"height: 40px;\"><\/td>\n<\/tr>\n<tr style=\"height: 40px;\">\n<td style=\"height: 40px;\"><\/td>\n<td style=\"height: 40px;\"><\/td>\n<td style=\"height: 40px;\"><\/td>\n<\/tr>\n<tr style=\"height: 40px;\">\n<td style=\"height: 40px;\"><\/td>\n<td style=\"height: 40px;\"><\/td>\n<td style=\"height: 40px;\"><\/td>\n<\/tr>\n<tr style=\"height: 40px;\">\n<td style=\"height: 40px;\"><\/td>\n<td style=\"height: 40px;\"><\/td>\n<td style=\"height: 40px;\"><\/td>\n<\/tr>\n<tr style=\"height: 40px;\">\n<td style=\"height: 40px;\"><\/td>\n<td style=\"height: 40px;\"><\/td>\n<td style=\"height: 40px;\"><\/td>\n<\/tr>\n<tr style=\"height: 40px;\">\n<td style=\"height: 40px;\"><\/td>\n<td style=\"height: 40px;\"><\/td>\n<td style=\"height: 40px;\"><\/td>\n<\/tr>\n<tr style=\"height: 40px;\">\n<td style=\"height: 40px;\"><\/td>\n<td style=\"height: 40px;\"><\/td>\n<td style=\"height: 40px;\"><\/td>\n<\/tr>\n<tr style=\"height: 40px;\">\n<td style=\"height: 40px;\"><\/td>\n<td style=\"height: 40px;\"><\/td>\n<td style=\"height: 40px;\"><\/td>\n<\/tr>\n<tr style=\"height: 40px;\">\n<td style=\"height: 40px;\"><\/td>\n<td style=\"height: 40px;\"><\/td>\n<td style=\"height: 40px;\"><\/td>\n<\/tr>\n<\/tbody>\n<\/table>\n","protected":false},"excerpt":{"rendered":"<p>Data Ve\u00edculo de Comunica\u00e7\u00e3o Mat\u00e9ria 05\/08\/2021 Jornal do Commercio Ouvidoria do TCE-AM empossa alunos ouvidores 08\/08\/2021 Di\u00e1rio do Amazonas Rodas de Cidadania fecha mais uma etapa do Profac 12\/08\/2021 Jornal do Commercio Locais de prova do concurso do TCE-AM j\u00e1 est\u00e3o dispon\u00edveis 16\/08\/2021 Jornal do Commercio Coluna Social 19\/08\/2021 Jornal do Commercio Falando de Contas [&hellip;]<\/p>\n","protected":false},"author":49,"featured_media":0,"parent":0,"menu_order":0,"comment_status":"closed","ping_status":"closed","template":"","meta":{"footnotes":""},"class_list":["post-47094","page","type-page","status-publish","hentry"],"_links":{"self":[{"href":"https:\/\/www.tceam.tc.br\/index.php?rest_route=\/wp\/v2\/pages\/47094","targetHints":{"allow":["GET"]}}],"collection":[{"href":"https:\/\/www.tceam.tc.br\/index.php?rest_route=\/wp\/v2\/pages"}],"about":[{"href":"https:\/\/www.tceam.tc.br\/index.php?rest_route=\/wp\/v2\/types\/page"}],"author":[{"embeddable":true,"href":"https:\/\/www.tceam.tc.br\/index.php?rest_route=\/wp\/v2\/users\/49"}],"replies":[{"embeddable":true,"href":"https:\/\/www.tceam.tc.br\/index.php?rest_route=%2Fwp%2Fv2%2Fcomments&post=47094"}],"version-history":[{"count":7,"href":"https:\/\/www.tceam.tc.br\/index.php?rest_route=\/wp\/v2\/pages\/47094\/revisions"}],"predecessor-version":[{"id":47339,"href":"https:\/\/www.tceam.tc.br\/index.php?rest_route=\/wp\/v2\/pages\/47094\/revisions\/47339"}],"wp:attachment":[{"href":"https:\/\/www.tceam.tc.br\/index.php?rest_route=%2Fwp%2Fv2%2Fmedia&parent=47094"}],"curies":[{"name":"wp","href":"https:\/\/api.w.org\/{rel}","templated":true}]}}