
{"id":46682,"date":"2021-07-26T11:38:56","date_gmt":"2021-07-26T15:38:56","guid":{"rendered":"https:\/\/www.tceam.tc.br\/?page_id=46682"},"modified":"2021-07-30T11:43:34","modified_gmt":"2021-07-30T15:43:34","slug":"julho-2021","status":"publish","type":"page","link":"https:\/\/www.tceam.tc.br\/?page_id=46682","title":{"rendered":"Julho 2021"},"content":{"rendered":"<table style=\"width: 90.2494%; height: 1463px;\">\n<tbody>\n<tr style=\"height: 64px;\">\n<td style=\"height: 64px; width: 19.6787%;\">Data<\/td>\n<td style=\"height: 64px; width: 37.9117%;\">Ve\u00edculo de Comunica\u00e7\u00e3o<\/td>\n<td style=\"height: 64px; width: 41.6064%;\">Mat\u00e9ria<\/td>\n<\/tr>\n<tr style=\"height: 40px;\">\n<td style=\"height: 40px; width: 19.6787%;\">01\/07\/2021<\/td>\n<td style=\"height: 40px; width: 37.9117%;\">Diario do Amazonas<\/td>\n<td style=\"height: 40px; width: 41.6064%;\"><a href=\"https:\/\/www.tceam.tc.br\/wp-content\/uploads\/2021\/07\/Scanned-image_20-04-2020-184515.pdf\">Politica<\/a><\/td>\n<\/tr>\n<tr style=\"height: 40px;\">\n<td style=\"height: 40px; width: 19.6787%;\">01\/07\/2021<\/td>\n<td style=\"height: 40px; width: 37.9117%;\">Jornal do Comercio<\/td>\n<td style=\"height: 40px; width: 41.6064%;\"><a href=\"https:\/\/www.tceam.tc.br\/wp-content\/uploads\/2021\/07\/Scanned-image_17-04-2020-200228.pdf\">Coluna Falando de Contas<\/a><\/td>\n<\/tr>\n<tr style=\"height: 64px;\">\n<td style=\"height: 64px; width: 19.6787%;\">02\/07\/2021<\/td>\n<td style=\"height: 64px; width: 37.9117%;\">Diario do Amazonas<\/td>\n<td style=\"height: 64px; width: 41.6064%;\"><a href=\"https:\/\/www.tceam.tc.br\/wp-content\/uploads\/2021\/07\/Scanned-image_20-04-2020-185406.pdf\">Politica<\/a><\/td>\n<\/tr>\n<tr style=\"height: 40px;\">\n<td style=\"height: 40px; width: 19.6787%;\">08\/07\/2021<\/td>\n<td style=\"height: 40px; width: 37.9117%;\">A critica<\/td>\n<td style=\"height: 40px; width: 41.6064%;\"><a href=\"https:\/\/www.tceam.tc.br\/wp-content\/uploads\/2021\/07\/Scanned-image_20-04-2020-185528.pdf\">Politica<\/a><\/td>\n<\/tr>\n<tr style=\"height: 40px;\">\n<td style=\"height: 40px; width: 19.6787%;\">08\/07\/2021<\/td>\n<td style=\"height: 40px; width: 37.9117%;\">Jornal do Comercio<\/td>\n<td style=\"height: 40px; width: 41.6064%;\"><a href=\"https:\/\/www.tceam.tc.br\/wp-content\/uploads\/2021\/07\/Scanned-image_20-04-2020-185830.pdf\">Coluna Falando de Contas<\/a><\/td>\n<\/tr>\n<tr style=\"height: 40px;\">\n<td style=\"height: 40px; width: 19.6787%;\">08\/07\/2021<\/td>\n<td style=\"height: 40px; width: 37.9117%;\">Diario do Amazonas<\/td>\n<td style=\"height: 40px; width: 41.6064%;\"><a href=\"https:\/\/www.tceam.tc.br\/wp-content\/uploads\/2021\/07\/Scanned-image_17-04-2020-200701.pdf\">Claro e Escuro<\/a><\/td>\n<\/tr>\n<tr style=\"height: 40px;\">\n<td style=\"height: 40px; width: 19.6787%;\">10\/07\/2021<\/td>\n<td style=\"height: 40px; width: 37.9117%;\">A critica<\/td>\n<td style=\"height: 40px; width: 41.6064%;\"><a href=\"https:\/\/www.tceam.tc.br\/wp-content\/uploads\/2021\/07\/Scanned-image_20-04-2020-185943.pdf\">Businesssociety<\/a><\/td>\n<\/tr>\n<tr style=\"height: 40px;\">\n<td style=\"height: 40px; width: 19.6787%;\">10\/07\/2021<\/td>\n<td style=\"height: 40px; width: 37.9117%;\">Emtempo<\/td>\n<td style=\"height: 40px; width: 41.6064%;\"><a href=\"https:\/\/www.tceam.tc.br\/wp-content\/uploads\/2021\/07\/Scanned-image_20-04-2020-190024.pdf\">Contexto<\/a><\/td>\n<\/tr>\n<tr style=\"height: 40px;\">\n<td style=\"height: 40px; width: 19.6787%;\">12\/07\/2021<\/td>\n<td style=\"height: 40px; width: 37.9117%;\">Jornal do Comercio<\/td>\n<td style=\"height: 40px; width: 41.6064%;\"><a href=\"https:\/\/www.tceam.tc.br\/wp-content\/uploads\/2021\/07\/Scanned-image_20-04-2020-182408.pdf\">Coluna Jander vieira<\/a><\/td>\n<\/tr>\n<tr style=\"height: 40px;\">\n<td style=\"height: 40px; width: 19.6787%;\">14\/07\/2021<\/td>\n<td style=\"height: 40px; width: 37.9117%;\">Agora<\/td>\n<td style=\"height: 40px; width: 41.6064%;\"><a href=\"https:\/\/www.tceam.tc.br\/wp-content\/uploads\/2021\/07\/Scanned-image_20-04-2020-190123.pdf\">Politica<\/a><\/td>\n<\/tr>\n<tr style=\"height: 40px;\">\n<td style=\"height: 40px; width: 19.6787%;\">14\/07\/2021<\/td>\n<td style=\"height: 40px; width: 37.9117%;\">Agora<\/td>\n<td style=\"height: 40px; width: 41.6064%;\"><a href=\"https:\/\/www.tceam.tc.br\/wp-content\/uploads\/2021\/07\/Scanned-image_20-04-2020-190123.pdf\">Cidade<\/a><\/td>\n<\/tr>\n<tr style=\"height: 40px;\">\n<td style=\"height: 40px; width: 19.6787%;\">15\/07\/2021<\/td>\n<td style=\"height: 40px; width: 37.9117%;\">Diario do Amazonas<\/td>\n<td style=\"height: 40px; width: 41.6064%;\"><a href=\"https:\/\/www.tceam.tc.br\/wp-content\/uploads\/2021\/07\/Scanned-image_20-04-2020-190312.pdf\">Claro e Escuro<\/a><\/td>\n<\/tr>\n<tr style=\"height: 40px;\">\n<td style=\"height: 40px; width: 19.6787%;\">15\/07\/2021<\/td>\n<td style=\"height: 40px; width: 37.9117%;\">A critica<\/td>\n<td style=\"height: 40px; width: 41.6064%;\"><a href=\"https:\/\/www.tceam.tc.br\/wp-content\/uploads\/2021\/07\/Scanned-image_17-04-2020-200621.pdf\">Coluna Julio Ventilari<\/a><\/td>\n<\/tr>\n<tr style=\"height: 40px;\">\n<td style=\"height: 40px; width: 19.6787%;\">15\/07\/2021<\/td>\n<td style=\"height: 40px; width: 37.9117%;\">Jornal do Comercio<\/td>\n<td style=\"height: 40px; width: 41.6064%;\"><a href=\"https:\/\/www.tceam.tc.br\/wp-content\/uploads\/2021\/07\/Scanned-image_20-04-2020-190346.pdf\">Coluna de Contas<\/a><\/td>\n<\/tr>\n<tr style=\"height: 40px;\">\n<td style=\"height: 40px; width: 19.6787%;\">16\/07\/2021<\/td>\n<td style=\"height: 40px; width: 37.9117%;\">Emtempo<\/td>\n<td style=\"height: 40px; width: 41.6064%;\"><a href=\"https:\/\/www.tceam.tc.br\/wp-content\/uploads\/2021\/07\/Scanned-image_20-04-2020-190606.pdf\">Politica<\/a><\/td>\n<\/tr>\n<tr style=\"height: 40px;\">\n<td style=\"height: 40px; width: 19.6787%;\">16\/07\/2021<\/td>\n<td style=\"height: 40px; width: 37.9117%;\">Diario do Amazonas<\/td>\n<td style=\"height: 40px; width: 41.6064%;\"><a href=\"https:\/\/www.tceam.tc.br\/wp-content\/uploads\/2021\/07\/Scanned-image_20-04-2020-190724.pdf\">Coluna Zenaldo Mota<\/a><\/td>\n<\/tr>\n<tr style=\"height: 40px;\">\n<td style=\"height: 40px; width: 19.6787%;\">16\/07\/2021<\/td>\n<td style=\"height: 40px; width: 37.9117%;\">Jornal do Comercio<\/td>\n<td style=\"height: 40px; width: 41.6064%;\"><a href=\"https:\/\/www.tceam.tc.br\/wp-content\/uploads\/2021\/07\/Scanned-image_20-04-2020-190724.pdf\">Coluna Pedro Cort\u00eas<\/a><\/td>\n<\/tr>\n<tr style=\"height: 40px;\">\n<td style=\"height: 40px; width: 19.6787%;\">16\/07\/2021<\/td>\n<td style=\"height: 40px; width: 37.9117%;\">A critica<\/td>\n<td style=\"height: 40px; width: 41.6064%;\"><a href=\"https:\/\/www.tceam.tc.br\/wp-content\/uploads\/2021\/07\/Scanned-image_20-04-2020-190949.pdf\">Politica<\/a><\/td>\n<\/tr>\n<tr style=\"height: 40px;\">\n<td style=\"height: 40px; width: 19.6787%;\">16\/07\/2021<\/td>\n<td style=\"height: 40px; width: 37.9117%;\">Diario do Amazonas<\/td>\n<td style=\"height: 40px; width: 41.6064%;\"><a href=\"https:\/\/www.tceam.tc.br\/wp-content\/uploads\/2021\/07\/Scanned-image_20-04-2020-191128.pdf\">Politica<\/a><\/td>\n<\/tr>\n<tr style=\"height: 40px;\">\n<td style=\"height: 40px; width: 19.6787%;\">18\/07\/2021<\/td>\n<td style=\"height: 40px; width: 37.9117%;\">Emtempo<\/td>\n<td style=\"height: 40px; width: 41.6064%;\"><a href=\"https:\/\/www.tceam.tc.br\/wp-content\/uploads\/2021\/07\/Scanned-image_17-04-2020-200840.pdf\">Coluna Sergio Frota<\/a><\/td>\n<\/tr>\n<tr style=\"height: 40px;\">\n<td style=\"height: 40px; width: 19.6787%;\">22\/07\/2021<\/td>\n<td style=\"height: 40px; width: 37.9117%;\">Diario do Amazonas<\/td>\n<td style=\"height: 40px; width: 41.6064%;\"><a href=\"https:\/\/www.tceam.tc.br\/wp-content\/uploads\/2021\/07\/Scanned-image_20-04-2020-185653.pdf\">Claro e escuro<\/a><\/td>\n<\/tr>\n<tr style=\"height: 40px;\">\n<td style=\"height: 40px; width: 19.6787%;\">22\/07\/2021<\/td>\n<td style=\"height: 40px; width: 37.9117%;\">J0rnal do Comercio<\/td>\n<td style=\"height: 40px; width: 41.6064%;\"><a href=\"https:\/\/www.tceam.tc.br\/wp-content\/uploads\/2021\/07\/Scanned-image_17-04-2020-201130.pdf\">Coluna Falando de Contas<\/a><\/td>\n<\/tr>\n<tr style=\"height: 40px;\">\n<td style=\"height: 40px; width: 19.6787%;\">23\/07\/2021<\/td>\n<td style=\"height: 40px; width: 37.9117%;\">Diario do Amazonas<\/td>\n<td style=\"height: 40px; width: 41.6064%;\">\u00a0<a href=\"https:\/\/www.tceam.tc.br\/wp-content\/uploads\/2021\/07\/Scanned-image_17-04-2020-200928.pdf\">Coluna Zenaldo Mota<\/a><\/td>\n<\/tr>\n<tr style=\"height: 40px;\">\n<td style=\"height: 40px; width: 19.6787%;\">24\/05\/2021<\/td>\n<td style=\"height: 40px; width: 37.9117%;\">A critica<\/td>\n<td style=\"height: 40px; width: 41.6064%;\"><a href=\"https:\/\/www.tceam.tc.br\/wp-content\/uploads\/2021\/07\/Scanned-image_20-04-2020-191749.pdf\">\u00a0 Coluna Julio Ventilari<\/a><\/td>\n<\/tr>\n<tr style=\"height: 40px;\">\n<td style=\"height: 54px; width: 19.6787%;\">24\/07\/2021<\/td>\n<td style=\"height: 54px; width: 37.9117%;\">Emtempo<\/td>\n<td style=\"height: 54px; width: 41.6064%;\"><a href=\"https:\/\/www.tceam.tc.br\/wp-content\/uploads\/2021\/07\/Scanned-image_20-04-2020-192049.pdf\">Coluna Sergio Frota<\/a><\/td>\n<\/tr>\n<tr style=\"height: 40px;\">\n<td style=\"height: 41px; width: 19.6787%;\">24\/07\/2021<\/td>\n<td style=\"height: 41px; width: 37.9117%;\">Emtempo<\/td>\n<td style=\"height: 41px; width: 41.6064%;\"><a href=\"https:\/\/www.tceam.tc.br\/wp-content\/uploads\/2021\/07\/Scanned-image_20-04-2020-192017.pdf\">Coluna Sergio Frota<\/a><\/td>\n<\/tr>\n<tr style=\"height: 40px;\">\n<td style=\"height: 40px; width: 19.6787%;\">25\/07\/2021<\/td>\n<td style=\"height: 40px; width: 37.9117%;\">Diario do Amazonas<\/td>\n<td style=\"height: 40px; width: 41.6064%;\"><a href=\"https:\/\/www.tceam.tc.br\/wp-content\/uploads\/2021\/07\/Scanned-image_17-04-2020-201003.pdf\">Claro e Escuro<\/a><\/td>\n<\/tr>\n<tr style=\"height: 40px;\">\n<td style=\"height: 40px; width: 19.6787%;\">25\/07\/2021<\/td>\n<td style=\"height: 40px; width: 37.9117%;\">Diario do Amazonas<\/td>\n<td style=\"height: 40px; width: 41.6064%;\"><a href=\"https:\/\/www.tceam.tc.br\/wp-content\/uploads\/2021\/07\/Scanned-image_17-04-2020-201053.pdf\">Politica<\/a><\/td>\n<\/tr>\n<tr style=\"height: 40px;\">\n<td style=\"height: 40px; width: 19.6787%;\">26\/07\/2021<\/td>\n<td style=\"height: 40px; width: 37.9117%;\">Emtempo<\/td>\n<td style=\"height: 40px; width: 41.6064%;\"><a href=\"https:\/\/www.tceam.tc.br\/wp-content\/uploads\/2021\/07\/Scanned-image_17-04-2020-200747.pdf\">Coluna Sergio Frota<\/a><\/td>\n<\/tr>\n<tr style=\"height: 40px;\">\n<td style=\"height: 40px; width: 19.6787%;\">27\/07\/2021<\/td>\n<td style=\"height: 40px; width: 37.9117%;\">A critica<\/td>\n<td style=\"height: 40px; width: 41.6064%;\"><a href=\"https:\/\/www.tceam.tc.br\/wp-content\/uploads\/2021\/07\/Scanned-image_17-04-2020-201351.pdf\">Opini\u00e3o<\/a><\/td>\n<\/tr>\n<tr style=\"height: 40px;\">\n<td style=\"height: 40px; width: 19.6787%;\">28\/07\/2021<\/td>\n<td style=\"height: 40px; width: 37.9117%;\">Emtempo<\/td>\n<td style=\"height: 40px; width: 41.6064%;\"><a href=\"https:\/\/www.tceam.tc.br\/wp-content\/uploads\/2021\/07\/Scanned-image_17-04-2020-201514.pdf\">Opini\u00e3o<\/a><\/td>\n<\/tr>\n<tr style=\"height: 40px;\">\n<td style=\"height: 40px; width: 19.6787%;\">29\/07\/2021<\/td>\n<td style=\"height: 40px; width: 37.9117%;\">Emtempo<\/td>\n<td style=\"height: 40px; width: 41.6064%;\"><a href=\"https:\/\/www.tceam.tc.br\/wp-content\/uploads\/2021\/07\/Scanned-image_17-04-2020-201617.pdf\">Opini\u00e3o<\/a><\/td>\n<\/tr>\n<tr style=\"height: 40px;\">\n<td style=\"height: 40px; width: 19.6787%;\">30\/07\/2021<\/td>\n<td style=\"height: 40px; width: 37.9117%;\">Diario do Amazonas<\/td>\n<td style=\"height: 40px; width: 41.6064%;\"><a href=\"https:\/\/www.tceam.tc.br\/wp-content\/uploads\/2021\/07\/Scanned-image_17-04-2020-165429.pdf\">Claro e Escuro<\/a><\/td>\n<\/tr>\n<\/tbody>\n<\/table>\n","protected":false},"excerpt":{"rendered":"<p>Data Ve\u00edculo de Comunica\u00e7\u00e3o Mat\u00e9ria 01\/07\/2021 Diario do Amazonas Politica 01\/07\/2021 Jornal do Comercio Coluna Falando de Contas 02\/07\/2021 Diario do Amazonas Politica 08\/07\/2021 A critica Politica 08\/07\/2021 Jornal do Comercio Coluna Falando de Contas 08\/07\/2021 Diario do Amazonas Claro e Escuro 10\/07\/2021 A critica Businesssociety 10\/07\/2021 Emtempo Contexto 12\/07\/2021 Jornal do Comercio Coluna Jander [&hellip;]<\/p>\n","protected":false},"author":49,"featured_media":0,"parent":0,"menu_order":0,"comment_status":"closed","ping_status":"closed","template":"","meta":{"footnotes":""},"class_list":["post-46682","page","type-page","status-publish","hentry"],"_links":{"self":[{"href":"https:\/\/www.tceam.tc.br\/index.php?rest_route=\/wp\/v2\/pages\/46682","targetHints":{"allow":["GET"]}}],"collection":[{"href":"https:\/\/www.tceam.tc.br\/index.php?rest_route=\/wp\/v2\/pages"}],"about":[{"href":"https:\/\/www.tceam.tc.br\/index.php?rest_route=\/wp\/v2\/types\/page"}],"author":[{"embeddable":true,"href":"https:\/\/www.tceam.tc.br\/index.php?rest_route=\/wp\/v2\/users\/49"}],"replies":[{"embeddable":true,"href":"https:\/\/www.tceam.tc.br\/index.php?rest_route=%2Fwp%2Fv2%2Fcomments&post=46682"}],"version-history":[{"count":38,"href":"https:\/\/www.tceam.tc.br\/index.php?rest_route=\/wp\/v2\/pages\/46682\/revisions"}],"predecessor-version":[{"id":46866,"href":"https:\/\/www.tceam.tc.br\/index.php?rest_route=\/wp\/v2\/pages\/46682\/revisions\/46866"}],"wp:attachment":[{"href":"https:\/\/www.tceam.tc.br\/index.php?rest_route=%2Fwp%2Fv2%2Fmedia&parent=46682"}],"curies":[{"name":"wp","href":"https:\/\/api.w.org\/{rel}","templated":true}]}}