
{"id":46680,"date":"2021-07-26T11:38:36","date_gmt":"2021-07-26T15:38:36","guid":{"rendered":"https:\/\/www.tceam.tc.br\/?page_id=46680"},"modified":"2021-07-30T11:35:29","modified_gmt":"2021-07-30T15:35:29","slug":"junho-2021-2","status":"publish","type":"page","link":"https:\/\/www.tceam.tc.br\/?page_id=46680","title":{"rendered":"Junho 2021"},"content":{"rendered":"<table style=\"width: 90.2494%; height: 1088px;\">\n<tbody>\n<tr style=\"height: 64px;\">\n<td style=\"height: 64px; width: 11.8875%;\">Data<\/td>\n<td style=\"height: 64px; width: 16.9478%;\">Ve\u00edculo de Comunica\u00e7\u00e3o<\/td>\n<td style=\"height: 64px; width: 70.3615%;\">Mat\u00e9ria<\/td>\n<\/tr>\n<tr style=\"height: 40px;\">\n<td style=\"height: 40px; width: 11.8875%;\">01\/06\/2021<\/td>\n<td style=\"height: 40px; width: 16.9478%;\">Jornal do Comercio<\/td>\n<td style=\"height: 40px; width: 70.3615%;\"><a href=\"https:\/\/www.tceam.tc.br\/wp-content\/uploads\/2021\/07\/Scanned-image_20-04-2020-182408.pdf\">Coluna Jander Vieira<\/a><\/td>\n<\/tr>\n<tr style=\"height: 40px;\">\n<td style=\"height: 40px; width: 11.8875%;\">01\/06\/2021<\/td>\n<td style=\"height: 40px; width: 16.9478%;\">Emtempo<\/td>\n<td style=\"height: 40px; width: 70.3615%;\"><a href=\"https:\/\/www.tceam.tc.br\/wp-content\/uploads\/2021\/07\/Scanned-image_20-04-2020-183415.pdf\">Sergio Frota<\/a><\/td>\n<\/tr>\n<tr style=\"height: 40px;\">\n<td style=\"height: 40px; width: 11.8875%;\">08\/06\/2021<\/td>\n<td style=\"height: 40px; width: 16.9478%;\">Diario do Amazonas<\/td>\n<td style=\"height: 40px; width: 70.3615%;\"><a href=\"https:\/\/www.tceam.tc.br\/wp-content\/uploads\/2021\/07\/Scanned-image_20-04-2020-182733.pdf\">Primeiro Plano<\/a><\/td>\n<\/tr>\n<tr style=\"height: 40px;\">\n<td style=\"height: 40px; width: 11.8875%;\">10\/06\/2021<\/td>\n<td style=\"height: 40px; width: 16.9478%;\">Diario do Amazonas<\/td>\n<td style=\"height: 40px; width: 70.3615%;\"><a href=\"https:\/\/www.tceam.tc.br\/wp-content\/uploads\/2021\/07\/Scanned-image_20-04-2020-183031.pdf\">Claro e Escuro<\/a><\/td>\n<\/tr>\n<tr style=\"height: 40px;\">\n<td style=\"height: 40px; width: 11.8875%;\">10\/06\/2021<\/td>\n<td style=\"height: 40px; width: 16.9478%;\">Jornal do Comercio<\/td>\n<td style=\"height: 40px; width: 70.3615%;\"><a href=\"https:\/\/www.tceam.tc.br\/wp-content\/uploads\/2021\/07\/Scanned-image_20-04-2020-182925.pdf\">Coluna Falando de Contas<\/a><\/td>\n<\/tr>\n<tr style=\"height: 40px;\">\n<td style=\"height: 40px; width: 11.8875%;\">12\/06\/2021<\/td>\n<td style=\"height: 40px; width: 16.9478%;\">Emtempo<\/td>\n<td style=\"height: 40px; width: 70.3615%;\"><a href=\"https:\/\/www.tceam.tc.br\/wp-content\/uploads\/2021\/07\/Scanned-image_20-04-2020-183259.pdf\">Coluna Sergio Frota<\/a><\/td>\n<\/tr>\n<tr style=\"height: 40px;\">\n<td style=\"height: 40px; width: 11.8875%;\">17\/06\/2021<\/td>\n<td style=\"height: 40px; width: 16.9478%;\">Jornal do Comercio<\/td>\n<td style=\"height: 40px; width: 70.3615%;\"><a href=\"https:\/\/www.tceam.tc.br\/wp-content\/uploads\/2021\/07\/Scanned-image_20-04-2020-183548.pdf\">Coluna Falando de Contas<\/a><\/td>\n<\/tr>\n<tr style=\"height: 40px;\">\n<td style=\"height: 40px; width: 11.8875%;\">24\/06\/2021<\/td>\n<td style=\"height: 40px; width: 16.9478%;\">Jornal do Comercio<\/td>\n<td style=\"height: 40px; width: 70.3615%;\">\u00a0<a href=\"https:\/\/www.tceam.tc.br\/wp-content\/uploads\/2021\/07\/Scanned-image_20-04-2020-183731.pdf\">Coluna Falando de Contas<\/a><\/td>\n<\/tr>\n<tr style=\"height: 64px;\">\n<td style=\"height: 64px; width: 11.8875%;\">26\/06\/2021<\/td>\n<td style=\"height: 64px; width: 16.9478%;\">Emtempo<\/td>\n<td style=\"height: 64px; width: 70.3615%;\"><a href=\"https:\/\/www.tceam.tc.br\/wp-content\/uploads\/2021\/07\/Scanned-image_20-04-2020-183837.pdf\">TCE-AM: pagamento de inscri\u00e7\u00e3o para concurso \u00e9 prorrogado<\/a><\/td>\n<\/tr>\n<tr style=\"height: 40px;\">\n<td style=\"height: 40px; width: 11.8875%;\">26\/06\/2021<\/td>\n<td style=\"height: 40px; width: 16.9478%;\">A Critica<\/td>\n<td style=\"height: 40px; width: 70.3615%;\"><a href=\"https:\/\/www.tceam.tc.br\/wp-content\/uploads\/2021\/07\/Scanned-image_20-04-2020-183933.pdf\">Ultimas<\/a><\/td>\n<\/tr>\n<tr style=\"height: 40px;\">\n<td style=\"height: 40px; width: 11.8875%;\">26\/06\/2021<\/td>\n<td style=\"height: 40px; width: 16.9478%;\">Diario do Amazonas<\/td>\n<td style=\"height: 40px; width: 70.3615%;\"><a href=\"https:\/\/www.tceam.tc.br\/wp-content\/uploads\/2021\/07\/Scanned-image_20-04-2020-184038.pdf\">Politica<\/a><\/td>\n<\/tr>\n<tr style=\"height: 40px;\">\n<td style=\"height: 40px; width: 11.8875%;\">28\/06\/2021<\/td>\n<td style=\"height: 40px; width: 16.9478%;\">Jornal do Comercio<\/td>\n<td style=\"height: 40px; width: 70.3615%;\"><a href=\"https:\/\/www.tceam.tc.br\/wp-content\/uploads\/2021\/07\/Scanned-image_20-04-2020-184222.pdf\">Pedrinho Aguiar<\/a><\/td>\n<\/tr>\n<tr style=\"height: 40px;\">\n<td style=\"height: 40px; width: 11.8875%;\">29\/06\/2021<\/td>\n<td style=\"height: 40px; width: 16.9478%;\">\u00a0A critica<\/td>\n<td style=\"height: 40px; width: 70.3615%;\"><a href=\"https:\/\/www.tceam.tc.br\/wp-content\/uploads\/2021\/07\/Scanned-image_20-04-2020-184302.pdf\">Ultimas<\/a><\/td>\n<\/tr>\n<tr style=\"height: 40px;\">\n<td style=\"height: 40px; width: 11.8875%;\">30\/06\/21<\/td>\n<td style=\"height: 40px; width: 16.9478%;\">Diario do Amazonas<\/td>\n<td style=\"height: 40px; width: 70.3615%;\"><a href=\"https:\/\/www.tceam.tc.br\/wp-content\/uploads\/2021\/07\/Scanned-image_20-04-2020-184444.pdf\">Capa<\/a><\/td>\n<\/tr>\n<tr style=\"height: 40px;\">\n<td style=\"height: 40px; width: 11.8875%;\">30\/06\/2021<\/td>\n<td style=\"height: 40px; width: 16.9478%;\">Diario do Amazonas<\/td>\n<td style=\"height: 40px; width: 70.3615%;\"><a href=\"https:\/\/www.tceam.tc.br\/wp-content\/uploads\/2021\/07\/Scanned-image_20-04-2020-182555.pdf\">Coluna Zenaldo Mota<\/a><\/td>\n<\/tr>\n<tr style=\"height: 40px;\">\n<td style=\"height: 40px; width: 11.8875%;\"><\/td>\n<td style=\"height: 40px; width: 16.9478%;\"><\/td>\n<td style=\"height: 40px; width: 70.3615%;\"><\/td>\n<\/tr>\n<tr style=\"height: 40px;\">\n<td style=\"height: 40px; width: 11.8875%;\"><\/td>\n<td style=\"height: 40px; width: 16.9478%;\"><\/td>\n<td style=\"height: 40px; width: 70.3615%;\"><\/td>\n<\/tr>\n<tr style=\"height: 40px;\">\n<td style=\"height: 40px; width: 11.8875%;\"><\/td>\n<td style=\"height: 40px; width: 16.9478%;\"><\/td>\n<td style=\"height: 40px; width: 70.3615%;\"><\/td>\n<\/tr>\n<tr style=\"height: 40px;\">\n<td style=\"height: 40px; width: 11.8875%;\"><\/td>\n<td style=\"height: 40px; width: 16.9478%;\"><\/td>\n<td style=\"height: 40px; width: 70.3615%;\"><\/td>\n<\/tr>\n<tr style=\"height: 40px;\">\n<td style=\"height: 40px; width: 11.8875%;\"><\/td>\n<td style=\"height: 40px; width: 16.9478%;\"><\/td>\n<td style=\"height: 40px; width: 70.3615%;\"><\/td>\n<\/tr>\n<tr style=\"height: 40px;\">\n<td style=\"height: 40px; width: 11.8875%;\"><\/td>\n<td style=\"height: 40px; width: 16.9478%;\"><\/td>\n<td style=\"height: 40px; width: 70.3615%;\"><\/td>\n<\/tr>\n<tr style=\"height: 40px;\">\n<td style=\"height: 40px; width: 11.8875%;\"><\/td>\n<td style=\"height: 40px; width: 16.9478%;\"><\/td>\n<td style=\"height: 40px; width: 70.3615%;\"><\/td>\n<\/tr>\n<tr style=\"height: 40px;\">\n<td style=\"height: 40px; width: 11.8875%;\"><\/td>\n<td style=\"height: 40px; width: 16.9478%;\"><\/td>\n<td style=\"height: 40px; width: 70.3615%;\"><\/td>\n<\/tr>\n<tr style=\"height: 40px;\">\n<td style=\"height: 40px; width: 11.8875%;\"><\/td>\n<td style=\"height: 40px; width: 16.9478%;\"><\/td>\n<td style=\"height: 40px; width: 70.3615%;\"><\/td>\n<\/tr>\n<tr style=\"height: 40px;\">\n<td style=\"height: 40px; width: 11.8875%;\"><\/td>\n<td style=\"height: 40px; width: 16.9478%;\"><\/td>\n<td style=\"height: 40px; width: 70.3615%;\"><\/td>\n<\/tr>\n<\/tbody>\n<\/table>\n","protected":false},"excerpt":{"rendered":"<p>Data Ve\u00edculo de Comunica\u00e7\u00e3o Mat\u00e9ria 01\/06\/2021 Jornal do Comercio Coluna Jander Vieira 01\/06\/2021 Emtempo Sergio Frota 08\/06\/2021 Diario do Amazonas Primeiro Plano 10\/06\/2021 Diario do Amazonas Claro e Escuro 10\/06\/2021 Jornal do Comercio Coluna Falando de Contas 12\/06\/2021 Emtempo Coluna Sergio Frota 17\/06\/2021 Jornal do Comercio Coluna Falando de Contas 24\/06\/2021 Jornal do Comercio \u00a0Coluna [&hellip;]<\/p>\n","protected":false},"author":49,"featured_media":0,"parent":0,"menu_order":0,"comment_status":"closed","ping_status":"closed","template":"","meta":{"footnotes":""},"class_list":["post-46680","page","type-page","status-publish","hentry"],"_links":{"self":[{"href":"https:\/\/www.tceam.tc.br\/index.php?rest_route=\/wp\/v2\/pages\/46680","targetHints":{"allow":["GET"]}}],"collection":[{"href":"https:\/\/www.tceam.tc.br\/index.php?rest_route=\/wp\/v2\/pages"}],"about":[{"href":"https:\/\/www.tceam.tc.br\/index.php?rest_route=\/wp\/v2\/types\/page"}],"author":[{"embeddable":true,"href":"https:\/\/www.tceam.tc.br\/index.php?rest_route=\/wp\/v2\/users\/49"}],"replies":[{"embeddable":true,"href":"https:\/\/www.tceam.tc.br\/index.php?rest_route=%2Fwp%2Fv2%2Fcomments&post=46680"}],"version-history":[{"count":19,"href":"https:\/\/www.tceam.tc.br\/index.php?rest_route=\/wp\/v2\/pages\/46680\/revisions"}],"predecessor-version":[{"id":46864,"href":"https:\/\/www.tceam.tc.br\/index.php?rest_route=\/wp\/v2\/pages\/46680\/revisions\/46864"}],"wp:attachment":[{"href":"https:\/\/www.tceam.tc.br\/index.php?rest_route=%2Fwp%2Fv2%2Fmedia&parent=46680"}],"curies":[{"name":"wp","href":"https:\/\/api.w.org\/{rel}","templated":true}]}}