
{"id":45783,"date":"2021-06-14T09:12:27","date_gmt":"2021-06-14T13:12:27","guid":{"rendered":"https:\/\/www.tceam.tc.br\/?page_id=45783"},"modified":"2021-06-21T12:04:27","modified_gmt":"2021-06-21T16:04:27","slug":"maio-2021","status":"publish","type":"page","link":"https:\/\/www.tceam.tc.br\/?page_id=45783","title":{"rendered":"Maio 2021"},"content":{"rendered":"<table style=\"width: 90.2494%; height: 1232px;\">\n<tbody>\n<tr style=\"height: 64px;\">\n<td style=\"height: 64px;\">Data<\/td>\n<td style=\"height: 64px;\">Ve\u00edculo de Comunica\u00e7\u00e3o<\/td>\n<td style=\"height: 64px;\">Mat\u00e9ria<\/td>\n<\/tr>\n<tr style=\"height: 64px;\">\n<td style=\"height: 64px;\">01\/05\/2021<\/td>\n<td style=\"height: 64px;\">emtempo<\/td>\n<td style=\"height: 64px;\"><a href=\"https:\/\/www.tceam.tc.br\/wp-content\/uploads\/2021\/06\/Scanned-image_27-05-2021-125316.pdf\">Presidente do TCE-AM ,Conselheiro Mario de mello e a superintendente\u00a0 da controladoria geral do Amazonas<\/a><\/td>\n<\/tr>\n<tr style=\"height: 40px;\">\n<td style=\"height: 40px;\">11\/05\/2021<\/td>\n<td style=\"height: 40px;\">A Critica<\/td>\n<td style=\"height: 40px;\"><a href=\"https:\/\/www.tceam.tc.br\/wp-content\/uploads\/2021\/06\/Scanned-image_27-05-2021-134219.pdf\">TCE Lan\u00e7a concurso para inicio imediato<\/a><\/td>\n<\/tr>\n<tr style=\"height: 40px;\">\n<td style=\"height: 40px;\">11\/05\/2021<\/td>\n<td style=\"height: 40px;\">A Critica<\/td>\n<td style=\"height: 40px;\"><a href=\"https:\/\/www.tceam.tc.br\/wp-content\/uploads\/2021\/06\/Scanned-image_27-05-2021-131247.pdf\">TCE-AM\u00a0 Lan\u00e7a edital de concurso\u00a0 para 40 vaga<\/a>s<\/td>\n<\/tr>\n<tr style=\"height: 64px;\">\n<td style=\"height: 64px;\">11\/05\/2021<\/td>\n<td style=\"height: 64px;\">Di\u00e1rio Do Amazonas<\/td>\n<td style=\"height: 64px;\"><a href=\"https:\/\/www.tceam.tc.br\/wp-content\/uploads\/2021\/06\/Scanned-image_28-05-2021-135225.pdf\">Concurso do TCE Tem Sal\u00e1rio de RS 8,3 Mil<\/a><\/td>\n<\/tr>\n<tr style=\"height: 40px;\">\n<td style=\"height: 40px;\">14\/05\/2021<\/td>\n<td style=\"height: 40px;\">A Critica<\/td>\n<td style=\"height: 40px;\"><a href=\"https:\/\/www.tceam.tc.br\/wp-content\/uploads\/2021\/06\/Scanned-image_27-05-2021-134340.pdf\">TCE Lan\u00e7ar\u00e1 novo edital na\u00a0 Pr\u00f3xima Semana<\/a><\/td>\n<\/tr>\n<tr style=\"height: 40px;\">\n<td style=\"height: 40px;\">\u00a019\/05\/2021<\/td>\n<td style=\"height: 40px;\">A Critica<\/td>\n<td style=\"height: 40px;\"><a href=\"https:\/\/www.tceam.tc.br\/wp-content\/uploads\/2021\/06\/Scanned-image_28-05-2021-133917.pdf\">TCE-AM\u00a0 vai refazer\u00a0 edital de Concurso<\/a><\/td>\n<\/tr>\n<tr style=\"height: 64px;\">\n<td style=\"height: 64px;\">19\/05\/2021<\/td>\n<td style=\"height: 64px;\">Di\u00e1rio Do Amazonas<\/td>\n<td style=\"height: 64px;\"><a href=\"https:\/\/www.tceam.tc.br\/wp-content\/uploads\/2021\/06\/Scanned-image_28-05-2021-135752.pdf\">TCE divulga novo edital com sal\u00e1rio de RS 8,3 mil<\/a><\/td>\n<\/tr>\n<tr style=\"height: 64px;\">\n<td style=\"height: 64px;\">19\/05\/2021<\/td>\n<td style=\"height: 64px;\">Di\u00e1rio Do Amazonas<\/td>\n<td style=\"height: 64px;\"><a href=\"https:\/\/www.tceam.tc.br\/wp-content\/uploads\/2021\/06\/Scanned-image_27-05-2021-131052.pdf\">Claro e Escuro<\/a><\/td>\n<\/tr>\n<tr style=\"height: 40px;\">\n<td style=\"height: 40px;\">19\/05\/2021<\/td>\n<td style=\"height: 40px;\">A Critica<\/td>\n<td style=\"height: 40px;\"><a href=\"https:\/\/www.tceam.tc.br\/wp-content\/uploads\/2021\/06\/Scanned-image_28-05-2021-135752.pdf\">TCE republica editais<\/a><\/td>\n<\/tr>\n<tr style=\"height: 40px;\">\n<td style=\"height: 40px;\">19\/05\/2021<\/td>\n<td style=\"height: 40px;\">A Critica<\/td>\n<td style=\"height: 40px;\"><a href=\"https:\/\/www.tceam.tc.br\/wp-content\/uploads\/2021\/06\/Scanned-image_28-05-2021-135225.pdf\">Concurso do TCE Tem Sal\u00e1rio de RS 8,3 Mil<\/a><\/td>\n<\/tr>\n<tr style=\"height: 40px;\">\n<td style=\"height: 40px;\">19\/05\/2021<\/td>\n<td style=\"height: 40px;\">emtempo<\/td>\n<td style=\"height: 40px;\"><a href=\"https:\/\/www.tceam.tc.br\/wp-content\/uploads\/2021\/06\/Scanned-image_28-05-2021-133917.pdf\">TCE Retifica edital do concurso<\/a><\/td>\n<\/tr>\n<tr style=\"height: 64px;\">\n<td style=\"height: 64px;\">19\/05\/2021<\/td>\n<td style=\"height: 64px;\">Jornal do Com\u00e9rcio<\/td>\n<td style=\"height: 64px;\"><a href=\"https:\/\/www.tceam.tc.br\/wp-content\/uploads\/2021\/06\/Scanned-image_28-05-2021-140327.pdf\">Concurso<\/a><\/td>\n<\/tr>\n<tr style=\"height: 64px;\">\n<td style=\"height: 64px;\">20\/05\/2021<\/td>\n<td style=\"height: 64px;\">Di\u00e1rio Do Amazonas<\/td>\n<td style=\"height: 64px;\"><a href=\"https:\/\/www.tceam.tc.br\/wp-content\/uploads\/2021\/06\/Scanned-image_27-05-2021-124122.pdf\">Tribunal de contas julgar\u00e1 contas de wilson Lima na pr\u00f3xima Quarta-Feira<\/a><\/td>\n<\/tr>\n<tr style=\"height: 64px;\">\n<td style=\"height: 64px;\">20\/05\/2021<\/td>\n<td style=\"height: 64px;\">Jornal do Com\u00e9rcio<\/td>\n<td style=\"height: 64px;\"><a href=\"https:\/\/www.tceam.tc.br\/wp-content\/uploads\/2021\/06\/Scanned-image_28-05-2021-141431.pdf\">Coluna Falando de Contas<\/a><\/td>\n<\/tr>\n<tr style=\"height: 40px;\">\n<td style=\"height: 40px;\">21\/05\/2021<\/td>\n<td style=\"height: 40px;\">Di\u00e1rio Do Amazonas<\/td>\n<td style=\"height: 40px;\"><a href=\"https:\/\/www.tceam.tc.br\/wp-content\/uploads\/2021\/06\/Scanned-image_28-05-2021-141046.pdf\">Multa<\/a><\/td>\n<\/tr>\n<tr style=\"height: 40px;\">\n<td style=\"height: 40px;\">26\/\/05\/2021<\/td>\n<td style=\"height: 40px;\">Di\u00e1rio Do Amazonas<\/td>\n<td style=\"height: 40px;\"><a href=\"https:\/\/www.tceam.tc.br\/wp-content\/uploads\/2021\/06\/Scanned-image_27-05-2021-124122.pdf\">Governo do AM ter\u00e1\u00a0 contas julgadas pelo Tribunal de contas do estado em 7 de Julho<\/a><\/td>\n<\/tr>\n<tr style=\"height: 40px;\">\n<td style=\"height: 40px;\">27\/05\/2021<\/td>\n<td style=\"height: 40px;\">A crit\u00edca<\/td>\n<td style=\"height: 40px;\"><a href=\"https:\/\/www.tceam.tc.br\/wp-content\/uploads\/2021\/06\/Scanned-image_28-05-2021-141629.pdf\">Coluna , Presidente Mario de Mello<\/a><\/td>\n<\/tr>\n<tr style=\"height: 40px;\">\n<td style=\"height: 40px;\">27\/05\/2021<\/td>\n<td style=\"height: 40px;\">Jornal do Com\u00e9rcio<\/td>\n<td style=\"height: 40px;\"><a href=\"https:\/\/www.tceam.tc.br\/wp-content\/uploads\/2021\/06\/Scanned-image_28-05-2021-141431.pdf\">Coluna Falando de Contas<\/a><\/td>\n<\/tr>\n<tr style=\"height: 40px;\">\n<td style=\"height: 40px;\"><\/td>\n<td style=\"height: 40px;\"><\/td>\n<td style=\"height: 40px;\"><\/td>\n<\/tr>\n<tr style=\"height: 40px;\">\n<td style=\"height: 40px;\"><\/td>\n<td style=\"height: 40px;\"><\/td>\n<td style=\"height: 40px;\"><\/td>\n<\/tr>\n<tr style=\"height: 40px;\">\n<td style=\"height: 40px;\"><\/td>\n<td style=\"height: 40px;\"><\/td>\n<td style=\"height: 40px;\"><\/td>\n<\/tr>\n<tr style=\"height: 40px;\">\n<td style=\"height: 40px;\"><\/td>\n<td style=\"height: 40px;\"><\/td>\n<td style=\"height: 40px;\"><\/td>\n<\/tr>\n<tr style=\"height: 40px;\">\n<td style=\"height: 40px;\"><\/td>\n<td style=\"height: 40px;\"><\/td>\n<td style=\"height: 40px;\"><\/td>\n<\/tr>\n<tr style=\"height: 40px;\">\n<td style=\"height: 40px;\"><\/td>\n<td style=\"height: 40px;\"><\/td>\n<td style=\"height: 40px;\"><\/td>\n<\/tr>\n<tr style=\"height: 40px;\">\n<td style=\"height: 40px;\"><\/td>\n<td style=\"height: 40px;\"><\/td>\n<td style=\"height: 40px;\"><\/td>\n<\/tr>\n<\/tbody>\n<\/table>\n","protected":false},"excerpt":{"rendered":"<p>Data Ve\u00edculo de Comunica\u00e7\u00e3o Mat\u00e9ria 01\/05\/2021 emtempo Presidente do TCE-AM ,Conselheiro Mario de mello e a superintendente\u00a0 da controladoria geral do Amazonas 11\/05\/2021 A Critica TCE Lan\u00e7a concurso para inicio imediato 11\/05\/2021 A Critica TCE-AM\u00a0 Lan\u00e7a edital de concurso\u00a0 para 40 vagas 11\/05\/2021 Di\u00e1rio Do Amazonas Concurso do TCE Tem Sal\u00e1rio de RS 8,3 Mil [&hellip;]<\/p>\n","protected":false},"author":49,"featured_media":0,"parent":0,"menu_order":0,"comment_status":"closed","ping_status":"closed","template":"","meta":{"footnotes":""},"class_list":["post-45783","page","type-page","status-publish","hentry"],"_links":{"self":[{"href":"https:\/\/www.tceam.tc.br\/index.php?rest_route=\/wp\/v2\/pages\/45783","targetHints":{"allow":["GET"]}}],"collection":[{"href":"https:\/\/www.tceam.tc.br\/index.php?rest_route=\/wp\/v2\/pages"}],"about":[{"href":"https:\/\/www.tceam.tc.br\/index.php?rest_route=\/wp\/v2\/types\/page"}],"author":[{"embeddable":true,"href":"https:\/\/www.tceam.tc.br\/index.php?rest_route=\/wp\/v2\/users\/49"}],"replies":[{"embeddable":true,"href":"https:\/\/www.tceam.tc.br\/index.php?rest_route=%2Fwp%2Fv2%2Fcomments&post=45783"}],"version-history":[{"count":0,"href":"https:\/\/www.tceam.tc.br\/index.php?rest_route=\/wp\/v2\/pages\/45783\/revisions"}],"wp:attachment":[{"href":"https:\/\/www.tceam.tc.br\/index.php?rest_route=%2Fwp%2Fv2%2Fmedia&parent=45783"}],"curies":[{"name":"wp","href":"https:\/\/api.w.org\/{rel}","templated":true}]}}