
{"id":45781,"date":"2021-06-14T09:12:06","date_gmt":"2021-06-14T13:12:06","guid":{"rendered":"https:\/\/www.tceam.tc.br\/?page_id=45781"},"modified":"2021-08-17T11:17:50","modified_gmt":"2021-08-17T15:17:50","slug":"abril-2021","status":"publish","type":"page","link":"https:\/\/www.tceam.tc.br\/?page_id=45781","title":{"rendered":"Abril 2021"},"content":{"rendered":"<table style=\"width: 90.2494%; height: 1088px;\">\n<tbody>\n<tr style=\"height: 64px;\">\n<td style=\"height: 64px;\">Data<\/td>\n<td style=\"height: 64px;\">Ve\u00edculo de Comunica\u00e7\u00e3o<\/td>\n<td style=\"height: 64px;\">Mat\u00e9ria<\/td>\n<\/tr>\n<tr style=\"height: 64px;\">\n<td style=\"height: 64px;\">01\/04\/2021<\/td>\n<td style=\"height: 64px;\">Di\u00e1rio Do Amazonas<\/td>\n<td style=\"height: 64px;\"><a href=\"https:\/\/www.tceam.tc.br\/wp-content\/uploads\/2021\/06\/Scanned-image_27-05-2021-131247.pdf\">TCE Assina Contrato com A FGV Para Realiza\u00e7\u00e3o Do Concurso P\u00fablico<\/a><\/td>\n<\/tr>\n<tr style=\"height: 40px;\">\n<td style=\"height: 40px;\">01\/04\/2021<\/td>\n<td style=\"height: 40px;\">A Cr\u00edtica<\/td>\n<td style=\"height: 40px;\"><a href=\"https:\/\/www.tceam.tc.br\/wp-content\/uploads\/2021\/06\/Scanned-image_27-05-2021-134219.pdf\">TCE realiz\u00e1ra concurso P\u00fablico para 40 vagas<\/a><\/td>\n<\/tr>\n<tr style=\"height: 40px;\">\n<td style=\"height: 40px;\">05\/04\/2021<\/td>\n<td style=\"height: 40px;\">Jornal do Com\u00e9rcio<\/td>\n<td style=\"height: 40px;\"><a href=\"https:\/\/www.tceam.tc.br\/wp-content\/uploads\/2021\/06\/Scanned-image_27-05-2021-125710.pdf\">Personalidade estimada,A Conselheira do TCE-AM, Yara Lins<\/a><\/td>\n<\/tr>\n<tr style=\"height: 40px;\">\n<td style=\"height: 40px;\">29\/04\/2021<\/td>\n<td style=\"height: 40px;\">Jornal do Com\u00e9rcio<\/td>\n<td style=\"height: 40px;\"><a href=\"https:\/\/www.tceam.tc.br\/wp-content\/uploads\/2021\/06\/Scanned-image_27-05-2021-132553.pdf\">Falando de Contas<\/a><\/td>\n<\/tr>\n<tr style=\"height: 40px;\">\n<td style=\"height: 40px;\">17\/08\/2021<\/td>\n<td style=\"height: 40px;\">Di\u00e1rio do Amazonas<\/td>\n<td style=\"height: 40px;\"><a href=\"https:\/\/www.tceam.tc.br\/wp-content\/uploads\/2021\/08\/TCE-abre-inscricoes-para-100-vagas-de-estagio-com-bolsa-de-R1-mil.pdf\">TCE abre inscri\u00e7\u00f5es para 100 vagas de est\u00e1gio com bolsa de R$1 mil<\/a><\/td>\n<\/tr>\n<tr style=\"height: 40px;\">\n<td style=\"height: 40px;\"><\/td>\n<td style=\"height: 40px;\"><\/td>\n<td style=\"height: 40px;\"><\/td>\n<\/tr>\n<tr style=\"height: 40px;\">\n<td style=\"height: 40px;\"><\/td>\n<td style=\"height: 40px;\"><\/td>\n<td style=\"height: 40px;\"><\/td>\n<\/tr>\n<tr style=\"height: 40px;\">\n<td style=\"height: 40px;\"><\/td>\n<td style=\"height: 40px;\"><\/td>\n<td style=\"height: 40px;\"><\/td>\n<\/tr>\n<tr style=\"height: 40px;\">\n<td style=\"height: 40px;\"><\/td>\n<td style=\"height: 40px;\"><\/td>\n<td style=\"height: 40px;\"><\/td>\n<\/tr>\n<tr style=\"height: 40px;\">\n<td style=\"height: 40px;\"><\/td>\n<td style=\"height: 40px;\"><\/td>\n<td style=\"height: 40px;\"><\/td>\n<\/tr>\n<tr style=\"height: 40px;\">\n<td style=\"height: 40px;\"><\/td>\n<td style=\"height: 40px;\"><\/td>\n<td style=\"height: 40px;\"><\/td>\n<\/tr>\n<tr style=\"height: 40px;\">\n<td style=\"height: 40px;\"><\/td>\n<td style=\"height: 40px;\"><\/td>\n<td style=\"height: 40px;\"><\/td>\n<\/tr>\n<tr style=\"height: 40px;\">\n<td style=\"height: 40px;\"><\/td>\n<td style=\"height: 40px;\"><\/td>\n<td style=\"height: 40px;\"><\/td>\n<\/tr>\n<tr style=\"height: 40px;\">\n<td style=\"height: 40px;\"><\/td>\n<td style=\"height: 40px;\"><\/td>\n<td style=\"height: 40px;\"><\/td>\n<\/tr>\n<tr style=\"height: 40px;\">\n<td style=\"height: 40px;\"><\/td>\n<td style=\"height: 40px;\"><\/td>\n<td style=\"height: 40px;\"><\/td>\n<\/tr>\n<tr style=\"height: 40px;\">\n<td style=\"height: 40px;\"><\/td>\n<td style=\"height: 40px;\"><\/td>\n<td style=\"height: 40px;\"><\/td>\n<\/tr>\n<tr style=\"height: 40px;\">\n<td style=\"height: 40px;\"><\/td>\n<td style=\"height: 40px;\"><\/td>\n<td style=\"height: 40px;\"><\/td>\n<\/tr>\n<tr style=\"height: 40px;\">\n<td style=\"height: 40px;\"><\/td>\n<td style=\"height: 40px;\"><\/td>\n<td style=\"height: 40px;\"><\/td>\n<\/tr>\n<tr style=\"height: 40px;\">\n<td style=\"height: 40px;\"><\/td>\n<td style=\"height: 40px;\"><\/td>\n<td style=\"height: 40px;\"><\/td>\n<\/tr>\n<tr style=\"height: 40px;\">\n<td style=\"height: 40px;\"><\/td>\n<td style=\"height: 40px;\"><\/td>\n<td style=\"height: 40px;\"><\/td>\n<\/tr>\n<tr style=\"height: 40px;\">\n<td style=\"height: 40px;\"><\/td>\n<td style=\"height: 40px;\"><\/td>\n<td style=\"height: 40px;\"><\/td>\n<\/tr>\n<tr style=\"height: 40px;\">\n<td style=\"height: 40px;\"><\/td>\n<td style=\"height: 40px;\"><\/td>\n<td style=\"height: 40px;\"><\/td>\n<\/tr>\n<tr style=\"height: 40px;\">\n<td style=\"height: 40px;\"><\/td>\n<td style=\"height: 40px;\"><\/td>\n<td style=\"height: 40px;\"><\/td>\n<\/tr>\n<tr style=\"height: 40px;\">\n<td style=\"height: 40px;\"><\/td>\n<td style=\"height: 40px;\"><\/td>\n<td style=\"height: 40px;\"><\/td>\n<\/tr>\n<tr style=\"height: 40px;\">\n<td style=\"height: 40px;\"><\/td>\n<td style=\"height: 40px;\"><\/td>\n<td style=\"height: 40px;\"><\/td>\n<\/tr>\n<\/tbody>\n<\/table>\n","protected":false},"excerpt":{"rendered":"<p>Data Ve\u00edculo de Comunica\u00e7\u00e3o Mat\u00e9ria 01\/04\/2021 Di\u00e1rio Do Amazonas TCE Assina Contrato com A FGV Para Realiza\u00e7\u00e3o Do Concurso P\u00fablico 01\/04\/2021 A Cr\u00edtica TCE realiz\u00e1ra concurso P\u00fablico para 40 vagas 05\/04\/2021 Jornal do Com\u00e9rcio Personalidade estimada,A Conselheira do TCE-AM, Yara Lins 29\/04\/2021 Jornal do Com\u00e9rcio Falando de Contas 17\/08\/2021 Di\u00e1rio do Amazonas TCE abre inscri\u00e7\u00f5es [&hellip;]<\/p>\n","protected":false},"author":49,"featured_media":0,"parent":0,"menu_order":0,"comment_status":"closed","ping_status":"closed","template":"","meta":{"footnotes":""},"class_list":["post-45781","page","type-page","status-publish","hentry"],"_links":{"self":[{"href":"https:\/\/www.tceam.tc.br\/index.php?rest_route=\/wp\/v2\/pages\/45781","targetHints":{"allow":["GET"]}}],"collection":[{"href":"https:\/\/www.tceam.tc.br\/index.php?rest_route=\/wp\/v2\/pages"}],"about":[{"href":"https:\/\/www.tceam.tc.br\/index.php?rest_route=\/wp\/v2\/types\/page"}],"author":[{"embeddable":true,"href":"https:\/\/www.tceam.tc.br\/index.php?rest_route=\/wp\/v2\/users\/49"}],"replies":[{"embeddable":true,"href":"https:\/\/www.tceam.tc.br\/index.php?rest_route=%2Fwp%2Fv2%2Fcomments&post=45781"}],"version-history":[{"count":2,"href":"https:\/\/www.tceam.tc.br\/index.php?rest_route=\/wp\/v2\/pages\/45781\/revisions"}],"predecessor-version":[{"id":47233,"href":"https:\/\/www.tceam.tc.br\/index.php?rest_route=\/wp\/v2\/pages\/45781\/revisions\/47233"}],"wp:attachment":[{"href":"https:\/\/www.tceam.tc.br\/index.php?rest_route=%2Fwp%2Fv2%2Fmedia&parent=45781"}],"curies":[{"name":"wp","href":"https:\/\/api.w.org\/{rel}","templated":true}]}}