
{"id":45779,"date":"2021-06-14T09:11:17","date_gmt":"2021-06-14T13:11:17","guid":{"rendered":"https:\/\/www.tceam.tc.br\/?page_id=45779"},"modified":"2021-06-21T10:22:15","modified_gmt":"2021-06-21T14:22:15","slug":"marco-2021","status":"publish","type":"page","link":"https:\/\/www.tceam.tc.br\/?page_id=45779","title":{"rendered":"Mar\u00e7o 2021"},"content":{"rendered":"<table style=\"width: 90.2494%;\">\n<tbody>\n<tr>\n<td style=\"width: 14.4663%;\">Data<\/td>\n<td style=\"width: 20.3652%;\">Ve\u00edculo de Comunica\u00e7\u00e3o<\/td>\n<td style=\"width: 63.764%;\">Mat\u00e9ria<\/td>\n<\/tr>\n<tr>\n<td style=\"width: 14.4663%;\">20\/03\/2021<\/td>\n<td style=\"width: 20.3652%;\">Jornal do Comercio<\/td>\n<td style=\"width: 63.764%;\"><a href=\"https:\/\/www.tceam.tc.br\/wp-content\/uploads\/2021\/06\/Scanned-image_27-05-2021-131712.pdf\">Josu\u00e9, o Novo conselheiro Do TCE-AM<\/a><\/td>\n<\/tr>\n<tr>\n<td style=\"width: 14.4663%;\">26\/03\/2021<\/td>\n<td style=\"width: 20.3652%;\">Di\u00e1rio Do Amazonas<\/td>\n<td style=\"width: 63.764%;\"><a href=\"https:\/\/www.tceam.tc.br\/wp-content\/uploads\/2021\/06\/Scanned-image_27-05-2021-125710.pdf\">Encontro em alt\u00edssimo Astral<\/a><\/td>\n<\/tr>\n<tr>\n<td style=\"width: 14.4663%;\">26\/03\/2021<\/td>\n<td style=\"width: 20.3652%;\">Emtempo<\/td>\n<td style=\"width: 63.764%;\"><a href=\"https:\/\/www.tceam.tc.br\/wp-content\/uploads\/2021\/06\/Scanned-image_10-06-2021-112529.pdf\">TCE nega pedido de wilker Barreto<\/a><\/td>\n<\/tr>\n<tr>\n<td style=\"width: 14.4663%;\">26\/03\/2021<\/td>\n<td style=\"width: 20.3652%;\">Jornal do comercio<\/td>\n<td style=\"width: 63.764%;\"><a href=\"https:\/\/www.tceam.tc.br\/wp-content\/uploads\/2021\/06\/Scanned-image_27-05-2021-125950.pdf\">Anivesariante da Temporada<\/a><\/td>\n<\/tr>\n<tr>\n<td style=\"width: 14.4663%;\">26\/03\/2021<\/td>\n<td style=\"width: 20.3652%;\">Emtempo<\/td>\n<td style=\"width: 63.764%;\"><a href=\"https:\/\/www.tceam.tc.br\/wp-content\/uploads\/2021\/06\/Scanned-image_27-05-2021-133645.pdf\">TCE nega pedido de deputado e reconhece legalidade de licita\u00e7\u00e3o da ADS<\/a><\/td>\n<\/tr>\n<tr>\n<td style=\"width: 14.4663%;\">26\/03\/2021<\/td>\n<td style=\"width: 20.3652%;\">Di\u00e1rio Do Amazonas<\/td>\n<td style=\"width: 63.764%;\"><a href=\"https:\/\/www.tceam.tc.br\/wp-content\/uploads\/2021\/06\/Scanned-image_10-06-2021-112335.pdf\">MPC Apura contrato no interior do Amazonas<\/a><\/td>\n<\/tr>\n<tr>\n<td style=\"width: 14.4663%;\">27\/03\/2021<\/td>\n<td style=\"width: 20.3652%;\">Emtempo<\/td>\n<td style=\"width: 63.764%;\"><a href=\"https:\/\/Presidente do TCE-AM , Conselheiro Mario de Melo,durante a posse do novo conselheiro do TCE-AM , Josu\u00e9 Neto\">Presidente do TCE-AM , Conselheiro Mario de Melo,durante a posse do novo conselheiro do TCE-AM , Josu\u00e9 Neto<\/a><\/td>\n<\/tr>\n<tr>\n<td style=\"width: 14.4663%;\">27\/03\/2021<\/td>\n<td style=\"width: 20.3652%;\">Emtempo<\/td>\n<td style=\"width: 63.764%;\"><a href=\"https:\/\/www.tceam.tc.br\/wp-content\/uploads\/2021\/06\/Scanned-image_27-05-2021-130437.pdf\">Conselheiro Erico Desterro,durante a posse do conselheiro\u00a0 Josu\u00e9 Neto<\/a><\/td>\n<\/tr>\n<tr>\n<td style=\"width: 14.4663%;\">27\/03\/2021<\/td>\n<td style=\"width: 20.3652%;\">Emtempo<\/td>\n<td style=\"width: 63.764%;\"><a href=\"https:\/\/www.tceam.tc.br\/wp-content\/uploads\/2021\/06\/Scanned-image_27-05-2021-130437.pdf\">Procuradora Edmara Le\u00e3o,Conselheiro Do TCE-AM ,Josu\u00e9 neto<\/a><\/td>\n<\/tr>\n<tr>\n<td style=\"width: 14.4663%;\">27\/03\/2021<\/td>\n<td style=\"width: 20.3652%;\">Emtempo<\/td>\n<td style=\"width: 63.764%;\"><a href=\"https:\/\/Conselheiro J\u00falio Pinheiro e Yara Lins,Prestigiaram a posse do Novo Conselheiro do TCE, Josu\u00e9 Neto\">Conselheiro J\u00falio Pinheiro e Yara Lins,Prestigiaram a posse do Novo Conselheiro do TCE, Josu\u00e9 Neto<\/a><\/p>\n<p>&nbsp;<\/td>\n<\/tr>\n<tr>\n<td style=\"width: 14.4663%;\">31\/03\/2021<\/td>\n<td style=\"width: 20.3652%;\">Jornal do Com\u00e9rcio<\/td>\n<td style=\"width: 63.764%;\"><a href=\"https:\/\/www.tceam.tc.br\/wp-content\/uploads\/2021\/06\/Scanned-image_27-05-2021-125950.pdf\">Etelvina Andrade com yomara Lins e Yara Lins<\/a><\/td>\n<\/tr>\n<tr>\n<td style=\"width: 14.4663%;\">31\/03\/2021<\/td>\n<td style=\"width: 20.3652%;\">Di\u00e1rio do Amazonas<\/td>\n<td style=\"width: 63.764%;\"><a href=\"https:\/\/www.tceam.tc.br\/wp-content\/uploads\/2021\/06\/Scanned-image_27-05-2021-130846.pdf\">Elogio<\/a><\/td>\n<\/tr>\n<tr>\n<td style=\"width: 14.4663%;\"><\/td>\n<td style=\"width: 20.3652%;\"><\/td>\n<td style=\"width: 63.764%;\"><\/td>\n<\/tr>\n<tr>\n<td style=\"width: 14.4663%;\"><\/td>\n<td style=\"width: 20.3652%;\"><\/td>\n<td style=\"width: 63.764%;\"><\/td>\n<\/tr>\n<tr>\n<td style=\"width: 14.4663%;\"><\/td>\n<td style=\"width: 20.3652%;\"><\/td>\n<td style=\"width: 63.764%;\"><\/td>\n<\/tr>\n<tr>\n<td style=\"width: 14.4663%;\"><\/td>\n<td style=\"width: 20.3652%;\"><\/td>\n<td style=\"width: 63.764%;\"><\/td>\n<\/tr>\n<tr>\n<td style=\"width: 14.4663%;\"><\/td>\n<td style=\"width: 20.3652%;\"><\/td>\n<td style=\"width: 63.764%;\"><\/td>\n<\/tr>\n<tr>\n<td style=\"width: 14.4663%;\"><\/td>\n<td style=\"width: 20.3652%;\"><\/td>\n<td style=\"width: 63.764%;\"><\/td>\n<\/tr>\n<tr>\n<td style=\"width: 14.4663%;\"><\/td>\n<td style=\"width: 20.3652%;\"><\/td>\n<td style=\"width: 63.764%;\"><\/td>\n<\/tr>\n<tr>\n<td style=\"width: 14.4663%;\"><\/td>\n<td style=\"width: 20.3652%;\"><\/td>\n<td style=\"width: 63.764%;\"><\/td>\n<\/tr>\n<tr>\n<td style=\"width: 14.4663%;\"><\/td>\n<td style=\"width: 20.3652%;\"><\/td>\n<td style=\"width: 63.764%;\"><\/td>\n<\/tr>\n<tr>\n<td style=\"width: 14.4663%;\"><\/td>\n<td style=\"width: 20.3652%;\"><\/td>\n<td style=\"width: 63.764%;\"><\/td>\n<\/tr>\n<tr>\n<td style=\"width: 14.4663%;\"><\/td>\n<td style=\"width: 20.3652%;\"><\/td>\n<td style=\"width: 63.764%;\"><\/td>\n<\/tr>\n<tr>\n<td style=\"width: 14.4663%;\"><\/td>\n<td style=\"width: 20.3652%;\"><\/td>\n<td style=\"width: 63.764%;\"><\/td>\n<\/tr>\n<tr>\n<td style=\"width: 14.4663%;\"><\/td>\n<td style=\"width: 20.3652%;\"><\/td>\n<td style=\"width: 63.764%;\"><\/td>\n<\/tr>\n<\/tbody>\n<\/table>\n","protected":false},"excerpt":{"rendered":"<p>Data Ve\u00edculo de Comunica\u00e7\u00e3o Mat\u00e9ria 20\/03\/2021 Jornal do Comercio Josu\u00e9, o Novo conselheiro Do TCE-AM 26\/03\/2021 Di\u00e1rio Do Amazonas Encontro em alt\u00edssimo Astral 26\/03\/2021 Emtempo TCE nega pedido de wilker Barreto 26\/03\/2021 Jornal do comercio Anivesariante da Temporada 26\/03\/2021 Emtempo TCE nega pedido de deputado e reconhece legalidade de licita\u00e7\u00e3o da ADS 26\/03\/2021 Di\u00e1rio Do [&hellip;]<\/p>\n","protected":false},"author":49,"featured_media":0,"parent":0,"menu_order":0,"comment_status":"closed","ping_status":"closed","template":"","meta":{"footnotes":""},"class_list":["post-45779","page","type-page","status-publish","hentry"],"_links":{"self":[{"href":"https:\/\/www.tceam.tc.br\/index.php?rest_route=\/wp\/v2\/pages\/45779","targetHints":{"allow":["GET"]}}],"collection":[{"href":"https:\/\/www.tceam.tc.br\/index.php?rest_route=\/wp\/v2\/pages"}],"about":[{"href":"https:\/\/www.tceam.tc.br\/index.php?rest_route=\/wp\/v2\/types\/page"}],"author":[{"embeddable":true,"href":"https:\/\/www.tceam.tc.br\/index.php?rest_route=\/wp\/v2\/users\/49"}],"replies":[{"embeddable":true,"href":"https:\/\/www.tceam.tc.br\/index.php?rest_route=%2Fwp%2Fv2%2Fcomments&post=45779"}],"version-history":[{"count":0,"href":"https:\/\/www.tceam.tc.br\/index.php?rest_route=\/wp\/v2\/pages\/45779\/revisions"}],"wp:attachment":[{"href":"https:\/\/www.tceam.tc.br\/index.php?rest_route=%2Fwp%2Fv2%2Fmedia&parent=45779"}],"curies":[{"name":"wp","href":"https:\/\/api.w.org\/{rel}","templated":true}]}}