
{"id":45387,"date":"2021-05-12T08:28:00","date_gmt":"2021-05-12T12:28:00","guid":{"rendered":"https:\/\/www.tceam.tc.br\/?page_id=45387"},"modified":"2021-08-26T10:36:15","modified_gmt":"2021-08-26T14:36:15","slug":"atos-de-admissoes-de-pessoal-do-portal-e-contas","status":"publish","type":"page","link":"https:\/\/www.tceam.tc.br\/?page_id=45387","title":{"rendered":"Atos de admiss\u00f5es de pessoal do Portal E-Contas"},"content":{"rendered":"<p><span style=\"color: #000000;\"><strong>Documentos de orienta\u00e7\u00e3o e suporte:<\/strong><\/span><\/p>\n<table style=\"width: 100%; border-collapse: collapse; background-color: #149121; border-color: #050000;\" border=\"2\">\n<tbody>\n<tr>\n<td style=\"width: 50%; text-align: center;\"><span style=\"color: #ffffff;\"><strong>Documento<\/strong><\/span><\/td>\n<td style=\"width: 50%; text-align: center;\"><span style=\"color: #ffffff;\"><strong>Descri\u00e7\u00e3o<\/strong><\/span><\/td>\n<\/tr>\n<\/tbody>\n<\/table>\n<table style=\"height: 738px; width: 100%; border-collapse: collapse; border-color: #050101;\" border=\"2\">\n<tbody>\n<tr style=\"height: 279px;\">\n<td style=\"width: 50%; text-align: center; height: 279px;\"><span style=\"color: #0000ff;\"><a style=\"color: #0000ff;\" href=\"https:\/\/www.tceam.tc.br\/wp-content\/uploads\/2021\/05\/p1.pdf\">PORTARIA N\u00ba 1\/2021-GP\/SECEX<\/a> <\/span><\/td>\n<td style=\"width: 50%; text-align: justify; height: 279px;\">DISP\u00d5E SOBRE A ADAPTA\u00c7\u00c3O DO PORTAL E-CONTAS E DE SEU MANUAL DE REMESSA DE DOCUMENTOS \u2013 MRD (RESOLU\u00c7\u00d5ES N\u00ba 13\/2015 E 03\/2019) QUANTO AO PRAZO PARA ENVIO DA FOLHA DE PAGAMENTO E O ESTABELECIMENTO E INSER\u00c7\u00c3O DA RELA\u00c7\u00c3O DE DOCUMENTOS NECESS\u00c1RIOS PARA AUTUA\u00c7\u00c3O DO PROCESSO DE ADMISS\u00c3O DE PESSOAL SUJEITO A REGISTRO, BEM COMO O PRAZO PARA ENVIO DESTA; REGRAS DE TRANSI\u00c7\u00c3O; E D\u00c1 OUTRAS PROVID\u00caNCIAS.<\/td>\n<\/tr>\n<tr style=\"height: 255px;\">\n<td style=\"width: 50%; text-align: center; height: 255px;\"><span style=\"color: #0000ff;\"><a href=\"https:\/\/www.tceam.tc.br\/wp-content\/uploads\/2021\/08\/Portaria-no-01_2021_alterada-pela-Portaria-171_2021-Fopag-e-Atos-de-Admissao.pdf\">PORTARIA\u00a0<\/a><br \/>\n<\/span><\/td>\n<td style=\"width: 50%; text-align: justify; height: 255px;\">ADAPTA O E-CONTAS E SEU MANUAL DE REMESSA<br \/>\nDE DOCUMENTOS \u2013 MRD (RESOLU\u00c7\u00d5ES N\u00ba 13\/2015 E 03\/2019) QUANTO AO PRAZO PARA ENVIO DA FOLHA DE PAGAMENTO e DA INSER\u00c7\u00c3O DA RELA\u00c7\u00c3O DE DOCUMENTOS NECESS\u00c1RIOS PARA AUTUA\u00c7\u00c3O DO PROCESSO DE ADMISS\u00c3O DE PESSOAL SUJEITO A REGISTRO, BEM COMO O PRAZO PARA ENVIO DESTA; REGRAS DE TRANSI\u00c7\u00c3O; E D\u00c1 OUTRAS PROVID\u00caNCIAS.<\/td>\n<\/tr>\n<tr style=\"height: 39px;\">\n<td style=\"width: 50%; text-align: center; height: 39px;\"><a href=\"https:\/\/www.tceam.tc.br\/wp-content\/uploads\/2021\/05\/3.-Modelos-da-Portaria-01_2021_24_02_2021.docx\"><span style=\"color: #0000ff;\">MODELOS DA PORTARIA N\u00ba 01\/2021<\/span><\/a><\/td>\n<td style=\"width: 50%; text-align: justify; height: 39px;\"><\/td>\n<\/tr>\n<tr style=\"height: 63px;\">\n<td style=\"width: 50%; text-align: center; height: 63px;\"><span style=\"color: #0000ff;\"><a style=\"color: #0000ff;\" href=\"https:\/\/www.tceam.tc.br\/?page_id=46171\">PLANILHAS REFERENTES AOS MODELOS 2 E 3 DA PORTARIA N\u00ba 01\/2021<\/a><\/span><\/td>\n<td style=\"width: 50%; text-align: justify; height: 63px;\">MODELO 2 &#8211; QUADRO &#8211; EVIDENCIA\u00c7\u00c3O DA DOTA\u00c7\u00c3O OR\u00c7AMENT\u00c1RIA<\/p>\n<p>MODELO 3 &#8211; QUADRO &#8211; PROJE\u00c7\u00c3O DA DESPESA MENSAL<\/td>\n<\/tr>\n<tr style=\"height: 63px;\">\n<td style=\"width: 50%; text-align: center; height: 63px;\"><a href=\"https:\/\/www.tceam.tc.br\/wp-content\/uploads\/2021\/05\/6.-NOTA-T\u00c9CNICA-01.pdf\"><span style=\"color: #0000ff;\">NOTA T\u00c9CNICA 01<\/span><\/a><\/td>\n<td style=\"width: 50%; text-align: justify; height: 63px;\">O QUE MUDA COM A PORTARIA N\u00ba 01\/2021 PARA ENVIO DE FOLHA E ATOS DE ADMISS\u00c3O?<\/td>\n<\/tr>\n<tr>\n<td style=\"width: 50%; text-align: center;\"><span style=\"color: #0000ff;\"><a style=\"color: #0000ff;\" href=\"https:\/\/www.tceam.tc.br\/wp-content\/uploads\/2021\/05\/7.-NOTA-T\u00c9CNICA-02.pdf\">NOTA T\u00c9CNICA 02\/2021-TCE\/SECEX-DICAPE<\/a> <\/span><\/td>\n<td style=\"width: 50%; text-align: justify;\">ORIENTA\u00c7\u00c3O APLIC\u00c1VEL SOMENTE \u00c0S PREFEITURAS MUNICIPAIS DO INTERIOR DO ESTADO<\/td>\n<\/tr>\n<tr>\n<td style=\"width: 50%; text-align: center;\"><a href=\"https:\/\/www.tceam.tc.br\/wp-content\/uploads\/2021\/05\/Treinamento-m\u00f3dulo-atos-de-admiss\u00e3o-v2.pptx\"><span style=\"color: #0000ff;\">TREINAMENTO &#8211; M\u00d3DULO ATOS DE ADMISS\u00c3O<\/span><\/a><\/td>\n<td style=\"width: 50%; text-align: justify;\"><\/td>\n<\/tr>\n<\/tbody>\n<\/table>\n<p>&nbsp;<\/p>\n<p><span style=\"color: #0000ff;\"><strong><a style=\"color: #0000ff;\" href=\"https:\/\/www.tceam.tc.br\/wp-content\/uploads\/2021\/08\/TUTORIAL-PARA-JUNTAR-DOIS-OU-MAIS-ARQUIVOS-DE-PDF.docx.pdf\">Tutorial para juntar dois ou mais arquivos<\/a><\/strong><\/span><\/p>\n","protected":false},"excerpt":{"rendered":"<p>Documentos de orienta\u00e7\u00e3o e suporte: Documento Descri\u00e7\u00e3o PORTARIA N\u00ba 1\/2021-GP\/SECEX DISP\u00d5E SOBRE A ADAPTA\u00c7\u00c3O DO PORTAL E-CONTAS E DE SEU MANUAL DE REMESSA DE DOCUMENTOS \u2013 MRD (RESOLU\u00c7\u00d5ES N\u00ba 13\/2015 E 03\/2019) QUANTO AO PRAZO PARA ENVIO DA FOLHA DE PAGAMENTO E O ESTABELECIMENTO E INSER\u00c7\u00c3O DA RELA\u00c7\u00c3O DE DOCUMENTOS NECESS\u00c1RIOS PARA AUTUA\u00c7\u00c3O DO PROCESSO [&hellip;]<\/p>\n","protected":false},"author":46,"featured_media":0,"parent":0,"menu_order":0,"comment_status":"closed","ping_status":"closed","template":"","meta":{"footnotes":""},"class_list":["post-45387","page","type-page","status-publish","hentry"],"_links":{"self":[{"href":"https:\/\/www.tceam.tc.br\/index.php?rest_route=\/wp\/v2\/pages\/45387","targetHints":{"allow":["GET"]}}],"collection":[{"href":"https:\/\/www.tceam.tc.br\/index.php?rest_route=\/wp\/v2\/pages"}],"about":[{"href":"https:\/\/www.tceam.tc.br\/index.php?rest_route=\/wp\/v2\/types\/page"}],"author":[{"embeddable":true,"href":"https:\/\/www.tceam.tc.br\/index.php?rest_route=\/wp\/v2\/users\/46"}],"replies":[{"embeddable":true,"href":"https:\/\/www.tceam.tc.br\/index.php?rest_route=%2Fwp%2Fv2%2Fcomments&post=45387"}],"version-history":[{"count":7,"href":"https:\/\/www.tceam.tc.br\/index.php?rest_route=\/wp\/v2\/pages\/45387\/revisions"}],"predecessor-version":[{"id":47435,"href":"https:\/\/www.tceam.tc.br\/index.php?rest_route=\/wp\/v2\/pages\/45387\/revisions\/47435"}],"wp:attachment":[{"href":"https:\/\/www.tceam.tc.br\/index.php?rest_route=%2Fwp%2Fv2%2Fmedia&parent=45387"}],"curies":[{"name":"wp","href":"https:\/\/api.w.org\/{rel}","templated":true}]}}