
{"id":41008,"date":"2020-08-19T10:04:45","date_gmt":"2020-08-19T14:04:45","guid":{"rendered":"https:\/\/www.tceam.tc.br\/?page_id=41008"},"modified":"2020-08-19T11:41:06","modified_gmt":"2020-08-19T15:41:06","slug":"fiscalizacao","status":"publish","type":"page","link":"https:\/\/www.tceam.tc.br\/?page_id=41008","title":{"rendered":"Fiscaliza\u00e7\u00e3o"},"content":{"rendered":"<p>A fiscaliza\u00e7\u00e3o do Tribunal de Contas do Estado do Amazonas (TCE\/AM) \u00e9 concretizada sobretudo pelo instrumento chamado auditoria. Tal t\u00e9cnica, segundo defini\u00e7\u00e3o da Organiza\u00e7\u00e3o Internacional das Entidades Fiscalizadoras Superiores (INTOSAI), \u00e9 o exame das opera\u00e7\u00f5es, atividades e sistemas de determinada entidade, com vistas a verificar se s\u00e3o executados ou funcionam em conformidade com determinados objetivos, or\u00e7amentos, regras e normas. Tal atividade constitui-se, em um dos principais produtos TCE\/AM, levado a efeito pelo controle externo.<\/p>\n<p>Destarte, a Secretaria Geral de Controle Externo (Secex), por meio de seus \u00f3rg\u00e3os integrantes \u2013 no total de 14 \u2013 executam, em um sistema h\u00edbrido composto por \u00f3rg\u00e3os especializados e generalistas, o exame sistem\u00e1tico dos atos de gest\u00e3o objeto das verifica\u00e7\u00f5es no \u00e2mbito da instru\u00e7\u00e3o nos diversos eixos de atua\u00e7\u00e3o do Tribunal de Contas do Estado, a saber: das presta\u00e7\u00f5es de\u00a0<strong>Contas Anuais<\/strong>\u00a0(art. 71, II e VI da CF\/88),\u00a0<strong>avalia\u00e7\u00e3o de programas<\/strong>, an\u00e1lise para fins de registro de\u00a0<strong>atos de admiss\u00e3o<\/strong>\u00a0(art. 71, III da CF\/88),\u00a0<strong>representa\u00e7\u00f5es<\/strong>\u00a0e\u00a0<strong>den\u00fancias<\/strong>. Cada escrut\u00ednio dos eixos de atua\u00e7\u00e3o acima citados vincula-se preponderantemente a uma forma de fiscaliza\u00e7\u00e3o: conformidade ou desempenho, tendo, em adi\u00e7\u00e3o, uma finalidade espec\u00edfica extra\u00edda do ordenamento jur\u00eddico: o\u00a0<strong>registro<\/strong>, o\u00a0<strong>julgamento<\/strong>\u00a0ou a\u00a0<strong>avalia\u00e7\u00e3o<\/strong>.<\/p>\n<p>Ademais, tem-se que a atua\u00e7\u00e3o do TCE\/AM pode ser\u00a0<strong>pr\u00e9via<\/strong>,\u00a0<strong>concomitante<\/strong>\u00a0ou\u00a0<strong>posterior<\/strong>, incidindo, pois, em atos pendentes, em execu\u00e7\u00e3o e j\u00e1 exauridos. A figura abaixo elenca de forma simplificada os eixos de atua\u00e7\u00e3o da Corte e o tipo de controle quanto ao momento em que este \u00e9 exercido.<\/p>\n<div class=\"row vc_row wpb_row vc_row-fluid\">\n<div class=\"bs-vc-wrapper\">\n<div class=\"wpb_column bs-vc-column vc_column_container vc_col-sm-12\">\n<div class=\"bs-vc-wrapper wpb_wrapper\">\n<section class=\"vc_cta3-container\">\n<div class=\"vc_general vc_cta3 vc_cta3-style-classic vc_cta3-shape-square vc_cta3-align-left vc_cta3-color-sandy-brown vc_cta3-icon-size-md\">\n<div class=\"vc_cta3_content-container\">\n<div class=\"vc_cta3-content\">\n<ul>\n<li><strong>Consolida\u00e7\u00e3o de Entendimentos T\u00e9cnicos<\/strong><\/li>\n<\/ul>\n<ol>\n<li>Agentes P\u00fablicos (<a href=\"https:\/\/www.tceam.tc.br\/wp-content\/uploads\/2020\/08\/101-Portal-SECEX-Consolidacao-Entendimento-Agentes-Publicos.pdf\">PDF<\/a>)<\/li>\n<li>Aposentadoria (<a href=\"https:\/\/www.tceam.tc.br\/wp-content\/uploads\/2020\/08\/102-Portal-SECEX-Consolidacao-Entendimento-Aposentadoria.pdf\">PDF<\/a>)<\/li>\n<li>Licita\u00e7\u00e3o e Contratos Administrativos (<a href=\"https:\/\/www.tceam.tc.br\/wp-content\/uploads\/2020\/08\/103-Portal-SECEX-Consolidacao-Entendimento-Licitacao-e-Contratos-Administrativos.pdf\">PDF<\/a>)<\/li>\n<li>Finan\u00e7as P\u00fablicas (<a href=\"https:\/\/www.tceam.tc.br\/wp-content\/uploads\/2020\/08\/104-Portal-SECEX-Consolidacao-Entendimento-Financas-Publicas.pdf\">PDF<\/a>)<\/li>\n<\/ol>\n<ul>\n<li><strong>Presta\u00e7\u00e3o de Contas Anual (PCA)<\/strong><\/li>\n<\/ul>\n<ol>\n<li>Acompanhe a execu\u00e7\u00e3o da Presta\u00e7\u00e3o de Contas Mensal (PCA) (<a href=\"https:\/\/econtas.tce.am.gov.br\/eContas\/pages\/relatorio_PCA.jsf\">link<\/a>)<\/li>\n<li>Resolu\u00e7\u00e3o 27\/2013 (<a href=\"https:\/\/www.tceam.tc.br\/?p=12116\">link<\/a>)<\/li>\n<li>Resolu\u00e7\u00e3o 03\/2016 (<a href=\"https:\/\/www.tceam.tc.br\/?p=15314\">link<\/a>)<\/li>\n<li>Resolu\u00e7\u00e3o 04\/2016 (<a href=\"https:\/\/www.tceam.tc.br\/?p=15317\">link<\/a>)<\/li>\n<\/ol>\n<ul>\n<li><strong>Presta\u00e7\u00e3o de Contas Mensal (PCM)<\/strong><\/li>\n<\/ul>\n<ol>\n<li>Acompanhe a execu\u00e7\u00e3o da Presta\u00e7\u00e3o de Contas Mensal (PCM) (<a href=\"https:\/\/econtas.tce.am.gov.br\/eContas\/pages\/relatorio_envio_pcm.jsf?ano=2020\">link<\/a>)<\/li>\n<li>Prazos para o envio da Presta\u00e7\u00e3o de Contas Mensal 2020 (<a href=\"https:\/\/econtas.tce.am.gov.br\/eContas\/pages\/relatorio_prazo_pcm.jsf?ano=2020\">link<\/a>)<\/li>\n<li>Lei Complementar 06\/1991 (<a href=\"https:\/\/www.tceam.tc.br\/?p=6786\">link<\/a>)<\/li>\n<li>Resolu\u00e7\u00e3o 13\/2015 (<a href=\"https:\/\/www.tceam.tc.br\/?p=14878\">link<\/a>)<\/li>\n<\/ol>\n<ul>\n<li><strong>Sistema de Fiscaliza\u00e7\u00e3o a Dist\u00e2ncia<\/strong><\/li>\n<\/ul>\n<p>Consiste no arranjo de solu\u00e7\u00f5es administrativas, jur\u00eddicas e tenol\u00f3gicas a fim de possibilitar uma fiscaliza\u00e7\u00e3o \u00e0 dist\u00e2ncia com todas as repercuss\u00f5es processuais pertinentes.<\/p>\n<\/div>\n<\/div>\n<p>&nbsp;<\/p>\n<\/div>\n<\/section>\n<\/div>\n<\/div>\n<\/div>\n<\/div>\n<div class=\"row vc_row wpb_row vc_row-fluid\">\n<div class=\"bs-vc-wrapper\">\n<div class=\"wpb_column bs-vc-column vc_column_container vc_col-sm-6\">\n<div class=\"bs-vc-wrapper wpb_wrapper\">\n<div class=\" vc_custom_1568121420176 ubtn-ctn-left \"><\/div>\n<\/div>\n<\/div>\n<\/div>\n<\/div>\n<p>&nbsp;<\/p>\n","protected":false},"excerpt":{"rendered":"<p>A fiscaliza\u00e7\u00e3o do Tribunal de Contas do Estado do Amazonas (TCE\/AM) \u00e9 concretizada sobretudo pelo instrumento chamado auditoria. Tal t\u00e9cnica, segundo defini\u00e7\u00e3o da Organiza\u00e7\u00e3o Internacional das Entidades Fiscalizadoras Superiores (INTOSAI), \u00e9 o exame das opera\u00e7\u00f5es, atividades e sistemas de determinada entidade, com vistas a verificar se s\u00e3o executados ou funcionam em conformidade com determinados objetivos, [&hellip;]<\/p>\n","protected":false},"author":3,"featured_media":0,"parent":0,"menu_order":0,"comment_status":"closed","ping_status":"closed","template":"","meta":{"footnotes":""},"class_list":["post-41008","page","type-page","status-publish","hentry"],"_links":{"self":[{"href":"https:\/\/www.tceam.tc.br\/index.php?rest_route=\/wp\/v2\/pages\/41008","targetHints":{"allow":["GET"]}}],"collection":[{"href":"https:\/\/www.tceam.tc.br\/index.php?rest_route=\/wp\/v2\/pages"}],"about":[{"href":"https:\/\/www.tceam.tc.br\/index.php?rest_route=\/wp\/v2\/types\/page"}],"author":[{"embeddable":true,"href":"https:\/\/www.tceam.tc.br\/index.php?rest_route=\/wp\/v2\/users\/3"}],"replies":[{"embeddable":true,"href":"https:\/\/www.tceam.tc.br\/index.php?rest_route=%2Fwp%2Fv2%2Fcomments&post=41008"}],"version-history":[{"count":0,"href":"https:\/\/www.tceam.tc.br\/index.php?rest_route=\/wp\/v2\/pages\/41008\/revisions"}],"wp:attachment":[{"href":"https:\/\/www.tceam.tc.br\/index.php?rest_route=%2Fwp%2Fv2%2Fmedia&parent=41008"}],"curies":[{"name":"wp","href":"https:\/\/api.w.org\/{rel}","templated":true}]}}