
{"id":40052,"date":"2020-07-08T09:24:00","date_gmt":"2020-07-08T13:24:00","guid":{"rendered":"https:\/\/www.tceam.tc.br\/?page_id=40052"},"modified":"2024-09-03T11:53:53","modified_gmt":"2024-09-03T15:53:53","slug":"consulta-publica","status":"publish","type":"page","link":"https:\/\/www.tceam.tc.br\/?page_id=40052","title":{"rendered":"Consulta P\u00fablica"},"content":{"rendered":"\t\t<div data-elementor-type=\"wp-page\" data-elementor-id=\"40052\" class=\"elementor elementor-40052\" data-elementor-settings=\"{&quot;ha_cmc_init_switcher&quot;:&quot;no&quot;,&quot;element_pack_global_tooltip_width&quot;:{&quot;unit&quot;:&quot;px&quot;,&quot;size&quot;:&quot;&quot;,&quot;sizes&quot;:[]},&quot;element_pack_global_tooltip_width_laptop&quot;:{&quot;unit&quot;:&quot;px&quot;,&quot;size&quot;:&quot;&quot;,&quot;sizes&quot;:[]},&quot;element_pack_global_tooltip_width_tablet_extra&quot;:{&quot;unit&quot;:&quot;px&quot;,&quot;size&quot;:&quot;&quot;,&quot;sizes&quot;:[]},&quot;element_pack_global_tooltip_width_tablet&quot;:{&quot;unit&quot;:&quot;px&quot;,&quot;size&quot;:&quot;&quot;,&quot;sizes&quot;:[]},&quot;element_pack_global_tooltip_width_mobile_extra&quot;:{&quot;unit&quot;:&quot;px&quot;,&quot;size&quot;:&quot;&quot;,&quot;sizes&quot;:[]},&quot;element_pack_global_tooltip_width_mobile&quot;:{&quot;unit&quot;:&quot;px&quot;,&quot;size&quot;:&quot;&quot;,&quot;sizes&quot;:[]},&quot;element_pack_global_tooltip_padding&quot;:{&quot;unit&quot;:&quot;px&quot;,&quot;top&quot;:&quot;&quot;,&quot;right&quot;:&quot;&quot;,&quot;bottom&quot;:&quot;&quot;,&quot;left&quot;:&quot;&quot;,&quot;isLinked&quot;:true},&quot;element_pack_global_tooltip_padding_laptop&quot;:{&quot;unit&quot;:&quot;px&quot;,&quot;top&quot;:&quot;&quot;,&quot;right&quot;:&quot;&quot;,&quot;bottom&quot;:&quot;&quot;,&quot;left&quot;:&quot;&quot;,&quot;isLinked&quot;:true},&quot;element_pack_global_tooltip_padding_tablet_extra&quot;:{&quot;unit&quot;:&quot;px&quot;,&quot;top&quot;:&quot;&quot;,&quot;right&quot;:&quot;&quot;,&quot;bottom&quot;:&quot;&quot;,&quot;left&quot;:&quot;&quot;,&quot;isLinked&quot;:true},&quot;element_pack_global_tooltip_padding_tablet&quot;:{&quot;unit&quot;:&quot;px&quot;,&quot;top&quot;:&quot;&quot;,&quot;right&quot;:&quot;&quot;,&quot;bottom&quot;:&quot;&quot;,&quot;left&quot;:&quot;&quot;,&quot;isLinked&quot;:true},&quot;element_pack_global_tooltip_padding_mobile_extra&quot;:{&quot;unit&quot;:&quot;px&quot;,&quot;top&quot;:&quot;&quot;,&quot;right&quot;:&quot;&quot;,&quot;bottom&quot;:&quot;&quot;,&quot;left&quot;:&quot;&quot;,&quot;isLinked&quot;:true},&quot;element_pack_global_tooltip_padding_mobile&quot;:{&quot;unit&quot;:&quot;px&quot;,&quot;top&quot;:&quot;&quot;,&quot;right&quot;:&quot;&quot;,&quot;bottom&quot;:&quot;&quot;,&quot;left&quot;:&quot;&quot;,&quot;isLinked&quot;:true},&quot;element_pack_global_tooltip_border_radius&quot;:{&quot;unit&quot;:&quot;px&quot;,&quot;top&quot;:&quot;&quot;,&quot;right&quot;:&quot;&quot;,&quot;bottom&quot;:&quot;&quot;,&quot;left&quot;:&quot;&quot;,&quot;isLinked&quot;:true},&quot;element_pack_global_tooltip_border_radius_laptop&quot;:{&quot;unit&quot;:&quot;px&quot;,&quot;top&quot;:&quot;&quot;,&quot;right&quot;:&quot;&quot;,&quot;bottom&quot;:&quot;&quot;,&quot;left&quot;:&quot;&quot;,&quot;isLinked&quot;:true},&quot;element_pack_global_tooltip_border_radius_tablet_extra&quot;:{&quot;unit&quot;:&quot;px&quot;,&quot;top&quot;:&quot;&quot;,&quot;right&quot;:&quot;&quot;,&quot;bottom&quot;:&quot;&quot;,&quot;left&quot;:&quot;&quot;,&quot;isLinked&quot;:true},&quot;element_pack_global_tooltip_border_radius_tablet&quot;:{&quot;unit&quot;:&quot;px&quot;,&quot;top&quot;:&quot;&quot;,&quot;right&quot;:&quot;&quot;,&quot;bottom&quot;:&quot;&quot;,&quot;left&quot;:&quot;&quot;,&quot;isLinked&quot;:true},&quot;element_pack_global_tooltip_border_radius_mobile_extra&quot;:{&quot;unit&quot;:&quot;px&quot;,&quot;top&quot;:&quot;&quot;,&quot;right&quot;:&quot;&quot;,&quot;bottom&quot;:&quot;&quot;,&quot;left&quot;:&quot;&quot;,&quot;isLinked&quot;:true},&quot;element_pack_global_tooltip_border_radius_mobile&quot;:{&quot;unit&quot;:&quot;px&quot;,&quot;top&quot;:&quot;&quot;,&quot;right&quot;:&quot;&quot;,&quot;bottom&quot;:&quot;&quot;,&quot;left&quot;:&quot;&quot;,&quot;isLinked&quot;:true}}\" data-elementor-post-type=\"page\">\n\t\t\t\t\t\t<section data-exad-particle-enable=\"false\" class=\"elementor-section elementor-top-section elementor-element elementor-element-19091e6 elementor-section-boxed elementor-section-height-default elementor-section-height-default exad-parallax-effect-no exad-background-color-change-no exad-glass-effect-no exad-sticky-section-no\" data-id=\"19091e6\" data-element_type=\"section\" data-settings=\"{&quot;_ha_eqh_enable&quot;:false}\">\n\t\t\t\t\t\t<div class=\"elementor-container elementor-column-gap-default\">\n\t\t\t\t\t<div class=\"elementor-column elementor-col-100 elementor-top-column elementor-element elementor-element-6fb8672 exad-glass-effect-no exad-sticky-section-no\" data-id=\"6fb8672\" data-element_type=\"column\">\n\t\t\t<div class=\"elementor-widget-wrap elementor-element-populated\">\n\t\t\t\t\t\t<div class=\"elementor-element elementor-element-bc1eb44 exad-sticky-section-no exad-glass-effect-no elementor-widget elementor-widget-text-editor\" data-id=\"bc1eb44\" data-element_type=\"widget\" data-widget_type=\"text-editor.default\">\n\t\t\t\t<div class=\"elementor-widget-container\">\n\t\t\t\t\t\t\t\t\t<p><strong>Veja as contribui\u00e7\u00f5es encaminhadas durante a consulta p\u00fablica para discutir a abertura do mercado de g\u00e1s no Amazonas:<\/strong><\/p><ul><li><a href=\"http:\/\/www.tceam.tc.br\/wp-content\/uploads\/2020\/05\/CT_035_2020_ABEGAS_Prorrogacao_de_Prazo.pdf\">Associa\u00e7\u00e3o Brasileira das Empresas Distribuidoras de G\u00e1s Canalizado\u00a0&#8211; ABEG\u00c1S<\/a><\/li><li><a href=\"http:\/\/www.tceam.tc.br\/wp-content\/uploads\/2020\/05\/E_mail_Resposta_Marcelo_Lago_Cidadao_Fazenda_Esperanca.pdf\">Marcelo Silva do Lago \u2013 Cidad\u00e3o <\/a><\/li><li><a href=\"http:\/\/www.tceam.tc.br\/wp-content\/uploads\/2020\/05\/Carta_Resposta_ABRAGET.pdf\">Associa\u00e7\u00e3o Brasileira de Geradoras Termel\u00e9tricas \u2013 <em>ABRAGET<\/em><\/a><\/li><li><a href=\"http:\/\/www.tceam.tc.br\/wp-content\/uploads\/2020\/05\/Carta_Resposta_ANABAL_ABPIP.pdf\">Associa\u00e7\u00e3o Brasileira dos Produtores Independentes de Petr\u00f3leo e G\u00e1s \u2013 ABPIP<\/a><\/li><li><a href=\"http:\/\/www.tceam.tc.br\/wp-content\/uploads\/2020\/05\/Carta_Resposta_IEE_USP.pdf\">Instituto de Energia e Ambiente Universidade de S\u00e3o Paulo \u2013 IEE\/USP<\/a><\/li><li><a href=\"http:\/\/www.tceam.tc.br\/wp-content\/uploads\/2020\/05\/Carta_Resposta_ABIAPE.pdf\">Associa\u00e7\u00e3o Brasileira dos Investidores em Autoprodu\u00e7\u00e3o de Energia \u2013 ABIAPE<\/a><\/li><li><a href=\"http:\/\/www.tceam.tc.br\/wp-content\/uploads\/2020\/05\/Carta_Resposta_Forum_do_Gas.pdf\">F\u00f3rum das Associa\u00e7\u00f5es Empresariais Pr\u00f3-Desenvolvimento do Mercado de G\u00e1s Natural \u2013 F\u00f3rum do G\u00e1s<\/a><\/li><li><a href=\"http:\/\/www.tceam.tc.br\/wp-content\/uploads\/2020\/05\/Carta_Resposta_ABRACE.pdf\">Associa\u00e7\u00e3o Brasileira de Grandes Consumidores Industriais de Energia e de Consumidores Livres \u2013 ABRACE<\/a><\/li><li><a href=\"http:\/\/www.tceam.tc.br\/wp-content\/uploads\/2020\/05\/Carta_Resposta_Atmos_Capital.pdf\">Atmos Capital Gest\u00e3o de Recursos Ltda.<\/a><\/li><li><a href=\"http:\/\/www.tceam.tc.br\/wp-content\/uploads\/2020\/05\/Carta_Resposta_GENER.pdf\">Grupo de Energia e Regula\u00e7\u00e3o \u2013 GENER<\/a><\/li><li><a href=\"http:\/\/www.tceam.tc.br\/wp-content\/uploads\/2020\/05\/Carta_Resposta_FGV_CERI.pdf\">Centro de Estudos em Regula\u00e7\u00e3o e Infraestrutura da Funda\u00e7\u00e3o Get\u00falio Vargas \u2013 FGV CERI<\/a><\/li><li><a href=\"http:\/\/www.tceam.tc.br\/wp-content\/uploads\/2020\/05\/Carta_866_2020_Resposta_ACENDE_BRASIL.pdf\">Instituto Acende Brasil<\/a><\/li><li><a href=\"http:\/\/www.tceam.tc.br\/wp-content\/uploads\/2020\/05\/Carta_Resposta_Eneva.pdf\">Eneva<\/a><\/li><li><a href=\"http:\/\/www.tceam.tc.br\/wp-content\/uploads\/2020\/05\/E_mail_Resposta_ABITAM.pdf\">Associa\u00e7\u00e3o Brasileira da Industria de Tubos e Acess\u00f3rios de Metal \u2013 ABITAM<\/a><\/li><li><a href=\"http:\/\/www.tceam.tc.br\/wp-content\/uploads\/2020\/05\/Carta_Resposta_GESEL_UFRJ.pdf\">Grupo de Estudos do Setor El\u00e9trico \u2013 GESEL UFRJ<\/a><\/li><li><a href=\"http:\/\/www.tceam.tc.br\/wp-content\/uploads\/2020\/05\/Carta_Resposta_ABRACEEL.pdf\">Associa\u00e7\u00e3o Brasileira dos Comercializadores de Energia \u2013 ABRACEEL<\/a><\/li><li><a href=\"http:\/\/www.tceam.tc.br\/wp-content\/uploads\/2020\/05\/Carta_007_2020_Resposta_IBP.pdf\">Instituto Brasileiro de Petr\u00f3leo, G\u00e1s e Biocombust\u00edveis \u2013 IBP<\/a><\/li><li><a href=\"http:\/\/www.tceam.tc.br\/wp-content\/uploads\/2020\/05\/Carta_Resposta_Petrobras.pdf\">BR Distribuidora \u2013 Petrobr\u00e1s<\/a><\/li><li><a href=\"http:\/\/www.tceam.tc.br\/wp-content\/uploads\/2020\/05\/Nota_Tecnica_CIGAS_PGE.pdf\">Companhia de G\u00e1s do Amazonas \u2013 CIG\u00c1S<\/a><\/li><li><a href=\"http:\/\/www.tceam.tc.br\/wp-content\/uploads\/2020\/05\/E_mail_Resposta_ChicoPreto.pdf\">Vereador Chico Preto<\/a><\/li><li><a href=\"http:\/\/www.tceam.tc.br\/wp-content\/uploads\/2020\/05\/Email_Resposta_Ministerio_Minas_e_Energia.pdf\">Secretaria de Petr\u00f3leo, G\u00e1s Natural e Biocombust\u00edveis \u2013 Minist\u00e9rio de Minas e Energia<\/a><\/li><li><a href=\"http:\/\/www.tceam.tc.br\/wp-content\/uploads\/2020\/05\/Oficio_n__334_2020_ALEAM.pdf\">Assembleia Legislativa do Estado do Amazonas \u2013 ALEAM<\/a><\/li><li><a href=\"http:\/\/www.tceam.tc.br\/wp-content\/uploads\/2020\/05\/Carta_Resposta_Casa_Civil.pdf\">Casa Civil do Estado do Amazonas<\/a><\/li><li><a href=\"http:\/\/www.tceam.tc.br\/wp-content\/uploads\/2020\/05\/Parecer_n__006_2020_PGE.pdf\">Procuradoria Geral do Estado do Amazonas \u2013 PGE<\/a><\/li><li><a href=\"http:\/\/www.tceam.tc.br\/wp-content\/uploads\/2020\/05\/Carta_Resposta_APINE.pdf\">Associa\u00e7\u00e3o Brasileira dos Produtores Independentes de Energia El\u00e9trica \u2013 APINE<\/a><\/li><li><a href=\"http:\/\/www.tceam.tc.br\/wp-content\/uploads\/2020\/05\/Oficio_n__140_2020_Governo_de_Roraima.pdf\">Governo do Estado de Roraima<\/a><\/li><li><a href=\"http:\/\/www.tceam.tc.br\/wp-content\/uploads\/2020\/05\/E_mail_Resposta_MPE.pdf\">Minist\u00e9rio P\u00fablico do Estado do Amazonas \u2013 MPE<\/a><\/li><li><a href=\"http:\/\/www.tceam.tc.br\/wp-content\/uploads\/2020\/05\/E_mail_Resposta_ME_SECAP_GABIN-1.pdf\">Secretaria de Avalia\u00e7\u00e3o, Planejamento, Energia e Loteria do Minist\u00e9rio da Economia \u2013 SECAP<\/a><\/li><\/ul><p><strong>Links das pe\u00e7as processuais:<\/strong><br \/>1) Processo n\u00b0 12.420\/2020 (<a href=\"http:\/\/tiny.cc\/processo_tce_12420_2020\">http:\/\/tiny.cc\/processo_tce_12420_2020<\/a>)<br \/>2) Processo n\u00b0 10.986\/2020 (<a href=\"http:\/tiny.cc\/processo_tce_10986_2020\">http:\/tiny.cc\/processo_tce_10986_2020<\/a>)<\/p>\t\t\t\t\t\t\t\t<\/div>\n\t\t\t\t<\/div>\n\t\t\t\t\t<\/div>\n\t\t<\/div>\n\t\t\t\t\t<\/div>\n\t\t<\/section>\n\t\t\t\t<\/div>\n\t\t","protected":false},"excerpt":{"rendered":"<p>Veja as contribui\u00e7\u00f5es encaminhadas durante a consulta p\u00fablica para discutir a abertura do mercado de g\u00e1s no Amazonas: Associa\u00e7\u00e3o Brasileira das Empresas Distribuidoras de G\u00e1s Canalizado\u00a0&#8211; ABEG\u00c1S Marcelo Silva do Lago \u2013 Cidad\u00e3o Associa\u00e7\u00e3o Brasileira de Geradoras Termel\u00e9tricas \u2013 ABRAGET Associa\u00e7\u00e3o Brasileira dos Produtores Independentes de Petr\u00f3leo e G\u00e1s \u2013 ABPIP Instituto de Energia e [&hellip;]<\/p>\n","protected":false},"author":3,"featured_media":0,"parent":0,"menu_order":0,"comment_status":"closed","ping_status":"closed","template":"","meta":{"footnotes":""},"class_list":["post-40052","page","type-page","status-publish","hentry"],"_links":{"self":[{"href":"https:\/\/www.tceam.tc.br\/index.php?rest_route=\/wp\/v2\/pages\/40052","targetHints":{"allow":["GET"]}}],"collection":[{"href":"https:\/\/www.tceam.tc.br\/index.php?rest_route=\/wp\/v2\/pages"}],"about":[{"href":"https:\/\/www.tceam.tc.br\/index.php?rest_route=\/wp\/v2\/types\/page"}],"author":[{"embeddable":true,"href":"https:\/\/www.tceam.tc.br\/index.php?rest_route=\/wp\/v2\/users\/3"}],"replies":[{"embeddable":true,"href":"https:\/\/www.tceam.tc.br\/index.php?rest_route=%2Fwp%2Fv2%2Fcomments&post=40052"}],"version-history":[{"count":3,"href":"https:\/\/www.tceam.tc.br\/index.php?rest_route=\/wp\/v2\/pages\/40052\/revisions"}],"predecessor-version":[{"id":75157,"href":"https:\/\/www.tceam.tc.br\/index.php?rest_route=\/wp\/v2\/pages\/40052\/revisions\/75157"}],"wp:attachment":[{"href":"https:\/\/www.tceam.tc.br\/index.php?rest_route=%2Fwp%2Fv2%2Fmedia&parent=40052"}],"curies":[{"name":"wp","href":"https:\/\/api.w.org\/{rel}","templated":true}]}}