
{"id":35077,"date":"2020-04-08T11:25:11","date_gmt":"2020-04-08T15:25:11","guid":{"rendered":"http:\/\/www.tceam.tc.br\/?page_id=35077"},"modified":"2020-04-08T11:25:11","modified_gmt":"2020-04-08T15:25:11","slug":"nota-tecnica-sobre-acoes-durante-pandemia-da-covid-19","status":"publish","type":"page","link":"https:\/\/www.tceam.tc.br\/?page_id=35077","title":{"rendered":"Nota t\u00e9cnica sobre a\u00e7\u00f5es durante pandemia da Covid-19"},"content":{"rendered":"<p><span style=\"color: #0000ff;\"><a style=\"color: #0000ff;\" href=\"http:\/\/www.tceam.tc.br\/wp-content\/uploads\/2020\/04\/Nota-t\u00e9cnica-do-TCE-AM-para-enfrentamento-do-Coronav\u00edrus-1.pdf\">Nota t\u00e9cnica do TCE-AM para enfrentamento do Coronav\u00edrus<\/a><\/span><\/p>\n","protected":false},"excerpt":{"rendered":"<p>Nota t\u00e9cnica do TCE-AM para enfrentamento do Coronav\u00edrus<\/p>\n","protected":false},"author":46,"featured_media":0,"parent":0,"menu_order":0,"comment_status":"closed","ping_status":"closed","template":"","meta":{"footnotes":""},"class_list":["post-35077","page","type-page","status-publish","hentry"],"_links":{"self":[{"href":"https:\/\/www.tceam.tc.br\/index.php?rest_route=\/wp\/v2\/pages\/35077","targetHints":{"allow":["GET"]}}],"collection":[{"href":"https:\/\/www.tceam.tc.br\/index.php?rest_route=\/wp\/v2\/pages"}],"about":[{"href":"https:\/\/www.tceam.tc.br\/index.php?rest_route=\/wp\/v2\/types\/page"}],"author":[{"embeddable":true,"href":"https:\/\/www.tceam.tc.br\/index.php?rest_route=\/wp\/v2\/users\/46"}],"replies":[{"embeddable":true,"href":"https:\/\/www.tceam.tc.br\/index.php?rest_route=%2Fwp%2Fv2%2Fcomments&post=35077"}],"version-history":[{"count":0,"href":"https:\/\/www.tceam.tc.br\/index.php?rest_route=\/wp\/v2\/pages\/35077\/revisions"}],"wp:attachment":[{"href":"https:\/\/www.tceam.tc.br\/index.php?rest_route=%2Fwp%2Fv2%2Fmedia&parent=35077"}],"curies":[{"name":"wp","href":"https:\/\/api.w.org\/{rel}","templated":true}]}}