
{"id":34872,"date":"2020-04-02T12:26:48","date_gmt":"2020-04-02T16:26:48","guid":{"rendered":"https:\/\/www.tceam.tc.br\/?page_id=34872"},"modified":"2020-04-02T12:27:33","modified_gmt":"2020-04-02T16:27:33","slug":"relatorio-correicoes-corregedoria","status":"publish","type":"page","link":"https:\/\/www.tceam.tc.br\/?page_id=34872","title":{"rendered":"Relat\u00f3rio Correi\u00e7\u00f5es &#8211; Corregedoria"},"content":{"rendered":"<p><script type=\"text\/x-handlebars-template\"        id=\"wpfd-template-table-categories-153\">    <div class=\"wpfd-categories \">{{#if category}}{{#with category}}<h2>{{name}}<\/h2>{{#if parent}}<a class=\"catlink backcategory\" href=\"#\" data-idcat=\"{{parent}}\">                        <i class=\"zmdi zmdi-chevron-left\"><\/i><span>Voltar<\/span><\/a>{{\/if}}{{\/with}}{{\/if}}{{#if category.desc}}<div class=\"wpfd-category-desc\">{{category.desc}}<\/div>{{\/if}}{{#if categories}}{{#each categories}}<a class=\"wpfdcategory catlink \" style=\"margin : 10px 10px 10px 10px;\" href=\"#\" data-idcat=\"{{termID}}\" title=\"{{name}}\">                                <span>{{name}}<\/span><i class=\"zmdi zmdi-folder wpfd-folder\" style=\"color: {{color}}\"><\/i>                            <\/a>{{\/each}}{{\/if}}<div class=\"wpfdcategory_placeholder\" style=\"margin : 0 10px 0 10px;\"><\/div><div class=\"wpfdcategory_placeholder\" style=\"margin : 0 10px 0 10px;\"><\/div><div class=\"wpfdcategory_placeholder\" style=\"margin : 0 10px 0 10px;\"><\/div><\/div><\/script><script type=\"text\/x-handlebars-template\" id=\"wpfd-template-table-153\">    {{#if files}}    {{#each files}}    <tr class=\"file {{class}} {{ext}}\" data-id=\"{{ID}}\" data-catid=\"{{catid}}\">        <input type=\"hidden\" class=\"wpfd_file_preview_link_download\" value=\"{{linkdownload}}\" data-filetitle=\"{{post_title}}\" data-fileicons=\"ext ext-{{ext}} wpfd-icon-set-svg\" \/>    <td class=\"file_title\"><a class=\"wpfd_downloadlink\" href=\"{{linkdownload}}\"  title=\"{{post_title}}\" target=\"{{#if remote_file}}_blank{{\/if}}\"><span class=\"extcol\">{{#if file_custom_icon}}<span class=\"icon-custom\"><img src=\"{{file_custom_icon}}\"><\/span>{{else}}<span class=\"ext ext-{{ext}} wpfd-icon-set-svg\"><\/span>{{\/if}}<\/span><span class=\"wpfd-file-crop-title\">{{{crop_title}}}<\/span><\/a><\/td><td class=\"file_size\">{{bytesToSize size}}<\/td><td class=\"file_created\">{{created}}<\/td>                    <td class=\"col-download\">                <a class=\"downloadlink wpfd_downloadlink\"  href=\"{{linkdownload}}\"  style=\"background-color:#2c3e50;color:#ffffff;\" target=\"{{#if remote_file}}_blank{{\/if}}\">Baixar<i class=\"zmdi zmdi-cloud-download wpfd-download\"><\/i><\/a>            <\/td>            <\/tr>    {{\/each}}    {{\/if}}<\/script><div class=\"wpfd-content wpfd-content-table wpfd-content-multi colstyle\" data-category=\"153\"              style=\"background-color: rgba(255, 255, 255, 0);\"><input type=\"hidden\" id=\"current_category_153\" value=\"153\" \/>                    <input type=\"hidden\" id=\"current_category_slug_153\" value=\"correicoes\" \/>                    <input type=\"hidden\" id=\"current_ordering_153\" value=\"created_time\" \/>                    <input type=\"hidden\" id=\"current_ordering_direction_153\" value=\"desc\" \/>                    <input type=\"hidden\" id=\"page_limit_153\" value=\"100\" \/><input type=\"hidden\" id=\"wpfd_display_empty_category_message\" value=\"0\" \/><input type=\"hidden\" id=\"wpfd_empty_category_message_val\" value=\"Esta categoria de arquivo n\u00e3o tem arquivos para exibir\" \/><input type=\"hidden\" id=\"wpfd_display_empty_folder\" value=\"0\" \/><input type=\"hidden\" id=\"wpfd_is_empty_subcategories\" value=\"1\" \/><input type=\"hidden\" id=\"wpfd_is_empty_files\" value=\"1\" \/><input type=\"hidden\" id=\"wpfd_root_category_id\" class=\"wpfd_root_category_id\" value=\"153\" \/><input type=\"hidden\" id=\"wpfd_root_category_theme\" class=\"wpfd_root_category_theme\" value=\"table\" \/><input type=\"hidden\" id=\"wpfd_root_category_clone_theme_type\" class=\"wpfd_root_category_clone_theme_type\" value=\"none\" \/><input type=\"hidden\" id=\"wpfd_root_category_type\" class=\"wpfd_root_category_type\" value=\"153\" \/><a data-catid=\"\" class=\"table-download-category \" href=\"https:\/\/www.tceam.tc.br\/wp-admin\/admin-ajax.php?juwpfisadmin=false&#038;action=wpfd&#038;task=files.download&#038;wpfd_category_id=153&#038;wpfd_cat_name=correicoes\">Baixar todos                                 <i class=\"zmdi zmdi-check-all wpfd-download-category\"><\/i>                            <\/a><ul class=\"breadcrumbs wpfd-breadcrumbs-table head-category-table\">                            <li class=\"active\">Correi\u00e7\u00f5es<\/li>                        <\/ul><div class=\"wpfd-container show_category_title show_breadcrumb show_subcategories\">        <div class=\"wpfd-open-tree\"><\/div>    <div class=\"wpfd-container-table  \">        <div class=\"wpfd-categories \"><h2 class=\"wpfd-category-theme-title\">Correi\u00e7\u00f5es<\/h2><div class=\"wpfd-category-desc\"><\/div><\/div>        <table class=\"wpfd-search-result wpfd-table wpfd-table-bordered wpfd-table-striped wpfd-table-0 mediaTable wpfd-theme-rows\">            <thead>                <tr>                    <th class=\"essential persist file_title\">T\u00edtulo<\/th><th class=\"optional file_size\">Tamanho<\/th><th class=\"optional file_created\">Data<\/th><th class=\"essential file_download file_download_tbl\">Baixar<\/th>                <\/tr>            <\/thead>            <tbody>                                            <tr class=\"file pdf\" data-id=\"78651\"                    data-catid=\"153\">                                        <input type=\"hidden\" class=\"wpfd_file_preview_link_download\" value=\"https:\/\/www.tceam.tc.br\/wp-admin\/admin-ajax.php?juwpfisadmin=false&amp;action=wpfd&amp;task=file.download&amp;wpfd_category_id=153&amp;wpfd_file_id=78651\"                           data-filetitle=\"Relat\u00f3rio de Correi\u00e7\u00e3o - 2024\" data-fileicons=\"ext ext-pdf wpfd-icon-set-svg\" \/>                    <td class=\"file_title\"><a class=\"wpfd_downloadlink\" href=\"https:\/\/www.tceam.tc.br\/wp-admin\/admin-ajax.php?juwpfisadmin=false&#038;action=wpfd&#038;task=file.download&#038;wpfd_category_id=153&#038;wpfd_file_id=78651\"  title=\"Relat\u00f3rio de Correi\u00e7\u00e3o - 2024\" target=\"\"><span class=\"extcol\"><span class=\"ext ext-pdf wpfd-icon-set-svg\"><\/span><\/span><span class=\"wpfd-file-crop-title\">Relat\u00f3rio de Correi\u00e7\u00e3o - 2024<\/span><\/a><\/td><td class=\"file_size\">31.59 MB<\/td><td class=\"file_created\">28\/02\/2025<\/td>                                            <td class=\"file_download_tbl col-download\">                            <a class=\"downloadlink wpfd_downloadlink\"  href=\"https:\/\/www.tceam.tc.br\/wp-admin\/admin-ajax.php?juwpfisadmin=false&#038;action=wpfd&#038;task=file.download&#038;wpfd_category_id=153&#038;wpfd_file_id=78651\"  style=\"background-color:#2c3e50;color:#ffffff;\" target=\"\">Baixar<i class=\"zmdi zmdi-cloud-download wpfd-download\"><\/i><\/a>                        <\/td>                                    <\/tr>                                                            <tr class=\"file pdf\" data-id=\"43921\"                    data-catid=\"153\">                                        <input type=\"hidden\" class=\"wpfd_file_preview_link_download\" value=\"https:\/\/www.tceam.tc.br\/wp-admin\/admin-ajax.php?juwpfisadmin=false&amp;action=wpfd&amp;task=file.download&amp;wpfd_category_id=153&amp;wpfd_file_id=43921\"                           data-filetitle=\"PLANO ANUAL DE CORREI\u00c7\u00c3O - EXERC\u00cdCIO 2021\" data-fileicons=\"ext ext-pdf wpfd-icon-set-svg\" \/>                    <td class=\"file_title\"><a class=\"wpfd_downloadlink\" href=\"https:\/\/www.tceam.tc.br\/wp-admin\/admin-ajax.php?juwpfisadmin=false&#038;action=wpfd&#038;task=file.download&#038;wpfd_category_id=153&#038;wpfd_file_id=43921\"  title=\"PLANO ANUAL DE CORREI\u00c7\u00c3O - EXERC\u00cdCIO 2021\" target=\"\"><span class=\"extcol\"><span class=\"ext ext-pdf wpfd-icon-set-svg\"><\/span><\/span><span class=\"wpfd-file-crop-title\">PLANO ANUAL DE CORREI\u00c7\u00c3O - EXERC\u00cdCIO 2021<\/span><\/a><\/td><td class=\"file_size\">791.33 KB<\/td><td class=\"file_created\">02\/03\/2021<\/td>                                            <td class=\"file_download_tbl col-download\">                            <a class=\"downloadlink wpfd_downloadlink\"  href=\"https:\/\/www.tceam.tc.br\/wp-admin\/admin-ajax.php?juwpfisadmin=false&#038;action=wpfd&#038;task=file.download&#038;wpfd_category_id=153&#038;wpfd_file_id=43921\"  style=\"background-color:#2c3e50;color:#ffffff;\" target=\"\">Baixar<i class=\"zmdi zmdi-cloud-download wpfd-download\"><\/i><\/a>                        <\/td>                                    <\/tr>                                                            <tr class=\"file pdf\" data-id=\"34855\"                    data-catid=\"153\">                                        <input type=\"hidden\" class=\"wpfd_file_preview_link_download\" value=\"https:\/\/www.tceam.tc.br\/wp-admin\/admin-ajax.php?juwpfisadmin=false&amp;action=wpfd&amp;task=file.download&amp;wpfd_category_id=153&amp;wpfd_file_id=34855\"                           data-filetitle=\"Relat\u00f3rio-Correi\u00e7\u00e3o-Extraordin\u00e1ria-SECEX-2019\" data-fileicons=\"ext ext-pdf wpfd-icon-set-svg\" \/>                    <td class=\"file_title\"><a class=\"wpfd_downloadlink\" href=\"https:\/\/www.tceam.tc.br\/wp-admin\/admin-ajax.php?juwpfisadmin=false&#038;action=wpfd&#038;task=file.download&#038;wpfd_category_id=153&#038;wpfd_file_id=34855\"  title=\"Relat\u00f3rio-Correi\u00e7\u00e3o-Extraordin\u00e1ria-SECEX-2019\" target=\"\"><span class=\"extcol\"><span class=\"ext ext-pdf wpfd-icon-set-svg\"><\/span><\/span><span class=\"wpfd-file-crop-title\">Relat\u00f3rio-Correi\u00e7\u00e3o-Extraordin\u00e1ria-SECEX-2019<\/span><\/a><\/td><td class=\"file_size\">2.14 MB<\/td><td class=\"file_created\">02\/04\/2020<\/td>                                            <td class=\"file_download_tbl col-download\">                            <a class=\"downloadlink wpfd_downloadlink\"  href=\"https:\/\/www.tceam.tc.br\/wp-admin\/admin-ajax.php?juwpfisadmin=false&#038;action=wpfd&#038;task=file.download&#038;wpfd_category_id=153&#038;wpfd_file_id=34855\"  style=\"background-color:#2c3e50;color:#ffffff;\" target=\"\">Baixar<i class=\"zmdi zmdi-cloud-download wpfd-download\"><\/i><\/a>                        <\/td>                                    <\/tr>                                                            <tr class=\"file pdf\" data-id=\"34854\"                    data-catid=\"153\">                                        <input type=\"hidden\" class=\"wpfd_file_preview_link_download\" value=\"https:\/\/www.tceam.tc.br\/wp-admin\/admin-ajax.php?juwpfisadmin=false&amp;action=wpfd&amp;task=file.download&amp;wpfd_category_id=153&amp;wpfd_file_id=34854\"                           data-filetitle=\"REL CORREI\u00c7\u00c3O ORDIN\u00c1RIA ANO 2012 (DEZ)\" data-fileicons=\"ext ext-pdf wpfd-icon-set-svg\" \/>                    <td class=\"file_title\"><a class=\"wpfd_downloadlink\" href=\"https:\/\/www.tceam.tc.br\/wp-admin\/admin-ajax.php?juwpfisadmin=false&#038;action=wpfd&#038;task=file.download&#038;wpfd_category_id=153&#038;wpfd_file_id=34854\"  title=\"REL CORREI\u00c7\u00c3O ORDIN\u00c1RIA ANO 2012 (DEZ)\" target=\"\"><span class=\"extcol\"><span class=\"ext ext-pdf wpfd-icon-set-svg\"><\/span><\/span><span class=\"wpfd-file-crop-title\">REL CORREI\u00c7\u00c3O ORDIN\u00c1RIA ANO 2012 (DEZ)<\/span><\/a><\/td><td class=\"file_size\">866.11 KB<\/td><td class=\"file_created\">02\/04\/2020<\/td>                                            <td class=\"file_download_tbl col-download\">                            <a class=\"downloadlink wpfd_downloadlink\"  href=\"https:\/\/www.tceam.tc.br\/wp-admin\/admin-ajax.php?juwpfisadmin=false&#038;action=wpfd&#038;task=file.download&#038;wpfd_category_id=153&#038;wpfd_file_id=34854\"  style=\"background-color:#2c3e50;color:#ffffff;\" target=\"\">Baixar<i class=\"zmdi zmdi-cloud-download wpfd-download\"><\/i><\/a>                        <\/td>                                    <\/tr>                                                            <tr class=\"file pdf\" data-id=\"34853\"                    data-catid=\"153\">                                        <input type=\"hidden\" class=\"wpfd_file_preview_link_download\" value=\"https:\/\/www.tceam.tc.br\/wp-admin\/admin-ajax.php?juwpfisadmin=false&amp;action=wpfd&amp;task=file.download&amp;wpfd_category_id=153&amp;wpfd_file_id=34853\"                           data-filetitle=\"relatorio_trimestre_1_2015\" data-fileicons=\"ext ext-pdf wpfd-icon-set-svg\" \/>                    <td class=\"file_title\"><a class=\"wpfd_downloadlink\" href=\"https:\/\/www.tceam.tc.br\/wp-admin\/admin-ajax.php?juwpfisadmin=false&#038;action=wpfd&#038;task=file.download&#038;wpfd_category_id=153&#038;wpfd_file_id=34853\"  title=\"relatorio_trimestre_1_2015\" target=\"\"><span class=\"extcol\"><span class=\"ext ext-pdf wpfd-icon-set-svg\"><\/span><\/span><span class=\"wpfd-file-crop-title\">relatorio_trimestre_1_2015<\/span><\/a><\/td><td class=\"file_size\">703.24 KB<\/td><td class=\"file_created\">02\/04\/2020<\/td>                                            <td class=\"file_download_tbl col-download\">                            <a class=\"downloadlink wpfd_downloadlink\"  href=\"https:\/\/www.tceam.tc.br\/wp-admin\/admin-ajax.php?juwpfisadmin=false&#038;action=wpfd&#038;task=file.download&#038;wpfd_category_id=153&#038;wpfd_file_id=34853\"  style=\"background-color:#2c3e50;color:#ffffff;\" target=\"\">Baixar<i class=\"zmdi zmdi-cloud-download wpfd-download\"><\/i><\/a>                        <\/td>                                    <\/tr>                                                            <tr class=\"file pdf\" data-id=\"34852\"                    data-catid=\"153\">                                        <input type=\"hidden\" class=\"wpfd_file_preview_link_download\" value=\"https:\/\/www.tceam.tc.br\/wp-admin\/admin-ajax.php?juwpfisadmin=false&amp;action=wpfd&amp;task=file.download&amp;wpfd_category_id=153&amp;wpfd_file_id=34852\"                           data-filetitle=\"REL CORREI\u00c7\u00c3O ORDIN\u00c1RIA ANO 2013\" data-fileicons=\"ext ext-pdf wpfd-icon-set-svg\" \/>                    <td class=\"file_title\"><a class=\"wpfd_downloadlink\" href=\"https:\/\/www.tceam.tc.br\/wp-admin\/admin-ajax.php?juwpfisadmin=false&#038;action=wpfd&#038;task=file.download&#038;wpfd_category_id=153&#038;wpfd_file_id=34852\"  title=\"REL CORREI\u00c7\u00c3O ORDIN\u00c1RIA ANO 2013\" target=\"\"><span class=\"extcol\"><span class=\"ext ext-pdf wpfd-icon-set-svg\"><\/span><\/span><span class=\"wpfd-file-crop-title\">REL CORREI\u00c7\u00c3O ORDIN\u00c1RIA ANO 2013<\/span><\/a><\/td><td class=\"file_size\">649.22 KB<\/td><td class=\"file_created\">02\/04\/2020<\/td>                                            <td class=\"file_download_tbl col-download\">                            <a class=\"downloadlink wpfd_downloadlink\"  href=\"https:\/\/www.tceam.tc.br\/wp-admin\/admin-ajax.php?juwpfisadmin=false&#038;action=wpfd&#038;task=file.download&#038;wpfd_category_id=153&#038;wpfd_file_id=34852\"  style=\"background-color:#2c3e50;color:#ffffff;\" target=\"\">Baixar<i class=\"zmdi zmdi-cloud-download wpfd-download\"><\/i><\/a>                        <\/td>                                    <\/tr>                                                            <tr class=\"file pdf\" data-id=\"34850\"                    data-catid=\"153\">                                        <input type=\"hidden\" class=\"wpfd_file_preview_link_download\" value=\"https:\/\/www.tceam.tc.br\/wp-admin\/admin-ajax.php?juwpfisadmin=false&amp;action=wpfd&amp;task=file.download&amp;wpfd_category_id=153&amp;wpfd_file_id=34850\"                           data-filetitle=\"REL CORREI\u00c7\u00c3O ORDIN\u00c1RIA ANO 2009\" data-fileicons=\"ext ext-pdf wpfd-icon-set-svg\" \/>                    <td class=\"file_title\"><a class=\"wpfd_downloadlink\" href=\"https:\/\/www.tceam.tc.br\/wp-admin\/admin-ajax.php?juwpfisadmin=false&#038;action=wpfd&#038;task=file.download&#038;wpfd_category_id=153&#038;wpfd_file_id=34850\"  title=\"REL CORREI\u00c7\u00c3O ORDIN\u00c1RIA ANO 2009\" target=\"\"><span class=\"extcol\"><span class=\"ext ext-pdf wpfd-icon-set-svg\"><\/span><\/span><span class=\"wpfd-file-crop-title\">REL CORREI\u00c7\u00c3O ORDIN\u00c1RIA ANO 2009<\/span><\/a><\/td><td class=\"file_size\">1.30 MB<\/td><td class=\"file_created\">02\/04\/2020<\/td>                                            <td class=\"file_download_tbl col-download\">                            <a class=\"downloadlink wpfd_downloadlink\"  href=\"https:\/\/www.tceam.tc.br\/wp-admin\/admin-ajax.php?juwpfisadmin=false&#038;action=wpfd&#038;task=file.download&#038;wpfd_category_id=153&#038;wpfd_file_id=34850\"  style=\"background-color:#2c3e50;color:#ffffff;\" target=\"\">Baixar<i class=\"zmdi zmdi-cloud-download wpfd-download\"><\/i><\/a>                        <\/td>                                    <\/tr>                                                            <tr class=\"file pdf\" data-id=\"34851\"                    data-catid=\"153\">                                        <input type=\"hidden\" class=\"wpfd_file_preview_link_download\" value=\"https:\/\/www.tceam.tc.br\/wp-admin\/admin-ajax.php?juwpfisadmin=false&amp;action=wpfd&amp;task=file.download&amp;wpfd_category_id=153&amp;wpfd_file_id=34851\"                           data-filetitle=\"REL CORREI\u00c7\u00c3O ORDIN\u00c1RIA ANO 2012 (ABRIL)\" data-fileicons=\"ext ext-pdf wpfd-icon-set-svg\" \/>                    <td class=\"file_title\"><a class=\"wpfd_downloadlink\" href=\"https:\/\/www.tceam.tc.br\/wp-admin\/admin-ajax.php?juwpfisadmin=false&#038;action=wpfd&#038;task=file.download&#038;wpfd_category_id=153&#038;wpfd_file_id=34851\"  title=\"REL CORREI\u00c7\u00c3O ORDIN\u00c1RIA ANO 2012 (ABRIL)\" target=\"\"><span class=\"extcol\"><span class=\"ext ext-pdf wpfd-icon-set-svg\"><\/span><\/span><span class=\"wpfd-file-crop-title\">REL CORREI\u00c7\u00c3O ORDIN\u00c1RIA ANO 2012 (ABRIL)<\/span><\/a><\/td><td class=\"file_size\">873.39 KB<\/td><td class=\"file_created\">02\/04\/2020<\/td>                                            <td class=\"file_download_tbl col-download\">                            <a class=\"downloadlink wpfd_downloadlink\"  href=\"https:\/\/www.tceam.tc.br\/wp-admin\/admin-ajax.php?juwpfisadmin=false&#038;action=wpfd&#038;task=file.download&#038;wpfd_category_id=153&#038;wpfd_file_id=34851\"  style=\"background-color:#2c3e50;color:#ffffff;\" target=\"\">Baixar<i class=\"zmdi zmdi-cloud-download wpfd-download\"><\/i><\/a>                        <\/td>                                    <\/tr>                                                            <tr class=\"file pdf\" data-id=\"34849\"                    data-catid=\"153\">                                        <input type=\"hidden\" class=\"wpfd_file_preview_link_download\" value=\"https:\/\/www.tceam.tc.br\/wp-admin\/admin-ajax.php?juwpfisadmin=false&amp;action=wpfd&amp;task=file.download&amp;wpfd_category_id=153&amp;wpfd_file_id=34849\"                           data-filetitle=\"REL CORREI\u00c7\u00c3O ORDIN\u00c1RIA ANO 2010\" data-fileicons=\"ext ext-pdf wpfd-icon-set-svg\" \/>                    <td class=\"file_title\"><a class=\"wpfd_downloadlink\" href=\"https:\/\/www.tceam.tc.br\/wp-admin\/admin-ajax.php?juwpfisadmin=false&#038;action=wpfd&#038;task=file.download&#038;wpfd_category_id=153&#038;wpfd_file_id=34849\"  title=\"REL CORREI\u00c7\u00c3O ORDIN\u00c1RIA ANO 2010\" target=\"\"><span class=\"extcol\"><span class=\"ext ext-pdf wpfd-icon-set-svg\"><\/span><\/span><span class=\"wpfd-file-crop-title\">REL CORREI\u00c7\u00c3O ORDIN\u00c1RIA ANO 2010<\/span><\/a><\/td><td class=\"file_size\">1.29 MB<\/td><td class=\"file_created\">02\/04\/2020<\/td>                                            <td class=\"file_download_tbl col-download\">                            <a class=\"downloadlink wpfd_downloadlink\"  href=\"https:\/\/www.tceam.tc.br\/wp-admin\/admin-ajax.php?juwpfisadmin=false&#038;action=wpfd&#038;task=file.download&#038;wpfd_category_id=153&#038;wpfd_file_id=34849\"  style=\"background-color:#2c3e50;color:#ffffff;\" target=\"\">Baixar<i class=\"zmdi zmdi-cloud-download wpfd-download\"><\/i><\/a>                        <\/td>                                    <\/tr>                                                            <tr class=\"file pdf\" data-id=\"34848\"                    data-catid=\"153\">                                        <input type=\"hidden\" class=\"wpfd_file_preview_link_download\" value=\"https:\/\/www.tceam.tc.br\/wp-admin\/admin-ajax.php?juwpfisadmin=false&amp;action=wpfd&amp;task=file.download&amp;wpfd_category_id=153&amp;wpfd_file_id=34848\"                           data-filetitle=\"Correi\u00e7\u00e3o-Ordin\u00e1ria-2017-DEATV\" data-fileicons=\"ext ext-pdf wpfd-icon-set-svg\" \/>                    <td class=\"file_title\"><a class=\"wpfd_downloadlink\" href=\"https:\/\/www.tceam.tc.br\/wp-admin\/admin-ajax.php?juwpfisadmin=false&#038;action=wpfd&#038;task=file.download&#038;wpfd_category_id=153&#038;wpfd_file_id=34848\"  title=\"Correi\u00e7\u00e3o-Ordin\u00e1ria-2017-DEATV\" target=\"\"><span class=\"extcol\"><span class=\"ext ext-pdf wpfd-icon-set-svg\"><\/span><\/span><span class=\"wpfd-file-crop-title\">Correi\u00e7\u00e3o-Ordin\u00e1ria-2017-DEATV<\/span><\/a><\/td><td class=\"file_size\">2.03 MB<\/td><td class=\"file_created\">02\/04\/2020<\/td>                                            <td class=\"file_download_tbl col-download\">                            <a class=\"downloadlink wpfd_downloadlink\"  href=\"https:\/\/www.tceam.tc.br\/wp-admin\/admin-ajax.php?juwpfisadmin=false&#038;action=wpfd&#038;task=file.download&#038;wpfd_category_id=153&#038;wpfd_file_id=34848\"  style=\"background-color:#2c3e50;color:#ffffff;\" target=\"\">Baixar<i class=\"zmdi zmdi-cloud-download wpfd-download\"><\/i><\/a>                        <\/td>                                    <\/tr>                                                            <tr class=\"file pdf\" data-id=\"34847\"                    data-catid=\"153\">                                        <input type=\"hidden\" class=\"wpfd_file_preview_link_download\" value=\"https:\/\/www.tceam.tc.br\/wp-admin\/admin-ajax.php?juwpfisadmin=false&amp;action=wpfd&amp;task=file.download&amp;wpfd_category_id=153&amp;wpfd_file_id=34847\"                           data-filetitle=\"Plano-Anual-de-Correi\u00e7\u00e3o-Ordin\u00e1ria-Exerc\u00edcio-2017\" data-fileicons=\"ext ext-pdf wpfd-icon-set-svg\" \/>                    <td class=\"file_title\"><a class=\"wpfd_downloadlink\" href=\"https:\/\/www.tceam.tc.br\/wp-admin\/admin-ajax.php?juwpfisadmin=false&#038;action=wpfd&#038;task=file.download&#038;wpfd_category_id=153&#038;wpfd_file_id=34847\"  title=\"Plano-Anual-de-Correi\u00e7\u00e3o-Ordin\u00e1ria-Exerc\u00edcio-2017\" target=\"\"><span class=\"extcol\"><span class=\"ext ext-pdf wpfd-icon-set-svg\"><\/span><\/span><span class=\"wpfd-file-crop-title\">Plano-Anual-de-Correi\u00e7\u00e3o-Ordin\u00e1ria-Exerc\u00edcio-2017<\/span><\/a><\/td><td class=\"file_size\">173.79 KB<\/td><td class=\"file_created\">02\/04\/2020<\/td>                                            <td class=\"file_download_tbl col-download\">                            <a class=\"downloadlink wpfd_downloadlink\"  href=\"https:\/\/www.tceam.tc.br\/wp-admin\/admin-ajax.php?juwpfisadmin=false&#038;action=wpfd&#038;task=file.download&#038;wpfd_category_id=153&#038;wpfd_file_id=34847\"  style=\"background-color:#2c3e50;color:#ffffff;\" target=\"\">Baixar<i class=\"zmdi zmdi-cloud-download wpfd-download\"><\/i><\/a>                        <\/td>                                    <\/tr>                                        <\/tbody>        <\/table>            <\/div><\/div><\/div><\/p>\n","protected":false},"excerpt":{"rendered":"<p>Baixar todos Correi\u00e7\u00f5es Correi\u00e7\u00f5es T\u00edtuloTamanhoDataBaixar Relat\u00f3rio de Correi\u00e7\u00e3o &#8211; 202431.59 MB28\/02\/2025 Baixar PLANO ANUAL DE CORREI\u00c7\u00c3O &#8211; EXERC\u00cdCIO 2021791.33 KB02\/03\/2021 Baixar Relat\u00f3rio-Correi\u00e7\u00e3o-Extraordin\u00e1ria-SECEX-20192.14 MB02\/04\/2020 Baixar REL CORREI\u00c7\u00c3O ORDIN\u00c1RIA ANO 2012 (DEZ)866.11 KB02\/04\/2020 Baixar relatorio_trimestre_1_2015703.24 KB02\/04\/2020 Baixar REL CORREI\u00c7\u00c3O ORDIN\u00c1RIA ANO 2013649.22 KB02\/04\/2020 Baixar REL CORREI\u00c7\u00c3O ORDIN\u00c1RIA ANO 20091.30 MB02\/04\/2020 Baixar REL CORREI\u00c7\u00c3O ORDIN\u00c1RIA ANO 2012 (ABRIL)873.39 [&hellip;]<\/p>\n","protected":false},"author":3,"featured_media":0,"parent":34844,"menu_order":0,"comment_status":"closed","ping_status":"closed","template":"","meta":{"footnotes":""},"class_list":["post-34872","page","type-page","status-publish","hentry"],"_links":{"self":[{"href":"https:\/\/www.tceam.tc.br\/index.php?rest_route=\/wp\/v2\/pages\/34872","targetHints":{"allow":["GET"]}}],"collection":[{"href":"https:\/\/www.tceam.tc.br\/index.php?rest_route=\/wp\/v2\/pages"}],"about":[{"href":"https:\/\/www.tceam.tc.br\/index.php?rest_route=\/wp\/v2\/types\/page"}],"author":[{"embeddable":true,"href":"https:\/\/www.tceam.tc.br\/index.php?rest_route=\/wp\/v2\/users\/3"}],"replies":[{"embeddable":true,"href":"https:\/\/www.tceam.tc.br\/index.php?rest_route=%2Fwp%2Fv2%2Fcomments&post=34872"}],"version-history":[{"count":0,"href":"https:\/\/www.tceam.tc.br\/index.php?rest_route=\/wp\/v2\/pages\/34872\/revisions"}],"up":[{"embeddable":true,"href":"https:\/\/www.tceam.tc.br\/index.php?rest_route=\/wp\/v2\/pages\/34844"}],"wp:attachment":[{"href":"https:\/\/www.tceam.tc.br\/index.php?rest_route=%2Fwp%2Fv2%2Fmedia&parent=34872"}],"curies":[{"name":"wp","href":"https:\/\/api.w.org\/{rel}","templated":true}]}}