
{"id":34626,"date":"2020-03-10T14:39:57","date_gmt":"2020-03-10T18:39:57","guid":{"rendered":"https:\/\/www.tceam.tc.br\/?page_id=34626"},"modified":"2022-07-20T10:13:13","modified_gmt":"2022-07-20T14:13:13","slug":"correicoes","status":"publish","type":"page","link":"https:\/\/www.tceam.tc.br\/?page_id=34626","title":{"rendered":"Correi\u00e7\u00f5es"},"content":{"rendered":"\t\t<div data-elementor-type=\"wp-page\" data-elementor-id=\"34626\" class=\"elementor elementor-34626\" data-elementor-settings=\"{&quot;ha_cmc_init_switcher&quot;:&quot;no&quot;,&quot;element_pack_global_tooltip_width&quot;:{&quot;unit&quot;:&quot;px&quot;,&quot;size&quot;:&quot;&quot;,&quot;sizes&quot;:[]},&quot;element_pack_global_tooltip_width_laptop&quot;:{&quot;unit&quot;:&quot;px&quot;,&quot;size&quot;:&quot;&quot;,&quot;sizes&quot;:[]},&quot;element_pack_global_tooltip_width_tablet_extra&quot;:{&quot;unit&quot;:&quot;px&quot;,&quot;size&quot;:&quot;&quot;,&quot;sizes&quot;:[]},&quot;element_pack_global_tooltip_width_tablet&quot;:{&quot;unit&quot;:&quot;px&quot;,&quot;size&quot;:&quot;&quot;,&quot;sizes&quot;:[]},&quot;element_pack_global_tooltip_width_mobile_extra&quot;:{&quot;unit&quot;:&quot;px&quot;,&quot;size&quot;:&quot;&quot;,&quot;sizes&quot;:[]},&quot;element_pack_global_tooltip_width_mobile&quot;:{&quot;unit&quot;:&quot;px&quot;,&quot;size&quot;:&quot;&quot;,&quot;sizes&quot;:[]},&quot;element_pack_global_tooltip_padding&quot;:{&quot;unit&quot;:&quot;px&quot;,&quot;top&quot;:&quot;&quot;,&quot;right&quot;:&quot;&quot;,&quot;bottom&quot;:&quot;&quot;,&quot;left&quot;:&quot;&quot;,&quot;isLinked&quot;:true},&quot;element_pack_global_tooltip_padding_laptop&quot;:{&quot;unit&quot;:&quot;px&quot;,&quot;top&quot;:&quot;&quot;,&quot;right&quot;:&quot;&quot;,&quot;bottom&quot;:&quot;&quot;,&quot;left&quot;:&quot;&quot;,&quot;isLinked&quot;:true},&quot;element_pack_global_tooltip_padding_tablet_extra&quot;:{&quot;unit&quot;:&quot;px&quot;,&quot;top&quot;:&quot;&quot;,&quot;right&quot;:&quot;&quot;,&quot;bottom&quot;:&quot;&quot;,&quot;left&quot;:&quot;&quot;,&quot;isLinked&quot;:true},&quot;element_pack_global_tooltip_padding_tablet&quot;:{&quot;unit&quot;:&quot;px&quot;,&quot;top&quot;:&quot;&quot;,&quot;right&quot;:&quot;&quot;,&quot;bottom&quot;:&quot;&quot;,&quot;left&quot;:&quot;&quot;,&quot;isLinked&quot;:true},&quot;element_pack_global_tooltip_padding_mobile_extra&quot;:{&quot;unit&quot;:&quot;px&quot;,&quot;top&quot;:&quot;&quot;,&quot;right&quot;:&quot;&quot;,&quot;bottom&quot;:&quot;&quot;,&quot;left&quot;:&quot;&quot;,&quot;isLinked&quot;:true},&quot;element_pack_global_tooltip_padding_mobile&quot;:{&quot;unit&quot;:&quot;px&quot;,&quot;top&quot;:&quot;&quot;,&quot;right&quot;:&quot;&quot;,&quot;bottom&quot;:&quot;&quot;,&quot;left&quot;:&quot;&quot;,&quot;isLinked&quot;:true},&quot;element_pack_global_tooltip_border_radius&quot;:{&quot;unit&quot;:&quot;px&quot;,&quot;top&quot;:&quot;&quot;,&quot;right&quot;:&quot;&quot;,&quot;bottom&quot;:&quot;&quot;,&quot;left&quot;:&quot;&quot;,&quot;isLinked&quot;:true},&quot;element_pack_global_tooltip_border_radius_laptop&quot;:{&quot;unit&quot;:&quot;px&quot;,&quot;top&quot;:&quot;&quot;,&quot;right&quot;:&quot;&quot;,&quot;bottom&quot;:&quot;&quot;,&quot;left&quot;:&quot;&quot;,&quot;isLinked&quot;:true},&quot;element_pack_global_tooltip_border_radius_tablet_extra&quot;:{&quot;unit&quot;:&quot;px&quot;,&quot;top&quot;:&quot;&quot;,&quot;right&quot;:&quot;&quot;,&quot;bottom&quot;:&quot;&quot;,&quot;left&quot;:&quot;&quot;,&quot;isLinked&quot;:true},&quot;element_pack_global_tooltip_border_radius_tablet&quot;:{&quot;unit&quot;:&quot;px&quot;,&quot;top&quot;:&quot;&quot;,&quot;right&quot;:&quot;&quot;,&quot;bottom&quot;:&quot;&quot;,&quot;left&quot;:&quot;&quot;,&quot;isLinked&quot;:true},&quot;element_pack_global_tooltip_border_radius_mobile_extra&quot;:{&quot;unit&quot;:&quot;px&quot;,&quot;top&quot;:&quot;&quot;,&quot;right&quot;:&quot;&quot;,&quot;bottom&quot;:&quot;&quot;,&quot;left&quot;:&quot;&quot;,&quot;isLinked&quot;:true},&quot;element_pack_global_tooltip_border_radius_mobile&quot;:{&quot;unit&quot;:&quot;px&quot;,&quot;top&quot;:&quot;&quot;,&quot;right&quot;:&quot;&quot;,&quot;bottom&quot;:&quot;&quot;,&quot;left&quot;:&quot;&quot;,&quot;isLinked&quot;:true}}\" data-elementor-post-type=\"page\">\n\t\t\t\t\t\t<section data-exad-particle-enable=\"false\" class=\"elementor-section elementor-top-section elementor-element elementor-element-71b5a5c elementor-section-boxed elementor-section-height-default elementor-section-height-default exad-parallax-effect-no exad-background-color-change-no exad-glass-effect-no exad-sticky-section-no\" data-id=\"71b5a5c\" data-element_type=\"section\" data-settings=\"{&quot;_ha_eqh_enable&quot;:false}\">\n\t\t\t\t\t\t<div class=\"elementor-container elementor-column-gap-default\">\n\t\t\t\t\t<div class=\"elementor-column elementor-col-100 elementor-top-column elementor-element elementor-element-a0a9157 exad-glass-effect-no exad-sticky-section-no\" data-id=\"a0a9157\" data-element_type=\"column\">\n\t\t\t<div class=\"elementor-widget-wrap elementor-element-populated\">\n\t\t\t\t\t\t<div class=\"elementor-element elementor-element-400dcb0 exad-sticky-section-no exad-glass-effect-no elementor-widget elementor-widget-text-editor\" data-id=\"400dcb0\" data-element_type=\"widget\" data-widget_type=\"text-editor.default\">\n\t\t\t\t<div class=\"elementor-widget-container\">\n\t\t\t\t\t\t\t\t\t<p>Entende-se por Correi\u00e7\u00e3o a atividade mediante a qual a Corregedoria afere a regularidade, efici\u00eancia, efic\u00e1cia e efetividade dos procedimentos realizados nas unidades do Tribunal. A palavra correi\u00e7\u00e3o, segundo o dicion\u00e1rio Aur\u00e9lio, deriva do latim correctione e significa \u201cAto ou efeito de corrigir; corre\u00e7\u00e3o.<\/p>\n<p>A fun\u00e7\u00e3o correcional ser\u00e1 exercida pelo Conselheiro Corregedor e pelo Auditor da Corregedoria, os quais definir\u00e3o os setores a serem correicionados.<\/p>\n<p>Principais atos de compet\u00eancia do Corregedor no que tange \u00e0s atividades correicionais:<\/p>\n<div class=\"shortcode-list shortcode-list-bullet\">\n<ul>\n<li>Aprova\u00e7\u00e3o do plano anual;<\/li>\n<li>Designa\u00e7\u00e3o da equipe;<\/li>\n<li>Aprova\u00e7\u00e3o do Programa de Correi\u00e7\u00e3o;<\/li>\n<li>Aprova\u00e7\u00e3o do Relat\u00f3rio Definitivo de Correi\u00e7\u00e3o.<\/li>\n<\/ul>\n<\/div>\n<p>A Correi\u00e7\u00e3o tem por finalidade a fiscaliza\u00e7\u00e3o, controle, orienta\u00e7\u00e3o e o acompanhamento dos servi\u00e7os desenvolvidos nas unidades que integram o Tribunal de Contas do Estado do Amazonas, al\u00e9m de possibilitarem a avalia\u00e7\u00e3o da conduta funcional de seus servidores;<\/p>\n<p>As correi\u00e7\u00f5es ser\u00e3o realizadas semestralmente e ser\u00e3o compostas das seguintes fases: planejamento, execu\u00e7\u00e3o, relat\u00f3rio e monitoramento.<\/p>\n<p>Existem dois tipos de correi\u00e7\u00f5es: as correi\u00e7\u00f5es ordin\u00e1rias que s\u00e3o as previstas no Plano Anual de Correi\u00e7\u00e3o e as correi\u00e7\u00f5es extraordin\u00e1rias que s\u00e3o as requeridas pelo Plen\u00e1rio ou pelo Presidente, visando \u00e0 instru\u00e7\u00e3o de determinada representa\u00e7\u00e3o.<\/p>\n<div class=\"shortcode-list shortcode-list-bullet\">\n<ul>\n<li>Correi\u00e7\u00e3o Ordin\u00e1ria: \u00e9 a correi\u00e7\u00e3o que se exerce de forma rotineira, em regra pr\u00e9-estabelecida em programa\u00e7\u00e3o anual da estrutura em que a Corregedoria se insere. A fim de que os trabalhos da unidade ou do \u00f3rg\u00e3o correicionado n\u00e3o sejam prejudicados, recomenda-se que durante a execu\u00e7\u00e3o da correi\u00e7\u00e3o n\u00e3o haja suspens\u00e3o ou interrup\u00e7\u00e3o de prazos.<\/li>\n<li>Correi\u00e7\u00e3o extraordin\u00e1ria: tem por objetivo a fiscaliza\u00e7\u00e3o de ocorr\u00eancias de erros, abusos ou omiss\u00f5es perpetrados no \u00e2mbito de determinado \u00f3rg\u00e3o\/unidade, em virtude de dela\u00e7\u00f5es realizadas ao Corregedor, constituindo em ato de fiscaliza\u00e7\u00e3o excepcional.<\/li>\n<\/ul>\n<\/div>\n<p>Nota:<br>O Procedimento para a realiza\u00e7\u00e3o das Correi\u00e7\u00f5es est\u00e1 descrito no Manual da Corregedoria no link &nbsp;Manual e relat\u00f3rios &gt;&gt; Manual Corregedoria.<\/p>\t\t\t\t\t\t\t\t<\/div>\n\t\t\t\t<\/div>\n\t\t\t\t\t<\/div>\n\t\t<\/div>\n\t\t\t\t\t<\/div>\n\t\t<\/section>\n\t\t\t\t<\/div>\n\t\t","protected":false},"excerpt":{"rendered":"<p>Entende-se por Correi\u00e7\u00e3o a atividade mediante a qual a Corregedoria afere a regularidade, efici\u00eancia, efic\u00e1cia e efetividade dos procedimentos realizados nas unidades do Tribunal. A palavra correi\u00e7\u00e3o, segundo o dicion\u00e1rio Aur\u00e9lio, deriva do latim correctione e significa \u201cAto ou efeito de corrigir; corre\u00e7\u00e3o. A fun\u00e7\u00e3o correcional ser\u00e1 exercida pelo Conselheiro Corregedor e pelo Auditor da [&hellip;]<\/p>\n","protected":false},"author":3,"featured_media":0,"parent":34498,"menu_order":0,"comment_status":"closed","ping_status":"closed","template":"","meta":{"footnotes":""},"class_list":["post-34626","page","type-page","status-publish","hentry"],"_links":{"self":[{"href":"https:\/\/www.tceam.tc.br\/index.php?rest_route=\/wp\/v2\/pages\/34626","targetHints":{"allow":["GET"]}}],"collection":[{"href":"https:\/\/www.tceam.tc.br\/index.php?rest_route=\/wp\/v2\/pages"}],"about":[{"href":"https:\/\/www.tceam.tc.br\/index.php?rest_route=\/wp\/v2\/types\/page"}],"author":[{"embeddable":true,"href":"https:\/\/www.tceam.tc.br\/index.php?rest_route=\/wp\/v2\/users\/3"}],"replies":[{"embeddable":true,"href":"https:\/\/www.tceam.tc.br\/index.php?rest_route=%2Fwp%2Fv2%2Fcomments&post=34626"}],"version-history":[{"count":3,"href":"https:\/\/www.tceam.tc.br\/index.php?rest_route=\/wp\/v2\/pages\/34626\/revisions"}],"predecessor-version":[{"id":56752,"href":"https:\/\/www.tceam.tc.br\/index.php?rest_route=\/wp\/v2\/pages\/34626\/revisions\/56752"}],"up":[{"embeddable":true,"href":"https:\/\/www.tceam.tc.br\/index.php?rest_route=\/wp\/v2\/pages\/34498"}],"wp:attachment":[{"href":"https:\/\/www.tceam.tc.br\/index.php?rest_route=%2Fwp%2Fv2%2Fmedia&parent=34626"}],"curies":[{"name":"wp","href":"https:\/\/api.w.org\/{rel}","templated":true}]}}