
{"id":30463,"date":"2019-07-30T15:59:35","date_gmt":"2019-07-30T19:59:35","guid":{"rendered":"http:\/\/www.tceam.tc.br\/?page_id=30463"},"modified":"2022-02-02T08:08:05","modified_gmt":"2022-02-02T12:08:05","slug":"boletim-semanal-tce-am","status":"publish","type":"page","link":"https:\/\/www.tceam.tc.br\/?page_id=30463","title":{"rendered":"Boletim Semanal TCE-AM"},"content":{"rendered":"<p><a href=\"https:\/\/www.tceam.tc.br\/wp-content\/uploads\/2022\/02\/Jornal-Eletronico.png\"><img fetchpriority=\"high\" decoding=\"async\" class=\" wp-image-50110 aligncenter\" src=\"https:\/\/www.tceam.tc.br\/wp-content\/uploads\/2022\/02\/Jornal-Eletronico-300x200.png\" alt=\"\" width=\"315\" height=\"210\" srcset=\"https:\/\/www.tceam.tc.br\/wp-content\/uploads\/2022\/02\/Jornal-Eletronico-300x200.png 300w, https:\/\/www.tceam.tc.br\/wp-content\/uploads\/2022\/02\/Jornal-Eletronico.png 600w\" sizes=\"(max-width: 315px) 100vw, 315px\" \/><\/a><\/p>\n<p><span style=\"color: #000000;\"><strong>Janeiro 2022<\/strong><\/span><\/p>\n<p><span style=\"color: #0000ff;\"><a style=\"color: #0000ff;\" href=\"https:\/\/www.tceam.tc.br\/wp-content\/uploads\/2022\/02\/janeiro-24.01-28.01.pdf\">Boletim Semanal &#8211; 3\u00aa Edi\u00e7\u00e3o &#8211; 24\/01 a 28\/01<\/a><\/span><\/p>\n<p>&nbsp;<\/p>\n<p><span style=\"color: #000000;\"><strong>Dezembro 2021<\/strong><\/span><\/p>\n<p><span style=\"color: #0000ff;\"><a style=\"color: #0000ff;\" href=\"https:\/\/www.tceam.tc.br\/wp-content\/uploads\/2022\/02\/Boletim-13a17dez.pdf\">Boletim Semanal &#8211; 86\u00aa Edi\u00e7\u00e3o &#8211; 13\/12 a 17\/12<\/a><\/span><\/p>\n<p><span style=\"color: #0000ff;\"><a style=\"color: #0000ff;\" href=\"https:\/\/www.tceam.tc.br\/wp-content\/uploads\/2022\/02\/dezembro-06.12-10.12.pdf\">Boletim Semanal &#8211; 85\u00aa Edi\u00e7\u00e3o &#8211; 06\/12 a 10\/12<\/a><\/span><\/p>\n<p>&nbsp;<\/p>\n<p><span style=\"color: #000000;\"><strong>Novembro 2021<\/strong><\/span><\/p>\n<p><span style=\"color: #0000ff;\"><a style=\"color: #0000ff;\" href=\"https:\/\/www.tceam.tc.br\/wp-content\/uploads\/2022\/02\/novembro-01.11-05.11.pdf\">Boletim Semanal &#8211; 80\u00aa Edi\u00e7\u00e3o &#8211; 01\/11 a 05\/11<\/a><\/span><\/p>\n<p>&nbsp;<\/p>\n<p><span style=\"color: #000000;\"><strong>Outubro 2021<\/strong><\/span><\/p>\n<p><span style=\"color: #0000ff;\"><a style=\"color: #0000ff;\" href=\"https:\/\/www.tceam.tc.br\/wp-content\/uploads\/2022\/02\/outubro-11.10-15.10.pdf\">Boletim Semanal &#8211; 78\u00aa Edi\u00e7\u00e3o &#8211; 11\/10 a 15\/10<\/a><\/span><\/p>\n<p>&nbsp;<\/p>\n<p><span style=\"color: #000000;\"><strong>Setembro 2021<\/strong><\/span><\/p>\n<p><span style=\"color: #0000ff;\"><a style=\"color: #0000ff;\" href=\"https:\/\/www.tceam.tc.br\/wp-content\/uploads\/2022\/02\/setembro-13.09-17.09.pdf\">Boletim Semanal &#8211; 74\u00aa Edi\u00e7\u00e3o &#8211; 13\/09 a 17\/09<\/a><\/span><\/p>\n<p><span style=\"color: #0000ff;\"><a style=\"color: #0000ff;\" href=\"https:\/\/www.tceam.tc.br\/wp-content\/uploads\/2022\/02\/setembro-30.08-03.09.pdf\">Boletim Semanal &#8211; 72\u00aa Edi\u00e7\u00e3o &#8211; 30\/08 a 03\/09<\/a><\/span><\/p>\n<p>&nbsp;<\/p>\n<p style=\"text-align: left;\"><strong><span style=\"color: #000000;\">Agosto 2021<\/span><\/strong><\/p>\n<p><a href=\"https:\/\/www.tceam.tc.br\/wp-content\/uploads\/2021\/08\/boletim_23a27AGO.pdf\"><span style=\"color: #0000ff;\">Boletim Semanal &#8211; 71\u00aa Edi\u00e7\u00e3o &#8211; 23\/08 a 27\/08<\/span><\/a><\/p>\n<p><a href=\"https:\/\/www.tceam.tc.br\/wp-content\/uploads\/2021\/08\/BOLETIM-16A20AGO.pdf\"><span style=\"color: #0000ff;\">Boletim Semanal &#8211; 70\u00aa Edi\u00e7\u00e3o &#8211; 16\/08 a 20\/08<\/span><\/a><\/p>\n<p><span style=\"color: #0000ff;\"><a style=\"color: #0000ff;\" href=\"https:\/\/www.tceam.tc.br\/wp-content\/uploads\/2021\/08\/boletim-_08a13JAGO.pdf\">Boletim Semanal &#8211; 69\u00aa Edi\u00e7\u00e3o &#8211; 09\/08 a 13\/08<\/a><\/span><\/p>\n<p>&nbsp;<\/p>\n<p><span style=\"color: #000000;\"><strong>Julho 2021<\/strong><\/span><\/p>\n<p><span style=\"color: #0000ff;\">Boletim Semanal &#8211; 68\u00aa Edi\u00e7\u00e3o &#8211;\u00a0<\/span><\/p>\n<p><span style=\"color: #0000ff;\">Boletim Semanal &#8211; 67\u00aa Edi\u00e7\u00e3o &#8211;\u00a0<\/span><\/p>\n<p><a href=\"https:\/\/www.tceam.tc.br\/wp-content\/uploads\/2021\/08\/boletim_19a23JUL.pdf\"><span style=\"color: #0000ff;\">Boletim Semanal &#8211; 66\u00aa Edi\u00e7\u00e3o &#8211; 19\/07 a 23\/07<\/span><\/a><\/p>\n<p><a href=\"https:\/\/www.tceam.tc.br\/wp-content\/uploads\/2021\/08\/boletim_12a16JUL.pdf\"><span style=\"color: #0000ff;\">Boletim Semanal &#8211; 65\u00aa Edi\u00e7\u00e3o &#8211; 12\/07 a 16\/07<\/span><\/a><\/p>\n<p>&nbsp;<\/p>\n<p><strong><span style=\"color: #000000;\">2019<\/span><\/strong><\/p>\n<p><strong><a href=\"http:\/\/www.tceam.tc.br\/wp-content\/uploads\/2019\/12\/BOLETIM_25-29NOV.pdf\">Boletim Semanal &#8211; 19\u00aa Edi\u00e7\u00e3o &#8211; 25 a 29\/11<\/a><\/strong><\/p>\n<p><strong><a href=\"http:\/\/www.tceam.tc.br\/wp-content\/uploads\/2019\/11\/BOLETIM_18-22NOV.pdf\">Boletim Semanal &#8211; 18\u00aa Edi\u00e7\u00e3o &#8211; 18 a 22\/11<\/a><\/strong><\/p>\n<p><strong><a href=\"http:\/\/www.tceam.tc.br\/wp-content\/uploads\/2019\/11\/BOLETIM_11-14OUT.pdf\">Boletim Semanal &#8211; 17\u00aa Edi\u00e7\u00e3o &#8211; 11 a 14\/11<\/a><\/strong><\/p>\n<p><strong><a href=\"http:\/\/www.tceam.tc.br\/wp-content\/uploads\/2019\/11\/BOLETIM_4-8OUT-1.pdf\">Boletim Semanal &#8211; 16\u00aa Edi\u00e7\u00e3o &#8211; 04 a 08\/11<\/a><\/strong><\/p>\n<p><strong><a href=\"http:\/\/www.tceam.tc.br\/wp-content\/uploads\/2019\/11\/BOLETIM_29.10a01OUT.pdf\">Boletim Semanal &#8211; 15\u00aa Edi\u00e7\u00e3o &#8211; 29\/10 a 01\/11<\/a><\/strong><\/p>\n<p><strong><a href=\"http:\/\/www.tceam.tc.br\/wp-content\/uploads\/2019\/10\/BOLETIM-SIGAM.pdf\">Boletim \u00a0II Simp\u00f3sio Internacional Sobre Gest\u00e3o Ambiental e Controle de Contas P\u00fablicas<\/a><\/strong><\/p>\n<p><strong><a href=\"http:\/\/www.tceam.tc.br\/wp-content\/uploads\/2019\/10\/BOLETIM_14-17OUT.pdf\">Boletim Semanal &#8211; 13\u00aa Edi\u00e7\u00e3o &#8211; 14 a 17\/10<\/a><\/strong><\/p>\n<p><strong><a href=\"http:\/\/www.tceam.tc.br\/wp-content\/uploads\/2019\/10\/BOLETIM_7-11OUT.pdf\">Boletim Semanal &#8211; 12\u00aa Edi\u00e7\u00e3o &#8211; 07 a 11\/10<\/a><\/strong><\/p>\n<p><strong><a href=\"http:\/\/www.tceam.tc.br\/wp-content\/uploads\/2019\/10\/BOLETIM_30.09-04OUT.pdf\">Boletim Semanal &#8211; 11\u00aa Edi\u00e7\u00e3o &#8211; 30\/09 a 04\/10<\/a><\/strong><\/p>\n<p><strong><a href=\"http:\/\/www.tceam.tc.br\/wp-content\/uploads\/2019\/09\/BOLETIM_23-27SET.pdf\">Boletim Semanal &#8211; 10\u00aa Edi\u00e7\u00e3o &#8211; 23 a 27\/09<\/a><\/strong><\/p>\n<p><strong><a href=\"http:\/\/www.tceam.tc.br\/wp-content\/uploads\/2019\/09\/BOLETIM_16-20SET.pdf\">Boletim Semanal &#8211; 9\u00aa Edi\u00e7\u00e3o &#8211; 16 a 20\/09<\/a><\/strong><\/p>\n<p><strong><a href=\"http:\/\/www.tceam.tc.br\/wp-content\/uploads\/2019\/09\/BOLETIM_9-13SET-1.pdf\">Boletim Semanal &#8211; 8\u00aa Edi\u00e7\u00e3o &#8211; 09 a 13\/09<\/a><\/strong><\/p>\n<p><strong><a href=\"http:\/\/www.tceam.tc.br\/wp-content\/uploads\/2019\/09\/Boletim-Semanal-\u2013-7\u00aa-Edi\u00e7\u00e3o-\u2013-02-a-0409.pdf\">Boletim Semanal &#8211; 7\u00aa Edi\u00e7\u00e3o &#8211; 02 a 04\/09<\/a><\/strong><\/p>\n<p><strong><a href=\"http:\/\/www.tceam.tc.br\/wp-content\/uploads\/2019\/08\/Boletim-Semanal-6\u00aa-Edi\u00e7\u00e3o-26-a-30.08.pdf\">Boletim Semanal &#8211; 6\u00aa Edi\u00e7\u00e3o &#8211; 26 a 30\/08<\/a><\/strong><\/p>\n<p><strong><a href=\"http:\/\/www.tceam.tc.br\/wp-content\/uploads\/2019\/08\/Boletim-Semanal-5\u00aa-Edi\u00e7\u00e3o-13-a.pdf\">Boletim Semanal &#8211; 5\u00aa Edi\u00e7\u00e3o &#8211; 19 a 23\/08<\/a><\/strong><\/p>\n<p><strong><a href=\"http:\/\/www.tceam.tc.br\/wp-content\/uploads\/2019\/08\/Boletim-Semanal-4\u00aa-Edi\u00e7\u00e3o-12-a-16.08.pdf\">Boletim Semanal &#8211; 4\u00aa Edi\u00e7\u00e3o &#8211; 12 a 16\/08<\/a><\/strong><\/p>\n<p><strong><a href=\"http:\/\/www.tceam.tc.br\/wp-content\/uploads\/2019\/08\/Boletim-Semanal-3\u00aa-Edi\u00e7\u00e3o-05-a-09.08.pdf\">Boletim Semanal &#8211; 3\u00aa Edi\u00e7\u00e3o &#8211; 05 a 09\/08<\/a><\/strong><\/p>\n<p><strong><a href=\"http:\/\/www.tceam.tc.br\/wp-content\/uploads\/2019\/08\/Resumo-semanal.pdf\">Boletim Semanal &#8211; 2\u00aa Edi\u00e7\u00e3o &#8211; 29\/07 a 02\/08<\/a><\/strong><\/p>\n<p><a href=\"http:\/\/www.tceam.tc.br\/wp-content\/uploads\/2019\/07\/BoletimSemanal.pdf\"><strong>Boletim Semanal &#8211; 1\u00aa Edi\u00e7\u00e3o &#8211; 22 a 26\/07<\/strong><\/a><\/p>\n","protected":false},"excerpt":{"rendered":"<p>Janeiro 2022 Boletim Semanal &#8211; 3\u00aa Edi\u00e7\u00e3o &#8211; 24\/01 a 28\/01 &nbsp; Dezembro 2021 Boletim Semanal &#8211; 86\u00aa Edi\u00e7\u00e3o &#8211; 13\/12 a 17\/12 Boletim Semanal &#8211; 85\u00aa Edi\u00e7\u00e3o &#8211; 06\/12 a 10\/12 &nbsp; Novembro 2021 Boletim Semanal &#8211; 80\u00aa Edi\u00e7\u00e3o &#8211; 01\/11 a 05\/11 &nbsp; Outubro 2021 Boletim Semanal &#8211; 78\u00aa Edi\u00e7\u00e3o &#8211; 11\/10 a [&hellip;]<\/p>\n","protected":false},"author":46,"featured_media":0,"parent":0,"menu_order":0,"comment_status":"closed","ping_status":"closed","template":"","meta":{"footnotes":""},"class_list":["post-30463","page","type-page","status-publish","hentry"],"_links":{"self":[{"href":"https:\/\/www.tceam.tc.br\/index.php?rest_route=\/wp\/v2\/pages\/30463","targetHints":{"allow":["GET"]}}],"collection":[{"href":"https:\/\/www.tceam.tc.br\/index.php?rest_route=\/wp\/v2\/pages"}],"about":[{"href":"https:\/\/www.tceam.tc.br\/index.php?rest_route=\/wp\/v2\/types\/page"}],"author":[{"embeddable":true,"href":"https:\/\/www.tceam.tc.br\/index.php?rest_route=\/wp\/v2\/users\/46"}],"replies":[{"embeddable":true,"href":"https:\/\/www.tceam.tc.br\/index.php?rest_route=%2Fwp%2Fv2%2Fcomments&post=30463"}],"version-history":[{"count":7,"href":"https:\/\/www.tceam.tc.br\/index.php?rest_route=\/wp\/v2\/pages\/30463\/revisions"}],"predecessor-version":[{"id":50111,"href":"https:\/\/www.tceam.tc.br\/index.php?rest_route=\/wp\/v2\/pages\/30463\/revisions\/50111"}],"wp:attachment":[{"href":"https:\/\/www.tceam.tc.br\/index.php?rest_route=%2Fwp%2Fv2%2Fmedia&parent=30463"}],"curies":[{"name":"wp","href":"https:\/\/api.w.org\/{rel}","templated":true}]}}