
{"id":30314,"date":"2019-07-26T13:31:25","date_gmt":"2019-07-26T17:31:25","guid":{"rendered":"http:\/\/www.tceam.tc.br\/?page_id=30314"},"modified":"2022-12-30T11:53:12","modified_gmt":"2022-12-30T15:53:12","slug":"proibidos-de-contratar","status":"publish","type":"page","link":"https:\/\/www.tceam.tc.br\/?page_id=30314","title":{"rendered":"Proibidos de Contratar"},"content":{"rendered":"<p>Clique nos nomes para visualizar o documento<\/p>\n<ul>\n<li><strong><a href=\"http:\/\/www.tceam.tc.br\/wp-content\/uploads\/2019\/07\/1.pdf\">Jos\u00e9 Roberto Raimondo e Paulo Brasil Batistella<\/a><\/strong><\/li>\n<li><strong><a href=\"http:\/\/www.tceam.tc.br\/wp-content\/uploads\/2019\/07\/2.pdf\">F\u00e1bio da Silva Rodrigues<\/a><\/strong><\/li>\n<li><strong><a href=\"http:\/\/www.tceam.tc.br\/wp-content\/uploads\/2019\/07\/3.pdf\">Edna da Silva Piau, Armando Ayres de Ara\u00fajo, Fabr\u00edcio Rosso Pacheco, Jos\u00e9 Hildebrando da Luz e Martiniano Christiano Pacheco<\/a><\/strong><\/li>\n<li><strong><a href=\"http:\/\/www.tceam.tc.br\/wp-content\/uploads\/2019\/07\/4.pdf\">Ricardo Lu\u00eds de Ribeiro Ribas<\/a><a href=\"http:\/\/www.tceam.tc.br\/wp-content\/uploads\/2019\/07\/3.pdf\">\u00a0<\/a><\/strong><\/li>\n<li><a href=\"https:\/\/www.tceam.tc.br\/wp-content\/uploads\/2022\/08\/OFICIO_N__222_2022.pdf\"><strong>Ant\u00f4nio Dias dos Santos\u00a0<\/strong><\/a><\/li>\n<li><strong><a href=\"https:\/\/www.tceam.tc.br\/wp-content\/uploads\/2022\/12\/3923814sentenca19414100000020221201.pdf\">Jailton Ferreira de Macedo<\/a><\/strong><\/li>\n<\/ul>\n","protected":false},"excerpt":{"rendered":"<p>Clique nos nomes para visualizar o documento Jos\u00e9 Roberto Raimondo e Paulo Brasil Batistella F\u00e1bio da Silva Rodrigues Edna da Silva Piau, Armando Ayres de Ara\u00fajo, Fabr\u00edcio Rosso Pacheco, Jos\u00e9 Hildebrando da Luz e Martiniano Christiano Pacheco Ricardo Lu\u00eds de Ribeiro Ribas\u00a0 Ant\u00f4nio Dias dos Santos\u00a0 Jailton Ferreira de Macedo<\/p>\n","protected":false},"author":46,"featured_media":0,"parent":0,"menu_order":0,"comment_status":"closed","ping_status":"closed","template":"","meta":{"footnotes":""},"class_list":["post-30314","page","type-page","status-publish","hentry"],"_links":{"self":[{"href":"https:\/\/www.tceam.tc.br\/index.php?rest_route=\/wp\/v2\/pages\/30314","targetHints":{"allow":["GET"]}}],"collection":[{"href":"https:\/\/www.tceam.tc.br\/index.php?rest_route=\/wp\/v2\/pages"}],"about":[{"href":"https:\/\/www.tceam.tc.br\/index.php?rest_route=\/wp\/v2\/types\/page"}],"author":[{"embeddable":true,"href":"https:\/\/www.tceam.tc.br\/index.php?rest_route=\/wp\/v2\/users\/46"}],"replies":[{"embeddable":true,"href":"https:\/\/www.tceam.tc.br\/index.php?rest_route=%2Fwp%2Fv2%2Fcomments&post=30314"}],"version-history":[{"count":3,"href":"https:\/\/www.tceam.tc.br\/index.php?rest_route=\/wp\/v2\/pages\/30314\/revisions"}],"predecessor-version":[{"id":61813,"href":"https:\/\/www.tceam.tc.br\/index.php?rest_route=\/wp\/v2\/pages\/30314\/revisions\/61813"}],"wp:attachment":[{"href":"https:\/\/www.tceam.tc.br\/index.php?rest_route=%2Fwp%2Fv2%2Fmedia&parent=30314"}],"curies":[{"name":"wp","href":"https:\/\/api.w.org\/{rel}","templated":true}]}}