
{"id":23018,"date":"2018-06-07T10:11:45","date_gmt":"2018-06-07T14:11:45","guid":{"rendered":"http:\/\/www.tceam.tc.br\/?page_id=23018"},"modified":"2018-06-28T11:20:42","modified_gmt":"2018-06-28T15:20:42","slug":"junho","status":"publish","type":"page","link":"https:\/\/www.tceam.tc.br\/?page_id=23018","title":{"rendered":"Junho"},"content":{"rendered":"<table style=\"border-collapse: collapse; width: 100%;\" border=\"1\">\n<tbody>\n<tr style=\"height: 26px;\">\n<td style=\"width: 16.3793%; text-align: center; height: 26px;\"><strong>Dia<\/strong><\/td>\n<td style=\"width: 18.3907%; text-align: center; height: 26px;\"><strong>Jornal<\/strong><\/td>\n<td style=\"width: 65.2299%; text-align: center; height: 26px;\"><strong>Mat\u00e9ria\/Coluna<\/strong><\/td>\n<\/tr>\n<tr style=\"height: 26px;\">\n<td style=\"width: 16.3793%; height: 26px;\">01\/06\/2018<\/td>\n<td style=\"width: 18.3907%; height: 26px;\">A Cr\u00edtica<\/td>\n<td style=\"width: 65.2299%; height: 26px;\"><a href=\"http:\/\/www.tceam.tc.br\/wp-content\/uploads\/2018\/06\/A-Critica_SIMN\u00c3O.jpg\">Coluna Sim&amp;N\u00e3o &#8211; TCE e ALE v\u00e3o ratear verbas de multas<\/a><\/td>\n<\/tr>\n<tr style=\"height: 26px;\">\n<td style=\"width: 16.3793%; height: 26px;\">03\/06\/2018<\/td>\n<td style=\"width: 18.3907%; height: 26px;\">A Cr\u00edtica<\/td>\n<td style=\"width: 65.2299%; height: 26px;\"><a href=\"http:\/\/www.tceam.tc.br\/wp-content\/uploads\/2018\/06\/A-Critica_Prefeitura-diz-que-revitalizou-trecho-da-Manaus-Moderna.jpg\">Prefeitura diz que &#8216;revitalizou&#8217; trecho da Manaus Moderna<\/a><\/td>\n<\/tr>\n<tr style=\"height: 26px;\">\n<td style=\"width: 16.3793%; height: 26px;\">03\/06\/2018<\/td>\n<td style=\"width: 18.3907%; height: 26px;\">A Cr\u00edtica<\/td>\n<td style=\"width: 65.2299%; height: 26px;\"><a href=\"http:\/\/www.tceam.tc.br\/wp-content\/uploads\/2018\/06\/A-Cr\u00edtica_Responsabilidade-de-todos.jpg\">&#8216;Responsabilidade de todos<\/a><\/td>\n<\/tr>\n<tr style=\"height: 26px;\">\n<td style=\"width: 16.3793%; height: 26px;\">05\/06\/2018<\/td>\n<td style=\"width: 18.3907%; height: 26px;\">Em Tempo<\/td>\n<td style=\"width: 65.2299%; height: 26px;\"><a href=\"http:\/\/www.tceam.tc.br\/wp-content\/uploads\/2018\/06\/Em-Tempo_Censo-Escolar.png\">Censo Escolar<\/a><\/td>\n<\/tr>\n<tr style=\"height: 26px;\">\n<td style=\"width: 16.3793%; height: 26px;\">06\/06\/2018<\/td>\n<td style=\"width: 18.3907%; height: 26px;\">A Cr\u00edtica<\/td>\n<td style=\"width: 65.2299%; height: 26px;\"><a href=\"http:\/\/www.tceam.tc.br\/wp-content\/uploads\/2018\/06\/A-Cr\u00edtica_SimN\u00e3o.jpg\">Coluna Sim&amp;N\u00e3o &#8211; Pinga Fogo<\/a><\/td>\n<\/tr>\n<tr style=\"height: 26px;\">\n<td style=\"width: 16.3793%; height: 26px;\">06\/06\/2018<\/td>\n<td style=\"width: 18.3907%; height: 26px;\">A Cr\u00edtica<\/td>\n<td style=\"width: 65.2299%; height: 26px;\"><a href=\"http:\/\/www.tceam.tc.br\/wp-content\/uploads\/2018\/06\/A-Cr\u00edtica_TCE-vai-fiscalizar-obra.jpg\">TCE vai fiscalizar obra<\/a><\/td>\n<\/tr>\n<tr style=\"height: 26px;\">\n<td style=\"width: 16.3793%; height: 26px;\">06\/06\/2018<\/td>\n<td style=\"width: 18.3907%; height: 26px;\">Di\u00e1rio do Amazonas<\/td>\n<td style=\"width: 65.2299%; height: 26px;\"><a href=\"http:\/\/www.tceam.tc.br\/wp-content\/uploads\/2018\/06\/Di\u00e1rio-do-Amazonas_Camar\u00e2-de-Manaus-e-TCE-assinam-termo-de-coopera\u00e7\u00e3o-para-fiscalizar-obra-em-tempo-real.jpg\">C\u00e2mara de Manaus e TCE assinam termo de coopera\u00e7\u00e3o para fiscalizar obra em tempo real<\/a><\/td>\n<\/tr>\n<tr style=\"height: 26px;\">\n<td style=\"width: 16.3793%; height: 26px;\">06\/06\/2018<\/td>\n<td style=\"width: 18.3907%; height: 26px;\">Jornal do Commercio<\/td>\n<td style=\"width: 65.2299%; height: 26px;\"><a href=\"http:\/\/www.tceam.tc.br\/wp-content\/uploads\/2018\/06\/Jornal-do-commercio_Semana-do-Meio-Ambiente-\u00e9-aberta-oficialmente-em-evento-no-TCE.jpg\">Semana do Meio Ambiente \u00e9 aberta oficialmente em evento no TCE<\/a><\/td>\n<\/tr>\n<tr style=\"height: 26px;\">\n<td style=\"width: 16.3793%; height: 26px;\">07\/06\/2018<\/td>\n<td style=\"width: 18.3907%; height: 26px;\">A Cr\u00edtica<\/td>\n<td style=\"width: 65.2299%; height: 26px;\"><a href=\"http:\/\/www.tceam.tc.br\/wp-content\/uploads\/2018\/06\/A-Cr\u00edtica-TCE-cobra-R-13-milh\u00e3o-de-ex-prefeito-de-Uarini.jpeg\">TCE cobra R$ 1,3 milh\u00e3o de ex-prefeito de Uarini<\/a><\/td>\n<\/tr>\n<tr style=\"height: 26px;\">\n<td style=\"width: 16.3793%; height: 26px;\">07\/06\/2018<\/td>\n<td style=\"width: 18.3907%; height: 26px;\">A Cr\u00edtica<\/td>\n<td style=\"width: 65.2299%; height: 26px;\"><a href=\"http:\/\/www.tceam.tc.br\/wp-content\/uploads\/2018\/06\/A-Cr\u00edtica-Coluna-J\u00falio-Ventilari.jpeg\">Coluna J\u00falio Ventilari &#8211; Verde Regional<\/a><\/td>\n<\/tr>\n<tr style=\"height: 26px;\">\n<td style=\"width: 16.3793%; height: 26px;\">07\/06\/2018<\/td>\n<td style=\"width: 18.3907%; height: 26px;\">A Cr\u00edtica<\/td>\n<td style=\"width: 65.2299%; height: 26px;\"><a href=\"http:\/\/www.tceam.tc.br\/wp-content\/uploads\/2018\/06\/A-Cr\u00edtica-Coluna-J\u00falio-Ventilari-1.jpeg\">Coluna J\u00falio Ventilari<\/a><\/td>\n<\/tr>\n<tr style=\"height: 26px;\">\n<td style=\"width: 16.3793%; height: 26px;\">07\/06\/2018<\/td>\n<td style=\"width: 18.3907%; height: 26px;\">Em Tempo<\/td>\n<td style=\"width: 65.2299%; height: 26px;\"><a href=\"http:\/\/www.tceam.tc.br\/wp-content\/uploads\/2018\/06\/Em-Tempo-Tetas-do-er\u00e1rio.jpeg\">Tetas do er\u00e1rio<\/a><\/td>\n<\/tr>\n<tr style=\"height: 26px;\">\n<td style=\"width: 16.3793%; height: 26px;\">07\/06\/2018<\/td>\n<td style=\"width: 18.3907%; height: 26px;\">Jornal do Comm\u00e9rcio<\/td>\n<td style=\"width: 65.2299%; height: 26px;\"><a href=\"http:\/\/www.tceam.tc.br\/wp-content\/uploads\/2018\/06\/Jornal-do-Commercio-Curiosos.jpeg\">Coluna Contexto &#8211; Curiosos<\/a><\/td>\n<\/tr>\n<tr style=\"height: 23px;\">\n<td style=\"width: 16.3793%; height: 23px;\">08\/06\/2018<\/td>\n<td style=\"width: 18.3907%; height: 23px;\">A Cr\u00edtica<\/td>\n<td style=\"width: 65.2299%; height: 23px;\"><a href=\"http:\/\/www.tceam.tc.br\/wp-content\/uploads\/2018\/06\/A-Critica_Coluna-J\u00falio-Ventilari.jpg\">Coluna J\u00falio Ventilari &#8211; Debate t\u00e9cnico<\/a><\/td>\n<\/tr>\n<tr style=\"height: 23px;\">\n<td style=\"width: 16.3793%; height: 23px;\">08\/06\/2018<\/td>\n<td style=\"width: 18.3907%; height: 23px;\">Di\u00e1rio do Amazonas<\/td>\n<td style=\"width: 65.2299%; height: 23px;\"><a href=\"http:\/\/www.tceam.tc.br\/wp-content\/uploads\/2018\/06\/Di\u00e1rio-do-Amazonas_Gest\u00e3o.jpg\">Coluna Claro&amp;Escuro &#8211; Gest\u00e3o<\/a><\/td>\n<\/tr>\n<tr style=\"height: 23px;\">\n<td style=\"width: 16.3793%; height: 23px;\">09\/06\/2018<\/td>\n<td style=\"width: 18.3907%; height: 23px;\">A Cr\u00edtica<\/td>\n<td style=\"width: 65.2299%; height: 23px;\"><a href=\"http:\/\/www.tceam.tc.br\/wp-content\/uploads\/2018\/06\/Di\u00e1rio-do-Amazonas_Gest\u00e3o.jpg\">Coluna Sim&amp;N\u00e3o &#8211; Esqueleto1<\/a><\/td>\n<\/tr>\n<tr style=\"height: 23px;\">\n<td style=\"width: 16.3793%; height: 23px;\">10\/06\/2018<\/td>\n<td style=\"width: 18.3907%; height: 23px;\">A Cr\u00edtica<\/td>\n<td style=\"width: 65.2299%; height: 23px;\"><a href=\"http:\/\/www.tceam.tc.br\/wp-content\/uploads\/2018\/06\/A-Cr\u00edtica_Apoio-\u00e0-aposentadoria.jpg\">Apoio \u00e0 aposentadoria<\/a><\/td>\n<\/tr>\n<tr style=\"height: 23px;\">\n<td style=\"width: 16.3793%; height: 23px;\">10\/06\/2018<\/td>\n<td style=\"width: 18.3907%; height: 23px;\">Em Tempo<\/td>\n<td style=\"width: 65.2299%; height: 23px;\"><a href=\"http:\/\/www.tceam.tc.br\/wp-content\/uploads\/2018\/06\/Em-Tempo_MPC-tem-novo-chefe-Entre-os-Chefez.jpg\">MPC tem novo chefe<\/a><\/td>\n<\/tr>\n<tr style=\"height: 23px;\">\n<td style=\"width: 16.3793%; height: 23px;\">11\/06\/2018<\/td>\n<td style=\"width: 18.3907%; height: 23px;\">A Cr\u00edtica<\/td>\n<td style=\"width: 65.2299%; height: 23px;\"><a href=\"http:\/\/www.tceam.tc.br\/wp-content\/uploads\/2018\/06\/A-Cr\u00edtica_Coluna-J\u00falio-Ventilari.jpg\">Coluna J\u00falio Ventilari\u00a0<\/a><\/td>\n<\/tr>\n<tr style=\"height: 23px;\">\n<td style=\"width: 16.3793%; height: 23px;\">12\/06\/2018<\/td>\n<td style=\"width: 18.3907%; height: 23px;\">A Cr\u00edtica<\/td>\n<td style=\"width: 65.2299%; height: 23px;\"><a href=\"http:\/\/www.tceam.tc.br\/wp-content\/uploads\/2018\/06\/A-Cr\u00edtica_TJ-define-lista-tr\u00edplice-na-sess\u00e3o-de-amanh\u00e3.jpg\">62 gestores do Estado est\u00e3o inadimplentes<\/a><\/td>\n<\/tr>\n<tr style=\"height: 23px;\">\n<td style=\"width: 16.3793%; height: 23px;\">12\/06\/2018<\/td>\n<td style=\"width: 18.3907%; height: 23px;\">Di\u00e1rio do Amazonas<\/td>\n<td style=\"width: 65.2299%; height: 23px;\"><a href=\"http:\/\/www.tceam.tc.br\/wp-content\/uploads\/2018\/06\/Di\u00e1rio-do-Amazonas_Coluna-Alexandre-Prata.jpg\">Coluna Alexandre Prata<\/a><\/td>\n<\/tr>\n<tr style=\"height: 23px;\">\n<td style=\"width: 16.3793%; height: 23px;\">12\/06\/2018<\/td>\n<td style=\"width: 18.3907%; height: 23px;\">Di\u00e1rio do Amazonas<\/td>\n<td style=\"width: 65.2299%; height: 23px;\"><a href=\"http:\/\/www.tceam.tc.br\/wp-content\/uploads\/2018\/06\/Di\u00e1rio-do-Amazonas_TCE-cobra-62-\u00d3rg\u00e3os-por-atraso-de-Contas.jpg\">TCE cobra 62 \u00f3rg\u00e3os por atraso de contas<\/a><\/td>\n<\/tr>\n<tr style=\"height: 22px;\">\n<td style=\"width: 16.3793%; height: 22px;\">12\/06\/2018<\/td>\n<td style=\"width: 18.3907%; height: 22px;\">Em Tempo<\/td>\n<td style=\"width: 65.2299%; height: 22px;\"><a href=\"http:\/\/www.tceam.tc.br\/wp-content\/uploads\/2018\/06\/Em-Tempo_Coluna-Fernando-Coelho-JR.jpg\">Coluna Fernando Coelho<\/a><\/td>\n<\/tr>\n<tr style=\"height: 23px;\">\n<td style=\"width: 16.3793%; height: 23px;\">13\/06\/2018<\/td>\n<td style=\"width: 18.3907%; height: 23px;\">A Cr\u00edtica<\/td>\n<td style=\"width: 65.2299%; height: 23px;\"><a href=\"http:\/\/www.tceam.tc.br\/wp-content\/uploads\/2018\/06\/A-Cr\u00edtica_Pacote-milion\u00e1rio-de-obras-ser\u00e1-fiscalizado.jpg\">Pacote de obras milion\u00e1rio ser\u00e1 fiscalizado<\/a><\/td>\n<\/tr>\n<tr style=\"height: 25px;\">\n<td style=\"width: 16.3793%; height: 25px;\">13\/06\/2018<\/td>\n<td style=\"width: 18.3907%; height: 25px;\">A Cr\u00edtica<\/td>\n<td style=\"width: 65.2299%; height: 25px;\"><a href=\"http:\/\/www.tceam.tc.br\/wp-content\/uploads\/2018\/06\/A-Cr\u00edtica_TCE-fiscalizar-opera\u00e7\u00e3o-CAPA.jpg\">CAPA &#8211; TCE fiscaliza opera\u00e7\u00e3o<\/a><\/td>\n<\/tr>\n<tr style=\"height: 24px;\">\n<td style=\"width: 16.3793%; height: 24px;\">13\/06\/2018<\/td>\n<td style=\"width: 18.3907%; height: 24px;\">Di\u00e1rio do Amazonas<\/td>\n<td style=\"width: 65.2299%; height: 24px;\"><a href=\"http:\/\/www.tceam.tc.br\/wp-content\/uploads\/2018\/06\/Di\u00e1rio-do-Amazonas_TCE-anuncia-fiscaliza\u00e7\u00e3o-do-plano-Obras-de-ver\u00e3o-da-prefeitura-de-Manaus.jpg\">TCE anuncia fiscaliza\u00e7\u00e3o do Plano de Obras de Ver\u00e3o da Prefeitura de Manaus<\/a><\/td>\n<\/tr>\n<tr style=\"height: 23px;\">\n<td style=\"width: 16.3793%; height: 23px;\">13\/06\/2018<\/td>\n<td style=\"width: 18.3907%; height: 23px;\">Em Tempo<\/td>\n<td style=\"width: 65.2299%; height: 23px;\"><a href=\"http:\/\/www.tceam.tc.br\/wp-content\/uploads\/2018\/06\/Em-Tempo_Coluna-S\u00e9rgio-Frota.png\">Coluna S\u00e9rgio Frota &#8211; Confer\u00eancia Internacional de Ambiente e L\u00edngua Portuguesa, em Portugal<\/a><\/td>\n<\/tr>\n<tr style=\"height: 23px;\">\n<td style=\"width: 16.3793%; height: 23px;\">14\/06\/2018<\/td>\n<td style=\"width: 18.3907%; height: 23px;\">A Cr\u00edtica<\/td>\n<td style=\"width: 65.2299%; height: 23px;\"><a href=\"http:\/\/www.tceam.tc.br\/wp-content\/uploads\/2018\/06\/c2161534-236d-4d28-86ff-a7b7a2a77a72.jpg\">Coluna Sobe&amp;Desce<\/a><\/td>\n<\/tr>\n<tr style=\"height: 23px;\">\n<td style=\"width: 16.3793%; height: 23px;\">14\/06\/2018<\/td>\n<td style=\"width: 18.3907%; height: 23px;\">A Cr\u00edtica<\/td>\n<td style=\"width: 65.2299%; height: 23px;\"><a href=\"http:\/\/www.tceam.tc.br\/wp-content\/uploads\/2018\/06\/12a3019e-c8a9-4c50-b211-7a38268891ef.jpg\">TCE vai gerar a pr\u00f3pria energia<\/a><\/td>\n<\/tr>\n<tr style=\"height: 23px;\">\n<td style=\"width: 16.3793%; height: 23px;\">14\/06\/2018<\/td>\n<td style=\"width: 18.3907%; height: 23px;\">A Cr\u00edtica<\/td>\n<td style=\"width: 65.2299%; height: 23px;\"><a href=\"http:\/\/www.tceam.tc.br\/wp-content\/uploads\/2018\/06\/1bf53026-1f64-4be1-9476-67df94f78dea.jpg\">MPC aponta irregularidades<\/a><\/td>\n<\/tr>\n<tr style=\"height: 23px;\">\n<td style=\"width: 16.3793%; height: 23px;\">16\/06\/2018<\/td>\n<td style=\"width: 18.3907%; height: 23px;\">A Cr\u00edtica<\/td>\n<td style=\"width: 65.2299%; height: 23px;\"><a href=\"http:\/\/www.tceam.tc.br\/wp-content\/uploads\/2018\/06\/A-Critica_TCE-breca-licita\u00e7\u00e3o-da-Susam.png\">TCE breca licita\u00e7\u00e3o da Susam<\/a><\/td>\n<\/tr>\n<tr style=\"height: 20px;\">\n<td style=\"width: 16.3793%; height: 20px;\">19\/06\/2018<\/td>\n<td style=\"width: 18.3907%; height: 20px;\">A Cr\u00edtica<\/td>\n<td style=\"width: 65.2299%; height: 20px;\"><a href=\"http:\/\/www.tceam.tc.br\/wp-content\/uploads\/2018\/06\/A-Cr\u00edtica_Coluna-Cidades.jpg\">Coluna Cidades &#8211; MPC pediu apura\u00e7\u00e3o<\/a><\/td>\n<\/tr>\n<tr style=\"height: 23px;\">\n<td style=\"width: 16.3793%; height: 23px;\">19\/06\/2018<\/td>\n<td style=\"width: 18.3907%; height: 23px;\">A Cr\u00edtica<\/td>\n<td style=\"width: 65.2299%; height: 23px;\"><a href=\"http:\/\/www.tceam.tc.br\/wp-content\/uploads\/2018\/06\/A-Cr\u00edtica_\u00daltimas.jpg\">Da advocacia para o judici\u00e1rio<\/a><\/td>\n<\/tr>\n<tr style=\"height: 23px;\">\n<td style=\"width: 16.3793%; height: 23px;\">20\/06\/2018<\/td>\n<td style=\"width: 18.3907%; height: 23px;\">A Cr\u00edtica<\/td>\n<td style=\"width: 65.2299%; height: 23px;\"><a href=\"http:\/\/www.tceam.tc.br\/wp-content\/uploads\/2018\/06\/A-Cr\u00edtica_Coluna-J\u00falio-Ventilari-1.jpg\">Coluna Julio Ventilari<\/a><\/td>\n<\/tr>\n<tr style=\"height: 23px;\">\n<td style=\"width: 16.3793%; height: 23px;\">20\/06\/2018<\/td>\n<td style=\"width: 18.3907%; height: 23px;\">Jornal do Commercio<\/td>\n<td style=\"width: 65.2299%; height: 23px;\"><a href=\"http:\/\/www.tceam.tc.br\/wp-content\/uploads\/2018\/06\/Jornal-do-Commercio_INNOVARE.jpg\">Coluna Frente&amp;Perfil &#8211; Innovare<\/a><\/td>\n<\/tr>\n<tr style=\"height: 23px;\">\n<td style=\"width: 16.3793%; height: 23px;\">21\/06\/2018<\/td>\n<td style=\"width: 18.3907%; height: 23px;\">A Cr\u00edtica<\/td>\n<td style=\"width: 65.2299%; height: 23px;\"><a href=\"http:\/\/www.tceam.tc.br\/wp-content\/uploads\/2018\/06\/A-Cr\u00edtica-Processos-seletivos-de-Borba-s\u00e3o-suspensos.jpeg\">Processos seletivos de Borba s\u00e3o suspensos<\/a><\/td>\n<\/tr>\n<tr style=\"height: 23px;\">\n<td style=\"width: 16.3793%; height: 23px;\">21\/06\/2018<\/td>\n<td style=\"width: 18.3907%; height: 23px;\">Di\u00e1rio do Amazonas<\/td>\n<td style=\"width: 65.2299%; height: 23px;\"><a href=\"http:\/\/www.tceam.tc.br\/wp-content\/uploads\/2018\/06\/Di\u00e1rio-do-Amazonas-Coluna-Alexandre-Pratsa.jpeg\">Coluna Alexandre Prata<\/a><\/td>\n<\/tr>\n<tr style=\"height: 23px;\">\n<td style=\"width: 16.3793%; height: 23px;\">21\/06\/2018<\/td>\n<td style=\"width: 18.3907%; height: 23px;\">Jornal do Commercio<\/td>\n<td style=\"width: 65.2299%; height: 23px;\"><a href=\"http:\/\/www.tceam.tc.br\/wp-content\/uploads\/2018\/06\/Jornal-do-Commercio-Ouvidorias.jpeg\">Coluna Frente&amp;Perfil &#8211; Ouvidorias<\/a><\/td>\n<\/tr>\n<tr style=\"height: 23px;\">\n<td style=\"width: 16.3793%; height: 23px;\">22\/06\/2018<\/td>\n<td style=\"width: 18.3907%; height: 23px;\">A Cr\u00edtica<\/td>\n<td style=\"width: 65.2299%; height: 23px;\"><a href=\"http:\/\/www.tceam.tc.br\/wp-content\/uploads\/2018\/06\/A-Critica_Semed-celebra-mais-contratos-milion\u00e1rios.jpg\">Semed celebra mais contratos milion\u00e1rios<\/a><\/td>\n<\/tr>\n<tr style=\"height: 23px;\">\n<td style=\"width: 16.3793%; height: 23px;\">22\/06\/2018<\/td>\n<td style=\"width: 18.3907%; height: 23px;\">A Cr\u00edtica<\/td>\n<td style=\"width: 65.2299%; height: 23px;\"><a href=\"http:\/\/www.tceam.tc.br\/wp-content\/uploads\/2018\/06\/A-Critica_SimN\u00e3o.jpg\">Coluna Sim&amp;N\u00e3o &#8211; Reprovado<\/a><\/td>\n<\/tr>\n<tr style=\"height: 49px;\">\n<td style=\"width: 16.3793%; height: 49px;\">22\/06\/2018<\/td>\n<td style=\"width: 18.3907%; height: 49px;\">Di\u00e1rio do Amazonas<\/td>\n<td style=\"width: 65.2299%; height: 49px;\"><a href=\"http:\/\/www.tceam.tc.br\/wp-content\/uploads\/2018\/06\/Di\u00e1rio-do-Amazonas_TCE-cria-Cartilha-com-C\u00f3digo-de-defesa-dos-Usuarios-dos-Servi\u00e7os-P\u00fablicos.jpg\">TCE cria cartilha com C\u00f3digo de Defesa dos Consumidores dos Servi\u00e7os P\u00fablicos\u00a0<\/a><\/td>\n<\/tr>\n<tr style=\"height: 49px;\">\n<td style=\"width: 16.3793%; height: 49px;\">22\/06\/2018<\/td>\n<td style=\"width: 18.3907%; height: 49px;\">Jornal do Commercio<\/td>\n<td style=\"width: 65.2299%; height: 49px;\"><a href=\"http:\/\/www.tceam.tc.br\/wp-content\/uploads\/2018\/06\/Jornal-do-Commercio_Fisioterapia.jpg\">Coluna Frente&amp;Perfil &#8211; Fisioterapia<\/a><\/td>\n<\/tr>\n<tr style=\"height: 49px;\">\n<td style=\"width: 16.3793%; height: 49px;\">23\/06\/2018<\/td>\n<td style=\"width: 18.3907%; height: 49px;\">Di\u00e1rio do Amazonas<\/td>\n<td style=\"width: 65.2299%; height: 49px;\"><a href=\"http:\/\/www.tceam.tc.br\/wp-content\/uploads\/2018\/06\/Di\u00e1rio-do-Amazonas_TCE-entra-com-A\u00e7\u00e3o-contra-Adail-Filho.jpg\">TCE entra com a\u00e7\u00e3o contra Adail Filho<\/a><\/td>\n<\/tr>\n<tr style=\"height: 49px;\">\n<td style=\"width: 16.3793%; height: 49px;\">23\/06\/2018<\/td>\n<td style=\"width: 18.3907%; height: 49px;\">Di\u00e1rio do Amazonas<\/td>\n<td style=\"width: 65.2299%; height: 49px;\"><a href=\"http:\/\/www.tceam.tc.br\/wp-content\/uploads\/2018\/06\/Di\u00e1rio-do-Amazonas_Gastos-de-P.-Figueiredo-no-Samba-da-Cachoeira-s\u00e3o-alvos-do-TCE-AM-2306.jpeg\">Gastos de P. Figueiredo no &#8216;Samba da Cachoeira&#8217; s\u00e3o alvos do TCE-AM<\/a><\/td>\n<\/tr>\n<tr style=\"height: 23px;\">\n<td style=\"width: 16.3793%; height: 23px;\">24\/06\/2018<\/td>\n<td style=\"width: 18.3907%; height: 23px;\">A Cr\u00edtica<\/td>\n<td style=\"width: 65.2299%; height: 23px;\"><a href=\"http:\/\/www.tceam.tc.br\/wp-content\/uploads\/2018\/06\/A-Cr\u00edtica_Coluna-J\u00falio-Ventilari-2.jpg\">Coluna Julio Ventilari &#8211; Lista Especial<\/a><\/td>\n<\/tr>\n<tr style=\"height: 23px;\">\n<td style=\"width: 16.3793%; height: 23px;\">25\/06\/2018<\/td>\n<td style=\"width: 18.3907%; height: 23px;\">A Cr\u00edtica<\/td>\n<td style=\"width: 65.2299%; height: 23px;\"><a href=\"http:\/\/www.tceam.tc.br\/wp-content\/uploads\/2018\/06\/A-Cr\u00edtica_SimN\u00e3o-3.jpg\">Coluna Sim&amp;N\u00e3o &#8211; Joelma e Ato suspenso<\/a><\/td>\n<\/tr>\n<tr style=\"height: 23px;\">\n<td style=\"width: 16.3793%; height: 23px;\">26\/06\/2018<\/td>\n<td style=\"width: 18.3907%; height: 23px;\">A Cr\u00edtica<\/td>\n<td style=\"width: 65.2299%; height: 23px;\"><a href=\"http:\/\/www.tceam.tc.br\/wp-content\/uploads\/2018\/06\/A-Cr\u00edtica_SimN\u00e3o-3.jpg\">Coluna Sim&amp;N\u00e3o &#8211; Exuma\u00e7\u00e3o<\/a><\/td>\n<\/tr>\n<tr style=\"height: 23px;\">\n<td style=\"width: 16.3793%; height: 23px;\">26\/06\/2018<\/td>\n<td style=\"width: 18.3907%; height: 23px;\">Di\u00e1rio do Amazonas<\/td>\n<td style=\"width: 65.2299%; height: 23px;\"><a href=\"http:\/\/www.tceam.tc.br\/wp-content\/uploads\/2018\/06\/Di\u00e1rio-do-Amazonas_TCE-cobra-licita\u00e7\u00e3o-para-transporte-em-Iranduba.jpg\">TCE cobra licita\u00e7\u00e3o para transporte em Iranduba<\/a><\/td>\n<\/tr>\n<tr style=\"height: 23px;\">\n<td style=\"width: 16.3793%; height: 23px;\">27\/06\/2018<\/td>\n<td style=\"width: 18.3907%; height: 23px;\">A Cr\u00edtica<\/td>\n<td style=\"width: 65.2299%; height: 23px;\"><a href=\"http:\/\/www.tceam.tc.br\/wp-content\/uploads\/2018\/06\/A-Cr\u00edtica_blog.jpg\">Blog<\/a><\/td>\n<\/tr>\n<tr style=\"height: 23px;\">\n<td style=\"width: 16.3793%; height: 23px;\">27\/06\/2018<\/td>\n<td style=\"width: 18.3907%; height: 23px;\">A Cr\u00edtica<\/td>\n<td style=\"width: 65.2299%; height: 23px;\"><a href=\"http:\/\/www.tceam.tc.br\/wp-content\/uploads\/2018\/06\/A-Cr\u00edtica_Concursos-esbarram-na-falta-de-or\u00e7amento.jpg\">Concursos esbarram em or\u00e7amento<\/a><\/td>\n<\/tr>\n<tr style=\"height: 23px;\">\n<td style=\"width: 16.3793%; height: 23px;\">27\/06\/2018<\/td>\n<td style=\"width: 18.3907%; height: 23px;\">A Cr\u00edtica<\/td>\n<td style=\"width: 65.2299%; height: 23px;\"><a href=\"http:\/\/www.tceam.tc.br\/wp-content\/uploads\/2018\/06\/A-Cr\u00edtica_oposi\u00e7\u00e3o-deu-o-aval-para-R-3-bilh\u00f5es-sem-licita\u00e7\u00e3o.jpg\">Oposi\u00e7\u00e3o deu o aval para R$ 3 bilh\u00f5es sem licita\u00e7\u00e3o<\/a><\/td>\n<\/tr>\n<tr style=\"height: 23px;\">\n<td style=\"width: 16.3793%; height: 23px;\">27\/06\/2018<\/td>\n<td style=\"width: 18.3907%; height: 23px;\">A Cr\u00edtica<\/td>\n<td style=\"width: 65.2299%; height: 23px;\"><a href=\"http:\/\/www.tceam.tc.br\/wp-content\/uploads\/2018\/06\/A-Cr\u00edtica_Servi\u00e7o-P\u00fablico.jpg\">Servi\u00e7o P\u00fablico &gt; Interior<\/a><\/td>\n<\/tr>\n<tr style=\"height: 23px;\">\n<td style=\"width: 16.3793%; height: 23px;\">27\/06\/2018<\/td>\n<td style=\"width: 18.3907%; height: 23px;\">A Cr\u00edtica<\/td>\n<td style=\"width: 65.2299%; height: 23px;\"><a href=\"http:\/\/www.tceam.tc.br\/wp-content\/uploads\/2018\/06\/A-Cr\u00edtica_Todos-os-munic\u00edpios-foram-avaliados.jpg\">Todos os munic\u00edpios foram avaliados<\/a><\/td>\n<\/tr>\n<tr style=\"height: 23px;\">\n<td style=\"width: 16.3793%; height: 23px;\">27\/06\/2018<\/td>\n<td style=\"width: 18.3907%; height: 23px;\">Di\u00e1rio do Amazonas<\/td>\n<td style=\"width: 65.2299%; height: 23px;\"><a href=\"http:\/\/www.tceam.tc.br\/wp-content\/uploads\/2018\/06\/Di\u00e1rio-do-Amazonas_MPC-suspens\u00e3o-de-gastos-de-R-1-mi-com-artistas-em-coari.jpg\">MPC pede suspens\u00e3o de gastos de R$ 1 mi com artistas, em Coari<\/a><\/td>\n<\/tr>\n<tr style=\"height: 23px;\">\n<td style=\"width: 16.3793%; height: 23px;\">27\/06\/2018<\/td>\n<td style=\"width: 18.3907%; height: 23px;\">Em Tempo<\/td>\n<td style=\"width: 65.2299%; height: 23px;\"><a href=\"http:\/\/www.tceam.tc.br\/wp-content\/uploads\/2018\/06\/Em-Tempo_Alerta-Luz-amarela-Page-e-n\u00e3o-bufa-Boa-Concei\u00e7\u00e3o.jpg\">Coluna Contexto<\/a><\/td>\n<\/tr>\n<tr style=\"height: 23px;\">\n<td style=\"width: 16.3793%; height: 23px;\">27\/06\/2018<\/td>\n<td style=\"width: 18.3907%; height: 23px;\">Jornal do Commercio<\/td>\n<td style=\"width: 65.2299%; height: 23px;\"><a href=\"http:\/\/www.tceam.tc.br\/wp-content\/uploads\/2018\/06\/Em-Tempo_Alerta-Luz-amarela-Page-e-n\u00e3o-bufa-Boa-Concei\u00e7\u00e3o.jpg\">MPC\/AM pede suspens\u00e3o de contrata\u00e7\u00f5es em Coari<\/a><\/td>\n<\/tr>\n<tr style=\"height: 23px;\">\n<td style=\"width: 16.3793%; height: 23px;\">28\/06\/2018<\/td>\n<td style=\"width: 18.3907%; height: 23px;\">A Cr\u00edtica<\/td>\n<td style=\"width: 65.2299%; height: 23px;\"><a href=\"http:\/\/www.tceam.tc.br\/wp-content\/uploads\/2018\/06\/A-Cr\u00edtica-Licita\u00e7\u00e3o-da-ADS-\u00e9-suspensa-pelo-TCE-AM.jpeg\">Licita\u00e7\u00e3o da ADS \u00e9 suspensa do TCE-AM<\/a><\/td>\n<\/tr>\n<tr style=\"height: 23px;\">\n<td style=\"width: 16.3793%; height: 23px;\">28\/06\/2018<\/td>\n<td style=\"width: 18.3907%; height: 23px;\">A Cr\u00edtica<\/td>\n<td style=\"width: 65.2299%; height: 23px;\"><a href=\"http:\/\/www.tceam.tc.br\/wp-content\/uploads\/2018\/06\/A-Cr\u00edtica-AAMP-repudia-den\u00fancia.jpg\">AAMP repudia den\u00fancia<\/a><\/td>\n<\/tr>\n<tr style=\"height: 23px;\">\n<td style=\"width: 16.3793%; height: 23px;\">28\/06\/2018<\/td>\n<td style=\"width: 18.3907%; height: 23px;\">A Cr\u00edtica<\/td>\n<td style=\"width: 65.2299%; height: 23px;\"><a href=\"http:\/\/www.tceam.tc.br\/wp-content\/uploads\/2018\/06\/A-Cr\u00edtica-Prefeitura-defende-licita\u00e7\u00e3o.jpg\">Prefeitura defende licita\u00e7\u00e3o<\/a><\/td>\n<\/tr>\n<tr style=\"height: 23px;\">\n<td style=\"width: 16.3793%; height: 23px;\">28\/06\/2018<\/td>\n<td style=\"width: 18.3907%; height: 23px;\">Di\u00e1rio do Amazonas<\/td>\n<td style=\"width: 65.2299%; height: 23px;\"><a href=\"http:\/\/www.tceam.tc.br\/wp-content\/uploads\/2018\/06\/Di\u00e1rio-do-Amazonas-TCE-veta-licita\u00e7\u00e3o-da-ADS-em-cautelar.jpeg\">TCE veta licita\u00e7\u00e3o da ADS em cautelar<\/a><\/td>\n<\/tr>\n<tr style=\"height: 23px;\">\n<td style=\"width: 16.3793%; height: 23px;\">28\/06\/2018<\/td>\n<td style=\"width: 18.3907%; height: 23px;\">Di\u00e1rio do Amazonas<\/td>\n<td style=\"width: 65.2299%; height: 23px;\"><a href=\"http:\/\/www.tceam.tc.br\/wp-content\/uploads\/2018\/06\/Di\u00e1rio-do-Amazonzas-Irregularidades.jpg\">Coluna Claro&amp;Escuro &#8211; Irregularidades<\/a><\/td>\n<\/tr>\n<tr style=\"height: 23px;\">\n<td style=\"width: 16.3793%; height: 23px;\">28\/06\/2018<\/td>\n<td style=\"width: 18.3907%; height: 23px;\">Em Tempo<\/td>\n<td style=\"width: 65.2299%; height: 23px;\"><a href=\"http:\/\/www.tceam.tc.br\/wp-content\/uploads\/2018\/06\/Em-Tempo-Coluna-Fernando-Coelhor-Jr..jpeg\">Coluna Fernando Coelho Jr.<\/a><\/td>\n<\/tr>\n<tr style=\"height: 23px;\">\n<td style=\"width: 16.3793%; height: 23px;\">28\/06\/2018<\/td>\n<td style=\"width: 18.3907%; height: 23px;\">Jornal do Commercio<\/td>\n<td style=\"width: 65.2299%; height: 23px; text-align: justify;\"><a href=\"http:\/\/www.tceam.tc.br\/wp-content\/uploads\/2018\/06\/Jornal-do-Commercio-Apura\u00e7\u00e3o.jpeg\">Coluna Frente&amp;Perfil &#8211; Apura\u00e7\u00e3o<\/a><\/td>\n<\/tr>\n<\/tbody>\n<\/table>\n","protected":false},"excerpt":{"rendered":"<p>Dia Jornal Mat\u00e9ria\/Coluna 01\/06\/2018 A Cr\u00edtica Coluna Sim&amp;N\u00e3o &#8211; TCE e ALE v\u00e3o ratear verbas de multas 03\/06\/2018 A Cr\u00edtica Prefeitura diz que &#8216;revitalizou&#8217; trecho da Manaus Moderna 03\/06\/2018 A Cr\u00edtica &#8216;Responsabilidade de todos 05\/06\/2018 Em Tempo Censo Escolar 06\/06\/2018 A Cr\u00edtica Coluna Sim&amp;N\u00e3o &#8211; Pinga Fogo 06\/06\/2018 A Cr\u00edtica TCE vai fiscalizar obra 06\/06\/2018 [&hellip;]<\/p>\n","protected":false},"author":46,"featured_media":0,"parent":0,"menu_order":0,"comment_status":"closed","ping_status":"closed","template":"","meta":{"footnotes":""},"class_list":["post-23018","page","type-page","status-publish","hentry"],"_links":{"self":[{"href":"https:\/\/www.tceam.tc.br\/index.php?rest_route=\/wp\/v2\/pages\/23018","targetHints":{"allow":["GET"]}}],"collection":[{"href":"https:\/\/www.tceam.tc.br\/index.php?rest_route=\/wp\/v2\/pages"}],"about":[{"href":"https:\/\/www.tceam.tc.br\/index.php?rest_route=\/wp\/v2\/types\/page"}],"author":[{"embeddable":true,"href":"https:\/\/www.tceam.tc.br\/index.php?rest_route=\/wp\/v2\/users\/46"}],"replies":[{"embeddable":true,"href":"https:\/\/www.tceam.tc.br\/index.php?rest_route=%2Fwp%2Fv2%2Fcomments&post=23018"}],"version-history":[{"count":0,"href":"https:\/\/www.tceam.tc.br\/index.php?rest_route=\/wp\/v2\/pages\/23018\/revisions"}],"wp:attachment":[{"href":"https:\/\/www.tceam.tc.br\/index.php?rest_route=%2Fwp%2Fv2%2Fmedia&parent=23018"}],"curies":[{"name":"wp","href":"https:\/\/api.w.org\/{rel}","templated":true}]}}