
{"id":20472,"date":"2018-02-21T11:12:38","date_gmt":"2018-02-21T15:12:38","guid":{"rendered":"http:\/\/www.tceam.tc.br\/?page_id=20472"},"modified":"2024-09-03T11:54:15","modified_gmt":"2024-09-03T15:54:15","slug":"movimentacao-de-processos-dos-gabinetes-de-conselheiros-e-auditores","status":"publish","type":"page","link":"https:\/\/www.tceam.tc.br\/?page_id=20472","title":{"rendered":"Movimenta\u00e7\u00e3o de processos dos gabinetes de conselheiros e auditores"},"content":{"rendered":"\t\t<div data-elementor-type=\"wp-page\" data-elementor-id=\"20472\" class=\"elementor elementor-20472\" data-elementor-settings=\"{&quot;ha_cmc_init_switcher&quot;:&quot;no&quot;,&quot;element_pack_global_tooltip_width&quot;:{&quot;unit&quot;:&quot;px&quot;,&quot;size&quot;:&quot;&quot;,&quot;sizes&quot;:[]},&quot;element_pack_global_tooltip_width_laptop&quot;:{&quot;unit&quot;:&quot;px&quot;,&quot;size&quot;:&quot;&quot;,&quot;sizes&quot;:[]},&quot;element_pack_global_tooltip_width_tablet_extra&quot;:{&quot;unit&quot;:&quot;px&quot;,&quot;size&quot;:&quot;&quot;,&quot;sizes&quot;:[]},&quot;element_pack_global_tooltip_width_tablet&quot;:{&quot;unit&quot;:&quot;px&quot;,&quot;size&quot;:&quot;&quot;,&quot;sizes&quot;:[]},&quot;element_pack_global_tooltip_width_mobile_extra&quot;:{&quot;unit&quot;:&quot;px&quot;,&quot;size&quot;:&quot;&quot;,&quot;sizes&quot;:[]},&quot;element_pack_global_tooltip_width_mobile&quot;:{&quot;unit&quot;:&quot;px&quot;,&quot;size&quot;:&quot;&quot;,&quot;sizes&quot;:[]},&quot;element_pack_global_tooltip_padding&quot;:{&quot;unit&quot;:&quot;px&quot;,&quot;top&quot;:&quot;&quot;,&quot;right&quot;:&quot;&quot;,&quot;bottom&quot;:&quot;&quot;,&quot;left&quot;:&quot;&quot;,&quot;isLinked&quot;:true},&quot;element_pack_global_tooltip_padding_laptop&quot;:{&quot;unit&quot;:&quot;px&quot;,&quot;top&quot;:&quot;&quot;,&quot;right&quot;:&quot;&quot;,&quot;bottom&quot;:&quot;&quot;,&quot;left&quot;:&quot;&quot;,&quot;isLinked&quot;:true},&quot;element_pack_global_tooltip_padding_tablet_extra&quot;:{&quot;unit&quot;:&quot;px&quot;,&quot;top&quot;:&quot;&quot;,&quot;right&quot;:&quot;&quot;,&quot;bottom&quot;:&quot;&quot;,&quot;left&quot;:&quot;&quot;,&quot;isLinked&quot;:true},&quot;element_pack_global_tooltip_padding_tablet&quot;:{&quot;unit&quot;:&quot;px&quot;,&quot;top&quot;:&quot;&quot;,&quot;right&quot;:&quot;&quot;,&quot;bottom&quot;:&quot;&quot;,&quot;left&quot;:&quot;&quot;,&quot;isLinked&quot;:true},&quot;element_pack_global_tooltip_padding_mobile_extra&quot;:{&quot;unit&quot;:&quot;px&quot;,&quot;top&quot;:&quot;&quot;,&quot;right&quot;:&quot;&quot;,&quot;bottom&quot;:&quot;&quot;,&quot;left&quot;:&quot;&quot;,&quot;isLinked&quot;:true},&quot;element_pack_global_tooltip_padding_mobile&quot;:{&quot;unit&quot;:&quot;px&quot;,&quot;top&quot;:&quot;&quot;,&quot;right&quot;:&quot;&quot;,&quot;bottom&quot;:&quot;&quot;,&quot;left&quot;:&quot;&quot;,&quot;isLinked&quot;:true},&quot;element_pack_global_tooltip_border_radius&quot;:{&quot;unit&quot;:&quot;px&quot;,&quot;top&quot;:&quot;&quot;,&quot;right&quot;:&quot;&quot;,&quot;bottom&quot;:&quot;&quot;,&quot;left&quot;:&quot;&quot;,&quot;isLinked&quot;:true},&quot;element_pack_global_tooltip_border_radius_laptop&quot;:{&quot;unit&quot;:&quot;px&quot;,&quot;top&quot;:&quot;&quot;,&quot;right&quot;:&quot;&quot;,&quot;bottom&quot;:&quot;&quot;,&quot;left&quot;:&quot;&quot;,&quot;isLinked&quot;:true},&quot;element_pack_global_tooltip_border_radius_tablet_extra&quot;:{&quot;unit&quot;:&quot;px&quot;,&quot;top&quot;:&quot;&quot;,&quot;right&quot;:&quot;&quot;,&quot;bottom&quot;:&quot;&quot;,&quot;left&quot;:&quot;&quot;,&quot;isLinked&quot;:true},&quot;element_pack_global_tooltip_border_radius_tablet&quot;:{&quot;unit&quot;:&quot;px&quot;,&quot;top&quot;:&quot;&quot;,&quot;right&quot;:&quot;&quot;,&quot;bottom&quot;:&quot;&quot;,&quot;left&quot;:&quot;&quot;,&quot;isLinked&quot;:true},&quot;element_pack_global_tooltip_border_radius_mobile_extra&quot;:{&quot;unit&quot;:&quot;px&quot;,&quot;top&quot;:&quot;&quot;,&quot;right&quot;:&quot;&quot;,&quot;bottom&quot;:&quot;&quot;,&quot;left&quot;:&quot;&quot;,&quot;isLinked&quot;:true},&quot;element_pack_global_tooltip_border_radius_mobile&quot;:{&quot;unit&quot;:&quot;px&quot;,&quot;top&quot;:&quot;&quot;,&quot;right&quot;:&quot;&quot;,&quot;bottom&quot;:&quot;&quot;,&quot;left&quot;:&quot;&quot;,&quot;isLinked&quot;:true}}\" data-elementor-post-type=\"page\">\n\t\t\t\t\t\t<section data-exad-particle-enable=\"false\" class=\"elementor-section elementor-top-section elementor-element elementor-element-56daa341 elementor-section-boxed elementor-section-height-default elementor-section-height-default exad-parallax-effect-no exad-background-color-change-no exad-glass-effect-no exad-sticky-section-no\" data-id=\"56daa341\" data-element_type=\"section\" data-settings=\"{&quot;_ha_eqh_enable&quot;:false}\">\n\t\t\t\t\t\t<div class=\"elementor-container elementor-column-gap-default\">\n\t\t\t\t\t<div class=\"elementor-column elementor-col-100 elementor-top-column elementor-element elementor-element-265ad800 exad-glass-effect-no exad-sticky-section-no\" data-id=\"265ad800\" data-element_type=\"column\">\n\t\t\t<div class=\"elementor-widget-wrap elementor-element-populated\">\n\t\t\t\t\t\t<div class=\"elementor-element elementor-element-6dc51993 exad-sticky-section-no exad-glass-effect-no elementor-widget elementor-widget-text-editor\" data-id=\"6dc51993\" data-element_type=\"widget\" data-widget_type=\"text-editor.default\">\n\t\t\t\t<div class=\"elementor-widget-container\">\n\t\t\t\t\t\t\t\t\t<table style=\"height: 366px; width: 100%;\" border=\"1\" width=\"695\" cellspacing=\"1\" cellpadding=\"1\" align=\"center\"><caption><div><table style=\"height: 183px; width: 100%;\" border=\"1\" width=\"695\" cellspacing=\"1\" cellpadding=\"1\" align=\"center\"><caption><div><p><span style=\"color: #000000; font-size: 10pt;\"><strong>ANO 2022<\/strong><\/span><\/p><table style=\"border-collapse: collapse; width: 100%;\"><tbody><tr><td style=\"width: 25%; text-align: center;\"><a href=\"https:\/\/www.tceam.tc.br\/wp-content\/uploads\/2022\/05\/relatorio-jan-22.pdf\"><strong><span style=\"color: #0000ff;\">JANEIRO<\/span><\/strong><\/a><\/td><td style=\"width: 25%; text-align: center;\"><strong><span style=\"color: #0000ff;\"><a style=\"color: #0000ff;\" href=\"https:\/\/www.tceam.tc.br\/wp-content\/uploads\/2022\/05\/RELATORIO-MENSAL-FEVEREIRO-2022.xlsx.pdf\">FEVEREIRO<\/a><\/span><\/strong><\/td><td style=\"width: 25%; text-align: center;\"><a href=\"https:\/\/www.tceam.tc.br\/wp-content\/uploads\/2022\/05\/RELATORIO-MENSAL-MARCO-2022.xlsx.pdf\"><span style=\"color: #0000ff;\"><strong>MAR\u00c7O<\/strong><\/span><\/a><\/td><td style=\"width: 25%; text-align: center;\"><span style=\"color: #0000ff;\"><a style=\"color: #0000ff;\" href=\"https:\/\/www.tceam.tc.br\/wp-content\/uploads\/2022\/05\/RELATORIO-MENSAL-abril-2022.xlsx.pdf\"><strong>ABRIL<\/strong><\/a><\/span><\/td><\/tr><tr><td style=\"width: 25%; text-align: center;\"><span style=\"color: #000000;\">MAIO<\/span><\/td><td style=\"width: 25%; text-align: center;\"><span style=\"color: #000000;\">JUNHO<\/span><\/td><td style=\"width: 25%; text-align: center;\"><span style=\"color: #000000;\">JULHO<\/span><\/td><td style=\"width: 25%; text-align: center;\"><span style=\"color: #000000;\">AGOSTO<\/span><\/td><\/tr><tr><td style=\"width: 25%; text-align: center;\"><span style=\"color: #000000;\">SETEMBRO<\/span><\/td><td style=\"width: 25%; text-align: center;\"><span style=\"color: #000000;\">OUTUBRO<\/span><\/td><td style=\"width: 25%; text-align: center;\"><span style=\"color: #000000;\">NOVEMBRO<\/span><\/td><td style=\"width: 25%; text-align: center;\"><span style=\"color: #000000;\">DEZEMBRO<\/span><\/td><\/tr><\/tbody><\/table><\/div><div>\u00a0<\/div><div><strong><span style=\"font-size: 14px;\"><span style=\"font-family: arial,helvetica,sans-serif;\">ANO 2020<\/span><\/span><\/strong><\/div><\/caption><tbody><tr style=\"height: 61px;\"><td style=\"width: 25%; height: 61px; text-align: center;\"><a href=\"http:\/\/www.tceam.tc.br\/wp-content\/uploads\/2020\/02\/Relatorios_Mensais_Janeiro_2020.pdf\"><strong>JANEIRO<\/strong><\/a><\/td><td style=\"width: 25%; height: 61px; text-align: center;\"><strong>FEVEREIRO<\/strong><\/td><td style=\"width: 25%; height: 61px; text-align: center;\"><strong>MAR\u00c7O<\/strong><\/td><td style=\"width: 25%; height: 61px; text-align: center;\"><strong>ABRIL<\/strong><\/td><\/tr><tr style=\"height: 61px;\"><td style=\"width: 25%; height: 61px; text-align: center;\"><strong>MAIO<\/strong><\/td><td style=\"width: 25%; height: 61px; text-align: center;\"><strong>JUNHO<\/strong><\/td><td style=\"width: 25%; height: 61px; text-align: center;\"><strong>JULHO<\/strong><\/td><td style=\"width: 25%; height: 61px; text-align: center;\"><strong>AGOSTO<\/strong><\/td><\/tr><tr style=\"height: 61px;\"><td style=\"width: 25%; height: 61px; text-align: center;\"><strong>SETEMBRO<\/strong><\/td><td style=\"width: 25%; height: 61px; text-align: center;\"><strong>OUTUBRO<\/strong><\/td><td style=\"width: 25%; height: 61px; text-align: center;\"><strong>NOVEMBRO<\/strong><\/td><td style=\"width: 25%; height: 61px; text-align: center;\"><strong>DEZEMBRO<\/strong><\/td><\/tr><\/tbody><\/table><\/div><div>\u00a0<\/div><div><strong><span style=\"font-size: 14px;\"><span style=\"font-family: arial,helvetica,sans-serif;\">ANO 2018<\/span><\/span><\/strong><\/div><\/caption><tbody><tr style=\"height: 61px;\"><td style=\"width: 23.5632%; height: 61px; text-align: center;\"><span style=\"text-decoration: underline;\"><strong><a href=\"http:\/\/www.tceam.tc.br\/portal\/wp-content\/uploads\/2018\/02\/Movimenta\u00e7\u00e3o-de-Processos-dos-Gabinetes-dos-Conselheiros-e-Auditores.pdf\">JANEIRO<\/a><\/strong><\/span><\/td><td style=\"width: 26.5805%; height: 61px; text-align: center;\"><span style=\"text-decoration: underline;\"><strong><a href=\"http:\/\/www.tceam.tc.br\/portal\/wp-content\/uploads\/2018\/04\/Movimenta\u00e7\u00e3o-de-Processos-dos-Gabinetes-dos-Conselheiros-e-Auditores-fevereiro.pdf\">FEVEREIRO<\/a><\/strong><\/span><\/td><td style=\"width: 24.569%; height: 61px; text-align: center;\"><span style=\"text-decoration: underline;\"><strong><a href=\"http:\/\/www.tceam.tc.br\/portal\/wp-content\/uploads\/2018\/04\/movimenta\u00e7\u00e3o-mar\u00e7o.pdf\">MAR\u00c7O<\/a><\/strong><\/span><\/td><td style=\"width: 24.2816%; height: 61px; text-align: center;\"><a href=\"http:\/\/www.tceam.tc.br\/portal\/wp-content\/uploads\/2018\/05\/Movimenta\u00e7\u00e3o-de-Processos-dos-Gabinetes-dos-Conselheiros-e-Auditores-1.pdf\"><strong>ABRIL<\/strong><\/a><\/td><\/tr><tr style=\"height: 61px;\"><td style=\"width: 23.5632%; height: 61px; text-align: center;\"><strong><a href=\"http:\/\/www.tceam.tc.br\/portal\/wp-content\/uploads\/2018\/06\/Movimenta\u00e7\u00e3o-de-Processos-dos-Gabinetes-dos-Conselheiros-e-Auditores.docx\">MAIO<\/a><\/strong><\/td><td style=\"width: 26.5805%; height: 61px; text-align: center;\"><strong><a href=\"http:\/\/www.tceam.tc.br\/portal\/wp-content\/uploads\/2018\/07\/Movimenta\u00e7\u00e3o-de-Processos-dos-Gabinetes-dos-Conselheiros-e-Auditores-1.pdf\">JUNHO<\/a><\/strong><\/td><td style=\"width: 24.569%; height: 61px; text-align: center;\"><strong><a href=\"http:\/\/www.tceam.tc.br\/portal\/wp-content\/uploads\/2018\/08\/Movimenta\u00e7\u00e3o-de-Processos-dos-Gabinetes-dos-Conselheiros-e-Auditores-JULHO-DE-2018..pdf\">JULHO<\/a><\/strong><\/td><td style=\"width: 24.2816%; height: 61px; text-align: center;\"><strong><a href=\"http:\/\/www.tceam.tc.br\/portal\/wp-content\/uploads\/2018\/10\/Movimenta\u00e7\u00e3o-de-Processos-dos-Gabinetes-dos-Conselheiros-e-Auditores-SETEMBRO-DE-2018..pdf\">AGOSTO<\/a><\/strong><\/td><\/tr><tr style=\"height: 61px;\"><td style=\"width: 23.5632%; height: 61px; text-align: center;\"><a href=\"http:\/\/www.tceam.tc.br\/portal\/wp-content\/uploads\/2019\/01\/Movimenta\u00e7\u00e3o-de-Processos-dos-Gabinetes-dos-Conselheiros-e-Auditores-SETEMBRO-DE-2018..pdf\"><strong>SETEMBRO<\/strong><\/a><\/td><td style=\"width: 26.5805%; height: 61px; text-align: center;\"><strong><a href=\"http:\/\/www.tceam.tc.br\/portal\/wp-content\/uploads\/2019\/01\/Movimenta\u00e7\u00e3o-de-Processos-dos-Gabinetes-dos-Conselheiros-e-Auditores-OUTUBRO-DE-2018..pdf\">OUTUBRO<\/a><\/strong><\/td><td style=\"width: 24.569%; height: 61px; text-align: center;\"><a href=\"http:\/\/www.tceam.tc.br\/portal\/wp-content\/uploads\/2019\/01\/Movimenta\u00e7\u00e3o-de-Processos-dos-Gabinetes-dos-Conselheiros-e-Auditores-NOVEMBRO-DE-2018..pdf\"><strong>NOVEMBRO<\/strong><\/a><\/td><td style=\"width: 24.2816%; height: 61px; text-align: center;\"><strong><a href=\"http:\/\/www.tceam.tc.br\/portal\/wp-content\/uploads\/2019\/01\/Movimenta\u00e7\u00e3o-de-Processos-dos-Gabinetes-dos-Conselheiros-e-Auditores-DEZEMBRO-DE-2018..pdf\">DEZEMBRO<\/a><\/strong><\/td><\/tr><\/tbody><\/table><p style=\"text-align: center;\"><strong><span style=\"font-size: 14px;\"><span style=\"font-family: arial,helvetica,sans-serif;\">ANO 2019<\/span><\/span><\/strong><\/p><table class=\"aligncenter\" style=\"height: 164px; border-style: solid; border-color: #000000; width: 99.9809%;\" border=\"2px\" width=\"698\" cellspacing=\"1px\" cellpadding=\"2px\"><tbody><tr style=\"height: 26px;\"><td style=\"width: 22.8916%; height: 49px;\"><strong><a href=\"http:\/\/www.tceam.tc.br\/portal\/wp-content\/uploads\/2019\/02\/Movimenta\u00e7\u00e3o-de-Processos-dos-Gabinetes-dos-Conselheiros-e-Auditores-JANEIRO-DE-2019..pdf\">JANEIRO<\/a><\/strong><\/td><td style=\"width: 23.2932%; height: 49px;\"><a href=\"http:\/\/www.tceam.tc.br\/portal\/wp-content\/uploads\/2019\/03\/Movimenta\u00e7\u00e3o-de-Processos-dos-Gabinetes-dos-Conselheiros-e-Auditores-FEVEREIRO-DE-2019..pdf\"><strong>FEVEREIRO<\/strong><\/a><\/td><td style=\"width: 23.6948%; height: 49px;\"><a href=\"http:\/\/www.tceam.tc.br\/portal\/wp-content\/uploads\/2019\/04\/RELAT\u00d3RIO-MAR\u00c7O.pdf\"><strong>MAR\u00c7O<\/strong><\/a><\/td><td style=\"width: 14.7296%; height: 49px;\"><a href=\"http:\/\/www.tceam.tc.br\/portal\/wp-content\/uploads\/2019\/05\/RELAT\u00d3RIO-ABRIL.-2019.pdf\"><strong>ABRIL<\/strong><\/a><\/td><\/tr><tr style=\"height: 26px;\"><td style=\"width: 22.8916%; height: 43px;\"><a href=\"http:\/\/www.tceam.tc.br\/portal\/wp-content\/uploads\/2019\/06\/RELAT\u00d3RIO-MAIO.-2019-1.pdf\"><strong>MAIO<\/strong><\/a><\/td><td style=\"width: 23.2932%; height: 43px;\"><a href=\"http:\/\/www.tceam.tc.br\/wp-content\/uploads\/2019\/07\/movimenta\u00e7\u00e3o-de-processos-junho.pdf\"><strong>JUNHO<\/strong><\/a><\/td><td style=\"width: 23.6948%; height: 43px;\"><a href=\"http:\/\/www.tceam.tc.br\/wp-content\/uploads\/2019\/08\/RELAT\u00d3RIO-MENSAL-JULHO-DE-2019.pdf\"><strong>JULHO<\/strong><\/a><\/td><td style=\"width: 14.7296%; height: 43px;\"><a href=\"http:\/\/www.tceam.tc.br\/wp-content\/uploads\/2019\/09\/RELAT\u00d3RIO-MENSAL-AGOSTO-DE-2019.pdf\"><strong>AGOSTO<\/strong><\/a><\/td><\/tr><tr style=\"height: 26px;\"><td style=\"width: 22.8916%; height: 44px;\"><a href=\"http:\/\/www.tceam.tc.br\/wp-content\/uploads\/2019\/10\/RELAT\u00d3RIO-MENSAL-SETEMBRO.pdf\"><strong>SETEMBRO<\/strong><\/a><\/td><td style=\"width: 23.2932%; height: 44px;\"><a href=\"http:\/\/www.tceam.tc.br\/wp-content\/uploads\/2019\/11\/RELAT\u00d3RIO-DE-OUTUBRO-DE-2019.pdf\"><strong>OUTUBRO<\/strong><\/a><\/td><td style=\"width: 23.6948%; height: 44px;\"><a href=\"http:\/\/www.tceam.tc.br\/wp-content\/uploads\/2019\/12\/RELAT\u00d3RIO-MENSAL-DE-NOVEMBRO-2019.pdf\"><strong>NOVEMBRO<\/strong><\/a><\/td><td style=\"width: 14.7296%; height: 44px;\"><a href=\"http:\/\/www.tceam.tc.br\/wp-content\/uploads\/2020\/01\/RELAT\u00d3RIO-MENSAL-DE-DEZEMBRO.pdf\"><strong>DEZEMBRO<\/strong><\/a><\/td><\/tr><\/tbody><\/table>\t\t\t\t\t\t\t\t<\/div>\n\t\t\t\t<\/div>\n\t\t\t\t\t<\/div>\n\t\t<\/div>\n\t\t\t\t\t<\/div>\n\t\t<\/section>\n\t\t\t\t<\/div>\n\t\t","protected":false},"excerpt":{"rendered":"<p>ANO 2022 JANEIRO FEVEREIRO MAR\u00c7O ABRIL MAIO JUNHO JULHO AGOSTO SETEMBRO OUTUBRO NOVEMBRO DEZEMBRO \u00a0ANO 2020 JANEIRO FEVEREIRO MAR\u00c7O ABRIL MAIO JUNHO JULHO AGOSTO SETEMBRO OUTUBRO NOVEMBRO DEZEMBRO \u00a0ANO 2018 JANEIRO FEVEREIRO MAR\u00c7O ABRIL MAIO JUNHO JULHO AGOSTO SETEMBRO OUTUBRO NOVEMBRO DEZEMBRO ANO 2019 JANEIRO FEVEREIRO MAR\u00c7O ABRIL MAIO JUNHO JULHO AGOSTO SETEMBRO OUTUBRO NOVEMBRO [&hellip;]<\/p>\n","protected":false},"author":3,"featured_media":0,"parent":0,"menu_order":0,"comment_status":"closed","ping_status":"closed","template":"","meta":{"footnotes":""},"class_list":["post-20472","page","type-page","status-publish","hentry"],"_links":{"self":[{"href":"https:\/\/www.tceam.tc.br\/index.php?rest_route=\/wp\/v2\/pages\/20472","targetHints":{"allow":["GET"]}}],"collection":[{"href":"https:\/\/www.tceam.tc.br\/index.php?rest_route=\/wp\/v2\/pages"}],"about":[{"href":"https:\/\/www.tceam.tc.br\/index.php?rest_route=\/wp\/v2\/types\/page"}],"author":[{"embeddable":true,"href":"https:\/\/www.tceam.tc.br\/index.php?rest_route=\/wp\/v2\/users\/3"}],"replies":[{"embeddable":true,"href":"https:\/\/www.tceam.tc.br\/index.php?rest_route=%2Fwp%2Fv2%2Fcomments&post=20472"}],"version-history":[{"count":12,"href":"https:\/\/www.tceam.tc.br\/index.php?rest_route=\/wp\/v2\/pages\/20472\/revisions"}],"predecessor-version":[{"id":75160,"href":"https:\/\/www.tceam.tc.br\/index.php?rest_route=\/wp\/v2\/pages\/20472\/revisions\/75160"}],"wp:attachment":[{"href":"https:\/\/www.tceam.tc.br\/index.php?rest_route=%2Fwp%2Fv2%2Fmedia&parent=20472"}],"curies":[{"name":"wp","href":"https:\/\/api.w.org\/{rel}","templated":true}]}}