
{"id":20104,"date":"2018-01-26T10:58:07","date_gmt":"2018-01-26T14:58:07","guid":{"rendered":"http:\/\/www.tceam.tc.br\/?page_id=20104"},"modified":"2024-05-07T08:12:25","modified_gmt":"2024-05-07T12:12:25","slug":"teste-1","status":"publish","type":"page","link":"https:\/\/www.tceam.tc.br\/?page_id=20104","title":{"rendered":"Presta\u00e7\u00e3o de Contas Anuais do Estado e Munic\u00edpios Novo"},"content":{"rendered":"<h2><span style=\"color: #000000;\">Contas do Estado<\/span><\/h2>\n<ul>\n<li><span style=\"color: #0000ff;\"><a style=\"color: #0000ff;\" href=\"http:\/\/www.tceam.tc.br\/?page_id=26328\">Contas Anuais e Gerais do Governo<br \/>\nRelat\u00f3rio, parecer e voto <\/a><\/span><\/li>\n<li><span style=\"color: #0000ff;\"><a style=\"color: #0000ff;\" href=\"https:\/\/www.tceam.tc.br\/wp-content\/uploads\/2024\/05\/2.-ADM.-INDIRETA-DO-ESTADO-13.pdf\">Contas da Administra\u00e7\u00e3o Indireta<\/a><\/span><\/li>\n<li><span style=\"color: #0000ff;\"><a style=\"color: #0000ff;\" href=\"https:\/\/www.tceam.tc.br\/wp-content\/uploads\/2024\/05\/1.-ADM.-DIRETA-DO-ESTADO-12_compressed.pdf\">Contas da Administra\u00e7\u00e3o Direta do Estado<\/a><\/span><\/li>\n<\/ul>\n<h2><span style=\"color: #000000;\">Munic\u00edpios do Interior<\/span><\/h2>\n<ul>\n<li><span style=\"color: #0000ff;\"><a style=\"color: #0000ff;\" href=\"https:\/\/www.tceam.tc.br\/wp-content\/uploads\/2024\/05\/4.-PREFEITURAS-MUNICIPAIS-16.pdf\">Prefeituras<\/a><a style=\"color: #0000ff;\" href=\"http:\/\/www.tceam.tc.br\/wp-content\/uploads\/2019\/11\/PREFEITURAS-MUNICIPAIS-INTERNET.pdf\"><br \/>\n<\/a><\/span><\/li>\n<li><span style=\"color: #0000ff;\"><a style=\"color: #0000ff;\" href=\"https:\/\/www.tceam.tc.br\/wp-content\/uploads\/2024\/05\/6.-CAMARAS-MUNICIPAIS-13.pdf\">C\u00e2maras<\/a><a style=\"color: #0000ff;\" href=\"http:\/\/www.tceam.tc.br\/wp-content\/uploads\/2019\/11\/C%C3%82MARAS-MUNICIPAIS-INTERNET-1.pdf\"><br \/>\n<\/a><\/span><\/li>\n<li><span style=\"color: #0000ff;\"><a style=\"color: #0000ff;\" href=\"https:\/\/www.tceam.tc.br\/wp-content\/uploads\/2024\/05\/5.-ADM.-INDIRETA-DOS-MUNICIPIOS-DO-INTERIOR-13.pdf\">Administra\u00e7\u00e3o Indireta<\/a><a style=\"color: #0000ff;\" href=\"http:\/\/www.tceam.tc.br\/wp-content\/uploads\/2019\/11\/INDIRETA-DOS-MUNIC%C3%8DPIOS-DO-INTERIOR-INTERNET.pdf\"><br \/>\n<\/a><\/span><\/li>\n<\/ul>\n<h2><span style=\"color: #000000;\">Cidade de Manaus<\/span><\/h2>\n<ul>\n<li><span style=\"color: #0000ff;\"><a style=\"color: #0000ff;\" href=\"http:\/\/www.tceam.tc.br\/?page_id=26332\">Contas Anuais e Gerais da Prefeitura<br \/>\nRelat\u00f3rio, parecer e voto<\/a><\/span><\/li>\n<li><span style=\"color: #0000ff;\"><a style=\"color: #0000ff;\" href=\"https:\/\/www.tceam.tc.br\/wp-content\/uploads\/2024\/05\/3.-ADM.-DIRETA-E-INDIRETA-DE-MANAUS-12.pdf\">Direta e Indireta Do Munic\u00edpio de Manaus<\/a><\/span><\/li>\n<\/ul>\n","protected":false},"excerpt":{"rendered":"<p>Contas do Estado Contas Anuais e Gerais do Governo Relat\u00f3rio, parecer e voto Contas da Administra\u00e7\u00e3o Indireta Contas da Administra\u00e7\u00e3o Direta do Estado Munic\u00edpios do Interior Prefeituras C\u00e2maras Administra\u00e7\u00e3o Indireta Cidade de Manaus Contas Anuais e Gerais da Prefeitura Relat\u00f3rio, parecer e voto Direta e Indireta Do Munic\u00edpio de Manaus<\/p>\n","protected":false},"author":3,"featured_media":0,"parent":0,"menu_order":0,"comment_status":"closed","ping_status":"closed","template":"","meta":{"footnotes":""},"class_list":["post-20104","page","type-page","status-publish","hentry"],"_links":{"self":[{"href":"https:\/\/www.tceam.tc.br\/index.php?rest_route=\/wp\/v2\/pages\/20104","targetHints":{"allow":["GET"]}}],"collection":[{"href":"https:\/\/www.tceam.tc.br\/index.php?rest_route=\/wp\/v2\/pages"}],"about":[{"href":"https:\/\/www.tceam.tc.br\/index.php?rest_route=\/wp\/v2\/types\/page"}],"author":[{"embeddable":true,"href":"https:\/\/www.tceam.tc.br\/index.php?rest_route=\/wp\/v2\/users\/3"}],"replies":[{"embeddable":true,"href":"https:\/\/www.tceam.tc.br\/index.php?rest_route=%2Fwp%2Fv2%2Fcomments&post=20104"}],"version-history":[{"count":5,"href":"https:\/\/www.tceam.tc.br\/index.php?rest_route=\/wp\/v2\/pages\/20104\/revisions"}],"predecessor-version":[{"id":71761,"href":"https:\/\/www.tceam.tc.br\/index.php?rest_route=\/wp\/v2\/pages\/20104\/revisions\/71761"}],"wp:attachment":[{"href":"https:\/\/www.tceam.tc.br\/index.php?rest_route=%2Fwp%2Fv2%2Fmedia&parent=20104"}],"curies":[{"name":"wp","href":"https:\/\/api.w.org\/{rel}","templated":true}]}}