
{"id":19706,"date":"2018-01-18T14:52:45","date_gmt":"2018-01-18T18:52:45","guid":{"rendered":"http:\/\/www.tceam.tc.br\/?page_id=19706"},"modified":"2018-03-21T11:12:55","modified_gmt":"2018-03-21T15:12:55","slug":"conselheiro-julio-assis-correa-pinheiro","status":"publish","type":"page","link":"https:\/\/www.tceam.tc.br\/?page_id=19706","title":{"rendered":"Conselheiro J\u00falio Assis Corr\u00eaa Pinheiro"},"content":{"rendered":"<p>[vc_row bg_type=&#8221;bg_color&#8221; bg_override=&#8221;full&#8221; bg_color_value=&#8221;#ffffff&#8221;][vc_column width=&#8221;1\/3&#8243;][ult_animation_block animation=&#8221;fadeInLeft&#8221; animation_duration=&#8221;1&#8243; animation_delay=&#8221;0&#8243; animation_iteration_count=&#8221;1&#8243;][vc_empty_space height=&#8221;20px&#8221;][vc_single_image image=&#8221;19828&#8243; img_size=&#8221;large&#8221; alignment=&#8221;center&#8221;][vc_empty_space height=&#8221;20px&#8221;][\/ult_animation_block][\/vc_column][vc_column width=&#8221;2\/3&#8243;][ult_animation_block animation=&#8221;fadeIn&#8221; animation_duration=&#8221;3&#8243; animation_delay=&#8221;0&#8243; animation_iteration_count=&#8221;1&#8243;][vc_empty_space height=&#8221;20px&#8221;][vc_column_text]<\/p>\n<h3><strong><span style=\"font-size: 18pt;\">Conselheiro J\u00falio Assis Corr\u00eaa Pinheiro<\/span><\/strong><\/h3>\n<p style=\"text-align: justify;\">Nomeado conselheiro do Tribunal de Contas do Estado do Amazonas, em 2005, chegou \u00e0 presid\u00eancia da Corte de Contas no bi\u00eanio 2010-2011. \u00c9 Graduado em Direito pela Funda\u00e7\u00e3o Universidade do Amazonas e exerceu a advocacia, militando nas \u00e1reas de Direito Penal, Direito Civil, Direito Administrativo, Direito Comercial e Direito de Fam\u00edlia.<\/p>\n<ul>\n<li>Nascimento: 18\/01\/1961<\/li>\n<li>Posse: 24 de maio de 2005<\/li>\n<li>Decreto: 05 de maio de 2005<\/li>\n<li>Origem: indica\u00e7\u00e3o da Assembl\u00e9ia<\/li>\n<\/ul>\n<p><a href=\"http:\/\/www.tceam.tc.br\/wp-content\/uploads\/curriculos\/julio_pinheiro.pdf\">Curr\u00edculo<\/a>[\/vc_column_text][ult_buttons btn_title=&#8221;Fale com o Conselheiro &#8221; btn_link=&#8221;url:http%3A%2F%2Fwww.tceam.tc.br%2Fportal%2F%3Fpage_id%3D19743|||&#8221; btn_title_color=&#8221;#ffffff&#8221; btn_bg_color=&#8221;#1e73be&#8221; btn_bg_color_hover=&#8221;#ffffff&#8221; btn_title_color_hover=&#8221;#1e73be&#8221; icon=&#8221;none&#8221; icon_size=&#8221;20&#8243; icon_color=&#8221;#ffffff&#8221; btn_icon_pos=&#8221;ubtn-sep-icon-at-right&#8221; btn_border_style=&#8221;solid&#8221; btn_color_border_hover=&#8221;#1e73be&#8221; btn_border_size=&#8221;2&#8243; btn_radius=&#8221;0&#8243; btn_font_size=&#8221;desktop:14px;&#8221; btn_font_style=&#8221;font-weight:bold;&#8221; css_adv_btn=&#8221;.vc_custom_1516304149705{padding-right: 100px !important;}&#8221;][\/ult_animation_block][\/vc_column][\/vc_row][vc_row css_animation=&#8221;mkdf-element-from-fade&#8221; bg_type=&#8221;bg_color&#8221; bg_override=&#8221;full&#8221; bg_color_value=&#8221;#1e73be&#8221;][vc_column width=&#8221;1\/4&#8243;][ult_animation_block animation=&#8221;slideInLeft&#8221; animation_duration=&#8221;1&#8243; animation_delay=&#8221;0&#8243; animation_iteration_count=&#8221;1&#8243; opacity=&#8221;off&#8221;][vc_empty_space][vc_column_text]<\/p>\n<h1><strong><span style=\"color: #ffffff;\">Contatos<\/span><\/strong><\/h1>\n<p>[\/vc_column_text][\/ult_animation_block][\/vc_column][vc_column width=&#8221;1\/2&#8243;][ult_animation_block animation=&#8221;slideInRight&#8221; animation_duration=&#8221;2&#8243; animation_delay=&#8221;0&#8243; animation_iteration_count=&#8221;1&#8243; opacity=&#8221;off&#8221;][vc_empty_space height=&#8221;70px&#8221;][vc_column_text]<\/p>\n<table style=\"border-color: #ffffff;\" border=\"1\">\n<tbody>\n<tr style=\"background-color: #ffffff;\">\n<td style=\"text-align: center;\" colspan=\"2\"><span style=\"color: #3373f2; background-color: #ffffff;\"><strong>GABINETE DO CONSELHEIRO J\u00daLIO PINHEIRO<\/strong><\/span><\/td>\n<\/tr>\n<tr>\n<td style=\"text-align: left;\"><span style=\"color: #ffffff;\"><b>J\u00falio Pinheiro<\/b><\/span><\/td>\n<td style=\"text-align: left;\"><span style=\"color: #ffffff;\">julio.pinheiro@tce.am.gov.br<\/span><br \/>\n<span style=\"color: #ffffff;\">(092) 3301-8161<\/span><\/td>\n<\/tr>\n<tr>\n<td style=\"text-align: left;\"><span style=\"color: #ffffff;\"><b>Zilma da Costa<\/b><\/span><\/td>\n<td style=\"text-align: left;\"><span style=\"color: #ffffff;\">zilma.costa@tce.am.gov.br<\/span><br \/>\n<span style=\"color: #ffffff;\">(092) 3301-8162<\/span><\/td>\n<\/tr>\n<tr>\n<td style=\"text-align: left;\"><span style=\"color: #ffffff;\"><strong>Assessoria<\/strong><\/span><\/td>\n<td style=\"text-align: left;\"><span style=\"color: #ffffff;\">(092) 3301-8164<\/span><br \/>\n<span style=\"color: #ffffff;\">(092) 3301-8344<\/span><\/td>\n<\/tr>\n<\/tbody>\n<\/table>\n<p>[\/vc_column_text][\/ult_animation_block][\/vc_column][\/vc_row]<\/p>\n","protected":false},"excerpt":{"rendered":"<p>[vc_row bg_type=&#8221;bg_color&#8221; bg_override=&#8221;full&#8221; bg_color_value=&#8221;#ffffff&#8221;][vc_column width=&#8221;1\/3&#8243;][ult_animation_block animation=&#8221;fadeInLeft&#8221; animation_duration=&#8221;1&#8243; animation_delay=&#8221;0&#8243; animation_iteration_count=&#8221;1&#8243;][vc_empty_space height=&#8221;20px&#8221;][vc_single_image image=&#8221;19828&#8243; img_size=&#8221;large&#8221; alignment=&#8221;center&#8221;][vc_empty_space height=&#8221;20px&#8221;][\/ult_animation_block][\/vc_column][vc_column width=&#8221;2\/3&#8243;][ult_animation_block animation=&#8221;fadeIn&#8221; animation_duration=&#8221;3&#8243; animation_delay=&#8221;0&#8243; animation_iteration_count=&#8221;1&#8243;][vc_empty_space height=&#8221;20px&#8221;][vc_column_text] Conselheiro J\u00falio Assis Corr\u00eaa Pinheiro Nomeado conselheiro do Tribunal de Contas do Estado do Amazonas, em 2005, chegou \u00e0 presid\u00eancia da Corte de Contas no bi\u00eanio 2010-2011. \u00c9 Graduado em Direito pela Funda\u00e7\u00e3o Universidade do [&hellip;]<\/p>\n","protected":false},"author":3,"featured_media":0,"parent":0,"menu_order":0,"comment_status":"closed","ping_status":"closed","template":"","meta":{"footnotes":""},"class_list":["post-19706","page","type-page","status-publish","hentry"],"_links":{"self":[{"href":"https:\/\/www.tceam.tc.br\/index.php?rest_route=\/wp\/v2\/pages\/19706","targetHints":{"allow":["GET"]}}],"collection":[{"href":"https:\/\/www.tceam.tc.br\/index.php?rest_route=\/wp\/v2\/pages"}],"about":[{"href":"https:\/\/www.tceam.tc.br\/index.php?rest_route=\/wp\/v2\/types\/page"}],"author":[{"embeddable":true,"href":"https:\/\/www.tceam.tc.br\/index.php?rest_route=\/wp\/v2\/users\/3"}],"replies":[{"embeddable":true,"href":"https:\/\/www.tceam.tc.br\/index.php?rest_route=%2Fwp%2Fv2%2Fcomments&post=19706"}],"version-history":[{"count":0,"href":"https:\/\/www.tceam.tc.br\/index.php?rest_route=\/wp\/v2\/pages\/19706\/revisions"}],"wp:attachment":[{"href":"https:\/\/www.tceam.tc.br\/index.php?rest_route=%2Fwp%2Fv2%2Fmedia&parent=19706"}],"curies":[{"name":"wp","href":"https:\/\/api.w.org\/{rel}","templated":true}]}}