
{"id":18233,"date":"2017-07-03T09:46:44","date_gmt":"2017-07-03T13:46:44","guid":{"rendered":"http:\/\/www.tceam.tc.br\/?page_id=18233"},"modified":"2017-08-01T11:16:17","modified_gmt":"2017-08-01T15:16:17","slug":"clipping-julho-2017","status":"publish","type":"page","link":"https:\/\/www.tceam.tc.br\/?page_id=18233","title":{"rendered":"Clipping Julho 2017"},"content":{"rendered":"<table border=\"0\" cellspacing=\"0\" width=\"614\">\n<tbody>\n<tr>\n<td width=\"50\">\n\t\t\t\t<strong>DIA<\/strong>\n\t\t\t<\/td>\n<td width=\"150\">\n\t\t\t\t<strong>JORNAL<\/strong>\n\t\t\t<\/td>\n<td width=\"400\">\n<p>\n\t\t\t\t\t<strong>MAT&Eacute;RIA\/COLUNA<\/strong>\n\t\t\t\t<\/p>\n<\/td>\n<\/tr>\n<tr>\n<td width=\"50\">\n\t\t\t\t01\/07\/17\n\t\t\t<\/td>\n<td width=\"150\">\n\t\t\t\tJornal Maskate\n\t\t\t<\/td>\n<td width=\"400\">\n\t\t\t\t<a href=\"http:\/\/www.tceam.tc.br\/wp-content\/uploads\/file\/municipios na malha fina maskate.jpg\">Munic&iacute;pios na malha fina<\/a>\n\t\t\t<\/td>\n<\/tr>\n<tr>\n<td width=\"50\">\n\t\t\t\t04\/07\/17\n\t\t\t<\/td>\n<td width=\"150\">\n\t\t\t\tA Cr&iacute;tica\n\t\t\t<\/td>\n<td width=\"400\">\n\t\t\t\t<a href=\"http:\/\/www.tceam.tc.br\/wp-content\/uploads\/file\/170704101333_0001.jpg\">TCE alerta David sobre &#39;limites&#39;<\/a>\n\t\t\t<\/td>\n<\/tr>\n<tr>\n<td width=\"50\">\n\t\t\t\t04\/07\/17\n\t\t\t<\/td>\n<td width=\"150\">\n\t\t\t\tDi&aacute;rio do Amazonas\n\t\t\t<\/td>\n<td width=\"400\">\n\t\t\t\t<a href=\"http:\/\/www.tceam.tc.br\/wp-content\/uploads\/file\/170704101415_0001.jpg\">Licita&ccedil;&atilde;o de alimentos<\/a>\n\t\t\t<\/td>\n<\/tr>\n<tr>\n<td width=\"50\">\n\t\t\t\t04\/07\/17\n\t\t\t<\/td>\n<td width=\"150\">\n\t\t\t\tJornal do Comm&eacute;rcio\n\t\t\t<\/td>\n<td width=\"400\">\n\t\t\t\t<a href=\"http:\/\/www.tceam.tc.br\/wp-content\/uploads\/file\/170704101451_0001.jpg\">Pleno do TCE julga 38 processos hoje<\/a>\n\t\t\t<\/td>\n<\/tr>\n<tr>\n<td width=\"50\">\n\t\t\t\t04\/07\/17\n\t\t\t<\/td>\n<td width=\"150\">\n\t\t\t\tDi&aacute;rio do Amazonas\n\t\t\t<\/td>\n<td width=\"400\">\n\t\t\t\t<a href=\"http:\/\/www.tceam.tc.br\/wp-content\/uploads\/file\/170704101634_0001(1).jpg\">MPC pede inspe&ccedil;&atilde;o do TCE no Fundeb do AM<\/a>\n\t\t\t<\/td>\n<\/tr>\n<tr>\n<td width=\"50\">\n\t\t\t\t04\/07\/17\n\t\t\t<\/td>\n<td width=\"150\">\n\t\t\t\tA Cr&iacute;tica\n\t\t\t<\/td>\n<td width=\"400\">\n\t\t\t\t<a href=\"http:\/\/www.tceam.tc.br\/wp-content\/uploads\/file\/170704102338_0001.jpg\">MPC pede inspe&ccedil;&atilde;o na Susam por usar o Fundeb<\/a>\n\t\t\t<\/td>\n<\/tr>\n<tr>\n<td width=\"50\">\n\t\t\t\t04\/07\/17\n\t\t\t<\/td>\n<td width=\"150\">\n\t\t\t\tA Cr&iacute;tica\n\t\t\t<\/td>\n<td width=\"400\">\n\t\t\t\t<a href=\"http:\/\/www.tceam.tc.br\/wp-content\/uploads\/file\/170704103445_0001.jpg\">Vota&ccedil;&atilde;o da LDO &eacute; prioridade<\/a>\n\t\t\t<\/td>\n<\/tr>\n<tr>\n<td width=\"50\">\n\t\t\t\t05\/07\/17\n\t\t\t<\/td>\n<td width=\"150\">\n\t\t\t\tA Cr&iacute;tica\n\t\t\t<\/td>\n<td width=\"400\">\n\t\t\t\t<a href=\"http:\/\/www.tceam.tc.br\/wp-content\/uploads\/file\/acritica evandro melo contas reprovadas.PNG\">Evandro Melo contas reprovadas<\/a>\n\t\t\t<\/td>\n<\/tr>\n<tr>\n<td width=\"50\">\n\t\t\t\t05\/07\/17\n\t\t\t<\/td>\n<td width=\"150\">\n\t\t\t\tDi&aacute;rio do Amazonas\n\t\t\t<\/td>\n<td width=\"400\">\n\t\t\t\t<a href=\"http:\/\/www.tceam.tc.br\/wp-content\/uploads\/file\/diario do amazonas maus caminhos.jpg\">Maus Caminhos: empres&aacute;rio Mouhamed Moustaf&aacute; deve depor em 1&ordm; de setembro<\/a>\n\t\t\t<\/td>\n<\/tr>\n<tr>\n<td width=\"50\">\n\t\t\t\t05\/07\/17\n\t\t\t<\/td>\n<td width=\"150\">\n\t\t\t\tDi&aacute;rio do Amazonas\n\t\t\t<\/td>\n<td width=\"400\">\n\t\t\t\t<a href=\"http:\/\/www.tceam.tc.br\/wp-content\/uploads\/file\/diario do amazonas tce julga irregulares contas de 2013 de evandro, irmao do ex governador melo(1).jpg\">TCE julga irregulares contas de 2013 de Evandro, irm&atilde;o do ex-governador Melo<\/a>\n\t\t\t<\/td>\n<\/tr>\n<tr>\n<td width=\"50\">\n\t\t\t\t05\/07\/17\n\t\t\t<\/td>\n<td width=\"150\">\n\t\t\t\tJornal do Comm&eacute;rcio\n\t\t\t<\/td>\n<td width=\"400\">\n\t\t\t\t<a href=\"http:\/\/www.tceam.tc.br\/wp-content\/uploads\/file\/jornal do comercio punido.jpg\">Punido<\/a>\n\t\t\t<\/td>\n<\/tr>\n<tr>\n<td width=\"50\">\n\t\t\t\t06\/07\/17\n\t\t\t<\/td>\n<td width=\"150\">\n\t\t\t\tDi&aacute;rio do Amazonas\n\t\t\t<\/td>\n<td width=\"400\">\n\t\t\t\t<a href=\"http:\/\/www.tceam.tc.br\/wp-content\/uploads\/file\/diario tce multa afonso lobo por grave infracao a norma legal.jpg\">TCE multa Afonso Lobo por &#39;grave infra&ccedil;&atilde;o a norma legal&#39;<\/a>\n\t\t\t<\/td>\n<\/tr>\n<tr>\n<td width=\"50\">\n\t\t\t\t06\/07\/17\n\t\t\t<\/td>\n<td width=\"150\">\n\t\t\t\tA Cr&iacute;tica\n\t\t\t<\/td>\n<td width=\"400\">\n\t\t\t\t<a href=\"http:\/\/www.tceam.tc.br\/wp-content\/uploads\/file\/a critica planilha segue misteriosa.jpg\">Planilha segue misteriosa<\/a>\n\t\t\t<\/td>\n<\/tr>\n<tr>\n<td width=\"50\">\n\t\t\t\t06\/07\/17\n\t\t\t<\/td>\n<td width=\"150\">\n\t\t\t\tA Cr&iacute;tica\n\t\t\t<\/td>\n<td width=\"400\">\n\t\t\t\t&nbsp;<a href=\"http:\/\/www.tceam.tc.br\/wp-content\/uploads\/file\/a critica tce tjam e mp aderem ao amazonprev.jpg\">TCE, TJ-AM e MP aderem ao AmazonPrev<\/a>\n\t\t\t<\/td>\n<\/tr>\n<tr>\n<td width=\"50\">\n\t\t\t\t07\/07\/17\n\t\t\t<\/td>\n<td width=\"150\">\n\t\t\t\tA Cr&iacute;tica\n\t\t\t<\/td>\n<td width=\"400\">\n\t\t\t\t<a href=\"http:\/\/www.tceam.tc.br\/wp-content\/uploads\/file\/A Critica Ainda nao.jpg\">Ainda n&atilde;o<\/a>\n\t\t\t<\/td>\n<\/tr>\n<tr>\n<td width=\"50\">\n\t\t\t\t07\/07\/17\n\t\t\t<\/td>\n<td width=\"150\">\n\t\t\t\tDi&aacute;rio do Amazonas\n\t\t\t<\/td>\n<td width=\"400\">\n\t\t\t\t<a href=\"http:\/\/www.tceam.tc.br\/wp-content\/uploads\/file\/Diario TJAM e TCE vao aderir ao regime unico da Previdencia para evitar corte de verbas.jpg\">TJAM e TCE v&atilde;o aderir ao regime &uacute;nico da Previd&ecirc;ncia para evitar corte de verbas<\/a>\n\t\t\t<\/td>\n<\/tr>\n<tr>\n<td width=\"50\">\n\t\t\t\t07\/07\/17\n\t\t\t<\/td>\n<td width=\"150\">\n\t\t\t\tEm Tempo\n\t\t\t<\/td>\n<td width=\"400\">\n\t\t\t\t<a href=\"http:\/\/www.tceam.tc.br\/wp-content\/uploads\/file\/Em tempo David da 48 horas para orgaos assinarem acordo.jpg\">David d&aacute; 48 horas para &oacute;rg&atilde;os assinarem acordo<\/a>\n\t\t\t<\/td>\n<\/tr>\n<tr>\n<td width=\"50\">\n\t\t\t\t07\/07\/17\n\t\t\t<\/td>\n<td width=\"150\">\n\t\t\t\tEm Tempo\n\t\t\t<\/td>\n<td width=\"400\">\n\t\t\t\t<a href=\"http:\/\/www.tceam.tc.br\/wp-content\/uploads\/file\/Em Tempo David no TCE.jpg\">David no TCE<\/a>\n\t\t\t<\/td>\n<\/tr>\n<tr>\n<td width=\"50\">\n\t\t\t\t07\/07\/17\n\t\t\t<\/td>\n<td width=\"150\">\n\t\t\t\tEm Tempo\n\t\t\t<\/td>\n<td width=\"400\">\n\t\t\t\t<a href=\"http:\/\/www.tceam.tc.br\/wp-content\/uploads\/file\/Em TEmpo Pressionados orgaos vao aderir ao AmazonPrev.jpg\">Pressionados &oacute;rg&atilde;os v&atilde;o aderir ao AmazonPrev<\/a>\n\t\t\t<\/td>\n<\/tr>\n<tr>\n<td width=\"50\">\n\t\t\t\t09\/07\/17\n\t\t\t<\/td>\n<td width=\"150\">\n\t\t\t\tDi&aacute;rio do Amazonas\n\t\t\t<\/td>\n<td width=\"400\">\n\t\t\t\t<a href=\"http:\/\/www.tceam.tc.br\/wp-content\/uploads\/file\/Diario do Amazonas TCE aceita pedido para invstigar o uso do Fundeb para pagar Novos Caminhos.jpg\">TCE aceita pedido para invstigar o uso do Fundeb para pagar Novos Caminhos<\/a>\n\t\t\t<\/td>\n<\/tr>\n<tr>\n<td width=\"50\">\n\t\t\t\t09\/07\/17\n\t\t\t<\/td>\n<td width=\"150\">\n\t\t\t\tEm Tempo\n\t\t\t<\/td>\n<td width=\"400\">\n\t\t\t\t<a href=\"http:\/\/www.tceam.tc.br\/wp-content\/uploads\/file\/Em Tempo Queremos que a sociedade colabore com nosso trabalho.jpg\">Queremos que a sociedade colabore com nosso trabalho<\/a>\n\t\t\t<\/td>\n<\/tr>\n<tr>\n<td width=\"50\">\n\t\t\t\t09\/07\/17\n\t\t\t<\/td>\n<td width=\"150\">\n\t\t\t\tJornal do Comm&eacute;rcio\n\t\t\t<\/td>\n<td width=\"400\">\n\t\t\t\t<a href=\"http:\/\/www.tceam.tc.br\/wp-content\/uploads\/file\/Jornal do Commercio Previdencia.jpg\">Previd&ecirc;ncia<\/a>\n\t\t\t<\/td>\n<\/tr>\n<tr>\n<td width=\"50\">\n\t\t\t\t10\/07\/17\n\t\t\t<\/td>\n<td width=\"150\">\n\t\t\t\tA Cr&iacute;tica\n\t\t\t<\/td>\n<td width=\"400\">\n\t\t\t\t<a href=\"http:\/\/www.tceam.tc.br\/wp-content\/uploads\/file\/A Critica ALE abriga nepostismo e servidores fantasmas.jpg\">ALE abriga nepostismo e servidores fantasmas<\/a>\n\t\t\t<\/td>\n<\/tr>\n<tr>\n<td width=\"50\">\n\t\t\t\t10\/07\/17\n\t\t\t<\/td>\n<td width=\"150\">\n\t\t\t\tA Cr&iacute;tica\n\t\t\t<\/td>\n<td width=\"400\">\n\t\t\t\t<a href=\"http:\/\/www.tceam.tc.br\/wp-content\/uploads\/file\/A Critica Contas municipais.jpg\">Contas municipais<\/a>\n\t\t\t<\/td>\n<\/tr>\n<tr>\n<td width=\"50\">\n\t\t\t\t10\/07\/17\n\t\t\t<\/td>\n<td width=\"150\">\n\t\t\t\tA Cr&iacute;tica\n\t\t\t<\/td>\n<td width=\"400\">\n\t\t\t\t<a href=\"http:\/\/www.tceam.tc.br\/wp-content\/uploads\/file\/A Critica Hora da Transparencia.jpg\">Hora da Transpar&ecirc;ncia<\/a>\n\t\t\t<\/td>\n<\/tr>\n<tr>\n<td width=\"50\">\n\t\t\t\t10\/07\/17\n\t\t\t<\/td>\n<td width=\"150\">\n\t\t\t\tDi&aacute;rio do Amazonas\n\t\t\t<\/td>\n<td width=\"400\">\n\t\t\t\t<a href=\"http:\/\/www.tceam.tc.br\/wp-content\/uploads\/file\/Diario do Amazonas Prefeitura de Coari vai pagar RS 390 mil por show de Gusttavo Lima.jpg\">Prefeitura de Coari vai pagar R$390 mil por show de Gusttavo Lima<\/a>\n\t\t\t<\/td>\n<\/tr>\n<tr>\n<td width=\"50\">\n\t\t\t\t10\/07\/17\n\t\t\t<\/td>\n<td width=\"150\">\n\t\t\t\tJornal do Comm&eacute;rcio\n\t\t\t<\/td>\n<td width=\"400\">\n\t\t\t\t<a href=\"http:\/\/www.tceam.tc.br\/wp-content\/uploads\/file\/Jornal do Commercio Berlinda.jpg\">Berlinda<\/a>\n\t\t\t<\/td>\n<\/tr>\n<tr>\n<td width=\"50\">\n\t\t\t\t12\/07\/17\n\t\t\t<\/td>\n<td width=\"150\">\n\t\t\t\tA Cr&iacute;tica\n\t\t\t<\/td>\n<td width=\"400\">\n\t\t\t\t<a href=\"http:\/\/www.tceam.tc.br\/wp-content\/uploads\/file\/A Critica Caso sera investigado.jpg\">Caso ser&aacute; investigado<\/a>\n\t\t\t<\/td>\n<\/tr>\n<tr>\n<td width=\"50\">\n\t\t\t\t12\/07\/17\n\t\t\t<\/td>\n<td width=\"150\">\n\t\t\t\tA Cr&iacute;tica\n\t\t\t<\/td>\n<td width=\"400\">\n\t\t\t\t<a href=\"http:\/\/www.tceam.tc.br\/wp-content\/uploads\/file\/A Critica Sobe e desce.jpg\">Sobe e desce<\/a>\n\t\t\t<\/td>\n<\/tr>\n<tr>\n<td width=\"50\">\n\t\t\t\t12\/07\/17\n\t\t\t<\/td>\n<td width=\"150\">\n\t\t\t\tA Cr&iacute;tica\n\t\t\t<\/td>\n<td width=\"400\">\n\t\t\t\t<a href=\"http:\/\/www.tceam.tc.br\/wp-content\/uploads\/file\/A Critica TCE cobra RS30 milh\u00f5es.jpg\">TCE cobra R$30 milh&otilde;es<\/a>\n\t\t\t<\/td>\n<\/tr>\n<tr>\n<td width=\"50\">\n\t\t\t\t12\/07\/17\n\t\t\t<\/td>\n<td width=\"150\">\n\t\t\t\tA Cr&iacute;tica\n\t\t\t<\/td>\n<td width=\"400\">\n\t\t\t\t<a href=\"http:\/\/www.tceam.tc.br\/wp-content\/uploads\/file\/A Critica TCE manda parar licitacao.jpg\">TCE manda parar licita&ccedil;&atilde;o<\/a>\n\t\t\t<\/td>\n<\/tr>\n<tr>\n<td width=\"50\">\n\t\t\t\t12\/07\/17\n\t\t\t<\/td>\n<td width=\"150\">\n\t\t\t\tDi&aacute;rio do Amazonas\n\t\t\t<\/td>\n<td width=\"400\">\n\t\t\t\t<a href=\"http:\/\/www.tceam.tc.br\/wp-content\/uploads\/file\/Diario Suspensa a licitacao do Plano Estadual de Recursos Hidricos.jpg\">Suspensa a licita&ccedil;&atilde;o do Plano Estadual de Recursos H&iacute;dricos<\/a>\n\t\t\t<\/td>\n<\/tr>\n<tr>\n<td width=\"50\">\n\t\t\t\t12\/07\/17\n\t\t\t<\/td>\n<td width=\"150\">\n\t\t\t\tDi&aacute;rio do Amazonas\n\t\t\t<\/td>\n<td width=\"400\">\n\t\t\t\t<a href=\"http:\/\/www.tceam.tc.br\/wp-content\/uploads\/file\/Diario TCE condena ex prefeito de Manacapuru.jpg\">TCE condena ex-prefeito de Manacapuru<\/a>\n\t\t\t<\/td>\n<\/tr>\n<tr>\n<td width=\"50\">\n\t\t\t\t12\/07\/17\n\t\t\t<\/td>\n<td width=\"150\">\n\t\t\t\tJornal do Comm&eacute;rcio\n\t\t\t<\/td>\n<td width=\"400\">\n\t\t\t\t<a href=\"http:\/\/www.tceam.tc.br\/wp-content\/uploads\/file\/Jornal do Commercio Descalabro_EleTamb\u00e9m_Suspensa.jpg\">Descalabro\/EleTamb&eacute;m\/Suspensa<\/a>\n\t\t\t<\/td>\n<\/tr>\n<tr>\n<td width=\"50\">\n\t\t\t\t13\/07\/17\n\t\t\t<\/td>\n<td width=\"150\">\n\t\t\t\tDi&aacute;rio do Amazonas\n\t\t\t<\/td>\n<td width=\"400\">\n\t\t\t\t<a href=\"http:\/\/www.tceam.tc.br\/wp-content\/uploads\/file\/Diario Candidatos criticam pagamentos de RS 7,5 mi.jpg\">Candidatos criticam pagamentos de R$ 7,5 mi<\/a>\n\t\t\t<\/td>\n<\/tr>\n<tr>\n<td width=\"50\">\n\t\t\t\t13\/07\/17\n\t\t\t<\/td>\n<td width=\"150\">\n\t\t\t\tDi&aacute;rio do Amazonas\n\t\t\t<\/td>\n<td width=\"400\">\n\t\t\t\t<a href=\"http:\/\/www.tceam.tc.br\/wp-content\/uploads\/file\/Diario Contas irregulares.jpg\">Contas irregulares<\/a>\n\t\t\t<\/td>\n<\/tr>\n<tr>\n<td width=\"50\">\n\t\t\t\t13\/07\/17\n\t\t\t<\/td>\n<td width=\"150\">\n\t\t\t\tDi&aacute;rio do Amazonas\n\t\t\t<\/td>\n<td width=\"400\">\n\t\t\t\t<a href=\"http:\/\/www.tceam.tc.br\/wp-content\/uploads\/file\/Diario do Amazonas Jogos estudantis.jpg\">Jogos estudantis<\/a>\n\t\t\t<\/td>\n<\/tr>\n<tr>\n<td width=\"50\">\n\t\t\t\t13\/07\/17\n\t\t\t<\/td>\n<td width=\"150\">\n\t\t\t\tEm Tempo\n\t\t\t<\/td>\n<td width=\"400\">\n\t\t\t\t<a href=\"http:\/\/www.tceam.tc.br\/wp-content\/uploads\/file\/Em Tempo Projeto da Defensoria e aprovado na Aleam.jpg\">Projeto da Defensoria e aprovado na Aleam<\/a>\n\t\t\t<\/td>\n<\/tr>\n<tr>\n<td width=\"50\">\n\t\t\t\t13\/07\/17\n\t\t\t<\/td>\n<td width=\"150\">\n\t\t\t\tMaskate\n\t\t\t<\/td>\n<td width=\"400\">\n\t\t\t\t<a href=\"http:\/\/www.tceam.tc.br\/wp-content\/uploads\/file\/Maskate Ninguem Merece.jpg\">Ningu&eacute;m Merece<\/a>\n\t\t\t<\/td>\n<\/tr>\n<tr>\n<td width=\"50\">\n\t\t\t\t15\/07\/17\n\t\t\t<\/td>\n<td width=\"150\">\n\t\t\t\tEm Tempo\n\t\t\t<\/td>\n<td width=\"400\">\n\t\t\t\t<a href=\"http:\/\/www.tceam.tc.br\/wp-content\/uploads\/file\/emtempo Nova licitacao para radares sai em 90 dias.jpg\">Nova licita&ccedil;&atilde;o para radares sai em 90 dias<\/a>\n\t\t\t<\/td>\n<\/tr>\n<tr>\n<td width=\"50\">\n\t\t\t\t18\/07\/17\n\t\t\t<\/td>\n<td width=\"150\">\n\t\t\t\tA Cr&iacute;tica\n\t\t\t<\/td>\n<td width=\"400\">\n\t\t\t\t<a href=\"http:\/\/www.tceam.tc.br\/wp-content\/uploads\/file\/a critica governo impeded bloqueio(1).jpg\">Governo impede bloqueio<\/a>\n\t\t\t<\/td>\n<\/tr>\n<tr>\n<td width=\"50\">\n\t\t\t\t18\/07\/17\n\t\t\t<\/td>\n<td width=\"150\">\n\t\t\t\tA Cr&iacute;tica\n\t\t\t<\/td>\n<td width=\"400\">\n\t\t\t\t<a href=\"http:\/\/www.tceam.tc.br\/wp-content\/uploads\/file\/a critica semed vai abrir 400 vagas em concurso(2).jpg\">Semed vai abrir 400 vagas em concurso<\/a>\n\t\t\t<\/td>\n<\/tr>\n<tr>\n<td width=\"50\">\n\t\t\t\t18\/07\/17\n\t\t\t<\/td>\n<td width=\"150\">\n\t\t\t\tDi&aacute;rio do Amazonas\n\t\t\t<\/td>\n<td width=\"400\">\n\t\t\t\t<a href=\"http:\/\/www.tceam.tc.br\/wp-content\/uploads\/file\/diario do amazonas semed prepara com 400 vagas para cargos efetivos(2).jpg\">Semed prepara novo concurso com 400 vagas para cargos efetivos<\/a>\n\t\t\t<\/td>\n<\/tr>\n<tr>\n<td width=\"50\">\n\t\t\t\t18\/07\/17\n\t\t\t<\/td>\n<td width=\"150\">\n\t\t\t\tEm Tempo\n\t\t\t<\/td>\n<td width=\"400\">\n\t\t\t\t<a href=\"http:\/\/www.tceam.tc.br\/wp-content\/uploads\/file\/em tempo semed faz anuncio de concurso com 400 vagas(1).jpg\">Semed faz an&uacute;ncio de concurso com 400 vagas<\/a>\n\t\t\t<\/td>\n<\/tr>\n<tr>\n<td width=\"50\">\n\t\t\t\t18\/07\/17\n\t\t\t<\/td>\n<td width=\"150\">\n\t\t\t\tJornal do Comm&eacute;rcio\n\t\t\t<\/td>\n<td width=\"400\">\n\t\t\t\t<a href=\"http:\/\/www.tceam.tc.br\/wp-content\/uploads\/file\/jornal do commercio boa gestao no governo garante recursos(1).jpg\">Boa gest&atilde;o no governo garante recursos<\/a>\n\t\t\t<\/td>\n<\/tr>\n<tr>\n<td width=\"50\">\n\t\t\t\t19\/07\/17\n\t\t\t<\/td>\n<td width=\"150\">\n\t\t\t\tA Cr&iacute;tica\n\t\t\t<\/td>\n<td width=\"400\">\n\t\t\t\t<a href=\"http:\/\/www.tceam.tc.br\/wp-content\/uploads\/file\/A Critica BV2 Guest.JPG\">Guest<\/a>\n\t\t\t<\/td>\n<\/tr>\n<tr>\n<td width=\"50\">\n\t\t\t\t19\/07\/17\n\t\t\t<\/td>\n<td width=\"150\">\n\t\t\t\tDi&aacute;rio do Amazonas\n\t\t\t<\/td>\n<td width=\"400\">\n\t\t\t\t<a href=\"http:\/\/www.tceam.tc.br\/wp-content\/uploads\/file\/Diario Instituto notificado Primeiro Plano 02.png\">Instituto notificado<\/a>\n\t\t\t<\/td>\n<\/tr>\n<tr>\n<td width=\"50\">\n\t\t\t\t20\/07\/17\n\t\t\t<\/td>\n<td width=\"150\">\n\t\t\t\tA Cr&iacute;tica\n\t\t\t<\/td>\n<td width=\"400\">\n\t\t\t\t<a href=\"http:\/\/www.tceam.tc.br\/wp-content\/uploads\/file\/A Critica Sentenca A4 Opini\u00e3o.jpg\">Senten&ccedil;a<\/a>\n\t\t\t<\/td>\n<\/tr>\n<tr>\n<td width=\"50\">\n\t\t\t\t20\/07\/17\n\t\t\t<\/td>\n<td width=\"150\">\n\t\t\t\tA Cr&iacute;tica\n\t\t\t<\/td>\n<td width=\"400\">\n\t\t\t\t<a href=\"http:\/\/www.tceam.tc.br\/wp-content\/uploads\/file\/A Critica TCE multa Chico Doido Pol\u00edtica A6.jpg\">TCE multa &quot;Chico Doido&quot;<\/a>\n\t\t\t<\/td>\n<\/tr>\n<tr>\n<td width=\"50\">\n\t\t\t\t20\/07\/17\n\t\t\t<\/td>\n<td width=\"150\">\n\t\t\t\tDi&aacute;rio do Amazonas\n\t\t\t<\/td>\n<td width=\"400\">\n\t\t\t\t<a href=\"http:\/\/www.tceam.tc.br\/wp-content\/uploads\/file\/Diario Contratos FHemoam.jpg\">Contratos FHemoam<\/a>\n\t\t\t<\/td>\n<\/tr>\n<tr>\n<td width=\"50\">\n\t\t\t\t20\/07\/17\n\t\t\t<\/td>\n<td width=\"150\">\n\t\t\t\tDi&aacute;rio do Amazonas\n\t\t\t<\/td>\n<td width=\"400\">\n\t\t\t\t<a href=\"http:\/\/www.tceam.tc.br\/wp-content\/uploads\/file\/Diario Convenio Ilegal.jpg\">Conv&ecirc;nio Ilegal<\/a>\n\t\t\t<\/td>\n<\/tr>\n<tr>\n<td width=\"50\">\n\t\t\t\t21\/07\/17\n\t\t\t<\/td>\n<td width=\"150\">\n\t\t\t\tJornal do Comm&eacute;rcio\n\t\t\t<\/td>\n<td width=\"400\">\n\t\t\t\t<a href=\"http:\/\/www.tceam.tc.br\/wp-content\/uploads\/file\/Jornal do Commercio TCE promove seminario inedito sobre a educacao.jpg\">TCE promove semin&aacute;rio in&eacute;dito sobre a educa&ccedil;&atilde;o<\/a>\n\t\t\t<\/td>\n<\/tr>\n<tr>\n<td width=\"50\">\n\t\t\t\t21\/07\/17\n\t\t\t<\/td>\n<td width=\"150\">\n\t\t\t\tDi&aacute;rio do Amazonas\n\t\t\t<\/td>\n<td width=\"400\">\n\t\t\t\t<a href=\"http:\/\/www.tceam.tc.br\/wp-content\/uploads\/file\/Diario do Amazonas TCE AM vai promover seminario de educacao.jpg\">TCE-AM vai promover semin&aacute;rio de educa&ccedil;&atilde;o<\/a>\n\t\t\t<\/td>\n<\/tr>\n<tr>\n<td width=\"50\">\n\t\t\t\t22\/07\/17\n\t\t\t<\/td>\n<td width=\"150\">\n\t\t\t\tDi&aacute;rio do Amazonas\n\t\t\t<\/td>\n<td width=\"400\">\n\t\t\t\t<a href=\"http:\/\/www.tceam.tc.br\/wp-content\/uploads\/file\/Diario Convenios na mira.jpg\">Conv&ecirc;nios na mira<\/a>\n\t\t\t<\/td>\n<\/tr>\n<tr>\n<td width=\"50\">\n\t\t\t\t22\/07\/17\n\t\t\t<\/td>\n<td width=\"150\">\n\t\t\t\tDi&aacute;rio do Amazonas\n\t\t\t<\/td>\n<td width=\"400\">\n\t\t\t\t<a href=\"http:\/\/www.tceam.tc.br\/wp-content\/uploads\/file\/diario tramitacao de processos.jpg\">Tramita&ccedil;&atilde;o de processos<\/a>\n\t\t\t<\/td>\n<\/tr>\n<tr>\n<td width=\"50\">\n\t\t\t\t25\/07\/17\n\t\t\t<\/td>\n<td width=\"150\">\n\t\t\t\tDi&aacute;rio do Amazonas\n\t\t\t<\/td>\n<td width=\"400\">\n\t\t\t\t<a href=\"http:\/\/www.tceam.tc.br\/wp-content\/uploads\/file\/Convenio no Morro.jpg\">Conv&ecirc;nio no Morro<\/a>\n\t\t\t<\/td>\n<\/tr>\n<tr>\n<td width=\"50\">\n\t\t\t\t25\/07\/17\n\t\t\t<\/td>\n<td width=\"150\">\n\t\t\t\tDi&aacute;rio do Amazonas\n\t\t\t<\/td>\n<td width=\"400\">\n\t\t\t\t<a href=\"http:\/\/www.tceam.tc.br\/wp-content\/uploads\/file\/Licitacao suspensa.jpg\">Licita&ccedil;&atilde;o suspensa<\/a>\n\t\t\t<\/td>\n<\/tr>\n<tr>\n<td width=\"50\">\n\t\t\t\t26\/07\/17\n\t\t\t<\/td>\n<td width=\"150\">\n\t\t\t\tDi&aacute;rio do Amazonas\n\t\t\t<\/td>\n<td width=\"400\">\n\t\t\t\t<a href=\"http:\/\/www.tceam.tc.br\/wp-content\/uploads\/file\/Claro&amp;Escuro David veta o PL que traria transparecnai em transicao - Di\u00e1rio do Amazonas.jpg\">Claro&amp;Escuro &#8211; David veta o PL que traria transpar&ecirc;ncia em transi&ccedil;&atilde;o<\/a>\n\t\t\t<\/td>\n<\/tr>\n<tr>\n<td width=\"50\">\n\t\t\t\t26\/07\/17\n\t\t\t<\/td>\n<td width=\"150\">\n\t\t\t\tJornal do Comm&eacute;rcio\n\t\t\t<\/td>\n<td width=\"400\">\n\t\t\t\t<a href=\"http:\/\/www.tceam.tc.br\/wp-content\/uploads\/file\/Irregulares_Multa Jornal do Commercio.jpg\">Irregulares\/Multa<\/a>\n\t\t\t<\/td>\n<\/tr>\n<tr>\n<td width=\"50\">\n\t\t\t\t27\/07\/17\n\t\t\t<\/td>\n<td width=\"150\">\n\t\t\t\tA Cr&iacute;tica\n\t\t\t<\/td>\n<td width=\"400\">\n\t\t\t\t<a href=\"http:\/\/www.tceam.tc.br\/wp-content\/uploads\/file\/a critica prejuizo de rs 4 2 milhoes.jpg\">Preju&iacute;zo de R$ 4,2 milh&otilde;es<\/a>\n\t\t\t<\/td>\n<\/tr>\n<tr>\n<td width=\"50\">\n\t\t\t\t27\/07\/17\n\t\t\t<\/td>\n<td width=\"150\">\n\t\t\t\tEm Tempo\n\t\t\t<\/td>\n<td width=\"400\">\n\t\t\t\t<a href=\"http:\/\/www.tceam.tc.br\/wp-content\/uploads\/file\/em tempo tce suspende aumento de passagem de iranduba.jpg\">TCE suspende aumento de passagem de Iranduba<\/a>\n\t\t\t<\/td>\n<\/tr>\n<tr>\n<td width=\"50\">\n\t\t\t\t27\/07\/17\n\t\t\t<\/td>\n<td width=\"150\">\n\t\t\t\tJornal do Comm&eacute;rcio\n\t\t\t<\/td>\n<td width=\"400\">\n\t\t\t\t<a href=\"http:\/\/www.tceam.tc.br\/wp-content\/uploads\/file\/jornal do commercio tce suspense aumento de passagem em iranduba.jpg\">TCE suspende aumento de passagem de Iranduba<\/a>\n\t\t\t<\/td>\n<\/tr>\n<tr>\n<td width=\"50\">\n\t\t\t\t28\/07\/17\n\t\t\t<\/td>\n<td width=\"150\">\n\t\t\t\tA Cr&iacute;tica\n\t\t\t<\/td>\n<td width=\"400\">\n\t\t\t\t<a href=\"http:\/\/www.tceam.tc.br\/wp-content\/uploads\/file\/Charge Myrria A Critica.jpg\">Charge Myrria<\/a>\n\t\t\t<\/td>\n<\/tr>\n<tr>\n<td width=\"50\">\n\t\t\t\t28\/07\/17\n\t\t\t<\/td>\n<td width=\"150\">\n\t\t\t\tA Cr&iacute;tica\n\t\t\t<\/td>\n<td width=\"400\">\n\t\t\t\t<a href=\"http:\/\/www.tceam.tc.br\/wp-content\/uploads\/file\/Dupla certa A Critica.jpg\">Dupla certa<\/a>\n\t\t\t<\/td>\n<\/tr>\n<tr>\n<td width=\"50\">\n\t\t\t\t28\/07\/17\n\t\t\t<\/td>\n<td width=\"150\">\n\t\t\t\tDi&aacute;rio do Amazonas\n\t\t\t<\/td>\n<td width=\"400\">\n\t\t\t\t<a href=\"http:\/\/www.tceam.tc.br\/wp-content\/uploads\/file\/Menos burocracia Diario do Amazonas.jpg\">Menos burocracia<\/a>\n\t\t\t<\/td>\n<\/tr>\n<tr>\n<td width=\"50\">\n\t\t\t\t28\/07\/17\n\t\t\t<\/td>\n<td width=\"150\">\n\t\t\t\tDi&aacute;rio do Amazonas\n\t\t\t<\/td>\n<td width=\"400\">\n\t\t\t\t<a href=\"http:\/\/www.tceam.tc.br\/wp-content\/uploads\/file\/MPC pede tomada de contas especial na Central de Medicamentos do Amazonas Diario do Amazonas.jpg\">MPC pede tomada de contas especial na Central de Medicamentos do Amazonas<\/a>\n\t\t\t<\/td>\n<\/tr>\n<tr>\n<td width=\"50\">\n\t\t\t\t28\/07\/17\n\t\t\t<\/td>\n<td width=\"150\">\n\t\t\t\tSuspens&atilde;o\n\t\t\t<\/td>\n<td width=\"400\">\n\t\t\t\t<a href=\"http:\/\/www.tceam.tc.br\/wp-content\/uploads\/file\/Suspens\u00e3o Jornal do Commercio.jpg\">Suspens&atilde;o<\/a>\n\t\t\t<\/td>\n<\/tr>\n<tr>\n<td width=\"50\">\n\t\t\t\t28\/07\/17\n\t\t\t<\/td>\n<td width=\"150\">\n\t\t\t\tA Cr&iacute;tica\n\t\t\t<\/td>\n<td width=\"400\">\n\t\t\t\t<a href=\"http:\/\/www.tceam.tc.br\/wp-content\/uploads\/file\/TCE aponta fraude em municipio investigado A Critica.jpg\">TCE aponta fraude em municipio investigado<\/a>\n\t\t\t<\/td>\n<\/tr>\n<tr>\n<td width=\"50\">\n\t\t\t\t28\/07\/17\n\t\t\t<\/td>\n<td width=\"150\">\n\t\t\t\tEm Tempo\n\t\t\t<\/td>\n<td width=\"400\">\n\t\t\t\t<a href=\"http:\/\/www.tceam.tc.br\/wp-content\/uploads\/file\/TCE suspende contrato milionario de Iranduba Em Tempo.jpg\">TCE suspende contrato milionario de Iranduba<\/a>\n\t\t\t<\/td>\n<\/tr>\n<tr>\n<td width=\"50\">\n\t\t\t\t31\/07\/17\n\t\t\t<\/td>\n<td width=\"150\">\n\t\t\t\tDi&aacute;rio do Amazonas\n\t\t\t<\/td>\n<td width=\"400\">\n\t\t\t\t<a href=\"http:\/\/www.tceam.tc.br\/wp-content\/uploads\/file\/MP pede a justica fim de contrato em Coari Diario do Amazonas.jpg\">MP pede a justica fim de contrato em Coari<\/a>\n\t\t\t<\/td>\n<\/tr>\n<tr>\n<td width=\"50\">\n\t\t\t\t31\/07\/17\n\t\t\t<\/td>\n<td width=\"150\">\n\t\t\t\tA Cr&iacute;tica\n\t\t\t<\/td>\n<td width=\"400\">\n\t\t\t\t<a href=\"http:\/\/www.tceam.tc.br\/wp-content\/uploads\/file\/MP pede demissoes no TCE A Critica.jpg\">MP pede demissoes no TCE<\/a>\n\t\t\t<\/td>\n<\/tr>\n<tr>\n<td width=\"50\">\n\t\t\t\t31\/07\/17\n\t\t\t<\/td>\n<td width=\"150\">\n\t\t\t\tDi&aacute;rio do Amazonas\n\t\t\t<\/td>\n<td width=\"400\">\n\t\t\t\t<a href=\"http:\/\/www.tceam.tc.br\/wp-content\/uploads\/file\/MP-AM entra com a\u00e7\u00e3o e pede demiss\u00f5es no TCE Diario do Amazonas.jpg\">MP-AM entra com a&ccedil;&atilde;o e pede demiss&otilde;es no TCE<\/a>\n\t\t\t<\/td>\n<\/tr>\n<\/tbody>\n<\/table>\n","protected":false},"excerpt":{"rendered":"<p>DIA JORNAL MAT&Eacute;RIA\/COLUNA 01\/07\/17 Jornal Maskate Munic&iacute;pios na malha fina 04\/07\/17 A Cr&iacute;tica TCE alerta David sobre &#39;limites&#39; 04\/07\/17 Di&aacute;rio do Amazonas Licita&ccedil;&atilde;o de alimentos 04\/07\/17 Jornal do Comm&eacute;rcio Pleno do TCE julga 38 processos hoje 04\/07\/17 Di&aacute;rio do Amazonas MPC pede inspe&ccedil;&atilde;o do TCE no Fundeb do AM 04\/07\/17 A Cr&iacute;tica MPC pede inspe&ccedil;&atilde;o [&hellip;]<\/p>\n","protected":false},"author":3,"featured_media":0,"parent":0,"menu_order":0,"comment_status":"closed","ping_status":"closed","template":"","meta":{"footnotes":""},"class_list":["post-18233","page","type-page","status-publish","hentry"],"_links":{"self":[{"href":"https:\/\/www.tceam.tc.br\/index.php?rest_route=\/wp\/v2\/pages\/18233","targetHints":{"allow":["GET"]}}],"collection":[{"href":"https:\/\/www.tceam.tc.br\/index.php?rest_route=\/wp\/v2\/pages"}],"about":[{"href":"https:\/\/www.tceam.tc.br\/index.php?rest_route=\/wp\/v2\/types\/page"}],"author":[{"embeddable":true,"href":"https:\/\/www.tceam.tc.br\/index.php?rest_route=\/wp\/v2\/users\/3"}],"replies":[{"embeddable":true,"href":"https:\/\/www.tceam.tc.br\/index.php?rest_route=%2Fwp%2Fv2%2Fcomments&post=18233"}],"version-history":[{"count":0,"href":"https:\/\/www.tceam.tc.br\/index.php?rest_route=\/wp\/v2\/pages\/18233\/revisions"}],"wp:attachment":[{"href":"https:\/\/www.tceam.tc.br\/index.php?rest_route=%2Fwp%2Fv2%2Fmedia&parent=18233"}],"curies":[{"name":"wp","href":"https:\/\/api.w.org\/{rel}","templated":true}]}}