
{"id":17861,"date":"2017-05-04T11:53:10","date_gmt":"2017-05-04T15:53:10","guid":{"rendered":"http:\/\/www.tceam.tc.br\/?page_id=17861"},"modified":"2017-06-28T11:02:38","modified_gmt":"2017-06-28T15:02:38","slug":"maio","status":"publish","type":"page","link":"https:\/\/www.tceam.tc.br\/?page_id=17861","title":{"rendered":"Clipping Maio 2017"},"content":{"rendered":"<table border=\"0\" cellspacing=\"0\" width=\"614\">\n<tbody>\n<tr>\n<td width=\"50\">\n\t\t\t\t<strong>DIA<\/strong>\n\t\t\t<\/td>\n<td width=\"150\">\n\t\t\t\t<strong>JORNAL<\/strong>\n\t\t\t<\/td>\n<td width=\"400\">\n<p>\n\t\t\t\t\t<strong>MAT&Eacute;RIA\/COLUNA<\/strong>\n\t\t\t\t<\/p>\n<\/td>\n<\/tr>\n<tr>\n<td width=\"50\">\n\t\t\t\t31\/05\/17\n\t\t\t<\/td>\n<td width=\"150\">\n\t\t\t\tA Cr&iacute;tica\n\t\t\t<\/td>\n<td width=\"400\">\n\t\t\t\t<a href=\"http:\/\/www.tceam.tc.br\/wp-content\/uploads\/file\/LDO preve 15 6 bilhoes.jpg\">LDO prev&ecirc; R$ 15,6 bilh&otilde;es<\/a>\n\t\t\t<\/td>\n<\/tr>\n<tr>\n<td width=\"50\">\n\t\t\t\t30\/05\/17\n\t\t\t<\/td>\n<td width=\"150\">\n\t\t\t\tA Cr&iacute;tica\n\t\t\t<\/td>\n<td width=\"400\">\n\t\t\t\t<a href=\"http:\/\/www.tceam.tc.br\/wp-content\/uploads\/file\/14961052628812.jpg\">Empresas investigadas receberam R$ 364,9 mi<\/a>\n\t\t\t<\/td>\n<\/tr>\n<tr>\n<td width=\"50\">\n\t\t\t\t30\/05\/17\n\t\t\t<\/td>\n<td width=\"150\">\n\t\t\t\tJornal do Comm&eacute;rcio\n\t\t\t<\/td>\n<td width=\"400\">\n\t\t\t\t<a href=\"http:\/\/www.tceam.tc.br\/wp-content\/uploads\/file\/170530105353_0001.jpg\">Justi&ccedil;a nega improcedente pedido de readmiss&atilde;o de agentes da FVS<\/a>\n\t\t\t<\/td>\n<\/tr>\n<tr>\n<td width=\"50\">\n\t\t\t\t30\/05\/17\n\t\t\t<\/td>\n<td width=\"150\">\n\t\t\t\tDi&aacute;rio do Amazonas\n\t\t\t<\/td>\n<td width=\"400\">\n\t\t\t\t<a href=\"http:\/\/www.tceam.tc.br\/wp-content\/uploads\/file\/170530105051_0001.jpg\">Contas de Melo na Pauta<\/a>\n\t\t\t<\/td>\n<\/tr>\n<tr>\n<td width=\"50\">\n\t\t\t\t30\/05\/17\n\t\t\t<\/td>\n<td width=\"150\">\n\t\t\t\tMaskate\n\t\t\t<\/td>\n<td width=\"400\">\n\t\t\t\t<a href=\"http:\/\/www.tceam.tc.br\/wp-content\/uploads\/file\/maskate seminario meio ambiente acontece em junho.jpg\">&quot;Semin&aacute;rio Meio Ambiente&quot; acontece em junho<\/a>\n\t\t\t<\/td>\n<\/tr>\n<tr>\n<td width=\"50\">\n\t\t\t\t27\/05\/17\n\t\t\t<\/td>\n<td width=\"150\">\n\t\t\t\tDi&aacute;rio do Amazonas\n\t\t\t<\/td>\n<td width=\"400\">\n\t\t\t\t<a href=\"http:\/\/www.tceam.tc.br\/wp-content\/uploads\/file\/tce far\u00e1 noticacao por meio eletronico.jpg\">TCE far&aacute; notica&ccedil;&atilde;o por meio eletr&ocirc;nico<\/a>\n\t\t\t<\/td>\n<\/tr>\n<tr>\n<td width=\"50\">\n\t\t\t\t27\/05\/17\n\t\t\t<\/td>\n<td width=\"150\">\n\t\t\t\tJornal do Comm&eacute;rcio\n\t\t\t<\/td>\n<td width=\"400\">\n\t\t\t\t<a href=\"http:\/\/www.tceam.tc.br\/wp-content\/uploads\/file\/notificacoes do tce aos gestores sera feita tambem online.jpg\">Notifica&ccedil;&otilde;es do TCE aos gestores ser&aacute; feita tamb&eacute;m online<\/a>\n\t\t\t<\/td>\n<\/tr>\n<tr>\n<td width=\"50\">\n\t\t\t\t27\/05\/17\n\t\t\t<\/td>\n<td width=\"150\">\n\t\t\t\tA Cr&iacute;tica\n\t\t\t<\/td>\n<td width=\"400\">\n\t\t\t\t<a href=\"http:\/\/www.tceam.tc.br\/wp-content\/uploads\/file\/a critica melo pode sofrer um rev\u00e9s.jpg\">Melo pode sofrer um rev&eacute;s<\/a>\n\t\t\t<\/td>\n<\/tr>\n<tr>\n<td width=\"50\">\n\t\t\t\t26\/05\/17\n\t\t\t<\/td>\n<td width=\"150\">\n\t\t\t\tEm Tempo\n\t\t\t<\/td>\n<td width=\"400\">\n\t\t\t\t<a href=\"http:\/\/www.tceam.tc.br\/wp-content\/uploads\/file\/em tempo presidente do tce am vai receber homenagem.png\">Presidente do TCE-AM vai receber homenagem<\/a>\n\t\t\t<\/td>\n<\/tr>\n<tr>\n<td width=\"50\">\n\t\t\t\t25\/05\/17\n\t\t\t<\/td>\n<td width=\"150\">\n\t\t\t\tDi&aacute;rio do Amazonas\n\t\t\t<\/td>\n<td width=\"400\">\n\t\t\t\t<a href=\"http:\/\/www.tceam.tc.br\/wp-content\/uploads\/file\/di\u00e1rio do amazonas umanizare e maus caminhos.jpg\">Umanizare e Novos Caminhos s&atilde;o l&iacute;deres em recebimentos<\/a>\n\t\t\t<\/td>\n<\/tr>\n<tr>\n<td width=\"50\">\n\t\t\t\t24\/05\/17\n\t\t\t<\/td>\n<td width=\"150\">\n\t\t\t\tA Cr&iacute;tica\n\t\t\t<\/td>\n<td width=\"400\">\n\t\t\t\t<a href=\"http:\/\/www.tceam.tc.br\/wp-content\/uploads\/file\/a critica conta da suhab e reprovada.jpg\">Conta da Suhab &eacute; reprovada<\/a>\n\t\t\t<\/td>\n<\/tr>\n<tr>\n<td width=\"50\">\n\t\t\t\t24\/05\/17\n\t\t\t<\/td>\n<td width=\"150\">\n\t\t\t\tA Cr&iacute;tica\n\t\t\t<\/td>\n<td width=\"400\">\n\t\t\t\t<a href=\"http:\/\/www.tceam.tc.br\/wp-content\/uploads\/file\/a critica ex prefeito e condenado.jpg\">Ex-prefeito &eacute; condenado<\/a>\n\t\t\t<\/td>\n<\/tr>\n<tr>\n<td width=\"50\">\n\t\t\t\t24\/05\/17\n\t\t\t<\/td>\n<td width=\"150\">\n\t\t\t\tA Cr&iacute;tica\n\t\t\t<\/td>\n<td width=\"400\">\n\t\t\t\t<a href=\"http:\/\/www.tceam.tc.br\/wp-content\/uploads\/file\/a critica relator questiona provas.jpg\">Relator questiona provas<\/a>\n\t\t\t<\/td>\n<\/tr>\n<tr>\n<td width=\"50\">\n\t\t\t\t24\/05\/17\n\t\t\t<\/td>\n<td width=\"150\">\n\t\t\t\tDi&aacute;rio do Amazonas\n\t\t\t<\/td>\n<td width=\"400\">\n\t\t\t\t<a href=\"http:\/\/www.tceam.tc.br\/wp-content\/uploads\/file\/diario do amazonas tce julga contas de melo no dia 6 de junho.png\">TCE julga contas de melo no dia 6 de junho<\/a>\n\t\t\t<\/td>\n<\/tr>\n<tr>\n<td width=\"50\">\n\t\t\t\t24\/05\/17\n\t\t\t<\/td>\n<td width=\"150\">\n\t\t\t\tEm Tempo\n\t\t\t<\/td>\n<td width=\"400\">\n\t\t\t\t<a href=\"http:\/\/www.tceam.tc.br\/wp-content\/uploads\/file\/em tempo contas de melo de 2016 serao julgadas no dia 6.png\">Contas de Melo de 2016 ser&atilde;o julgadas no dia 6<\/a>\n\t\t\t<\/td>\n<\/tr>\n<tr>\n<td width=\"50\">\n\t\t\t\t24\/05\/17\n\t\t\t<\/td>\n<td width=\"150\">\n\t\t\t\tJornal do Comm&eacute;rcio\n\t\t\t<\/td>\n<td width=\"400\">\n\t\t\t\t<a href=\"http:\/\/www.tceam.tc.br\/wp-content\/uploads\/file\/jornal do commercio irregular.jpg\">Irregular<\/a>\n\t\t\t<\/td>\n<\/tr>\n<tr>\n<td width=\"50\">\n\t\t\t\t24\/05\/17\n\t\t\t<\/td>\n<td width=\"150\">\n\t\t\t\tJornal do Comm&eacute;rcio\n\t\t\t<\/td>\n<td width=\"400\">\n\t\t\t\t<a href=\"http:\/\/www.tceam.tc.br\/wp-content\/uploads\/file\/jornal do commercio marcado.jpg\">Marcado<\/a>\n\t\t\t<\/td>\n<\/tr>\n<tr>\n<td width=\"50\">\n\t\t\t\t23\/05\/17\n\t\t\t<\/td>\n<td width=\"150\">\n\t\t\t\tJornal do Comm&eacute;rcio\n\t\t\t<\/td>\n<td width=\"400\">\n\t\t\t\t<a href=\"http:\/\/www.tceam.tc.br\/wp-content\/uploads\/file\/coluna social jornal do commercio.jpg\">Coluna Social<\/a>\n\t\t\t<\/td>\n<\/tr>\n<tr>\n<td width=\"50\">\n\t\t\t\t23\/05\/17\n\t\t\t<\/td>\n<td width=\"150\">\n\t\t\t\tJornal do Comm&eacute;rcio\n\t\t\t<\/td>\n<td width=\"400\">\n\t\t\t\t<a href=\"http:\/\/www.tceam.tc.br\/wp-content\/uploads\/file\/berlinda jornal do commercio.jpg\">Berlinda<\/a>\n\t\t\t<\/td>\n<\/tr>\n<tr>\n<td width=\"50\">\n\t\t\t\t19\/05\/17\n\t\t\t<\/td>\n<td width=\"150\">\n\t\t\t\tDi&aacute;rio do Amazonas\n\t\t\t<\/td>\n<td width=\"400\">\n\t\t\t\t<a href=\"http:\/\/www.tceam.tc.br\/wp-content\/uploads\/file\/di\u00e1rio do amazonas moralidade em licita\u00e7\u00e3o.png\">Moralidade em Licita&ccedil;&atilde;o<\/a>\n\t\t\t<\/td>\n<\/tr>\n<tr>\n<td width=\"50\">\n\t\t\t\t18\/05\/17\n\t\t\t<\/td>\n<td width=\"150\">\n\t\t\t\tJornal do Comm&eacute;rcio\n\t\t\t<\/td>\n<td width=\"400\">\n\t\t\t\t<a href=\"http:\/\/www.tceam.tc.br\/wp-content\/uploads\/file\/jornal do commercio rede de controle do am cria site para denuncias.jpg\">Rede de Controle do AM cria site para den&uacute;ncias<\/a>\n\t\t\t<\/td>\n<\/tr>\n<tr>\n<td width=\"50\">\n\t\t\t\t18\/05\/17\n\t\t\t<\/td>\n<td width=\"150\">\n\t\t\t\tDi&aacute;rio do Amazonas\n\t\t\t<\/td>\n<td width=\"400\">\n\t\t\t\t<a href=\"http:\/\/www.tceam.tc.br\/wp-content\/uploads\/file\/diario do amazonas compromisso para convocacao de aprovados na Susam \u00e9 descumpido.png\">Compromisso para convoca&ccedil;&atilde;o de aprovados na Susam &eacute; descumpido<\/a>\n\t\t\t<\/td>\n<\/tr>\n<tr>\n<td width=\"50\">\n\t\t\t\t17\/05\/17\n\t\t\t<\/td>\n<td width=\"150\">\n\t\t\t\tA Cr&iacute;tica\n\t\t\t<\/td>\n<td width=\"400\">\n\t\t\t\t<a href=\"http:\/\/www.tceam.tc.br\/wp-content\/uploads\/file\/a cr\u00edtica contas da Semed s\u00e3o aprovadas.jpg\">Contas da Semed s&atilde;o aprovadas<\/a>\n\t\t\t<\/td>\n<\/tr>\n<tr>\n<td width=\"50\">\n\t\t\t\t17\/05\/17\n\t\t\t<\/td>\n<td width=\"150\">\n\t\t\t\tDi&aacute;rio do Amazonas\n\t\t\t<\/td>\n<td width=\"400\">\n\t\t\t\t<a href=\"http:\/\/www.tceam.tc.br\/wp-content\/uploads\/file\/di\u00e1rio do amazonas pregao suspenso.png\">Preg&atilde;o Suspenso<\/a>\n\t\t\t<\/td>\n<\/tr>\n<tr>\n<td width=\"50\">\n\t\t\t\t16\/05\/17\n\t\t\t<\/td>\n<td width=\"150\">\n\t\t\t\tJornal do Comm&eacute;rcio\n\t\t\t<\/td>\n<td width=\"400\">\n\t\t\t\t<a href=\"http:\/\/www.tceam.tc.br\/wp-content\/uploads\/file\/jornal do commercio pauta de hoje tce chama atencao.tif\">Pauta de hoje do TCE chama aten&ccedil;&atilde;o<\/a>\n\t\t\t<\/td>\n<\/tr>\n<tr>\n<td width=\"50\">\n\t\t\t\t16\/05\/17\n\t\t\t<\/td>\n<td width=\"150\">\n\t\t\t\tJornal do Comm&eacute;rcio\n\t\t\t<\/td>\n<td width=\"400\">\n\t\t\t\t<a href=\"http:\/\/www.tceam.tc.br\/wp-content\/uploads\/file\/jornal do commercio presidios.tif\">Pres&iacute;dios<\/a>\n\t\t\t<\/td>\n<\/tr>\n<tr>\n<td width=\"50\">\n\t\t\t\t16\/05\/17\n\t\t\t<\/td>\n<td width=\"150\">\n\t\t\t\tA Cr&iacute;tica\n\t\t\t<\/td>\n<td width=\"400\">\n\t\t\t\t<a href=\"http:\/\/www.tceam.tc.br\/wp-content\/uploads\/file\/a critica tarifa volta a ser tema de discuss\u00f5es.jpg\">Tarifa volta a ser tema de discuss&otilde;es<\/a>\n\t\t\t<\/td>\n<\/tr>\n<tr>\n<td width=\"50\">\n\t\t\t\t16\/05\/17\n\t\t\t<\/td>\n<td width=\"150\">\n\t\t\t\tA Cr&iacute;tica\n\t\t\t<\/td>\n<td width=\"400\">\n\t\t\t\t<a href=\"http:\/\/www.tceam.tc.br\/wp-content\/uploads\/file\/A CriticaPinga Fogo.jpg\">Pinga Fogo<\/a>\n\t\t\t<\/td>\n<\/tr>\n<tr>\n<td width=\"50\">\n\t\t\t\t15\/05\/17\n\t\t\t<\/td>\n<td width=\"150\">\n\t\t\t\tMaskate\n\t\t\t<\/td>\n<td width=\"400\">\n\t\t\t\t<a href=\"http:\/\/www.tceam.tc.br\/wp-content\/uploads\/file\/sinistra miss\u00e3o maskate.tif\">Sinistra Miss&atilde;o<\/a>\n\t\t\t<\/td>\n<\/tr>\n<tr>\n<td width=\"50\">\n\t\t\t\t15\/05\/17\n\t\t\t<\/td>\n<td width=\"150\">\n\t\t\t\tEm Tempo\n\t\t\t<\/td>\n<td width=\"400\">\n\t\t\t\t<a href=\"http:\/\/www.tceam.tc.br\/wp-content\/uploads\/file\/em tempo coluna sergio forta.tif\">Coluna Sergio Frota<\/a>\n\t\t\t<\/td>\n<\/tr>\n<tr>\n<td width=\"50\">\n\t\t\t\t12\/05\/17\n\t\t\t<\/td>\n<td width=\"150\">\n\t\t\t\tEm Tempo\n\t\t\t<\/td>\n<td width=\"400\">\n\t\t\t\t<a href=\"http:\/\/www.tceam.tc.br\/wp-content\/uploads\/file\/em tempo david e arthur se re\u00fanem para falar de subsidio.png\">David e Arthur se re&uacute;nem para falar de subs&iacute;dio<\/a>\n\t\t\t<\/td>\n<\/tr>\n<tr>\n<td width=\"50\">\n\t\t\t\t12\/05\/17\n\t\t\t<\/td>\n<td width=\"150\">\n\t\t\t\tEm Tempo\n\t\t\t<\/td>\n<td width=\"400\">\n\t\t\t\t<a href=\"http:\/\/www.tceam.tc.br\/wp-content\/uploads\/file\/em tempo explica ai.png\">Explica a&iacute;<\/a>\n\t\t\t<\/td>\n<\/tr>\n<tr>\n<td width=\"50\">\n\t\t\t\t11\/05\/17\n\t\t\t<\/td>\n<td width=\"150\">\n\t\t\t\tJornal do Comm&eacute;rcio\n\t\t\t<\/td>\n<td width=\"400\">\n\t\t\t\t<a href=\"http:\/\/www.tceam.tc.br\/wp-content\/uploads\/file\/mudan\u00e7as estrat\u00e9gicas no secretariado.jpg\">Mudan&ccedil;as estrat&eacute;gicas no secretariado<\/a>\n\t\t\t<\/td>\n<\/tr>\n<tr>\n<td width=\"50\">\n\t\t\t\t11\/05\/17\n\t\t\t<\/td>\n<td width=\"150\">\n\t\t\t\tA Cr&iacute;tica\n\t\t\t<\/td>\n<td width=\"400\">\n\t\t\t\t<a href=\"http:\/\/www.tceam.tc.br\/wp-content\/uploads\/file\/a cr\u00edtica governo interino mexe em pastas estrategicas.jpg\">Governo interino mexe em pastas estrat&eacute;gicas<\/a>\n\t\t\t<\/td>\n<\/tr>\n<tr>\n<td width=\"50\">\n\t\t\t\t11\/05\/17\n\t\t\t<\/td>\n<td width=\"150\">\n\t\t\t\tDi&aacute;rio do Amazonas\n\t\t\t<\/td>\n<td width=\"400\">\n\t\t\t\t<a href=\"http:\/\/www.tceam.tc.br\/wp-content\/uploads\/file\/di\u00e1rio do amazonas governador anuncia hoje o secretariado.png\">Governador anuncia hoje o secretariado<\/a>\n\t\t\t<\/td>\n<\/tr>\n<tr>\n<td width=\"50\">\n\t\t\t\t11\/05\/17\n\t\t\t<\/td>\n<td width=\"150\">\n\t\t\t\tDi&aacute;rio do Amazonas\n\t\t\t<\/td>\n<td width=\"400\">\n\t\t\t\t<a href=\"http:\/\/www.tceam.tc.br\/wp-content\/uploads\/file\/di\u00e1rio do amazonas tce decide liberar contas do governo do amazonas.png\">TCE decide liberar contas do Governo do Amazonas<\/a>\n\t\t\t<\/td>\n<\/tr>\n<tr>\n<td width=\"50\">\n\t\t\t\t11\/05\/17\n\t\t\t<\/td>\n<td width=\"150\">\n\t\t\t\tDi&aacute;rio do Amazonas\n\t\t\t<\/td>\n<td width=\"400\">\n\t\t\t\t<a href=\"http:\/\/www.tceam.tc.br\/wp-content\/uploads\/file\/di\u00e1rio do amazonas t\u00e9cnicos de enfermagem protestam contra sal\u00e1rios atrasados no Hospital 28 de Agosto.png\">T&eacute;cnicos de enfermagem protestam contra sal&aacute;rios atrasados no Hospital 28 de Agosto<\/a>\n\t\t\t<\/td>\n<\/tr>\n<tr>\n<td width=\"50\">\n\t\t\t\t11\/05\/17\n\t\t\t<\/td>\n<td width=\"150\">\n\t\t\t\tEm Tempo\n\t\t\t<\/td>\n<td width=\"400\">\n\t\t\t\t<a href=\"http:\/\/www.tceam.tc.br\/wp-content\/uploads\/file\/em tempo david troca secret\u00e1rios e contas s\u00e3o reativadas.png\">David troca secret&aacute;rios e contas s&atilde;o reativadas<\/a>\n\t\t\t<\/td>\n<\/tr>\n<tr>\n<td width=\"50\">\n\t\t\t\t11\/05\/17\n\t\t\t<\/td>\n<td width=\"150\">\n\t\t\t\tJornal do Comm&eacute;rcio\n\t\t\t<\/td>\n<td width=\"400\">\n\t\t\t\t<a href=\"http:\/\/www.tceam.tc.br\/wp-content\/uploads\/file\/jornal do commercio desbloqueio.jpg\">Desbloqueio<\/a>\n\t\t\t<\/td>\n<\/tr>\n<tr>\n<td width=\"50\">\n\t\t\t\t11\/05\/17\n\t\t\t<\/td>\n<td width=\"150\">\n\t\t\t\tMaskate\n\t\t\t<\/td>\n<td width=\"400\">\n\t\t\t\t<a href=\"http:\/\/www.tceam.tc.br\/wp-content\/uploads\/file\/maskate liberada vendas ao novo governo.png\">Liberada vendas ao novo governo<\/a>\n\t\t\t<\/td>\n<\/tr>\n<tr>\n<td width=\"50\">\n\t\t\t\t10\/05\/17\n\t\t\t<\/td>\n<td width=\"150\">\n\t\t\t\tA Cr&iacute;tica\n\t\t\t<\/td>\n<td width=\"400\">\n\t\t\t\t<a href=\"http:\/\/www.tceam.tc.br\/wp-content\/uploads\/file\/a cr\u00edtica governo fez 2_376 repasses.jpg\">Governo fez 2.376 repasses<\/a>\n\t\t\t<\/td>\n<\/tr>\n<tr>\n<td width=\"50\">\n\t\t\t\t10\/05\/17\n\t\t\t<\/td>\n<td width=\"150\">\n\t\t\t\tJornal do Comm&eacute;rcio\n\t\t\t<\/td>\n<td width=\"400\">\n\t\t\t\t<a href=\"http:\/\/www.tceam.tc.br\/wp-content\/uploads\/file\/david quer ser conciliador jornal do commercio.jpg\">David quer ser conciliador<\/a>\n\t\t\t<\/td>\n<\/tr>\n<tr>\n<td width=\"50\">\n\t\t\t\t10\/05\/17\n\t\t\t<\/td>\n<td width=\"150\">\n\t\t\t\tDi&aacute;rio do Amazonas\n\t\t\t<\/td>\n<td width=\"400\">\n\t\t\t\t<a href=\"http:\/\/www.tceam.tc.br\/wp-content\/uploads\/file\/di\u00e1rio do amazonas 03 pol\u00edtica david ameida assume governo at\u00e9 a elei\u00e7\u00f5a.png\">David Almeida assume governo at&eacute; a elei&ccedil;&atilde;o<\/a>\n\t\t\t<\/td>\n<\/tr>\n<tr>\n<td width=\"50\">\n\t\t\t\t10\/05\/17\n\t\t\t<\/td>\n<td width=\"150\">\n\t\t\t\tDi&aacute;rio do Amazonas\n\t\t\t<\/td>\n<td width=\"400\">\n\t\t\t\t<a href=\"http:\/\/www.tceam.tc.br\/wp-content\/uploads\/file\/di\u00e1rio do amazonas contas do estado devem ser desbloqueadas ainda nesta quarta, diz conselheiro do TCE pol\u00edtica 03.png\">Contas do Estado devem ser desbloqueadas ainda nesta quarta, diz conselheiro do TCE<\/a>\n\t\t\t<\/td>\n<\/tr>\n<tr>\n<td width=\"50\">\n\t\t\t\t10\/05\/17\n\t\t\t<\/td>\n<td width=\"150\">\n\t\t\t\tEm Tempo\n\t\t\t<\/td>\n<td width=\"400\">\n\t\t\t\t<a href=\"http:\/\/www.tceam.tc.br\/wp-content\/uploads\/file\/em tempo pol\u00edtica a 7 governo pleiteia desbloqueio.png\">Governo pleiteia desbloqueio<\/a>\n\t\t\t<\/td>\n<\/tr>\n<tr>\n<td width=\"50\">\n\t\t\t\t10\/05\/17\n\t\t\t<\/td>\n<td width=\"150\">\n\t\t\t\tMaskate\n\t\t\t<\/td>\n<td width=\"400\">\n\t\t\t\t<a href=\"http:\/\/www.tceam.tc.br\/wp-content\/uploads\/file\/mudanc\u00e7as na aleam maskate.jpg\">Mudan&ccedil;as&nbsp;<\/a>\n\t\t\t<\/td>\n<\/tr>\n<tr>\n<td width=\"50\">\n\t\t\t\t10\/05\/17\n\t\t\t<\/td>\n<td width=\"150\">\n\t\t\t\tJornal do Comm&eacute;rcio\n\t\t\t<\/td>\n<td width=\"400\">\n\t\t\t\t<a href=\"http:\/\/www.tceam.tc.br\/wp-content\/uploads\/file\/pleno do tce homologa nas contas do estado.jpg\">Pleno do TCE homologa bloqueio nas contas do Estado<\/a>\n\t\t\t<\/td>\n<\/tr>\n<tr>\n<td width=\"50\">\n\t\t\t\t09\/05\/17\n\t\t\t<\/td>\n<td width=\"150\">\n\t\t\t\tA Cr&iacute;tica\n\t\t\t<\/td>\n<td width=\"400\">\n\t\t\t\t<a href=\"http:\/\/www.tceam.tc.br\/wp-content\/uploads\/file\/a cr\u00edtica tce bloquia contas do governo do Estado tema do dia a3.jpg\">TCE bloqueia contas do governo do Estado<\/a>\n\t\t\t<\/td>\n<\/tr>\n<tr>\n<td width=\"50\">\n\t\t\t\t09\/05\/17\n\t\t\t<\/td>\n<td width=\"150\">\n\t\t\t\tDi&aacute;rio do Amazonas\n\t\t\t<\/td>\n<td width=\"400\">\n\t\t\t\t<a href=\"http:\/\/www.tceam.tc.br\/wp-content\/uploads\/file\/di\u00e1rio do amazonas pol\u00edtica 04.png\">Suspeito de pagamento ilegal de governo leva TCE a bloquear as contas do Estado<\/a>\n\t\t\t<\/td>\n<\/tr>\n<tr>\n<td width=\"50\">\n\t\t\t\t09\/05\/17\n\t\t\t<\/td>\n<td width=\"150\">\n\t\t\t\tEm Tempo\n\t\t\t<\/td>\n<td width=\"400\">\n\t\t\t\t<a href=\"http:\/\/www.tceam.tc.br\/wp-content\/uploads\/file\/em tempo tce bloqueia contas do governo pol\u00edtica a7.png\">TCE bloqueia contas do governo<\/a>\n\t\t\t<\/td>\n<\/tr>\n<tr>\n<td width=\"50\">\n\t\t\t\t09\/05\/17\n\t\t\t<\/td>\n<td width=\"150\">\n\t\t\t\tJornal do Comm&eacute;rcio\n\t\t\t<\/td>\n<td width=\"400\">\n\t\t\t\t<a href=\"http:\/\/www.tceam.tc.br\/wp-content\/uploads\/file\/jornal do commercio opini\u00e3o a2.jpg\">TCE manda bloquear contas do governo<\/a>\n\t\t\t<\/td>\n<\/tr>\n<tr>\n<td width=\"50\">\n\t\t\t\t06\/05\/17\n\t\t\t<\/td>\n<td width=\"150\">\n\t\t\t\tDi&aacute;rio do Amazonas\n\t\t\t<\/td>\n<td width=\"400\">\n\t\t\t\t<a href=\"http:\/\/www.tceam.tc.br\/wp-content\/uploads\/file\/di\u00e1rio do amazonas MP den\u00fanciais de irregularidas em contratos de aluguel da Arena da Amaz\u00f4nia 06_05 pol\u00edtica.png\">MP den&uacute;nciais de irregularidas em contratos de aluguel da Arena da Amaz&ocirc;nia<\/a>\n\t\t\t<\/td>\n<\/tr>\n<tr>\n<td width=\"50\">\n\t\t\t\t06\/05\/17\n\t\t\t<\/td>\n<td width=\"150\">\n\t\t\t\tDi&aacute;rio do Amazonas\n\t\t\t<\/td>\n<td width=\"400\">\n\t\t\t\t<a href=\"http:\/\/www.tceam.tc.br\/wp-content\/uploads\/file\/di\u00e1rio do amazonas MPC pede auditoria em servi\u00e7o da Susam 6_05.png\">MPC pede auditoria em servi&ccedil;o da Susam<\/a>\n\t\t\t<\/td>\n<\/tr>\n<tr>\n<td width=\"50\">\n\t\t\t\t06\/05\/17\n\t\t\t<\/td>\n<td width=\"150\">\n\t\t\t\tA Cr&iacute;tica\n\t\t\t<\/td>\n<td width=\"400\">\n\t\t\t\t<a href=\"http:\/\/www.tceam.tc.br\/wp-content\/uploads\/file\/mpc quer que a transi\u00e7\u00e3o seja orientada a critica 06_05.jpg\">MPC quer que a transi&ccedil;&atilde;o seja orientada<\/a>\n\t\t\t<\/td>\n<\/tr>\n<tr>\n<td width=\"50\">\n\t\t\t\t06\/05\/17\n\t\t\t<\/td>\n<td width=\"150\">\n\t\t\t\tJornal do Comm&eacute;rcio\n\t\t\t<\/td>\n<td width=\"400\">\n\t\t\t\t<a href=\"http:\/\/www.tceam.tc.br\/wp-content\/uploads\/file\/eletr\u00f4nicos buscam apoio jornal do commercio 6_05.jpg\">Eletr&ocirc;nicos em busca de apoio<\/a>\n\t\t\t<\/td>\n<\/tr>\n<tr>\n<td width=\"50\">\n\t\t\t\t06\/05\/17\n\t\t\t<\/td>\n<td width=\"150\">\n\t\t\t\tJornal do Comm&eacute;rcio\n\t\t\t<\/td>\n<td width=\"400\">\n\t\t\t\t<a href=\"http:\/\/www.tceam.tc.br\/wp-content\/uploads\/file\/mpc quer que o governo do estado realize a transi\u00e7\u00e3o com urg\u00eancia 06_05 jornal do commercio.jpg\">MPC quer que o governo do estado realize a transi&ccedil;&atilde;o com urg&ecirc;ncia<\/a>\n\t\t\t<\/td>\n<\/tr>\n<tr>\n<td width=\"50\">\n\t\t\t\t05\/05\/17\n\t\t\t<\/td>\n<td width=\"150\">\n\t\t\t\tJornal do Comm&eacute;rcio\n\t\t\t<\/td>\n<td width=\"400\">\n\t\t\t\t<a href=\"http:\/\/www.tceam.tc.br\/wp-content\/uploads\/file\/jornal do commercio novo reitor da ufam d\u00e1 palestra da sede do TCE.jpg\">Novo reitor da ufam d&aacute; palestra da sede do TCE<\/a>\n\t\t\t<\/td>\n<\/tr>\n<tr>\n<td width=\"50\">\n\t\t\t\t04\/05\/17\n\t\t\t<\/td>\n<td width=\"150\">\n\t\t\t\tA Cr&iacute;tica\n\t\t\t<\/td>\n<td width=\"400\">\n\t\t\t\t<a href=\"http:\/\/www.tceam.tc.br\/wp-content\/uploads\/file\/a cr\u00edtica lei pro\u00edbe verba para ong de ficha suja.jpg\">Lei pro&iacute;be verba para ONG de ficha suja<\/a>\n\t\t\t<\/td>\n<\/tr>\n<tr>\n<td width=\"50\">\n\t\t\t\t04\/05\/17\n\t\t\t<\/td>\n<td width=\"150\">\n\t\t\t\tA Cr&iacute;tica\n\t\t\t<\/td>\n<td width=\"400\">\n\t\t\t\t<a href=\"http:\/\/www.tceam.tc.br\/wp-content\/uploads\/file\/a cr\u00edtica TCE nega suspens\u00e3o de reajuste cidade c2.jpg\">TCE nega suspens&atilde;o de reajuste<\/a>\n\t\t\t<\/td>\n<\/tr>\n<tr>\n<td width=\"50\">\n\t\t\t\t04\/05\/17\n\t\t\t<\/td>\n<td width=\"150\">\n\t\t\t\tEm Tempo\n\t\t\t<\/td>\n<td width=\"400\">\n\t\t\t\t<a href=\"http:\/\/www.tceam.tc.br\/wp-content\/uploads\/file\/em tempo pol\u00edtica a7 TCE realiza palestra sobre responsabilidade fiscal.png\">TCE realiza palestra sobre responsabilidade fiscal<\/a>\n\t\t\t<\/td>\n<\/tr>\n<tr>\n<td width=\"50\">\n\t\t\t\t04\/05\/17\n\t\t\t<\/td>\n<td width=\"150\">\n\t\t\t\tJornal do Comm&eacute;rcio\n\t\t\t<\/td>\n<td width=\"400\">\n\t\t\t\t<a href=\"http:\/\/www.tceam.tc.br\/wp-content\/uploads\/file\/jornal do comm\u00e9rcio rejei\u00e7\u00e3o opini\u00e3o a3.jpg\">Rejei&ccedil;&atilde;o&nbsp;<\/a>\n\t\t\t<\/td>\n<\/tr>\n<tr>\n<td width=\"50\">\n\t\t\t\t04\/05\/17\n\t\t\t<\/td>\n<td width=\"150\">\n\t\t\t\tJornal do Comm&eacute;rcio\n\t\t\t<\/td>\n<td width=\"400\">\n\t\t\t\t<a href=\"http:\/\/www.tceam.tc.br\/wp-content\/uploads\/file\/jornal do comm\u00e9rcio responsabilidade opini\u00e3o a3.jpg\">Responsabilidade&nbsp;<\/a>\n\t\t\t<\/td>\n<\/tr>\n<tr>\n<td width=\"50\">\n\t\t\t\t03\/05\/17\n\t\t\t<\/td>\n<td width=\"150\">\n\t\t\t\tA Cr&iacute;tica\n\t\t\t<\/td>\n<td width=\"400\">\n\t\t\t\t<a href=\"http:\/\/www.tceam.tc.br\/wp-content\/uploads\/file\/MP abre inqu\u00e9rito contra deputado.jpg\">Ap&oacute;s um ano, MP abre inqu&eacute;rito contra deputado<\/a>\n\t\t\t<\/td>\n<\/tr>\n<tr>\n<td width=\"50\">\n\t\t\t\t03\/05\/17\n\t\t\t<\/td>\n<td width=\"150\">\n\t\t\t\tEm Tempo\n\t\t\t<\/td>\n<td width=\"400\">\n\t\t\t\t<a href=\"http:\/\/www.tceam.tc.br\/wp-content\/uploads\/file\/Colegiado reprova contas de ex presidente da SNPH em tempo pol\u00edtica a7.png\">Colegiado reprova contas de ex presidente da SNPH<\/a>\n\t\t\t<\/td>\n<\/tr>\n<tr>\n<td width=\"50\">\n\t\t\t\t03\/05\/17\n\t\t\t<\/td>\n<td width=\"150\">\n\t\t\t\tDi&aacute;rio do Amazonas\n\t\t\t<\/td>\n<td width=\"400\">\n\t\t\t\t<a href=\"http:\/\/www.tceam.tc.br\/wp-content\/uploads\/file\/Ex diretor da SNPH tem contas reprovadas pelo Tribunal de Contas 04 Pol\u00edtica.png\">Ex-diretor da SNPH tem contas reprovadas pelo Tribunal de Contas<\/a>\n\t\t\t<\/td>\n<\/tr>\n<tr>\n<td width=\"50\">\n\t\t\t\t03\/05\/17\n\t\t\t<\/td>\n<td width=\"150\">\n\t\t\t\tA Cr&iacute;tica\n\t\t\t<\/td>\n<td width=\"400\">\n\t\t\t\t<a href=\"http:\/\/www.tceam.tc.br\/wp-content\/uploads\/file\/Pinga Fogo.jpg\">Pinga Fogo<\/a>\n\t\t\t<\/td>\n<\/tr>\n<tr>\n<td width=\"50\">\n\t\t\t\t03\/05\/17\n\t\t\t<\/td>\n<td width=\"150\">\n\t\t\t\tDi&aacute;rio do Amazonas\n\t\t\t<\/td>\n<td width=\"400\">\n\t\t\t\t<a href=\"http:\/\/www.tceam.tc.br\/wp-content\/uploads\/file\/Sele\u00e7\u00e3o em Manacapuru.png\">Sele&ccedil;&atilde;o em Manacapuru<\/a>\n\t\t\t<\/td>\n<\/tr>\n<tr>\n<td width=\"50\">\n\t\t\t\t02\/05\/17\n\t\t\t<\/td>\n<td width=\"150\">\n\t\t\t\tEm Tempo\n\t\t\t<\/td>\n<td width=\"400\">\n\t\t\t\t<a href=\"http:\/\/www.tceam.tc.br\/wp-content\/uploads\/file\/em tempo ajustes precisam ser realizados diz minist\u00e9rio.png\">Ajustes precisam ser realizados, diz minist&eacute;rio<\/a>\n\t\t\t<\/td>\n<\/tr>\n<\/tbody>\n<\/table>\n","protected":false},"excerpt":{"rendered":"<p>DIA JORNAL MAT&Eacute;RIA\/COLUNA 31\/05\/17 A Cr&iacute;tica LDO prev&ecirc; R$ 15,6 bilh&otilde;es 30\/05\/17 A Cr&iacute;tica Empresas investigadas receberam R$ 364,9 mi 30\/05\/17 Jornal do Comm&eacute;rcio Justi&ccedil;a nega improcedente pedido de readmiss&atilde;o de agentes da FVS 30\/05\/17 Di&aacute;rio do Amazonas Contas de Melo na Pauta 30\/05\/17 Maskate &quot;Semin&aacute;rio Meio Ambiente&quot; acontece em junho 27\/05\/17 Di&aacute;rio do Amazonas [&hellip;]<\/p>\n","protected":false},"author":3,"featured_media":0,"parent":0,"menu_order":0,"comment_status":"closed","ping_status":"closed","template":"","meta":{"footnotes":""},"class_list":["post-17861","page","type-page","status-publish","hentry"],"_links":{"self":[{"href":"https:\/\/www.tceam.tc.br\/index.php?rest_route=\/wp\/v2\/pages\/17861","targetHints":{"allow":["GET"]}}],"collection":[{"href":"https:\/\/www.tceam.tc.br\/index.php?rest_route=\/wp\/v2\/pages"}],"about":[{"href":"https:\/\/www.tceam.tc.br\/index.php?rest_route=\/wp\/v2\/types\/page"}],"author":[{"embeddable":true,"href":"https:\/\/www.tceam.tc.br\/index.php?rest_route=\/wp\/v2\/users\/3"}],"replies":[{"embeddable":true,"href":"https:\/\/www.tceam.tc.br\/index.php?rest_route=%2Fwp%2Fv2%2Fcomments&post=17861"}],"version-history":[{"count":0,"href":"https:\/\/www.tceam.tc.br\/index.php?rest_route=\/wp\/v2\/pages\/17861\/revisions"}],"wp:attachment":[{"href":"https:\/\/www.tceam.tc.br\/index.php?rest_route=%2Fwp%2Fv2%2Fmedia&parent=17861"}],"curies":[{"name":"wp","href":"https:\/\/api.w.org\/{rel}","templated":true}]}}